{"id":53353,"date":"2018-12-13T18:29:27","date_gmt":"2018-12-13T17:29:27","guid":{"rendered":"https:\/\/www.fundacionnaturgy.org\/educacio-i-divulgacio\/experiencies-itinerants\/exposicions-itinerants\/ports-intel%c2%b7ligents-energia-eficiencia-i-sostenibilitat-2\/"},"modified":"2019-05-22T14:44:14","modified_gmt":"2019-05-22T12:44:14","slug":"ports-intel%c2%b7ligents-energia-eficiencia-i-sostenibilitat-2","status":"publish","type":"page","link":"https:\/\/www.fundacionnaturgy.org\/ca\/educacio-divulgacio\/experiencies-itinerants\/exposicions-itinerants\/ports-intel%c2%b7ligents-energia-eficiencia-i-sostenibilitat-2\/","title":{"rendered":"Ports intel\u00b7ligents. Energia, efici\u00e8ncia i sostenibilitat"},"content":{"rendered":"<p>[vc_row][vc_column width=&#8221;2\/3&#8243;][vc_images_carousel images=&#8221;62944,53281,50359&#8243; img_size=&#8221;full&#8221; onclick=&#8221;link_no&#8221; speed=&#8221;3000&#8243; autoplay=&#8221;yes&#8221; wrap=&#8221;yes&#8221;][\/vc_column][vc_column width=&#8221;1\/3&#8243;]<div class=\"gnf-texto-destacado\" style=\"background-color:#edf0f1;border-color:#004165;\"><h4 style=\"color:#004165\"><\/h4>Aquesta exposici\u00f3 mostra com l\u2019energia i el seu \u00fas responsable s\u00f3n factors indispensables en la gesti\u00f3 dels ports mar\u00edtims intel\u00b7ligents, els anomenats<em>\u00a0smart ports<\/em>.<\/div>[\/vc_column][\/vc_row][vc_row][vc_column][vc_column_text]Aquesta exposici\u00f3 mostra com l\u2019energia i el seu \u00fas responsable s\u00f3n factors indispensables en la gesti\u00f3 dels ports mar\u00edtims intel\u00b7ligents, els anomenats smart ports. La mostra proposa\u00a0<strong>un recorregut per l\u2019evoluci\u00f3 dels ports mar\u00edtims al llarg les \u00faltimes d\u00e8cades<\/strong>, que s\u2019ha caracteritzat per una gran expansi\u00f3 i modernitzaci\u00f3 d\u2019aquests espais destinats al transport. L\u2019augment de rutes mar\u00edtimes, tant per al flux de mercaderies com per al desenvolupament de noves destinacions tur\u00edstiques, ha suposat un gran impacte per als ports mar\u00edtims i el seu entorn. Per aquest motiu, el futur dels enclavaments portuaris precisar\u00e0 d\u2019<strong>automatitzaci\u00f3<\/strong><strong>\u00a0i innovaci\u00f3<\/strong>\u00a0de tots els sectors implicats amb l\u2019objectiu de millorar en efici\u00e8ncia i sostenibilitat. En aquest context,\u00a0<strong>l\u2019\u00fas responsable de l\u2019energia, i en concret del gas natural, ser\u00e0 un factor determinant\u00a0<\/strong>per a la preservaci\u00f3 del medi ambient i la millora de la qualitat de l\u2019aire, tant en mar com en terra.[\/vc_column_text][\/vc_column][\/vc_row][vc_row][vc_column][vc_separator border_width=&#8221;3&#8243;][\/vc_column][\/vc_row][vc_row][vc_column]<div class=\"gnf-acordeon\"><h3><\/h3><ul class=\"accordion\" data-accordion><li class=\"accordion-navigation\"><a href=\"#panellexposicio-en-xifres\">L'exposici\u00f3, en xifres<\/a><div class=\"content active\" id=\"panellexposicio-en-xifres\">[vc_row_inner][vc_column_inner width=&#8221;2\/3&#8243;][vc_single_image image=&#8221;61282&#8243; img_size=&#8221;full&#8221;][\/vc_column_inner][vc_column_inner width=&#8221;1\/3&#8243;][vc_column_text]<\/p>\n<h4 style=\"text-align: center;\"><a href=\"https:\/\/www.fundacionnaturgy.org\/wp-content\/uploads\/2018\/07\/chincheta.jpg\"><img loading=\"lazy\" class=\"wp-image-43057 aligncenter\" src=\"https:\/\/www.fundacionnaturgy.org\/wp-content\/uploads\/2018\/07\/chincheta.jpg\" alt=\"icono-chincheta-itinerancia\" width=\"65\" height=\"66\" \/><\/a><strong><span style=\"color: #004162;\"><br \/>\n1\u00a0itiner\u00e0ncia<\/span><\/strong><\/h4>\n<p>[\/vc_column_text][vc_column_text]<\/p>\n<h4 style=\"text-align: center;\"><a href=\"https:\/\/www.fundacionnaturgy.org\/wp-content\/uploads\/2018\/06\/ubicacion-naturgy-copia.jpg\"><img loading=\"lazy\" class=\"alignnone wp-image-43055 aligncenter\" src=\"https:\/\/www.fundacionnaturgy.org\/wp-content\/uploads\/2018\/06\/ubicacion-naturgy-copia.jpg\" alt=\"icono-ubicacion\" width=\"65\" height=\"66\" \/><\/a><strong><span style=\"color: #004162;\"><br \/>\n1 CCAA<\/span><\/strong><\/h4>\n<p>[\/vc_column_text][vc_column_text]<\/p>\n<h4 style=\"text-align: center;\"><a href=\"https:\/\/www.fundacionnaturgy.org\/wp-content\/uploads\/2018\/06\/personas-naturgy.jpg\"><img loading=\"lazy\" class=\"alignnone wp-image-42683 aligncenter\" src=\"https:\/\/www.fundacionnaturgy.org\/wp-content\/uploads\/2018\/06\/personas-naturgy.jpg\" alt=\"logo-personas-tercer-sector-colaboracion\" width=\"65\" height=\"66\" \/><br \/>\n<\/a><strong><span style=\"color: #004162;\">590\u00a0visitants<\/span><\/strong><\/h4>\n<p>[\/vc_column_text][\/vc_column_inner][\/vc_row_inner]<\/div><\/li><li class=\"accordion-navigation\"><a href=\"#panelexposicions-realitzades\">Exposicions realitzades<\/a><div class=\"content\" id=\"panelexposicions-realitzades\">[vc_row_inner][vc_column_inner width=&#8221;1\/2&#8243;][vc_column_text]<\/p>\n<h5 class=\"vc_custom_heading vc_custom_1453453572096\">Autoritat Portu\u00e0ria,\u00a0M\u00e1laga<br \/>\n14\/5\/2018 \u2013 3\/6\/2018<\/h5>\n<p>[\/vc_column_text][vc_single_image image=&#8221;50954&#8243; img_size=&#8221;574&#215;250&#8243;]<a class=\"gnf-boton oscuro left\" href=\"http:\/\/www.fundacionnaturgy.org\/ca\/divulgacio\/experiencies-itinerants\/exposicions-itinerants\/ports-intel%C2%B7ligents-energia-eficiencia-i-sostenibilitat\/\" title=\"\" target=\"_self\">Accedir<\/a>[\/vc_column_inner][vc_column_inner width=&#8221;1\/2&#8243;][\/vc_column_inner][\/vc_row_inner]<\/div><\/li><\/ul><\/div>[\/vc_column][\/vc_row]<\/p>\n","protected":false},"excerpt":{"rendered":"<p>[vc_row][vc_column width=&#8221;2\/3&#8243;][vc_images_carousel images=&#8221;62944,53281,50359&#8243; img_size=&#8221;full&#8221; onclick=&#8221;link_no&#8221; speed=&#8221;3000&#8243; autoplay=&#8221;yes&#8221; wrap=&#8221;yes&#8221;][\/vc_column][vc_column width=&#8221;1\/3&#8243;][\/vc_column][\/vc_row][vc_row][vc_column][vc_column_text]Aquesta exposici\u00f3 mostra com l\u2019energia i el seu \u00fas responsable s\u00f3n factors indispensables en la gesti\u00f3 dels ports mar\u00edtims intel\u00b7ligents, els anomenats<span class=\"more-link\"><a href=\"https:\/\/www.fundacionnaturgy.org\/ca\/educacio-divulgacio\/experiencies-itinerants\/exposicions-itinerants\/ports-intel%c2%b7ligents-energia-eficiencia-i-sostenibilitat-2\/\">Llegir m\u00e9s<\/a><\/span><\/p>\n","protected":false},"author":1454,"featured_media":0,"parent":45319,"menu_order":0,"comment_status":"closed","ping_status":"closed","template":"templates\/full-width.php","meta":{"inline_featured_image":false},"categories":[],"acf":[],"_links":{"self":[{"href":"https:\/\/www.fundacionnaturgy.org\/ca\/wp-json\/wp\/v2\/pages\/53353"}],"collection":[{"href":"https:\/\/www.fundacionnaturgy.org\/ca\/wp-json\/wp\/v2\/pages"}],"about":[{"href":"https:\/\/www.fundacionnaturgy.org\/ca\/wp-json\/wp\/v2\/types\/page"}],"author":[{"embeddable":true,"href":"https:\/\/www.fundacionnaturgy.org\/ca\/wp-json\/wp\/v2\/users\/1454"}],"replies":[{"embeddable":true,"href":"https:\/\/www.fundacionnaturgy.org\/ca\/wp-json\/wp\/v2\/comments?post=53353"}],"version-history":[{"count":0,"href":"https:\/\/www.fundacionnaturgy.org\/ca\/wp-json\/wp\/v2\/pages\/53353\/revisions"}],"up":[{"embeddable":true,"href":"https:\/\/www.fundacionnaturgy.org\/ca\/wp-json\/wp\/v2\/pages\/45319"}],"wp:attachment":[{"href":"https:\/\/www.fundacionnaturgy.org\/ca\/wp-json\/wp\/v2\/media?parent=53353"}],"wp:term":[{"taxonomy":"category","embeddable":true,"href":"https:\/\/www.fundacionnaturgy.org\/ca\/wp-json\/wp\/v2\/categories?post=53353"}],"curies":[{"name":"wp","href":"https:\/\/api.w.org\/{rel}","templated":true}]}}