{"id":58034,"date":"2019-02-14T19:09:53","date_gmt":"2019-02-14T18:09:53","guid":{"rendered":"https:\/\/www.fundacionnaturgy.org\/?page_id=58034"},"modified":"2019-10-04T14:49:06","modified_gmt":"2019-10-04T12:49:06","slug":"concurs-coneix-a-un-cientific","status":"publish","type":"page","link":"https:\/\/www.fundacionnaturgy.org\/ca\/educacio-divulgacio\/efigy-education\/concurs-coneix-a-un-cientific\/","title":{"rendered":"Concurs: &#8220;Coneix a un cient\u00edfic&#8221;"},"content":{"rendered":"<p>[vc_row][vc_column width=&#8221;1\/2&#8243;][vc_single_image image=&#8221;66640&#8243; img_size=&#8221;full&#8221;][\/vc_column][vc_column width=&#8221;1\/2&#8243;]<div class=\"gnf-texto-destacado\" style=\"background-color:#edf0f1;border-color:#004165;\"><h4 style=\"color:#004165\">Al costat del Consell de Fundacions per la Ci\u00e8ncia de FECYT, apostem per les vocacions cient\u00edfiques i tecnol\u00f2giques<\/h4>Amb l&#8217;objectiu de facilitar l&#8217;acc\u00e9s a la formaci\u00f3 en l&#8217;\u00e0mbit de la ci\u00e8ncia i tecnologia entre les noves generacions, la <strong>Fundaci\u00f3 Naturgy, la Fundaci\u00f3 Cient\u00edfica Associaci\u00f3 Espanyola Contra el C\u00e0ncer, la Fundaci\u00f3 Eduardo Barreiros, la Fundaci\u00f3 Junior Achievement, la Fundaci\u00f3 Pfizer i Fundaci\u00f3\u00a0Telef\u00f3nica<\/strong>, en el marc del Consell de Fundacions per la Ci\u00e8ncia, i en col\u00b7laboraci\u00f3 amb la <strong>Fundaci\u00f3 Espanyola per a la Ci\u00e8ncia i la Tecnologia (FECYT)<\/strong>, llancem la tercera edici\u00f3 del concurs &#8220;Coneix a un cient\u00edfic&#8221;.<\/div>[\/vc_column][\/vc_row][vc_row][vc_column][vc_empty_space height=&#8221;48px&#8221;][\/vc_column][\/vc_row][vc_row full_width=&#8221;stretch_row&#8221; css=&#8221;.vc_custom_1550163378570{background-color: #e5ecf1 !important;}&#8221;][vc_column width=&#8221;3\/4&#8243;][vc_column_text]<\/p>\n<h4><strong><span style=\"color: #e57200;\"><a href=\"https:\/\/www.fundacionnaturgy.org\/wp-content\/uploads\/2018\/06\/bombilla-transparente.png\"><img loading=\"lazy\" class=\"alignnone wp-image-55125\" src=\"https:\/\/www.fundacionnaturgy.org\/wp-content\/uploads\/2018\/06\/bombilla-transparente.png\" alt=\"bombilla-transparente\" width=\"60\" height=\"60\" srcset=\"https:\/\/www.fundacionnaturgy.org\/wp-content\/uploads\/2018\/06\/bombilla-transparente.png 176w, https:\/\/www.fundacionnaturgy.org\/wp-content\/uploads\/2018\/06\/bombilla-transparente-150x150.png 150w, https:\/\/www.fundacionnaturgy.org\/wp-content\/uploads\/2018\/06\/bombilla-transparente-140x140.png 140w\" sizes=\"(max-width: 60px) 100vw, 60px\" \/><\/a>A qui va dirigit i en qu\u00e8 consisteix?<\/span><\/strong><\/h4>\n<ol>\n<li>Iniciativa adre\u00e7ada a joves de <strong>5\u00e8 i 6\u00e8 de prim\u00e0ria i 1r i 2n d&#8217;ESO<\/strong> de centres educatius de <strong>Granada i prov\u00edncies d&#8217;Andalusia<\/strong> del\u00a0voltant, representats per un tutor o docent que ser\u00e0 responsable de cada grup.<\/li>\n<li>Els grups escolars seleccionats tenen l&#8217;oportunitat de <strong>conversar i entrevistar personalment a un cient\u00edfic<\/strong> o expert destacat del pa\u00eds.<\/li>\n<li>Els alumnes participants hauran d&#8217;<strong>investigar<\/strong><strong>, documentar i treballar en equip<\/strong>, formulant preguntes significatives i exposant el seu treball en p\u00fablic.<\/li>\n<\/ol>\n<p>[\/vc_column_text][\/vc_column][vc_column width=&#8221;1\/4&#8243;][vc_empty_space height=&#8221;64px&#8221;][vc_single_image image=&#8221;44943&#8243; img_size=&#8221;full&#8221;][\/vc_column][\/vc_row][vc_row full_width=&#8221;stretch_row&#8221; css=&#8221;.vc_custom_1559722291696{background-color: #e5ecf1 !important;}&#8221;][vc_column width=&#8221;1\/4&#8243;][vc_empty_space height=&#8221;64px&#8221;][vc_single_image image=&#8221;61645&#8243; img_size=&#8221;full&#8221;][\/vc_column][vc_column width=&#8221;3\/4&#8243;][vc_column_text]<\/p>\n<h4><span style=\"color: #e57200;\"><strong><a href=\"https:\/\/www.fundacionnaturgy.org\/wp-content\/uploads\/2018\/06\/personas-transparente.png\"><img loading=\"lazy\" class=\"alignnone wp-image-55134\" src=\"https:\/\/www.fundacionnaturgy.org\/wp-content\/uploads\/2018\/06\/personas-transparente.png\" alt=\"personas-transparente\" width=\"60\" height=\"60\" srcset=\"https:\/\/www.fundacionnaturgy.org\/wp-content\/uploads\/2018\/06\/personas-transparente.png 176w, https:\/\/www.fundacionnaturgy.org\/wp-content\/uploads\/2018\/06\/personas-transparente-150x150.png 150w, https:\/\/www.fundacionnaturgy.org\/wp-content\/uploads\/2018\/06\/personas-transparente-140x140.png 140w\" sizes=\"(max-width: 60px) 100vw, 60px\" \/><\/a>Com participar i quin \u00e9s el premi?<\/strong><\/span><\/h4>\n<ol>\n<li>Si vols que els teus alumnes participin, anima el teu classe a preparar un <strong>v\u00eddeo<\/strong>.<\/li>\n<li>Haureu explicar el <strong>valor del projecte cient\u00edfic desenvolupat a classe<\/strong> i els motius pels quals sou mereixedors del reconeixement del jurat.<\/li>\n<li>El premi \u00e9s una <strong>visita<\/strong> experiencial al<strong> Centre Pfizer-Universitat de Granada-Junta d&#8217;Andalusia de Gen\u00f2mica i Investigaci\u00f3 Oncol\u00f2gica (GENYO)<\/strong>.<\/li>\n<\/ol>\n<p>[\/vc_column_text][\/vc_column][\/vc_row][vc_row][vc_column][vc_empty_space height=&#8221;48px&#8221;][\/vc_column][\/vc_row][vc_row][vc_column][vc_text_separator title=&#8221;M\u00e9s informaci\u00f3&#8221; title_align=&#8221;separator_align_left&#8221; color=&#8221;custom&#8221; border_width=&#8221;3&#8243; accent_color=&#8221;#b2c7d4&#8243;][\/vc_column][\/vc_row][vc_row][vc_column width=&#8221;1\/2&#8243;]<div class=\"gnf-acordeon\"><h3><\/h3><ul class=\"accordion\" data-accordion><li class=\"accordion-navigation\"><a href=\"#panelobjetius-didactics\">Objetius did\u00e0ctics<\/a><div class=\"content active\" id=\"panelobjetius-didactics\">[vc_column_text]<\/p>\n<ul>\n<li>Fomentar la recerca en l&#8217;\u00e0mbit escolar mitjan\u00e7ant la identificaci\u00f3 de problemes i l&#8217;estudi de la seva resoluci\u00f3.<\/li>\n<li>Incidir en la import\u00e0ncia de la bona comunicaci\u00f3 en la investigaci\u00f3, fomentant les habilitats comunicatives.<\/li>\n<li>Facilitar recursos al professorat per treballar la tecnologia i les ci\u00e8ncies naturals a l&#8217;aula.<\/li>\n<li>Posar en valor el treball cient\u00edfic que es realitza a les aules de secund\u00e0ria.<\/li>\n<\/ul>\n<p>[\/vc_column_text]<\/div><\/li><li class=\"accordion-navigation\"><a href=\"#paneltematiques-i-arees-de-treball\">Tem\u00e0tiques i \u00e0rees de treball<\/a><div class=\"content\" id=\"paneltematiques-i-arees-de-treball\">[vc_column_text]<\/p>\n<ul>\n<li>Ci\u00e8ncia i tecnologia vinculada a la medicina.<\/li>\n<li>Innovaci\u00f3 i investigaci\u00f3\u00a0com a factors claus per al desenvolupament de la societat.<\/li>\n<li>Professions del futur en els camps de la medicina.<\/li>\n<li>Prevenci\u00f3 i h\u00e0bits saludables.<\/li>\n<\/ul>\n<p>[\/vc_column_text]<\/div><\/li><li class=\"accordion-navigation\"><a href=\"#panelarees-curriculars\">\u00c0rees curriculars<\/a><div class=\"content\" id=\"panelarees-curriculars\">[vc_column_text]<\/p>\n<ul>\n<li>Coneixement del medi.<\/li>\n<li>Valors socials i c\u00edvics.<\/li>\n<li>Aprendre a aprendre.<\/li>\n<\/ul>\n<p>[\/vc_column_text]<\/div><\/li><li class=\"accordion-navigation\"><a href=\"#panelcompetencies-curriculars\">Compet\u00e8ncies curriculars<\/a><div class=\"content\" id=\"panelcompetencies-curriculars\">[vc_column_text]<\/p>\n<ul>\n<li>Tractament de la informaci\u00f3, organitzaci\u00f3 dels entorns de treball i d&#8217;aprenentatge.<\/li>\n<li>Medi ambient.<\/li>\n<li>Social i ciutadana.<\/li>\n<li>Interacci\u00f3 amb el m\u00f3n f\u00edsic.<\/li>\n<\/ul>\n<p>[\/vc_column_text]<\/div><\/li><\/ul><\/div>[\/vc_column][vc_column width=&#8221;1\/2&#8243;][vc_empty_space][vc_column_text css=&#8221;.vc_custom_1570193576741{padding-top: 25px !important;padding-right: 25px !important;padding-bottom: 25px !important;padding-left: 25px !important;background-color: #004571 !important;border-radius: 5px !important;}&#8221;]<\/p>\n<p style=\"text-align: center;\"><span style=\"color: #ffffff;\"><strong><a style=\"color: #ffffff;\" href=\"https:\/\/www.fundacionnaturgy.org\/wp-content\/uploads\/2019\/01\/datos-transparente-1.png\"><img loading=\"lazy\" class=\"alignnone wp-image-54738\" src=\"https:\/\/www.fundacionnaturgy.org\/wp-content\/uploads\/2019\/01\/datos-transparente-1.png\" alt=\"datos-transparente\" width=\"90\" height=\"90\" srcset=\"https:\/\/www.fundacionnaturgy.org\/wp-content\/uploads\/2019\/01\/datos-transparente-1.png 176w, https:\/\/www.fundacionnaturgy.org\/wp-content\/uploads\/2019\/01\/datos-transparente-1-150x150.png 150w, https:\/\/www.fundacionnaturgy.org\/wp-content\/uploads\/2019\/01\/datos-transparente-1-140x140.png 140w\" sizes=\"(max-width: 90px) 100vw, 90px\" \/><\/a><br \/>\n<a style=\"color: #ffffff;\" href=\"https:\/\/www.fecyt.es\/sites\/default\/files\/users\/user378\/bases_conoceauncientifico_medicina-260919.pdf\"><span style=\"text-decoration: underline;\">Consulta les\u00a0bases<br \/>\nlegals del concurs<\/span><\/a><\/strong><strong><br \/>\n<\/strong><\/span><br \/>\n<span style=\"color: #ffffff;\"><strong>Calendari:<\/strong><\/span><\/p>\n<p style=\"text-align: center;\"><span style=\"color: #ffffff;\"><strong>Inscripcions<\/strong>: De l&#8217;1 d&#8217;octubre al 20 de desembre de 2019.<\/span><br \/>\n<span style=\"color: #ffffff;\"><strong>Comunicaci\u00f3\u00a0de projectes guanyadors<\/strong>: 24 de gener de 2020.<\/span><br \/>\n<span style=\"color: #ffffff;\"><strong>Visita experiencial dels projectes\u00a0guanyadors<\/strong>: 13 de febrer de 2020.<strong><br \/>\n<\/strong><\/span><br \/>\n<span style=\"color: #ffffff;\"><strong>M\u00e9s informaci\u00f3:<\/strong><\/span><\/p>\n<p style=\"text-align: center;\"><span style=\"color: #ffffff;\">Adre\u00e7a electr\u00f2nica:\u00a0<span style=\"text-decoration: underline;\"><a style=\"text-decoration: underline; color: #ffffff;\" href=\"mailto:conoceuncientifico@proyectoeducatuvo.es\">conoceuncientifico@proyectoeducativo.es<\/a><\/span><\/span><\/p>\n<p>[\/vc_column_text][\/vc_column][\/vc_row]<\/p>\n","protected":false},"excerpt":{"rendered":"<p>[vc_row][vc_column width=&#8221;1\/2&#8243;][vc_single_image image=&#8221;66640&#8243; img_size=&#8221;full&#8221;][\/vc_column][vc_column width=&#8221;1\/2&#8243;][\/vc_column][\/vc_row][vc_row][vc_column][vc_empty_space height=&#8221;48px&#8221;][\/vc_column][\/vc_row][vc_row full_width=&#8221;stretch_row&#8221; css=&#8221;.vc_custom_1550163378570{background-color: #e5ecf1 !important;}&#8221;][vc_column width=&#8221;3\/4&#8243;][vc_column_text] A qui va dirigit i en qu\u00e8 consisteix? Iniciativa adre\u00e7ada a joves de 5\u00e8 i 6\u00e8 de prim\u00e0ria i<span class=\"more-link\"><a href=\"https:\/\/www.fundacionnaturgy.org\/ca\/educacio-divulgacio\/efigy-education\/concurs-coneix-a-un-cientific\/\">Llegir m\u00e9s<\/a><\/span><\/p>\n","protected":false},"author":1454,"featured_media":0,"parent":45309,"menu_order":0,"comment_status":"closed","ping_status":"closed","template":"templates\/full-width.php","meta":{"inline_featured_image":false},"categories":[],"acf":[],"_links":{"self":[{"href":"https:\/\/www.fundacionnaturgy.org\/ca\/wp-json\/wp\/v2\/pages\/58034"}],"collection":[{"href":"https:\/\/www.fundacionnaturgy.org\/ca\/wp-json\/wp\/v2\/pages"}],"about":[{"href":"https:\/\/www.fundacionnaturgy.org\/ca\/wp-json\/wp\/v2\/types\/page"}],"author":[{"embeddable":true,"href":"https:\/\/www.fundacionnaturgy.org\/ca\/wp-json\/wp\/v2\/users\/1454"}],"replies":[{"embeddable":true,"href":"https:\/\/www.fundacionnaturgy.org\/ca\/wp-json\/wp\/v2\/comments?post=58034"}],"version-history":[{"count":0,"href":"https:\/\/www.fundacionnaturgy.org\/ca\/wp-json\/wp\/v2\/pages\/58034\/revisions"}],"up":[{"embeddable":true,"href":"https:\/\/www.fundacionnaturgy.org\/ca\/wp-json\/wp\/v2\/pages\/45309"}],"wp:attachment":[{"href":"https:\/\/www.fundacionnaturgy.org\/ca\/wp-json\/wp\/v2\/media?parent=58034"}],"wp:term":[{"taxonomy":"category","embeddable":true,"href":"https:\/\/www.fundacionnaturgy.org\/ca\/wp-json\/wp\/v2\/categories?post=58034"}],"curies":[{"name":"wp","href":"https:\/\/api.w.org\/{rel}","templated":true}]}}