{"id":60382,"date":"2019-03-25T16:36:59","date_gmt":"2019-03-25T15:36:59","guid":{"rendered":"https:\/\/www.fundacionnaturgy.org\/?page_id=60382"},"modified":"2024-10-11T15:21:51","modified_gmt":"2024-10-11T13:21:51","slug":"recursos-efigy-education","status":"publish","type":"page","link":"https:\/\/www.fundacionnaturgy.org\/ca\/educacio-divulgacio\/efigy-education\/recursos-efigy-education\/","title":{"rendered":"Recursos\u00a0Efigy\u00a0Education"},"content":{"rendered":"<p>[vc_row][vc_column]<div class=\"gnf-texto-destacado\" style=\"background-color:#edf0f1;border-color:#004165;\"><h4 style=\"color:#004165\">Transmetem coneixement especialitzat en l\u2019\u00e0mbit de l\u2019energia de manera vivencial<\/h4>Participem en programes per tot el territori, amb el comprom\u00eds de sensibilitzar sobre q\u00fcestions relacionades amb l\u2019efici\u00e8ncia energ\u00e8tica i la sostenibilitat, a trav\u00e9s d\u2019activitats formatives que incorporen la\u00a0innovaci\u00f3 did\u00e0ctica.\u00a0Tenim l\u2019objectiu de fomentar\u00a0vocacions tecnol\u00f2giques entre els m\u00e9s joves\u00a0i, de manera especial, entre els que m\u00e9s ho necessiten.<\/div>[vc_empty_space][vc_single_image image=&#8221;71997&#8243; img_size=&#8221;full&#8221;][\/vc_column][\/vc_row][vc_row full_width=&#8221;stretch_row&#8221; css=&#8221;.vc_custom_1589206287664{background-color: #f2f1ef !important;}&#8221;][vc_column][vc_empty_space height=&#8221;12px&#8221;][vc_custom_heading text=&#8221;T\u2019oferim&#8221; font_container=&#8221;tag:h4|text_align:left&#8221; use_theme_fonts=&#8221;yes&#8221;][vc_empty_space][vc_row_inner][vc_column_inner width=&#8221;1\/2&#8243;][vc_column_text]<\/p>\n<p style=\"text-align: center;\"><a href=\"https:\/\/www.fundacionnaturgy.org\/wp-content\/uploads\/2018\/06\/manos-entrelazadas-transparente.png\"><img loading=\"lazy\" class=\"alignnone wp-image-55128 size-full\" src=\"https:\/\/www.fundacionnaturgy.org\/wp-content\/uploads\/2018\/06\/manos-entrelazadas-transparente.png\" width=\"90\" height=\"90\" srcset=\"https:\/\/www.fundacionnaturgy.org\/wp-content\/uploads\/2018\/06\/manos-entrelazadas-transparente.png 176w, https:\/\/www.fundacionnaturgy.org\/wp-content\/uploads\/2018\/06\/manos-entrelazadas-transparente-150x150.png 150w, https:\/\/www.fundacionnaturgy.org\/wp-content\/uploads\/2018\/06\/manos-entrelazadas-transparente-140x140.png 140w\" sizes=\"(max-width: 90px) 100vw, 90px\" \/><\/a><\/p>\n<p>\u203a\u00a0<b>\u00a0<\/b><b><a href=\"\/?page_id=42941\">Aprenentatge-Servei\u00a0(APS)<\/a><\/b><\/p>\n<p class=\"x_MsoNormal\" style=\"text-align: center;\">Proposta did\u00e0ctica, adre\u00e7ada\u00a0a alumnes de 3r i 4t d\u2019ESO, que combina processos d\u2019aprenentatge i de servei a la comunitat en un sol projecte.<\/p>\n<p>[\/vc_column_text][\/vc_column_inner][vc_column_inner width=&#8221;1\/2&#8243;][vc_column_text]<\/p>\n<p style=\"text-align: center;\"><a href=\"https:\/\/www.fundacionnaturgy.org\/wp-content\/uploads\/2018\/06\/hoja-icono-transparente.png\"><img loading=\"lazy\" class=\"alignnone wp-image-55137 size-full\" src=\"https:\/\/www.fundacionnaturgy.org\/wp-content\/uploads\/2018\/06\/hoja-icono-transparente.png\" width=\"90\" height=\"90\" srcset=\"https:\/\/www.fundacionnaturgy.org\/wp-content\/uploads\/2018\/06\/hoja-icono-transparente.png 176w, https:\/\/www.fundacionnaturgy.org\/wp-content\/uploads\/2018\/06\/hoja-icono-transparente-150x150.png 150w, https:\/\/www.fundacionnaturgy.org\/wp-content\/uploads\/2018\/06\/hoja-icono-transparente-140x140.png 140w\" sizes=\"(max-width: 90px) 100vw, 90px\" \/><\/a><\/p>\n<p>\u203a\u00a0<b>\u00a0<\/b><b><a href=\"\/?page_id=69183\">District Heating and Cooling Multienergia. Xarxa intel\u00b7ligent d\u2019Olot<\/a><\/b><\/p>\n<p class=\"x_MsoNormal\" style=\"text-align: center;\">Posem\u00a0a la teva disposici\u00f3 un itinerari guiat i activitats educatives que et permetran\u00a0descobrir com les\u00a0noves tecnologies energ\u00e8tiques\u00a0aporten energia neta a la ciutat d\u2019Olot.<\/p>\n<p>[\/vc_column_text][\/vc_column_inner][\/vc_row_inner][vc_row_inner][vc_column_inner width=&#8221;1\/2&#8243;][vc_column_text]<\/p>\n<p style=\"text-align: center;\"><a href=\"https:\/\/www.fundacionnaturgy.org\/wp-content\/uploads\/2018\/06\/birrete-transparente.png\"><img loading=\"lazy\" class=\"alignnone wp-image-55143 size-full\" src=\"https:\/\/www.fundacionnaturgy.org\/wp-content\/uploads\/2018\/06\/birrete-transparente.png\" width=\"90\" height=\"90\" srcset=\"https:\/\/www.fundacionnaturgy.org\/wp-content\/uploads\/2018\/06\/birrete-transparente.png 176w, https:\/\/www.fundacionnaturgy.org\/wp-content\/uploads\/2018\/06\/birrete-transparente-150x150.png 150w, https:\/\/www.fundacionnaturgy.org\/wp-content\/uploads\/2018\/06\/birrete-transparente-140x140.png 140w\" sizes=\"(max-width: 90px) 100vw, 90px\" \/><\/a><\/p>\n<p>\u203a\u00a0<b>\u00a0<\/b><b><a href=\"\/?page_id=73290\">Materials per a l\u2019aula<\/a><\/b><\/p>\n<p class=\"x_MsoNormal\" style=\"text-align: center;\">Cedim materials did\u00e0ctics per treballar a l\u2019aula, orientats a fomentar\u00a0metodologies\u00a0actives\u00a0d\u2019aprenentatge\u00a0en q\u00fcestions\u00a0tan essencials per al futur\u00a0com l\u2019efici\u00e8ncia energ\u00e8tica, el canvi clim\u00e0tic i la transici\u00f3 energ\u00e8tica.<\/p>\n<p>[\/vc_column_text][\/vc_column_inner][vc_column_inner width=&#8221;1\/2&#8243;][vc_column_text]<\/p>\n<p style=\"text-align: center;\"><img loading=\"lazy\" class=\"alignnone wp-image-55134\" src=\"https:\/\/www.fundacionnaturgy.org\/wp-content\/uploads\/2018\/06\/personas-transparente.png\" width=\"90\" height=\"90\" srcset=\"https:\/\/www.fundacionnaturgy.org\/wp-content\/uploads\/2018\/06\/personas-transparente.png 176w, https:\/\/www.fundacionnaturgy.org\/wp-content\/uploads\/2018\/06\/personas-transparente-150x150.png 150w, https:\/\/www.fundacionnaturgy.org\/wp-content\/uploads\/2018\/06\/personas-transparente-140x140.png 140w\" sizes=\"(max-width: 90px) 100vw, 90px\" \/><\/p>\n<p>\u203a\u00a0<b>\u00a0<\/b><b><a href=\"\/?page_id=73283\">Foment de les vocacions STEAM<\/a><\/b><\/p>\n<p class=\"x_MsoNormal\" style=\"text-align: center;\">Propostes educatives que aposten pel desenvolupament de les vocacions cient\u00edfiques i tecnol\u00f2giques i apropen el sistema educatiu i el m\u00f3n laboral, mitjan\u00e7ant estades i jornades en empreses i institucions.<\/p>\n<p>[\/vc_column_text][\/vc_column_inner][\/vc_row_inner][\/vc_column][\/vc_row][vc_row][vc_column width=&#8221;2\/3&#8243;]<div class=\"gnf-destacado-icono small-text-center medium-text-left row collapse\"><div class=\"gnf-destacado-icono__icono large-4 columns small-text-center medium-text-left \"><div class=\"icon-outer icon-style-default\" style=\"background-color:\"><span class=\"ico_info\"><\/span><\/div><\/div><div class=\"gnf-destacado-icono__texto large-8 columns\"><h4><\/h4><\/p>\n<h4>M\u00e9s informaci\u00f3 i peticions:<\/h4>\n<p>Si est\u00e0s interessat en algun de nostres\u00a0recursos educatius\u00a0Efigy\u00a0Education o en vols m\u00e9s informaci\u00f3, ens\u00a0pots contactar\u00a0per:<\/p>\n<p>Correu electr\u00f2nic:\u00a0<a href=\"mailto:educacionfundacion@naturgy.com\">educacionfundacion@naturgy.com<\/a><\/div><\/div>[\/vc_column][vc_column width=&#8221;1\/3&#8243;]<div class=\"gnf-destacado-img\"><a href=\"https:\/\/www.fundacionnaturgy.org\/ca\/educacio-divulgacio\/efigy-education\/efigy-education-online\/\" title=\"\" target=\"_self\"><figure class=\"gnf-destacado-img__imagen\"><img width=\"1000\" height=\"666\" src=\"https:\/\/www.fundacionnaturgy.org\/wp-content\/uploads\/2018\/09\/recursos-educativos-congreso-efigy.jpg\" class=\"attachment-full size-full\" alt=\"\" loading=\"lazy\" srcset=\"https:\/\/www.fundacionnaturgy.org\/wp-content\/uploads\/2018\/09\/recursos-educativos-congreso-efigy.jpg 1000w, https:\/\/www.fundacionnaturgy.org\/wp-content\/uploads\/2018\/09\/recursos-educativos-congreso-efigy-300x200.jpg 300w, https:\/\/www.fundacionnaturgy.org\/wp-content\/uploads\/2018\/09\/recursos-educativos-congreso-efigy-768x511.jpg 768w, https:\/\/www.fundacionnaturgy.org\/wp-content\/uploads\/2018\/09\/recursos-educativos-congreso-efigy-210x140.jpg 210w, https:\/\/www.fundacionnaturgy.org\/wp-content\/uploads\/2018\/09\/recursos-educativos-congreso-efigy-220x148.jpg 220w, https:\/\/www.fundacionnaturgy.org\/wp-content\/uploads\/2018\/09\/recursos-educativos-congreso-efigy-450x300.jpg 450w\" sizes=\"(max-width: 1000px) 100vw, 1000px\" \/><figcaption class=\"link bottom\" style=\"background: rgba(255,255,255,0.9);\"><h4 class=\"left\">Et pot interessar<\/h4><\/figcaption><\/figure><\/a><div class=\"gnf-destacado-img__texto small-only-text-center\"><\/div><\/div>[\/vc_column][\/vc_row]<\/p>\n","protected":false},"excerpt":{"rendered":"<p>[vc_row][vc_column][vc_empty_space][vc_single_image image=&#8221;71997&#8243; img_size=&#8221;full&#8221;][\/vc_column][\/vc_row][vc_row full_width=&#8221;stretch_row&#8221; css=&#8221;.vc_custom_1589206287664{background-color: #f2f1ef !important;}&#8221;][vc_column][vc_empty_space height=&#8221;12px&#8221;][vc_custom_heading text=&#8221;T\u2019oferim&#8221; font_container=&#8221;tag:h4|text_align:left&#8221; use_theme_fonts=&#8221;yes&#8221;][vc_empty_space][vc_row_inner][vc_column_inner width=&#8221;1\/2&#8243;][vc_column_text] \u203a\u00a0\u00a0Aprenentatge-Servei\u00a0(APS) Proposta did\u00e0ctica, adre\u00e7ada\u00a0a alumnes de 3r i 4t d\u2019ESO, que combina processos d\u2019aprenentatge i de servei a<span class=\"more-link\"><a href=\"https:\/\/www.fundacionnaturgy.org\/ca\/educacio-divulgacio\/efigy-education\/recursos-efigy-education\/\">Llegir m\u00e9s<\/a><\/span><\/p>\n","protected":false},"author":1454,"featured_media":0,"parent":45309,"menu_order":0,"comment_status":"closed","ping_status":"closed","template":"templates\/full-width.php","meta":{"inline_featured_image":false},"categories":[],"acf":[],"_links":{"self":[{"href":"https:\/\/www.fundacionnaturgy.org\/ca\/wp-json\/wp\/v2\/pages\/60382"}],"collection":[{"href":"https:\/\/www.fundacionnaturgy.org\/ca\/wp-json\/wp\/v2\/pages"}],"about":[{"href":"https:\/\/www.fundacionnaturgy.org\/ca\/wp-json\/wp\/v2\/types\/page"}],"author":[{"embeddable":true,"href":"https:\/\/www.fundacionnaturgy.org\/ca\/wp-json\/wp\/v2\/users\/1454"}],"replies":[{"embeddable":true,"href":"https:\/\/www.fundacionnaturgy.org\/ca\/wp-json\/wp\/v2\/comments?post=60382"}],"version-history":[{"count":3,"href":"https:\/\/www.fundacionnaturgy.org\/ca\/wp-json\/wp\/v2\/pages\/60382\/revisions"}],"predecessor-version":[{"id":90734,"href":"https:\/\/www.fundacionnaturgy.org\/ca\/wp-json\/wp\/v2\/pages\/60382\/revisions\/90734"}],"up":[{"embeddable":true,"href":"https:\/\/www.fundacionnaturgy.org\/ca\/wp-json\/wp\/v2\/pages\/45309"}],"wp:attachment":[{"href":"https:\/\/www.fundacionnaturgy.org\/ca\/wp-json\/wp\/v2\/media?parent=60382"}],"wp:term":[{"taxonomy":"category","embeddable":true,"href":"https:\/\/www.fundacionnaturgy.org\/ca\/wp-json\/wp\/v2\/categories?post=60382"}],"curies":[{"name":"wp","href":"https:\/\/api.w.org\/{rel}","templated":true}]}}