{"id":66021,"date":"2019-09-10T17:12:32","date_gmt":"2019-09-10T15:12:32","guid":{"rendered":"https:\/\/www.fundacionnaturgy.org\/educacio-divulgacio\/efigy-education\/recursos-presencials-per-a-laula\/laventura-defi-bot\/"},"modified":"2020-11-10T10:57:56","modified_gmt":"2020-11-10T09:57:56","slug":"laventura-defi-bot","status":"publish","type":"page","link":"https:\/\/www.fundacionnaturgy.org\/ca\/educacio-divulgacio\/efigy-education\/recursos-presencials-per-a-laula\/laventura-defi-bot\/","title":{"rendered":"Primer i Segon d&#8217;Educaci\u00f3 Prim\u00e0ria. L\u2019aventura d\u2019Efi Bot"},"content":{"rendered":"<p>[vc_row][vc_column width=&#8221;1\/2&#8243;][vc_images_carousel images=&#8221;70348,70333,70342,70351&#8243; img_size=&#8221;full&#8221; onclick=&#8221;link_no&#8221; speed=&#8221;3000&#8243; autoplay=&#8221;yes&#8221; wrap=&#8221;yes&#8221;][\/vc_column][vc_column width=&#8221;1\/2&#8243;][vc_single_image image=&#8221;76119&#8243; img_size=&#8221;medium&#8221; alignment=&#8221;center&#8221;][vc_row_inner][vc_column_inner width=&#8221;1\/3&#8243;][\/vc_column_inner][vc_column_inner width=&#8221;1\/3&#8243;]<a class=\"gnf-boton oscuro left\" href=\"https:\/\/www.fundacionnaturgy.org\/wp-content\/uploads\/2019\/09\/fd-laventura-de-l-efi-bot-cat.pdf\" title=\"\" target=\"_self\">Fitxa did\u00e0ctica<\/a>[\/vc_column_inner][vc_column_inner width=&#8221;1\/3&#8243;][\/vc_column_inner][\/vc_row_inner][\/vc_column][\/vc_row][vc_row][vc_column][vc_empty_space][\/vc_column][\/vc_row][vc_row][vc_column width=&#8221;1\/2&#8243;][vc_column_text]<\/p>\n<h3>Descripci\u00f3 de l&#8217;activitat<\/h3>\n<p>Mitjan\u00e7ant el <strong>Programa Efigy Education<\/strong>, la Fundaci\u00f3 Naturgy ofereix als grups escolars de Primer i Segon d&#8217;Educaci\u00f3 Prim\u00e0ria aquest taller a l&#8217;aula titulat &#8220;L&#8217;aventura de Efi Bot&#8221;.<\/p>\n<p>Utilitzant el joc de rob\u00f2tica Efi Bot, en qu\u00e8 els nens hauran de donar instruccions a un robot de joguina perqu\u00e8 arribi a la seva destinaci\u00f3, els alumnes hauran de narrar la hist\u00f2ria d\u2019EFI per aconseguir energia i millorar el medi ambient.[\/vc_column_text][\/vc_column][vc_column width=&#8221;1\/2&#8243;][vc_column_text]<\/p>\n<h3>Objetius<\/h3>\n<ul>\n<li>Comprovar que, perqu\u00e8 funcionin les coses, fa falta energia.<\/li>\n<li>Recon\u00e8ixer diferents tipus d&#8217;energia.<\/li>\n<li>Descobrir les energies renovables: solar, e\u00f2lica, hidr\u00e0ulica i gas renovable.<\/li>\n<li>Con\u00e8ixer les energies que tenen menys impacte en el medi ambient.<\/li>\n<li>Iniciar-se en la programaci\u00f3 i la rob\u00f2tica.<\/li>\n<\/ul>\n<p>[\/vc_column_text][\/vc_column][\/vc_row][vc_row][vc_column width=&#8221;1\/2&#8243;][vc_column_text]<\/p>\n<h3>Compet\u00e8ncies<\/h3>\n<ul>\n<li>Conviure i habitar el m\u00f3n.<\/li>\n<li>Coneixement i interacci\u00f3 amb el m\u00f3n f\u00edsic.<\/li>\n<li>Compet\u00e8ncia social i ciutadana.<\/li>\n<li>Aprendre a aprendre.<\/li>\n<\/ul>\n<p>[\/vc_column_text][\/vc_column][vc_column width=&#8221;1\/2&#8243;][vc_column_text]<\/p>\n<h3>Informaci\u00f3\u00a0pr\u00e0ctica<\/h3>\n<ul>\n<li>Horaris: de dilluns a divendres, mat\u00ed i tarda.<\/li>\n<li>Durada de les activitats: 60 minuts.<\/li>\n<li>Tipologia: taller.<\/li>\n<li>Preu: gratu\u00eft.<\/li>\n<\/ul>\n<p>[\/vc_column_text][vc_column_text]<\/p>\n<h3>Nivell educatiu<\/h3>\n<ul>\n<li>Cice\u00a0Inicial.<\/li>\n<\/ul>\n<p>[\/vc_column_text][\/vc_column][\/vc_row][vc_row][vc_column width=&#8221;1\/2&#8243;]<a class=\"gnf-boton oscuro left\" href=\"mailto:efigyeducation@naturgy.com\" title=\"\" target=\"_self\">M\u00e9s informaci\u00f3<\/a>[\/vc_column][vc_column width=&#8221;1\/2&#8243;][\/vc_column][\/vc_row]<\/p>\n","protected":false},"excerpt":{"rendered":"<p>[vc_row][vc_column width=&#8221;1\/2&#8243;][vc_images_carousel images=&#8221;70348,70333,70342,70351&#8243; img_size=&#8221;full&#8221; onclick=&#8221;link_no&#8221; speed=&#8221;3000&#8243; autoplay=&#8221;yes&#8221; wrap=&#8221;yes&#8221;][\/vc_column][vc_column width=&#8221;1\/2&#8243;][vc_single_image image=&#8221;76119&#8243; img_size=&#8221;medium&#8221; alignment=&#8221;center&#8221;][vc_row_inner][vc_column_inner width=&#8221;1\/3&#8243;][\/vc_column_inner][vc_column_inner width=&#8221;1\/3&#8243;][\/vc_column_inner][vc_column_inner width=&#8221;1\/3&#8243;][\/vc_column_inner][\/vc_row_inner][\/vc_column][\/vc_row][vc_row][vc_column][vc_empty_space][\/vc_column][\/vc_row][vc_row][vc_column width=&#8221;1\/2&#8243;][vc_column_text] Descripci\u00f3 de l&#8217;activitat Mitjan\u00e7ant el Programa Efigy Education, la Fundaci\u00f3 Naturgy ofereix als grups<span class=\"more-link\"><a href=\"https:\/\/www.fundacionnaturgy.org\/ca\/educacio-divulgacio\/efigy-education\/recursos-presencials-per-a-laula\/laventura-defi-bot\/\">Llegir m\u00e9s<\/a><\/span><\/p>\n","protected":false},"author":1454,"featured_media":0,"parent":45312,"menu_order":0,"comment_status":"closed","ping_status":"closed","template":"templates\/full-width.php","meta":{"inline_featured_image":false},"categories":[],"acf":[],"_links":{"self":[{"href":"https:\/\/www.fundacionnaturgy.org\/ca\/wp-json\/wp\/v2\/pages\/66021"}],"collection":[{"href":"https:\/\/www.fundacionnaturgy.org\/ca\/wp-json\/wp\/v2\/pages"}],"about":[{"href":"https:\/\/www.fundacionnaturgy.org\/ca\/wp-json\/wp\/v2\/types\/page"}],"author":[{"embeddable":true,"href":"https:\/\/www.fundacionnaturgy.org\/ca\/wp-json\/wp\/v2\/users\/1454"}],"replies":[{"embeddable":true,"href":"https:\/\/www.fundacionnaturgy.org\/ca\/wp-json\/wp\/v2\/comments?post=66021"}],"version-history":[{"count":0,"href":"https:\/\/www.fundacionnaturgy.org\/ca\/wp-json\/wp\/v2\/pages\/66021\/revisions"}],"up":[{"embeddable":true,"href":"https:\/\/www.fundacionnaturgy.org\/ca\/wp-json\/wp\/v2\/pages\/45312"}],"wp:attachment":[{"href":"https:\/\/www.fundacionnaturgy.org\/ca\/wp-json\/wp\/v2\/media?parent=66021"}],"wp:term":[{"taxonomy":"category","embeddable":true,"href":"https:\/\/www.fundacionnaturgy.org\/ca\/wp-json\/wp\/v2\/categories?post=66021"}],"curies":[{"name":"wp","href":"https:\/\/api.w.org\/{rel}","templated":true}]}}