{"id":68498,"date":"2019-10-29T09:04:07","date_gmt":"2019-10-29T08:04:07","guid":{"rendered":"https:\/\/www.fundacionnaturgy.org\/educacio-divulgacio\/energy-challenge\/"},"modified":"2024-04-29T12:50:59","modified_gmt":"2024-04-29T10:50:59","slug":"energy-challenge","status":"publish","type":"page","link":"https:\/\/www.fundacionnaturgy.org\/ca\/educacio-divulgacio\/experiencies-digitals\/energy-challenge\/","title":{"rendered":"Energy Challenge. Suma\u2019t al repte de la transici\u00f3 energ\u00e8tica"},"content":{"rendered":"<p>[vc_row][vc_column][vc_column_text]<\/p>\n<h2><strong>Et proposem una experi\u00e8ncia immersiva per abordar el repte del futur de l&#8217;energia<br \/>\n<\/strong><\/h2>\n<p>[\/vc_column_text][\/vc_column][\/vc_row][vc_row css=&#8221;.vc_custom_1647438612818{margin-right: -170px !important;}&#8221;][vc_column][vc_single_image image=&#8221;69377&#8243; img_size=&#8221;full&#8221;][\/vc_column][\/vc_row][vc_row][vc_column width=&#8221;3\/4&#8243; css=&#8221;.vc_custom_1650457520398{margin-top: -35px !important;margin-left: 15px !important;padding-top: 50px !important;padding-right: 40px !important;padding-bottom: 50px !important;padding-left: 40px !important;background-color: #bfb8ae !important;}&#8221;][vc_column_text]<\/p>\n<h2><span style=\"color: #004571;\"><strong>Presentem una proposta virtual de producci\u00f3 pr\u00f2pia<br \/>\n<\/strong><\/span><\/h2>\n<h4><span style=\"color: #004571;\">\u00a0<\/span><\/h4>\n<h3>Descobreix com la innovaci\u00f3 tecnol\u00f2gica i els h\u00e0bits de consum responsable s\u00f3n clau per garantir la transici\u00f3 energ\u00e8tica.<\/h3>\n<p>[\/vc_column_text]<a class=\"gnf-boton oscuro left\" href=\"https:\/\/estaticos.naturgy.com\/fundacion\/EnergyChallenge\/0-Compilaciones\/index.html\" title=\"\" target=\"_self\">Accedir a lexperi\u00e8ncia<\/a>[vc_empty_space height=&#8221;84px&#8221;][\/vc_column][vc_column width=&#8221;1\/4&#8243;][\/vc_column][\/vc_row][vc_row][vc_column width=&#8221;1\/2&#8243;][vc_single_image image=&#8221;81537&#8243; img_size=&#8221;full&#8221; css=&#8221;.vc_custom_1650457487327{margin-top: -60px !important;}&#8221;][vc_single_image image=&#8221;81468&#8243; img_size=&#8221;full&#8221; alignment=&#8221;center&#8221;][vc_column_text]<\/p>\n<h4 style=\"text-align: center;\"><span style=\"color: #004571;\"><strong>Experi\u00e8ncia digital<br \/>\n<\/strong>en materia d&#8217;energia<\/span><\/h4>\n<p>[\/vc_column_text][vc_single_image image=&#8221;81418&#8243; img_size=&#8221;full&#8221; alignment=&#8221;center&#8221;][vc_column_text]<\/p>\n<h4 style=\"text-align: center;\"><span style=\"color: #004571;\">Formaci\u00f3\u00a0sobre <strong>economia<\/strong><br \/>\n<strong>circular i qualitat de l&#8217;aire<\/strong><\/span><\/h4>\n<p>[\/vc_column_text][\/vc_column][vc_column width=&#8221;1\/2&#8243;][vc_empty_space][vc_column_text]<\/p>\n<h2><strong>Coneix aquesta experi\u00e8ncia \u00fanica sobre la transici\u00f3 energ\u00e8tica<br \/>\n<\/strong><\/h2>\n<p>[\/vc_column_text][vc_column_text]Transferim coneixement especialitzat i t\u00e8cnic sobre energia, com les noves tecnologies energ\u00e8tiques, la transici\u00f3 energ\u00e8tica, l\u2019economia circular i la qualitat de l\u2019aire. A m\u00e9s, la iniciativa mostra el paper clau de la innovaci\u00f3 i els h\u00e0bits de consum responsable per aconseguir els desafiaments pactats en els <strong>objectius de desenvolupament sostenible (ODS)<\/strong>\u00a0de les Nacions Unides en mat\u00e8ria de l\u2019energia.<\/p>\n<p>Energy Challenge planteja un viatge espacial en una aeronau futurista comandada per robots d\u2019\u00faltima generaci\u00f3. Els visitants s\u00f3n convidats a formar part d\u2019una missi\u00f3 especial que ha de resoldre el repte de l\u2019energia, com a ingredient imprescindible per al desenvolupament de la societat (en angl\u00e8s,\u00a0<i>energy challenge<\/i>).<\/p>\n<p>Els tripulants observaran la Terra i el cosmos per reflexionar i prendre consci\u00e8ncia de la situaci\u00f3 d\u2019emerg\u00e8ncia del planeta i de la necessitat de contribuir en assumptes de capital import\u00e0ncia per a la humanitat, com ara la transici\u00f3 energ\u00e8tica, l\u2019economia circular, la qualitat de l\u2019aire i les noves tecnologies energ\u00e8tiques, com el gas renovable.[\/vc_column_text][\/vc_column][\/vc_row][vc_row][vc_column][vc_empty_space height=&#8221;12px&#8221;][\/vc_column][\/vc_row][vc_row][vc_column][vc_row_inner css=&#8221;.vc_custom_1648483787437{border-top-width: 1px !important;border-right-width: 1px !important;border-bottom-width: 1px !important;border-left-width: 1px !important;border-left-color: #e5ecf1 !important;border-left-style: solid !important;border-right-color: #e5ecf1 !important;border-right-style: solid !important;border-top-color: #e5ecf1 !important;border-top-style: solid !important;border-bottom-color: #e5ecf1 !important;border-bottom-style: solid !important;border-radius: 1px !important;}&#8221;][vc_column_inner width=&#8221;1\/4&#8243;][vc_single_image image=&#8221;81427&#8243; img_size=&#8221;full&#8221; alignment=&#8221;right&#8221;][\/vc_column_inner][vc_column_inner width=&#8221;3\/4&#8243;][vc_column_text]<\/p>\n<h4><strong>M\u00e9s informaci\u00f3 i reserves:<\/strong><\/h4>\n<p>Adre\u00e7a: <a href=\"mailto:educacionfundacion@naturgy.es\" target=\"_blank\" rel=\"noopener noreferrer\" data-auth=\"NotApplicable\" data-linkindex=\"11\">educacionfundacion@naturgy.es<\/a>[\/vc_column_text][\/vc_column_inner][\/vc_row_inner][\/vc_column][\/vc_row]<\/p>\n","protected":false},"excerpt":{"rendered":"<p>[vc_row][vc_column][vc_column_text] Et proposem una experi\u00e8ncia immersiva per abordar el repte del futur de l&#8217;energia [\/vc_column_text][\/vc_column][\/vc_row][vc_row css=&#8221;.vc_custom_1647438612818{margin-right: -170px !important;}&#8221;][vc_column][vc_single_image image=&#8221;69377&#8243; img_size=&#8221;full&#8221;][\/vc_column][\/vc_row][vc_row][vc_column width=&#8221;3\/4&#8243; css=&#8221;.vc_custom_1650457520398{margin-top: -35px !important;margin-left: 15px !important;padding-top: 50px !important;padding-right: 40px !important;padding-bottom:<span class=\"more-link\"><a href=\"https:\/\/www.fundacionnaturgy.org\/ca\/educacio-divulgacio\/experiencies-digitals\/energy-challenge\/\">Llegir m\u00e9s<\/a><\/span><\/p>\n","protected":false},"author":1454,"featured_media":0,"parent":79675,"menu_order":0,"comment_status":"closed","ping_status":"closed","template":"templates\/full-width.php","meta":{"inline_featured_image":false},"categories":[],"acf":[],"_links":{"self":[{"href":"https:\/\/www.fundacionnaturgy.org\/ca\/wp-json\/wp\/v2\/pages\/68498"}],"collection":[{"href":"https:\/\/www.fundacionnaturgy.org\/ca\/wp-json\/wp\/v2\/pages"}],"about":[{"href":"https:\/\/www.fundacionnaturgy.org\/ca\/wp-json\/wp\/v2\/types\/page"}],"author":[{"embeddable":true,"href":"https:\/\/www.fundacionnaturgy.org\/ca\/wp-json\/wp\/v2\/users\/1454"}],"replies":[{"embeddable":true,"href":"https:\/\/www.fundacionnaturgy.org\/ca\/wp-json\/wp\/v2\/comments?post=68498"}],"version-history":[{"count":1,"href":"https:\/\/www.fundacionnaturgy.org\/ca\/wp-json\/wp\/v2\/pages\/68498\/revisions"}],"predecessor-version":[{"id":89180,"href":"https:\/\/www.fundacionnaturgy.org\/ca\/wp-json\/wp\/v2\/pages\/68498\/revisions\/89180"}],"up":[{"embeddable":true,"href":"https:\/\/www.fundacionnaturgy.org\/ca\/wp-json\/wp\/v2\/pages\/79675"}],"wp:attachment":[{"href":"https:\/\/www.fundacionnaturgy.org\/ca\/wp-json\/wp\/v2\/media?parent=68498"}],"wp:term":[{"taxonomy":"category","embeddable":true,"href":"https:\/\/www.fundacionnaturgy.org\/ca\/wp-json\/wp\/v2\/categories?post=68498"}],"curies":[{"name":"wp","href":"https:\/\/api.w.org\/{rel}","templated":true}]}}