{"id":69183,"date":"2019-11-18T18:32:38","date_gmt":"2019-11-18T17:32:38","guid":{"rendered":"https:\/\/www.fundacionnaturgy.org\/?page_id=69183"},"modified":"2024-04-29T14:01:31","modified_gmt":"2024-04-29T12:01:31","slug":"district-heating-and-cooling-multienergia","status":"publish","type":"page","link":"https:\/\/www.fundacionnaturgy.org\/ca\/educacio-divulgacio\/efigy-education\/district-heating-and-cooling-multienergia\/","title":{"rendered":"District Heating and Cooling Multienergia. Xarxa intel\u00b7ligent d&#8217;Olot"},"content":{"rendered":"<p>[vc_row][vc_column]<div class=\"gnf-texto-destacado\" style=\"background-color:#edf0f1;border-color:#004165;\"><h4 style=\"color:#004165\">Descobreix un exemple \u00fanic de subministrament d\u2019energia neta<\/h4>L\u2019any 2017 es va posar <span lang=\"pt-BR\">en marxa la <em><b>District Heating and Cooling Multienergia<\/b><\/em>, la primera xarxa de climatitzaci\u00f3 a Catalunya capa\u00e7 de generar energia renovable mitjan\u00e7ant la geot\u00e8rmia, la fotovoltaica, la biomassa i el gas natural, i que permet un estalvi econ\u00f2mic respecte altres fonts d\u2019energia no renovable i en emissions de CO<sub>2.<\/sub><\/span><\/div>[vc_empty_space][vc_single_image image=&#8221;69255&#8243; img_size=&#8221;full&#8221; alignment=&#8221;center&#8221;][\/vc_column][\/vc_row][vc_row][vc_column width=&#8221;2\/3&#8243;][vc_column_text]<span lang=\"pt-BR\">Amb un sistema intel\u00b7ligent de control automatitzat, la Xarxa Espavilada subministra de calor, de fred i d\u2019electricitat a 40 mil metres quadrats d\u2019edificis p\u00fablics del districte del municipi d\u2019Olot que rep el nom de <em><b>District Heating and Cooling Multienergia<\/b><\/em> (xarxa espavilada de calor i fred).<\/span><\/p>\n<p><span lang=\"pt-BR\">Aquest projecte energ\u00e8tic pioner, impulsat per <b>Wattia Innova<\/b> i <b>Naturgy<\/b> en col\u00b7laboraci\u00f3 amb l\u2019<b>Ajuntament d\u2019Olot<\/b>, ha rebut el premi <b>European Heat Pump Association<\/b> i ha convertit a Olot en una de les ciutats referents en la implantaci\u00f3 i l\u2019\u00fas d\u2019energies renovables.<\/span><\/p>\n<p><span lang=\"pt-BR\">Amb l\u2019objectiu de transmetre coneixements especialitzats entorn la transici\u00f3 cap a un nou model energ\u00e8tic, la preservaci\u00f3 del medi ambient i el consum responsable de l\u2019energia, la <b>Fundaci\u00f3 Naturgy<\/b> posa al teu abast un itinerari guiat i activitats educatives que et premetran descobrir com les <b>noves tecnologies energ\u00e8tiques<\/b> aporten energia neta a la ciutat d\u2019Olot.<\/span>[\/vc_column_text][\/vc_column][vc_column width=&#8221;1\/3&#8243;]<div class=\"gnf-destacado-icono small-text-center medium-text-left row collapse\"><div class=\"gnf-destacado-icono__icono large-4 columns small-text-center medium-text-left \"><div class=\"icon-outer icon-style-default\" style=\"background-color:\"><span class=\"ico_info\"><\/span><\/div><\/div><div class=\"gnf-destacado-icono__texto large-8 columns\"><h4><\/h4>Per a m\u00e9s informaci\u00f3n sobre les visites guiades i les activitats educatives, contacta a trav\u00e9s del correu electr\u00f2nic <a href=\"mailto:educacionfundacion@naturgy.com\">educacionfundacion@naturgy.com<\/a>.<\/div><\/div>[\/vc_column][\/vc_row]<\/p>\n","protected":false},"excerpt":{"rendered":"<p>[vc_row][vc_column][vc_empty_space][vc_single_image image=&#8221;69255&#8243; img_size=&#8221;full&#8221; alignment=&#8221;center&#8221;][\/vc_column][\/vc_row][vc_row][vc_column width=&#8221;2\/3&#8243;][vc_column_text]Amb un sistema intel\u00b7ligent de control automatitzat, la Xarxa Espavilada subministra de calor, de fred i d\u2019electricitat a 40 mil metres quadrats d\u2019edificis p\u00fablics del districte<span class=\"more-link\"><a href=\"https:\/\/www.fundacionnaturgy.org\/ca\/educacio-divulgacio\/efigy-education\/district-heating-and-cooling-multienergia\/\">Llegir m\u00e9s<\/a><\/span><\/p>\n","protected":false},"author":1454,"featured_media":0,"parent":45309,"menu_order":0,"comment_status":"closed","ping_status":"closed","template":"templates\/full-width.php","meta":{"inline_featured_image":false},"categories":[],"acf":[],"_links":{"self":[{"href":"https:\/\/www.fundacionnaturgy.org\/ca\/wp-json\/wp\/v2\/pages\/69183"}],"collection":[{"href":"https:\/\/www.fundacionnaturgy.org\/ca\/wp-json\/wp\/v2\/pages"}],"about":[{"href":"https:\/\/www.fundacionnaturgy.org\/ca\/wp-json\/wp\/v2\/types\/page"}],"author":[{"embeddable":true,"href":"https:\/\/www.fundacionnaturgy.org\/ca\/wp-json\/wp\/v2\/users\/1454"}],"replies":[{"embeddable":true,"href":"https:\/\/www.fundacionnaturgy.org\/ca\/wp-json\/wp\/v2\/comments?post=69183"}],"version-history":[{"count":1,"href":"https:\/\/www.fundacionnaturgy.org\/ca\/wp-json\/wp\/v2\/pages\/69183\/revisions"}],"predecessor-version":[{"id":89188,"href":"https:\/\/www.fundacionnaturgy.org\/ca\/wp-json\/wp\/v2\/pages\/69183\/revisions\/89188"}],"up":[{"embeddable":true,"href":"https:\/\/www.fundacionnaturgy.org\/ca\/wp-json\/wp\/v2\/pages\/45309"}],"wp:attachment":[{"href":"https:\/\/www.fundacionnaturgy.org\/ca\/wp-json\/wp\/v2\/media?parent=69183"}],"wp:term":[{"taxonomy":"category","embeddable":true,"href":"https:\/\/www.fundacionnaturgy.org\/ca\/wp-json\/wp\/v2\/categories?post=69183"}],"curies":[{"name":"wp","href":"https:\/\/api.w.org\/{rel}","templated":true}]}}