{"id":71068,"date":"2020-03-24T12:08:21","date_gmt":"2020-03-24T11:08:21","guid":{"rendered":"https:\/\/www.fundacionnaturgy.org\/aplicacions-online-sobre-energia\/"},"modified":"2024-10-11T15:45:43","modified_gmt":"2024-10-11T13:45:43","slug":"aplicacions-online-sobre-energia","status":"publish","type":"page","link":"https:\/\/www.fundacionnaturgy.org\/ca\/educacio-divulgacio\/efigy-education\/efigy-education-digital\/aplicacions-online-sobre-energia\/","title":{"rendered":"Aplicacions online sobre energia"},"content":{"rendered":"<p>[vc_row][vc_column]<div class=\"gnf-texto-destacado\" style=\"background-color:#edf0f1;border-color:#004165;\"><h4 style=\"color:#004165\">Descobreix les nostres activitats m\u00e9s interactives<\/h4>Apr\u00e8n sobre energia i descobreix el teu talent en disciplines STEAM, jugant amb un cat\u00e0leg de propostes de la <strong>Fundaci\u00f3 Naturgy<\/strong>. Es tracta de <strong>recursos did\u00e0ctics ludificats<\/strong> adre\u00e7ats a<strong> tots els p\u00fablics<\/strong>, amb els quals podr\u00e0s jugar des de casa.<\/div>[vc_empty_space][\/vc_column][\/vc_row][vc_row][vc_column][vc_row_inner][vc_column_inner width=&#8221;1\/2&#8243;]<div class=\"gnf-destacado-img\"><a href=\"https:\/\/www.fundacionnaturgy.org\/ca\/educacio-divulgacio\/efigy-education\/efigy-education-online\/\" title=\"\" target=\"_self\"><figure class=\"gnf-destacado-img__imagen\"><img width=\"1080\" height=\"822\" src=\"https:\/\/www.fundacionnaturgy.org\/wp-content\/uploads\/2020\/03\/construir-eficientemente.jpg\" class=\"attachment-full size-full\" alt=\"\" loading=\"lazy\" srcset=\"https:\/\/www.fundacionnaturgy.org\/wp-content\/uploads\/2020\/03\/construir-eficientemente.jpg 1080w, https:\/\/www.fundacionnaturgy.org\/wp-content\/uploads\/2020\/03\/construir-eficientemente-300x228.jpg 300w, https:\/\/www.fundacionnaturgy.org\/wp-content\/uploads\/2020\/03\/construir-eficientemente-768x585.jpg 768w, https:\/\/www.fundacionnaturgy.org\/wp-content\/uploads\/2020\/03\/construir-eficientemente-1024x779.jpg 1024w, https:\/\/www.fundacionnaturgy.org\/wp-content\/uploads\/2020\/03\/construir-eficientemente-184x140.jpg 184w\" sizes=\"(max-width: 1080px) 100vw, 1080px\" \/><figcaption class=\"link bottom\" style=\"background: rgba(255,255,255,0.9);\"><h4 class=\"left\">Construeix eficientment<\/h4><\/figcaption><\/figure><\/a><div class=\"gnf-destacado-img__texto small-only-text-center\">\u201cConstrueix\u00a0eficientment\u201d \u00e9s una <strong>aplicaci\u00f3 inform\u00e0tica en qu\u00e8 es planteja la construcci\u00f3 d\u2019un edifici sostenible<\/strong> amb tres itineraris diferents: la construcci\u00f3 d\u2019un habitatge nou, la reforma d\u2019un habitatge i la construcci\u00f3 d\u2019una escola nova. La visualitzaci\u00f3 en 3D ofereix una visi\u00f3 real de l\u2019habitatge que facilita la integraci\u00f3 de continguts.<\/p>\n<p><strong>A partir dels 10 anys. <\/strong><\/div><\/div>[\/vc_column_inner][vc_column_inner width=&#8221;1\/2&#8243;]<div class=\"gnf-destacado-img\"><a href=\"https:\/\/www.fundacionnaturgy.org\/ca\/educacio-divulgacio\/efigy-education\/efigy-education-digital\/aplicacions-online-sobre-energia\/the-circular-challenge-innovacio-per-a-una-energia-renovable-i-circular-2\/\" title=\"\" target=\"_self\"><figure class=\"gnf-destacado-img__imagen\"><img width=\"1080\" height=\"822\" src=\"https:\/\/www.fundacionnaturgy.org\/wp-content\/uploads\/2020\/03\/paisaje2.jpg\" class=\"attachment-full size-full\" alt=\"\" loading=\"lazy\" srcset=\"https:\/\/www.fundacionnaturgy.org\/wp-content\/uploads\/2020\/03\/paisaje2.jpg 1080w, https:\/\/www.fundacionnaturgy.org\/wp-content\/uploads\/2020\/03\/paisaje2-300x228.jpg 300w, https:\/\/www.fundacionnaturgy.org\/wp-content\/uploads\/2020\/03\/paisaje2-768x585.jpg 768w, https:\/\/www.fundacionnaturgy.org\/wp-content\/uploads\/2020\/03\/paisaje2-1024x779.jpg 1024w, https:\/\/www.fundacionnaturgy.org\/wp-content\/uploads\/2020\/03\/paisaje2-184x140.jpg 184w\" sizes=\"(max-width: 1080px) 100vw, 1080px\" \/><figcaption class=\"link bottom\" style=\"background: rgba(255,255,255,0.9);\"><h4 class=\"left\">The Circular Challenge. Innovaci\u00f3 per a una energia renovable i circular<\/h4><\/figcaption><\/figure><\/a><div class=\"gnf-destacado-img__texto small-only-text-center\">Aquesta experi\u00e8ncia participativa permet descobrir com el <strong>gas renovable \u00e9s una energia clau per frenar el canvi clim\u00e0tic <\/strong>i afavorir l\u2019economia circular. Es pot desenvolupar en<strong> diferents nivells de dificultat <\/strong>i tracta tamb\u00e9 de q\u00fcestions t\u00e8cniques. L\u2019experi\u00e8ncia planteja el treball en valors, el desenvolupament del sentit cr\u00edtic, el civisme i el comprom\u00eds social.<\/p>\n<p><strong>A partir dels 14\u00a0anys. <\/strong><\/div><\/div>[\/vc_column_inner][\/vc_row_inner][vc_empty_space][vc_row_inner][vc_column_inner width=&#8221;1\/2&#8243;]<div class=\"gnf-destacado-img\"><a href=\"https:\/\/www.fundacionnaturgy.org\/ca\/educacio-divulgacio\/efigy-education\/efigy-education-digital\/aplicacions-online-sobre-energia\/estalvia-energia-a-casa\/\" title=\"\" target=\"_self\"><figure class=\"gnf-destacado-img__imagen\"><img width=\"1080\" height=\"822\" src=\"https:\/\/www.fundacionnaturgy.org\/wp-content\/uploads\/2020\/03\/ahorro2.jpg\" class=\"attachment-full size-full\" alt=\"\" loading=\"lazy\" srcset=\"https:\/\/www.fundacionnaturgy.org\/wp-content\/uploads\/2020\/03\/ahorro2.jpg 1080w, https:\/\/www.fundacionnaturgy.org\/wp-content\/uploads\/2020\/03\/ahorro2-300x228.jpg 300w, https:\/\/www.fundacionnaturgy.org\/wp-content\/uploads\/2020\/03\/ahorro2-768x585.jpg 768w, https:\/\/www.fundacionnaturgy.org\/wp-content\/uploads\/2020\/03\/ahorro2-1024x779.jpg 1024w, https:\/\/www.fundacionnaturgy.org\/wp-content\/uploads\/2020\/03\/ahorro2-184x140.jpg 184w\" sizes=\"(max-width: 1080px) 100vw, 1080px\" \/><figcaption class=\"link bottom\" style=\"background: rgba(255,255,255,0.9);\"><h4 class=\"left\">Estalvia energia a casa<\/h4><\/figcaption><\/figure><\/a><div class=\"gnf-destacado-img__texto small-only-text-center\">Joc sobre <strong>estalvi energ\u00e8tic<\/strong> en l\u2019<strong>entorn virtual d\u2019una casa<\/strong>. Permet desenvolupar diverses missions d\u2019estalvi energ\u00e8tic a cada estan\u00e7a (accions, bones pr\u00e0ctiques i h\u00e0bits de consum sostenible) i <strong>descobrir la repercussi\u00f3 de l\u2019energia en la despesa familiar<\/strong> i el seu impacte ambiental. Consolida valors de conservaci\u00f3 del medi ambient i d\u2019estalvi d\u2019energia, utilitzant la indagaci\u00f3 com a estrat\u00e8gia d\u2019aprenentatge.<\/p>\n<p><strong>A partir dels 14 anys. <\/strong><\/div><\/div>[\/vc_column_inner][vc_column_inner width=&#8221;1\/2&#8243;]<div class=\"gnf-destacado-img\"><a href=\"https:\/\/www.fundacionnaturgy.org\/ca\/educacio-divulgacio\/efigy-education\/efigy-education-digital\/aplicacions-online-sobre-energia\/converteix-te-en-gestor-energetic\/\" title=\"\" target=\"_self\"><figure class=\"gnf-destacado-img__imagen\"><img width=\"1080\" height=\"822\" src=\"https:\/\/www.fundacionnaturgy.org\/wp-content\/uploads\/2020\/03\/energia-solar.jpg\" class=\"attachment-full size-full\" alt=\"\" loading=\"lazy\" srcset=\"https:\/\/www.fundacionnaturgy.org\/wp-content\/uploads\/2020\/03\/energia-solar.jpg 1080w, https:\/\/www.fundacionnaturgy.org\/wp-content\/uploads\/2020\/03\/energia-solar-300x228.jpg 300w, https:\/\/www.fundacionnaturgy.org\/wp-content\/uploads\/2020\/03\/energia-solar-768x585.jpg 768w, https:\/\/www.fundacionnaturgy.org\/wp-content\/uploads\/2020\/03\/energia-solar-1024x779.jpg 1024w, https:\/\/www.fundacionnaturgy.org\/wp-content\/uploads\/2020\/03\/energia-solar-184x140.jpg 184w\" sizes=\"(max-width: 1080px) 100vw, 1080px\" \/><figcaption class=\"link bottom\" style=\"background: rgba(255,255,255,0.9);\"><h4 class=\"left\">Converteix-te en gestor energ\u00e8tic!<\/h4><\/figcaption><\/figure><\/a><div class=\"gnf-destacado-img__texto small-only-text-center\">Joc interactiu que permet con\u00e8ixer de prop <strong>la producci\u00f3 i el consum energ\u00e8tic<\/strong>, descobrint que no totes les fonts d\u2019energia produeixen el mateix ni tenen el mateix impacte. Consisteix a <strong>crear un paisatge amb diferents elements relacionats amb l\u2019energia<\/strong>. En acabar, s\u2019obt\u00e9 una valoraci\u00f3 de la producci\u00f3 energ\u00e8tica del paisatge, a m\u00e9s d\u2019altres valors com els costos, les emissions i l\u2019impacte ambiental.<\/p>\n<p><strong>A partir dels 9 anys. <\/strong><\/div><\/div>[\/vc_column_inner][\/vc_row_inner][vc_empty_space][vc_row_inner][vc_column_inner width=&#8221;1\/2&#8243;]<div class=\"gnf-destacado-img\"><a href=\"https:\/\/www.fundacionnaturgy.org\/ca\/educacio-divulgacio\/efigy-education\/efigy-education-digital\/aplicacions-online-sobre-energia\/efigy-llar\/\" title=\"\" target=\"_self\"><figure class=\"gnf-destacado-img__imagen\"><img width=\"1080\" height=\"822\" src=\"https:\/\/www.fundacionnaturgy.org\/wp-content\/uploads\/2020\/03\/luz2.jpg\" class=\"attachment-full size-full\" alt=\"\" loading=\"lazy\" srcset=\"https:\/\/www.fundacionnaturgy.org\/wp-content\/uploads\/2020\/03\/luz2.jpg 1080w, https:\/\/www.fundacionnaturgy.org\/wp-content\/uploads\/2020\/03\/luz2-300x228.jpg 300w, https:\/\/www.fundacionnaturgy.org\/wp-content\/uploads\/2020\/03\/luz2-768x585.jpg 768w, https:\/\/www.fundacionnaturgy.org\/wp-content\/uploads\/2020\/03\/luz2-1024x779.jpg 1024w, https:\/\/www.fundacionnaturgy.org\/wp-content\/uploads\/2020\/03\/luz2-184x140.jpg 184w\" sizes=\"(max-width: 1080px) 100vw, 1080px\" \/><figcaption class=\"link bottom\" style=\"background: rgba(255,255,255,0.9);\"><h4 class=\"left\">Efigy llar<\/h4><\/figcaption><\/figure><\/a><div class=\"gnf-destacado-img__texto small-only-text-center\">T\u2019has demanat mai quins electrodom\u00e8stics o serveis de la casa produeixen un consum m\u00e9s alt per unitat de temps? I quins s\u2019utilitzen amb m\u00e9s freq\u00fc\u00e8ncia? Quins electrodom\u00e8stics o serveis de la casa tenen m\u00e9s potencial per augmentar l\u2019efici\u00e8ncia energ\u00e8tica? El joc permet <strong>equipar una casa amb diferents electrodom\u00e8stics i serveis i definir-ne la freq\u00fc\u00e8ncia d\u2019\u00fas<\/strong>. En acabar, la valoraci\u00f3 ens transmetr\u00e0 el <strong>consum energ\u00e8tic mensual<\/strong>.<\/p>\n<p><strong>A partir dels 9 anys. <\/strong><\/div><\/div>[\/vc_column_inner][\/vc_row_inner][\/vc_column][\/vc_row][vc_row][vc_column][vc_empty_space][\/vc_column][\/vc_row][vc_row][vc_column][vc_column_text]<strong><em>Aplicacions disponibles\u00a0per a\u00a0Mozilla\u00a0Firefox\u00a0i Google\u00a0Chrome.\u00a0<\/em><\/strong>[\/vc_column_text][\/vc_column][\/vc_row]<\/p>\n","protected":false},"excerpt":{"rendered":"<p>[vc_row][vc_column][vc_empty_space][\/vc_column][\/vc_row][vc_row][vc_column][vc_row_inner][vc_column_inner width=&#8221;1\/2&#8243;][\/vc_column_inner][vc_column_inner width=&#8221;1\/2&#8243;][\/vc_column_inner][\/vc_row_inner][vc_empty_space][vc_row_inner][vc_column_inner width=&#8221;1\/2&#8243;][\/vc_column_inner][vc_column_inner width=&#8221;1\/2&#8243;][\/vc_column_inner][\/vc_row_inner][vc_empty_space][vc_row_inner][vc_column_inner width=&#8221;1\/2&#8243;][\/vc_column_inner][\/vc_row_inner][\/vc_column][\/vc_row][vc_row][vc_column][vc_empty_space][\/vc_column][\/vc_row][vc_row][vc_column][vc_column_text]Aplicacions disponibles\u00a0per a\u00a0Mozilla\u00a0Firefox\u00a0i Google\u00a0Chrome.\u00a0[\/vc_column_text][\/vc_column][\/vc_row]<\/p>\n","protected":false},"author":1454,"featured_media":0,"parent":71070,"menu_order":0,"comment_status":"closed","ping_status":"closed","template":"templates\/full-width.php","meta":{"inline_featured_image":false},"categories":[],"acf":[],"_links":{"self":[{"href":"https:\/\/www.fundacionnaturgy.org\/ca\/wp-json\/wp\/v2\/pages\/71068"}],"collection":[{"href":"https:\/\/www.fundacionnaturgy.org\/ca\/wp-json\/wp\/v2\/pages"}],"about":[{"href":"https:\/\/www.fundacionnaturgy.org\/ca\/wp-json\/wp\/v2\/types\/page"}],"author":[{"embeddable":true,"href":"https:\/\/www.fundacionnaturgy.org\/ca\/wp-json\/wp\/v2\/users\/1454"}],"replies":[{"embeddable":true,"href":"https:\/\/www.fundacionnaturgy.org\/ca\/wp-json\/wp\/v2\/comments?post=71068"}],"version-history":[{"count":1,"href":"https:\/\/www.fundacionnaturgy.org\/ca\/wp-json\/wp\/v2\/pages\/71068\/revisions"}],"predecessor-version":[{"id":90744,"href":"https:\/\/www.fundacionnaturgy.org\/ca\/wp-json\/wp\/v2\/pages\/71068\/revisions\/90744"}],"up":[{"embeddable":true,"href":"https:\/\/www.fundacionnaturgy.org\/ca\/wp-json\/wp\/v2\/pages\/71070"}],"wp:attachment":[{"href":"https:\/\/www.fundacionnaturgy.org\/ca\/wp-json\/wp\/v2\/media?parent=71068"}],"wp:term":[{"taxonomy":"category","embeddable":true,"href":"https:\/\/www.fundacionnaturgy.org\/ca\/wp-json\/wp\/v2\/categories?post=71068"}],"curies":[{"name":"wp","href":"https:\/\/api.w.org\/{rel}","templated":true}]}}