{"id":71069,"date":"2020-03-24T12:10:48","date_gmt":"2020-03-24T11:10:48","guid":{"rendered":"https:\/\/www.fundacionnaturgy.org\/recursos-descarregables\/"},"modified":"2021-01-18T13:17:14","modified_gmt":"2021-01-18T12:17:14","slug":"recursos-descarregables","status":"publish","type":"page","link":"https:\/\/www.fundacionnaturgy.org\/ca\/educacio-divulgacio\/efigy-education\/efigy-education-digital\/recursos-descarregables\/","title":{"rendered":"Recursos descarregables"},"content":{"rendered":"<p>[vc_row][vc_column]<div class=\"gnf-texto-destacado\" style=\"background-color:#edf0f1;border-color:#004165;\"><h4 style=\"color:#004165\">Endinsa\u2019t en un m\u00f3n ple d\u2019energia<\/h4>Recursos\u00a0disponibles\u00a0en\u00a0l\u00ednia\u00a0per\u00a0<strong>utilitzar-los de manera\u00a0aut\u00f2noma\u00a0<\/strong>des de\u00a0casa. Activitats recomanades<strong>\u00a0a\u00a0partir\u00a0dels 4\u00a0anys<\/strong>.<\/div>[vc_empty_space][\/vc_column][\/vc_row][vc_row][vc_column][vc_row_inner][vc_column_inner width=&#8221;1\/2&#8243;]<div class=\"gnf-destacado-img\"><a href=\"#pelis-con-energia\" title=\"\" target=\"_self\"><figure class=\"gnf-destacado-img__imagen\"><img width=\"1080\" height=\"822\" src=\"https:\/\/www.fundacionnaturgy.org\/wp-content\/uploads\/2020\/03\/cine.jpg\" class=\"attachment-full size-full\" alt=\"\" loading=\"lazy\" srcset=\"https:\/\/www.fundacionnaturgy.org\/wp-content\/uploads\/2020\/03\/cine.jpg 1080w, https:\/\/www.fundacionnaturgy.org\/wp-content\/uploads\/2020\/03\/cine-300x228.jpg 300w, https:\/\/www.fundacionnaturgy.org\/wp-content\/uploads\/2020\/03\/cine-768x585.jpg 768w, https:\/\/www.fundacionnaturgy.org\/wp-content\/uploads\/2020\/03\/cine-1024x779.jpg 1024w, https:\/\/www.fundacionnaturgy.org\/wp-content\/uploads\/2020\/03\/cine-184x140.jpg 184w\" sizes=\"(max-width: 1080px) 100vw, 1080px\" \/><figcaption class=\"link bottom\" style=\"background: rgba(255,255,255,0.9);\"><h4 class=\"left\">Pel\u00b7lis amb energia<\/h4><\/figcaption><\/figure><\/a><div class=\"gnf-destacado-img__texto small-only-text-center\"><\/div><\/div>[\/vc_column_inner][vc_column_inner width=&#8221;1\/2&#8243;]<div class=\"gnf-destacado-img\"><a href=\"#aventuras-tecnologicas-en-familia\" title=\"\" target=\"_self\"><figure class=\"gnf-destacado-img__imagen\"><img width=\"1080\" height=\"822\" src=\"https:\/\/www.fundacionnaturgy.org\/wp-content\/uploads\/2020\/03\/experimentos-familia.jpg\" class=\"attachment-full size-full\" alt=\"\" loading=\"lazy\" srcset=\"https:\/\/www.fundacionnaturgy.org\/wp-content\/uploads\/2020\/03\/experimentos-familia.jpg 1080w, https:\/\/www.fundacionnaturgy.org\/wp-content\/uploads\/2020\/03\/experimentos-familia-300x228.jpg 300w, https:\/\/www.fundacionnaturgy.org\/wp-content\/uploads\/2020\/03\/experimentos-familia-768x585.jpg 768w, https:\/\/www.fundacionnaturgy.org\/wp-content\/uploads\/2020\/03\/experimentos-familia-1024x779.jpg 1024w, https:\/\/www.fundacionnaturgy.org\/wp-content\/uploads\/2020\/03\/experimentos-familia-184x140.jpg 184w\" sizes=\"(max-width: 1080px) 100vw, 1080px\" \/><figcaption class=\"link bottom\" style=\"background: rgba(255,255,255,0.9);\"><h4 class=\"left\">Aventures tecnol\u00f2giques en fam\u00edlia<\/h4><\/figcaption><\/figure><\/a><div class=\"gnf-destacado-img__texto small-only-text-center\"><\/div><\/div>[\/vc_column_inner][\/vc_row_inner][\/vc_column][\/vc_row][vc_row][vc_column][vc_empty_space height=&#8221;48px&#8221;][\/vc_column][\/vc_row][vc_row][vc_column][vc_text_separator title=&#8221;Pel\u00b7lis amb energia&#8221; title_align=&#8221;separator_align_left&#8221; border_width=&#8221;2&#8243; el_id=&#8221;pelis-con-energia&#8221;][vc_empty_space][vc_tta_tabs][vc_tta_section title=&#8221;Cinema familiar&#8221; tab_id=&#8221;1585300396440-e31403de-9c12&#8243;][vc_empty_space][vc_empty_space][vc_column_text]T\u2019oferim un cicle de\u00a0<strong>cinema familiar perqu\u00e8 vegis pel\u00b7l\u00edcules d\u2019animaci\u00f3 molt conegudes<\/strong>, amb una nova perspectiva, que t\u2019ajudar\u00e0 a prendre consci\u00e8ncia sobre<strong>\u00a0reptes energ\u00e8tics actuals<\/strong>. Despr\u00e9s de la projecci\u00f3 dels llargmetratges, disposar\u00e0s d\u2019una proposta d\u2019activitats per fer a casa.[\/vc_column_text][vc_row_inner][vc_column_inner width=&#8221;1\/3&#8243;][vc_custom_heading text=&#8221;Charlie i la f\u00e0brica de xocolata&#8221; font_container=&#8221;tag:h3|font_size:20|text_align:left&#8221; use_theme_fonts=&#8221;yes&#8221;][vc_empty_space height=&#8221;12px&#8221;][vc_single_image image=&#8221;70735&#8243; img_size=&#8221;full&#8221; onclick=&#8221;custom_link&#8221; img_link_target=&#8221;_blank&#8221; link=&#8221;https:\/\/www.fundacionnaturgy.org\/wp-content\/uploads\/2020\/03\/charly-y-la-fabrica-de-chocolate-1.pdf&#8221;]<a class=\"gnf-boton oscuro left\" href=\"https:\/\/www.fundacionnaturgy.org\/wp-content\/uploads\/2020\/03\/charly-y-la-fabrica-de-chocolate-1.pdf\" title=\"\" target=\"_blank\">Veure fitxa<\/a>[\/vc_column_inner][vc_column_inner width=&#8221;1\/3&#8243;][vc_custom_heading text=&#8221;WALL\u00b7E&#8221; font_container=&#8221;tag:h3|font_size:20|text_align:left&#8221; use_theme_fonts=&#8221;yes&#8221;][vc_empty_space height=&#8221;12px&#8221;][vc_single_image image=&#8221;70741&#8243; img_size=&#8221;full&#8221; onclick=&#8221;custom_link&#8221; img_link_target=&#8221;_blank&#8221; link=&#8221;https:\/\/www.fundacionnaturgy.org\/wp-content\/uploads\/2020\/03\/wall-e-1.pdf&#8221;]<a class=\"gnf-boton oscuro left\" href=\"https:\/\/www.fundacionnaturgy.org\/wp-content\/uploads\/2020\/03\/wall-e-1.pdf\" title=\"\" target=\"_blank\">Veure fitxa<\/a>[\/vc_column_inner][vc_column_inner width=&#8221;1\/3&#8243;][vc_custom_heading text=&#8221;Igor&#8221; font_container=&#8221;tag:h3|font_size:20|text_align:left&#8221; use_theme_fonts=&#8221;yes&#8221;][vc_empty_space height=&#8221;12px&#8221;][vc_single_image image=&#8221;70738&#8243; img_size=&#8221;full&#8221; onclick=&#8221;custom_link&#8221; img_link_target=&#8221;_blank&#8221; link=&#8221;https:\/\/www.fundacionnaturgy.org\/wp-content\/uploads\/2020\/03\/igor.pdf&#8221;]<a class=\"gnf-boton oscuro left\" href=\"https:\/\/www.fundacionnaturgy.org\/wp-content\/uploads\/2020\/03\/igor.pdf\" title=\"\" target=\"_blank\">Veure fitxa<\/a>[\/vc_column_inner][\/vc_row_inner][vc_empty_space][vc_row_inner][vc_column_inner width=&#8221;1\/3&#8243;][vc_custom_heading text=&#8221;Pluja de mandonguilles&#8221; font_container=&#8221;tag:h3|font_size:20|text_align:left&#8221; use_theme_fonts=&#8221;yes&#8221;][vc_empty_space height=&#8221;12px&#8221;][vc_single_image image=&#8221;70924&#8243; img_size=&#8221;full&#8221; onclick=&#8221;custom_link&#8221; img_link_target=&#8221;_blank&#8221; link=&#8221;https:\/\/www.fundacionnaturgy.org\/wp-content\/uploads\/2020\/04\/lluvia-de-albondigas-1.pdf&#8221;]<a class=\"gnf-boton oscuro left\" href=\"https:\/\/www.fundacionnaturgy.org\/wp-content\/uploads\/2020\/04\/lluvia-de-albondigas-1.pdf\" title=\"\" target=\"_blank\">Veure fitxa<\/a>[\/vc_column_inner][vc_column_inner width=&#8221;1\/3&#8243;][vc_custom_heading text=&#8221;Space Chimps&#8221; font_container=&#8221;tag:h3|font_size:20|text_align:left&#8221; use_theme_fonts=&#8221;yes&#8221;][vc_empty_space height=&#8221;12px&#8221;][vc_single_image image=&#8221;71004&#8243; img_size=&#8221;full&#8221; onclick=&#8221;custom_link&#8221; img_link_target=&#8221;_blank&#8221; link=&#8221;https:\/\/www.fundacionnaturgy.org\/wp-content\/uploads\/2020\/04\/space-chimp.pdf&#8221;]<a class=\"gnf-boton oscuro left\" href=\"https:\/\/www.fundacionnaturgy.org\/wp-content\/uploads\/2020\/04\/space-chimp.pdf\" title=\"\" target=\"_blank\">Veure fitxa<\/a>[\/vc_column_inner][vc_column_inner width=&#8221;1\/3&#8243;][vc_custom_heading text=&#8221;Atrapa la bandera&#8221; font_container=&#8221;tag:h3|font_size:20|text_align:left&#8221; use_theme_fonts=&#8221;yes&#8221;][vc_empty_space height=&#8221;12px&#8221;][vc_single_image image=&#8221;71023&#8243; img_size=&#8221;full&#8221; onclick=&#8221;custom_link&#8221; img_link_target=&#8221;_blank&#8221; link=&#8221;https:\/\/www.fundacionnaturgy.org\/wp-content\/uploads\/2020\/04\/atrapa-la-bandera.pdf&#8221;]<a class=\"gnf-boton oscuro left\" href=\"https:\/\/www.fundacionnaturgy.org\/wp-content\/uploads\/2020\/04\/atrapa-la-bandera.pdf\" title=\"\" target=\"_blank\">Veure fitxa<\/a>[\/vc_column_inner][\/vc_row_inner][vc_empty_space height=&#8221;12px&#8221;][vc_row_inner][vc_column_inner width=&#8221;1\/3&#8243;][vc_custom_heading text=&#8221;Jimmy Neutr\u00f3n&#8221; font_container=&#8221;tag:h3|font_size:20|text_align:left&#8221; use_theme_fonts=&#8221;yes&#8221;][vc_empty_space height=&#8221;12px&#8221;][vc_single_image image=&#8221;75440&#8243; img_size=&#8221;full&#8221;]<a class=\"gnf-boton oscuro left\" href=\"https:\/\/www.fundacionnaturgy.org\/wp-content\/uploads\/2020\/03\/pelis-en-familia-jimmy-neutron-fntgy.pdf\" title=\"\" target=\"_self\">Veure fitxa<\/a>[\/vc_column_inner][vc_column_inner width=&#8221;1\/3&#8243;][vc_custom_heading text=&#8221;R\u00edo&#8221; font_container=&#8221;tag:h3|font_size:20|text_align:left&#8221; use_theme_fonts=&#8221;yes&#8221;][vc_empty_space height=&#8221;12px&#8221;][vc_single_image image=&#8221;71541&#8243; img_size=&#8221;full&#8221; onclick=&#8221;custom_link&#8221; img_link_target=&#8221;_blank&#8221; link=&#8221;https:\/\/www.fundacionnaturgy.org\/wp-content\/uploads\/2020\/04\/pelis-con-energia-rio.pdf&#8221;]<a class=\"gnf-boton oscuro left\" href=\"https:\/\/www.fundacionnaturgy.org\/wp-content\/uploads\/2020\/04\/pelis-con-energia-rio.pdf\" title=\"\" target=\"_blank\">Veure fitxa<\/a>[\/vc_column_inner][vc_column_inner width=&#8221;1\/3&#8243;][vc_custom_heading text=&#8221;Ice Age&#8221; font_container=&#8221;tag:h3|font_size:20|text_align:left&#8221; use_theme_fonts=&#8221;yes&#8221;][vc_empty_space height=&#8221;12px&#8221;][vc_single_image image=&#8221;72073&#8243; img_size=&#8221;full&#8221; onclick=&#8221;custom_link&#8221; img_link_target=&#8221;_blank&#8221; link=&#8221;https:\/\/www.fundacionnaturgy.org\/wp-content\/uploads\/2020\/05\/ice-age-v2.pdf&#8221;]<a class=\"gnf-boton oscuro left\" href=\"https:\/\/www.fundacionnaturgy.org\/wp-content\/uploads\/2020\/05\/ice-age-v2.pdf\" title=\"\" target=\"_blank\">Veure fitxa<\/a>[\/vc_column_inner][\/vc_row_inner][\/vc_tta_section][vc_tta_section title=&#8221;Cinerg\u00eda&#8221; tab_id=&#8221;1585300396482-e8d63a79-4ec0&#8243;][vc_empty_space][vc_column_text]Us oferim el cicle de curts\u00a0que van formar\u00a0part\u00a0del\u00a0projecte\u00a0Cinerg\u00eda, una\u00a0iniciativa de Naturgy que\u00a0reuneix els\u00a0<strong>millors directors i actors del\u00a0cinema\u00a0espanyol\u00a0per\u00a0conscienciar sobre\u00a0un \u00fas\u00a0responsable\u00a0i eficient de l\u2019energia<\/strong>. Es tracta de peces\u00a0cinematogr\u00e0fiques\u00a0que\u00a0reflecteixen\u00a0la import\u00e0ncia de l\u2019estalvi energ\u00e8tic.[\/vc_column_text][vc_row_inner][vc_column_inner width=&#8221;1\/2&#8243;][vc_video link=&#8221;https:\/\/www.youtube.com\/playlist?list=PLyFRYZkcUkEhBzoZrsAon4PEEx5U-Ku8z&#8221;][\/vc_column_inner][vc_column_inner width=&#8221;1\/2&#8243;][vc_video link=&#8221;https:\/\/youtu.be\/rGdGzHfz1Vs&#8221;][\/vc_column_inner][\/vc_row_inner][vc_row_inner][vc_column_inner width=&#8221;1\/2&#8243;][vc_video link=&#8221;https:\/\/youtu.be\/J4I_mwmWWzU&#8221;][\/vc_column_inner][vc_column_inner width=&#8221;1\/2&#8243;][vc_video link=&#8221;https:\/\/youtu.be\/CIXJ3WuxLDU&#8221;][\/vc_column_inner][\/vc_row_inner][vc_row_inner][vc_column_inner width=&#8221;1\/2&#8243;][vc_video link=&#8221;https:\/\/youtu.be\/keI_do-3jJE&#8221;][\/vc_column_inner][vc_column_inner width=&#8221;1\/2&#8243;][vc_video link=&#8221;https:\/\/youtu.be\/c-BDRTSEJ_U&#8221;][\/vc_column_inner][\/vc_row_inner][vc_row_inner][vc_column_inner width=&#8221;1\/2&#8243;][vc_video link=&#8221;https:\/\/youtu.be\/LVI8Tjx4gHw&#8221;][\/vc_column_inner][vc_column_inner width=&#8221;1\/2&#8243;][vc_video link=&#8221;https:\/\/youtu.be\/LkkudwJUd7E&#8221;][\/vc_column_inner][\/vc_row_inner][vc_row_inner][vc_column_inner width=&#8221;1\/2&#8243;][vc_video link=&#8221;https:\/\/youtu.be\/8QJLx9oAuMc&#8221;][\/vc_column_inner][vc_column_inner width=&#8221;1\/2&#8243;][vc_video link=&#8221;https:\/\/youtu.be\/86ZAMN4bpvw&#8221;][\/vc_column_inner][\/vc_row_inner][vc_row_inner][vc_column_inner width=&#8221;1\/2&#8243;][vc_video link=&#8221;https:\/\/youtu.be\/uSpUKFvw3ew&#8221;][vc_empty_space][\/vc_column_inner][vc_column_inner width=&#8221;1\/2&#8243;][\/vc_column_inner][\/vc_row_inner][vc_empty_space][\/vc_tta_section][\/vc_tta_tabs][\/vc_column][\/vc_row][vc_row][vc_column][vc_empty_space height=&#8221;48px&#8221;][\/vc_column][\/vc_row][vc_row][vc_column][vc_text_separator title=&#8221;Aventures tecnol\u00f2giques en fam\u00edlia&#8221; title_align=&#8221;separator_align_left&#8221; border_width=&#8221;2&#8243; el_id=&#8221;aventuras-tecnologicas-en-familia&#8221;][vc_column_text]Voleu viure la ci\u00e8ncia i la tecnologia en fam\u00edlia? Us oferim\u00a0<strong>propostes per fer a casa<\/strong>\u00a0que us permetran descobrir els<strong>\u00a0secrets de l\u2019energia, l\u2019efici\u00e8ncia energ\u00e8tica i els avantatges de la innovaci\u00f3 tecnol\u00f2gica<\/strong>.[\/vc_column_text][vc_tta_tabs][vc_tta_section title=&#8221;Fitxes did\u00e0ctiques&#8221; tab_id=&#8221;1585302671674-9ea015dd-f29b&#8221;][vc_row_inner][vc_column_inner width=&#8221;1\/3&#8243;][vc_empty_space height=&#8221;40px&#8221;][vc_custom_heading text=&#8221;Constru\u00efm un forn solar&#8221; font_container=&#8221;tag:h3|font_size:20|text_align:left|color:%23004571&#8243; use_theme_fonts=&#8221;yes&#8221;][vc_empty_space height=&#8221;10px&#8221;][vc_single_image image=&#8221;76148&#8243; img_size=&#8221;full&#8221; onclick=&#8221;custom_link&#8221; img_link_target=&#8221;_blank&#8221; link=&#8221;https:\/\/www.fundacionnaturgy.org\/wp-content\/uploads\/2020\/03\/fichas-didaticas_renovables_01.pdf&#8221;][vc_column_text]<strong>Recurs did\u00e0ctic per a nens de 6 a 10 anys.\u00a0<\/strong>[\/vc_column_text]<a class=\"gnf-boton oscuro left\" href=\"https:\/\/www.fundacionnaturgy.org\/wp-content\/uploads\/2020\/03\/experimento-fntgy-horno-solar.pdf\" title=\"\" target=\"_blank\">Veure fitxa<\/a>[\/vc_column_inner][vc_column_inner width=&#8221;1\/3&#8243;][vc_empty_space height=&#8221;40px&#8221;][vc_empty_space height=&#8221;40px&#8221;][vc_custom_heading text=&#8221;Aliments el\u00e8ctrics&#8221; font_container=&#8221;tag:h3|font_size:20|text_align:left|color:%23004571&#8243; use_theme_fonts=&#8221;yes&#8221;][vc_empty_space height=&#8221;10px&#8221;][vc_single_image image=&#8221;76142&#8243; img_size=&#8221;full&#8221; onclick=&#8221;custom_link&#8221; img_link_target=&#8221;_blank&#8221; link=&#8221;https:\/\/www.fundacionnaturgy.org\/wp-content\/uploads\/2020\/03\/fichas-didaticas_renovables_01.pdf&#8221;][vc_column_text]<strong>Recurs\u00a0did\u00e0ctic\u00a0per\u00a0a\u00a0nens\u00a0a\u00a0partir\u00a0de 10\u00a0anys.<\/strong>[\/vc_column_text]<a class=\"gnf-boton oscuro left\" href=\"https:\/\/www.fundacionnaturgy.org\/wp-content\/uploads\/2020\/03\/experimento-fntgy-alimentos-electricos.pdf\" title=\"\" target=\"_blank\">Veure fitxa<\/a>[\/vc_column_inner][vc_column_inner width=&#8221;1\/3&#8243;][vc_empty_space height=&#8221;40px&#8221;][vc_custom_heading text=&#8221;Podem moure un cotxe amb un globus?&#8221; font_container=&#8221;tag:h3|font_size:20|text_align:left|color:%23004571&#8243; use_theme_fonts=&#8221;yes&#8221;][vc_empty_space height=&#8221;14px&#8221;][vc_single_image image=&#8221;76154&#8243; img_size=&#8221;full&#8221; onclick=&#8221;custom_link&#8221; img_link_target=&#8221;_blank&#8221; link=&#8221;https:\/\/www.fundacionnaturgy.org\/wp-content\/uploads\/2020\/03\/fichas-didactcias_revolucion_energetica_02.pdf&#8221;][vc_column_text]<strong>Recurs\u00a0did\u00e0ctic\u00a0per a\u00a0nens\u00a0a partir de 3 anys.<\/strong>[\/vc_column_text]<a class=\"gnf-boton oscuro left\" href=\"https:\/\/www.fundacionnaturgy.org\/wp-content\/uploads\/2020\/03\/experimento-fntgy-mover-coche-globo.pdf\" title=\"\" target=\"_blank\">Veure fitxa<\/a>[\/vc_column_inner][\/vc_row_inner][vc_row_inner][vc_column_inner width=&#8221;1\/3&#8243;][vc_empty_space height=&#8221;40px&#8221;][vc_custom_heading text=&#8221;Les energies renovables I&#8221; font_container=&#8221;tag:h3|font_size:20|text_align:left|color:%23004571&#8243; use_theme_fonts=&#8221;yes&#8221;][vc_empty_space height=&#8221;12px&#8221;][vc_single_image image=&#8221;70827&#8243; img_size=&#8221;full&#8221; onclick=&#8221;custom_link&#8221; img_link_target=&#8221;_blank&#8221; link=&#8221;https:\/\/www.fundacionnaturgy.org\/wp-content\/uploads\/2020\/03\/fichas-didaticas_renovables_01.pdf&#8221;][vc_column_text]<strong>Recurs did\u00e0ctic per a nens de 6 a 10 anys.\u00a0<\/strong>[\/vc_column_text]<a class=\"gnf-boton oscuro left\" href=\"https:\/\/www.fundacionnaturgy.org\/wp-content\/uploads\/2020\/03\/fichas-didaticas_renovables_01.pdf\" title=\"\" target=\"_blank\">Veure fitxa<\/a>[\/vc_column_inner][vc_column_inner width=&#8221;1\/3&#8243;][vc_empty_space height=&#8221;40px&#8221;][vc_custom_heading text=&#8221;Les energies renovables II&#8221; font_container=&#8221;tag:h3|font_size:20|text_align:left|color:%23004571&#8243; use_theme_fonts=&#8221;yes&#8221;][vc_empty_space height=&#8221;12px&#8221;][vc_single_image image=&#8221;70830&#8243; img_size=&#8221;full&#8221; onclick=&#8221;custom_link&#8221; img_link_target=&#8221;_blank&#8221; link=&#8221;https:\/\/www.fundacionnaturgy.org\/wp-content\/uploads\/2020\/03\/fichas-didacticas_renovables_02.pdf&#8221;][vc_column_text]<strong>Recurs did\u00e0ctic para\u00a0nens\u00a0de m\u00e9s de 10\u00a0anys.\u00a0<\/strong>[\/vc_column_text]<a class=\"gnf-boton oscuro left\" href=\"https:\/\/www.fundacionnaturgy.org\/wp-content\/uploads\/2020\/03\/fichas-didacticas_renovables_02.pdf\" title=\"\" target=\"_blank\">Veure fitxa<\/a>[\/vc_column_inner][vc_column_inner width=&#8221;1\/3&#8243;][vc_empty_space height=&#8221;40px&#8221;][vc_custom_heading text=&#8221;La revoluci\u00f3 energ\u00e8tica I&#8221; font_container=&#8221;tag:h3|font_size:20|text_align:left|color:%23004571&#8243; use_theme_fonts=&#8221;yes&#8221;][vc_empty_space height=&#8221;12px&#8221;][vc_single_image image=&#8221;70833&#8243; img_size=&#8221;full&#8221; onclick=&#8221;custom_link&#8221; img_link_target=&#8221;_blank&#8221; link=&#8221;https:\/\/www.fundacionnaturgy.org\/wp-content\/uploads\/2020\/03\/fichas-didacticas_revolucion_energetica_01.pdf&#8221;][vc_column_text]<strong>Recurs did\u00e0ctic per a nens de 6 a 10 anys.\u00a0<\/strong>[\/vc_column_text]<a class=\"gnf-boton oscuro left\" href=\"https:\/\/www.fundacionnaturgy.org\/wp-content\/uploads\/2020\/03\/fichas-didacticas_revolucion_energetica_01.pdf\" title=\"\" target=\"_blank\">Veure fitxa<\/a>[\/vc_column_inner][\/vc_row_inner][vc_row_inner][vc_column_inner width=&#8221;1\/3&#8243;][vc_empty_space height=&#8221;40px&#8221;][vc_custom_heading text=&#8221;La revoluci\u00f3 energ\u00e8tica II&#8221; font_container=&#8221;tag:h3|font_size:20|text_align:left|color:%23004571&#8243; use_theme_fonts=&#8221;yes&#8221;][vc_empty_space height=&#8221;12px&#8221;][vc_single_image image=&#8221;70836&#8243; img_size=&#8221;full&#8221; onclick=&#8221;custom_link&#8221; img_link_target=&#8221;_blank&#8221; link=&#8221;https:\/\/www.fundacionnaturgy.org\/wp-content\/uploads\/2020\/03\/fichas-didactcias_revolucion_energetica_02.pdf&#8221;][vc_column_text]<strong>Recurs did\u00e0ctic per a nens de 6 a 10 anys.\u00a0<\/strong>[\/vc_column_text]<a class=\"gnf-boton oscuro left\" href=\"https:\/\/www.fundacionnaturgy.org\/wp-content\/uploads\/2020\/03\/fichas-didactcias_revolucion_energetica_02.pdf\" title=\"\" target=\"_blank\">Veure fitxa<\/a>[\/vc_column_inner][\/vc_row_inner][vc_empty_space][\/vc_tta_section][vc_tta_section title=&#8221;Experimenta pas a pas&#8221; tab_id=&#8221;1585302671718-a2e08996-7f8f&#8221;][vc_row_inner][vc_column_inner width=&#8221;1\/3&#8243;][vc_empty_space height=&#8221;40px&#8221;][vc_custom_heading text=&#8221;M\u00e0gia o ci\u00e8ncia? Quan l\u2019aigua no cau&#8221; font_container=&#8221;tag:h3|font_size:20|text_align:left|color:%23004571&#8243; use_theme_fonts=&#8221;yes&#8221;][vc_empty_space height=&#8221;12px&#8221;][vc_single_image image=&#8221;70804&#8243; img_size=&#8221;full&#8221; onclick=&#8221;custom_link&#8221; img_link_target=&#8221;_blank&#8221; link=&#8221;https:\/\/www.fundacionnaturgy.org\/wp-content\/uploads\/2020\/03\/experimenta-magia-ciencia.pdf&#8221;]<a class=\"gnf-boton oscuro left\" href=\"https:\/\/www.fundacionnaturgy.org\/wp-content\/uploads\/2020\/03\/experimenta-magia-ciencia.pdf\" title=\"\" target=\"_blank\">Ver ficha<\/a>[\/vc_column_inner][vc_column_inner width=&#8221;1\/3&#8243;][vc_empty_space height=&#8221;40px&#8221;][vc_custom_heading text=&#8221;Explosi\u00f3 de colors&#8221; font_container=&#8221;tag:h3|font_size:20|text_align:left|color:%23004571&#8243; use_theme_fonts=&#8221;yes&#8221;][vc_empty_space height=&#8221;38px&#8221;][vc_single_image image=&#8221;71019&#8243; img_size=&#8221;full&#8221; onclick=&#8221;custom_link&#8221; img_link_target=&#8221;_blank&#8221; link=&#8221;https:\/\/www.fundacionnaturgy.org\/wp-content\/uploads\/2020\/04\/explosion-de-colores.pdf&#8221;]<a class=\"gnf-boton oscuro left\" href=\"https:\/\/www.fundacionnaturgy.org\/wp-content\/uploads\/2020\/04\/explosion-de-colores.pdf\" title=\"\" target=\"_blank\">Ver ficha<\/a>[\/vc_column_inner][vc_column_inner width=&#8221;1\/3&#8243;][vc_empty_space height=&#8221;40px&#8221;][vc_custom_heading text=&#8221;El cicle de l\u2019aigua&#8221; font_container=&#8221;tag:h3|font_size:20|text_align:left|color:%23004571&#8243; use_theme_fonts=&#8221;yes&#8221;][vc_empty_space height=&#8221;38px&#8221;][vc_single_image image=&#8221;71033&#8243; img_size=&#8221;full&#8221; onclick=&#8221;custom_link&#8221; img_link_target=&#8221;_blank&#8221; link=&#8221;https:\/\/www.fundacionnaturgy.org\/wp-content\/uploads\/2020\/04\/ciclo-del-agua.pdf&#8221;]<a class=\"gnf-boton oscuro left\" href=\"https:\/\/www.fundacionnaturgy.org\/wp-content\/uploads\/2020\/04\/ciclo-del-agua.pdf\" title=\"\" target=\"_blank\">Ver ficha<\/a>[\/vc_column_inner][\/vc_row_inner][vc_empty_space][vc_row_inner][vc_column_inner width=&#8221;1\/3&#8243;][vc_empty_space height=&#8221;40px&#8221;][vc_custom_heading text=&#8221;Fabricant estalactites i estalagmites&#8221; font_container=&#8221;tag:h3|font_size:20|text_align:left|color:%23004571&#8243; use_theme_fonts=&#8221;yes&#8221;][vc_empty_space height=&#8221;12px&#8221;][vc_single_image image=&#8221;71044&#8243; img_size=&#8221;full&#8221; onclick=&#8221;custom_link&#8221; img_link_target=&#8221;_blank&#8221; link=&#8221;https:\/\/www.fundacionnaturgy.org\/wp-content\/uploads\/2020\/04\/estalactictas-estalagmitas.pdf&#8221;]<a class=\"gnf-boton oscuro left\" href=\"https:\/\/www.fundacionnaturgy.org\/wp-content\/uploads\/2020\/04\/estalactictas-estalagmitas.pdf\" title=\"\" target=\"_blank\">Ver ficha<\/a>[\/vc_column_inner][vc_column_inner width=&#8221;1\/3&#8243;][vc_empty_space height=&#8221;40px&#8221;][vc_custom_heading text=&#8221;Jugant a espies&#8221; font_container=&#8221;tag:h3|font_size:20|text_align:left|color:%23004571&#8243; use_theme_fonts=&#8221;yes&#8221;][vc_empty_space height=&#8221;38px&#8221;][vc_single_image image=&#8221;71050&#8243; img_size=&#8221;full&#8221; onclick=&#8221;custom_link&#8221; img_link_target=&#8221;_blank&#8221; link=&#8221;https:\/\/www.fundacionnaturgy.org\/wp-content\/uploads\/2020\/04\/jugamos-a-espias.pdf&#8221;]<a class=\"gnf-boton oscuro left\" href=\"https:\/\/www.fundacionnaturgy.org\/wp-content\/uploads\/2020\/04\/jugamos-a-espias.pdf\" title=\"\" target=\"_blank\">Ver ficha<\/a>[\/vc_column_inner][vc_column_inner width=&#8221;1\/3&#8243;][\/vc_column_inner][\/vc_row_inner][vc_empty_space][\/vc_tta_section][\/vc_tta_tabs][\/vc_column][\/vc_row]<\/p>\n","protected":false},"excerpt":{"rendered":"<p>[vc_row][vc_column][vc_empty_space][\/vc_column][\/vc_row][vc_row][vc_column][vc_row_inner][vc_column_inner width=&#8221;1\/2&#8243;][\/vc_column_inner][vc_column_inner width=&#8221;1\/2&#8243;][\/vc_column_inner][\/vc_row_inner][\/vc_column][\/vc_row][vc_row][vc_column][vc_empty_space height=&#8221;48px&#8221;][\/vc_column][\/vc_row][vc_row][vc_column][vc_text_separator title=&#8221;Pel\u00b7lis amb energia&#8221; title_align=&#8221;separator_align_left&#8221; border_width=&#8221;2&#8243; el_id=&#8221;pelis-con-energia&#8221;][vc_empty_space][vc_tta_tabs][vc_tta_section title=&#8221;Cinema familiar&#8221; tab_id=&#8221;1585300396440-e31403de-9c12&#8243;][vc_empty_space][vc_empty_space][vc_column_text]T\u2019oferim un cicle de\u00a0cinema familiar perqu\u00e8 vegis pel\u00b7l\u00edcules d\u2019animaci\u00f3 molt conegudes, amb una nova perspectiva, que t\u2019ajudar\u00e0 a<span class=\"more-link\"><a href=\"https:\/\/www.fundacionnaturgy.org\/ca\/educacio-divulgacio\/efigy-education\/efigy-education-digital\/recursos-descarregables\/\">Llegir m\u00e9s<\/a><\/span><\/p>\n","protected":false},"author":1454,"featured_media":0,"parent":71070,"menu_order":0,"comment_status":"closed","ping_status":"closed","template":"templates\/full-width.php","meta":{"inline_featured_image":false},"categories":[],"acf":[],"_links":{"self":[{"href":"https:\/\/www.fundacionnaturgy.org\/ca\/wp-json\/wp\/v2\/pages\/71069"}],"collection":[{"href":"https:\/\/www.fundacionnaturgy.org\/ca\/wp-json\/wp\/v2\/pages"}],"about":[{"href":"https:\/\/www.fundacionnaturgy.org\/ca\/wp-json\/wp\/v2\/types\/page"}],"author":[{"embeddable":true,"href":"https:\/\/www.fundacionnaturgy.org\/ca\/wp-json\/wp\/v2\/users\/1454"}],"replies":[{"embeddable":true,"href":"https:\/\/www.fundacionnaturgy.org\/ca\/wp-json\/wp\/v2\/comments?post=71069"}],"version-history":[{"count":0,"href":"https:\/\/www.fundacionnaturgy.org\/ca\/wp-json\/wp\/v2\/pages\/71069\/revisions"}],"up":[{"embeddable":true,"href":"https:\/\/www.fundacionnaturgy.org\/ca\/wp-json\/wp\/v2\/pages\/71070"}],"wp:attachment":[{"href":"https:\/\/www.fundacionnaturgy.org\/ca\/wp-json\/wp\/v2\/media?parent=71069"}],"wp:term":[{"taxonomy":"category","embeddable":true,"href":"https:\/\/www.fundacionnaturgy.org\/ca\/wp-json\/wp\/v2\/categories?post=71069"}],"curies":[{"name":"wp","href":"https:\/\/api.w.org\/{rel}","templated":true}]}}