{"id":71070,"date":"2020-03-23T18:45:41","date_gmt":"2020-03-23T17:45:41","guid":{"rendered":"https:\/\/www.fundacionnaturgy.org\/efigy-education-digital\/"},"modified":"2024-10-11T15:25:58","modified_gmt":"2024-10-11T13:25:58","slug":"efigy-education-digital","status":"publish","type":"page","link":"https:\/\/www.fundacionnaturgy.org\/ca\/educacio-divulgacio\/efigy-education\/efigy-education-digital\/","title":{"rendered":"Efigy Education digital"},"content":{"rendered":"<p>[vc_row][vc_column]<div class=\"gnf-texto-destacado\" style=\"background-color:#edf0f1;border-color:#004165;\"><h4 style=\"color:#004165\">El nostre contingut educatiu m\u00e9s digital<\/h4>T\u2019oferim el repositori digital Efigy Education amb recursos did\u00e0ctics per a educadors i fam\u00edlies. Aquest cat\u00e0leg de propostes incorpora coneixement actualitzat sobre noves tecnologies energ\u00e8tiques, transici\u00f3 energ\u00e8tica, economia circular, edificaci\u00f3 eficient i qualitat de l\u2019aire. Les activitats did\u00e0ctiques es poden fer de manera aut\u00f2noma, a casa o a l\u2019aula.<\/p>\n<p>Recursos educatius innovadors\u00a0de producci\u00f3 pr\u00f2pia que permeten treballar, de manera aut\u00f2noma, <strong>conceptes sobre energia, efici\u00e8ncia energ\u00e8tica, sostenibilitat i medi ambient<\/strong>.<\/div>[vc_empty_space][\/vc_column][\/vc_row][vc_row][vc_column][vc_empty_space][\/vc_column][\/vc_row][vc_row][vc_column][vc_row_inner][vc_column_inner width=&#8221;1\/2&#8243;][vc_single_image image=&#8221;70593&#8243; img_size=&#8221;full&#8221;][\/vc_column_inner][vc_column_inner width=&#8221;1\/2&#8243;][vc_column_text]<\/p>\n<h3 class=\"vc_custom_heading\">Aplicacions<i>\u00a0online<\/i> sobre energia<\/h3>\n<p>&nbsp;<\/p>\n<div class=\"vc_empty_space\"><\/div>\n<div class=\"wpb_text_column wpb_content_element \">\n<div class=\"wpb_wrapper\">\n<p>Apr\u00e8n sobre energia i descobreix el teu talent en disciplines STEAM, jugant amb un cat\u00e0leg de propostes de la Fundaci\u00f3 Naturgy. Es tracta de <strong>recursos did\u00e0ctics ludificats<\/strong> adre\u00e7ats a tots els p\u00fablics, amb els quals podr\u00e0s jugar des de casa.<\/p>\n<\/div>\n<\/div>\n<p>[\/vc_column_text]<a class=\"gnf-boton oscuro left\" href=\"https:\/\/www.fundacionnaturgy.org\/ca\/educacio-divulgacio\/efigy-education\/efigy-education-digital\/aplicacions-online-sobre-energia\/\" title=\"\" target=\"_self\">Accedir<\/a>[\/vc_column_inner][\/vc_row_inner][vc_empty_space][vc_row_inner][vc_column_inner width=&#8221;1\/2&#8243;][vc_column_text]<\/p>\n<h3 class=\"vc_custom_heading\">Consells\u00a0i experiments\u00a0Efigy<\/h3>\n<p>&nbsp;<\/p>\n<div class=\"vc_empty_space\"><\/div>\n<div class=\"wpb_text_column wpb_content_element \">\n<div class=\"wpb_wrapper\">\n<p>Tens una ment curiosa i et fascina la innovaci\u00f3 tecnol\u00f2gica? Sota el guiatge dels <strong>nostres divulgadors cient\u00edfics, t\u2019oferim c\u00e0psules breus per descobrir els reptes i la innovaci\u00f3 en l\u2019\u00e0mbit de l\u2019energia<\/strong>. Si vols aprendre sobre les noves tecnologies energ\u00e8tiques, als nostres v\u00eddeos obtindr\u00e0s informaci\u00f3 sobre la qualitat de l\u2019aire, la mobilitat eficient o el gas renovable.<\/p>\n<\/div>\n<\/div>\n<p>[\/vc_column_text]<a class=\"gnf-boton oscuro left\" href=\"https:\/\/www.fundacionnaturgy.org\/ca\/educacio-divulgacio\/efigy-education\/efigy-education-digital\/consells-i-experiments-efigy\/\" title=\"\" target=\"_self\">Accedir<\/a>[\/vc_column_inner][vc_column_inner width=&#8221;1\/2&#8243;][vc_single_image image=&#8221;70588&#8243; img_size=&#8221;full&#8221;][\/vc_column_inner][\/vc_row_inner][vc_empty_space][vc_row_inner][vc_column_inner width=&#8221;1\/2&#8243;][vc_single_image image=&#8221;70605&#8243; img_size=&#8221;full&#8221;][\/vc_column_inner][vc_column_inner width=&#8221;1\/2&#8243;][vc_column_text]<\/p>\n<h3 class=\"vc_custom_heading\">Recursos\u00a0descarregables<\/h3>\n<p>&nbsp;<\/p>\n<div class=\"vc_empty_space\"><\/div>\n<div class=\"wpb_text_column wpb_content_element \">\n<div class=\"wpb_wrapper\">\n<p>Recursos\u00a0disponibles\u00a0en\u00a0l\u00ednia\u00a0per\u00a0<strong>utilitzar-los de manera\u00a0aut\u00f2noma\u00a0des de\u00a0casa<\/strong>. Activitats recomanades <strong>a partir dels 4 anys<\/strong>.<\/p>\n<\/div>\n<\/div>\n<p>[\/vc_column_text]<a class=\"gnf-boton oscuro left\" href=\"https:\/\/www.fundacionnaturgy.org\/ca\/educacio-divulgacio\/efigy-education\/efigy-education-digital\/recursos-descarregables\/\" title=\"\" target=\"_self\">Accedir<\/a>[\/vc_column_inner][\/vc_row_inner][\/vc_column][\/vc_row][vc_row][vc_column]<div class=\"gnf-destacado-icono small-text-center medium-text-left row collapse\"><div class=\"gnf-destacado-icono__icono large-4 columns small-text-center medium-text-left \"><div class=\"icon-outer icon-style-default\" style=\"background-color:\"><span class=\"ico_info\"><\/span><\/div><\/div><div class=\"gnf-destacado-icono__texto large-8 columns\"><h4>Sempre al teu costat<\/h4>Si mentre realitzes les activitats necessites la nostra ajuda, pots contactar amb els nostres educadors especialitzats a trav\u00e9s del correu electr\u00f2nic <a href=\"mailto:actividadesfundacion@naturgy.com\">actividadesfundacion@naturgy.com<\/a><\/div><\/div>[\/vc_column][\/vc_row]<\/p>\n","protected":false},"excerpt":{"rendered":"<p>[vc_row][vc_column][vc_empty_space][\/vc_column][\/vc_row][vc_row][vc_column][vc_empty_space][\/vc_column][\/vc_row][vc_row][vc_column][vc_row_inner][vc_column_inner width=&#8221;1\/2&#8243;][vc_single_image image=&#8221;70593&#8243; img_size=&#8221;full&#8221;][\/vc_column_inner][vc_column_inner width=&#8221;1\/2&#8243;][vc_column_text] Aplicacions\u00a0online sobre energia &nbsp; Apr\u00e8n sobre energia i descobreix el teu talent en disciplines STEAM, jugant amb un cat\u00e0leg de propostes de la Fundaci\u00f3 Naturgy.<span class=\"more-link\"><a href=\"https:\/\/www.fundacionnaturgy.org\/ca\/educacio-divulgacio\/efigy-education\/efigy-education-digital\/\">Llegir m\u00e9s<\/a><\/span><\/p>\n","protected":false},"author":1454,"featured_media":0,"parent":45309,"menu_order":0,"comment_status":"closed","ping_status":"closed","template":"templates\/full-width.php","meta":{"inline_featured_image":false},"categories":[],"acf":[],"_links":{"self":[{"href":"https:\/\/www.fundacionnaturgy.org\/ca\/wp-json\/wp\/v2\/pages\/71070"}],"collection":[{"href":"https:\/\/www.fundacionnaturgy.org\/ca\/wp-json\/wp\/v2\/pages"}],"about":[{"href":"https:\/\/www.fundacionnaturgy.org\/ca\/wp-json\/wp\/v2\/types\/page"}],"author":[{"embeddable":true,"href":"https:\/\/www.fundacionnaturgy.org\/ca\/wp-json\/wp\/v2\/users\/1454"}],"replies":[{"embeddable":true,"href":"https:\/\/www.fundacionnaturgy.org\/ca\/wp-json\/wp\/v2\/comments?post=71070"}],"version-history":[{"count":2,"href":"https:\/\/www.fundacionnaturgy.org\/ca\/wp-json\/wp\/v2\/pages\/71070\/revisions"}],"predecessor-version":[{"id":90738,"href":"https:\/\/www.fundacionnaturgy.org\/ca\/wp-json\/wp\/v2\/pages\/71070\/revisions\/90738"}],"up":[{"embeddable":true,"href":"https:\/\/www.fundacionnaturgy.org\/ca\/wp-json\/wp\/v2\/pages\/45309"}],"wp:attachment":[{"href":"https:\/\/www.fundacionnaturgy.org\/ca\/wp-json\/wp\/v2\/media?parent=71070"}],"wp:term":[{"taxonomy":"category","embeddable":true,"href":"https:\/\/www.fundacionnaturgy.org\/ca\/wp-json\/wp\/v2\/categories?post=71070"}],"curies":[{"name":"wp","href":"https:\/\/api.w.org\/{rel}","templated":true}]}}