{"id":71073,"date":"2020-03-24T17:45:03","date_gmt":"2020-03-24T16:45:03","guid":{"rendered":"https:\/\/www.fundacionnaturgy.org\/efigy-education-digital\/consells-i-experiments-efigy\/"},"modified":"2024-10-11T14:51:16","modified_gmt":"2024-10-11T12:51:16","slug":"consells-i-experiments-efigy","status":"publish","type":"page","link":"https:\/\/www.fundacionnaturgy.org\/ca\/educacio-divulgacio\/efigy-education\/efigy-education-digital\/consells-i-experiments-efigy\/","title":{"rendered":"Consells i experiments Efigy"},"content":{"rendered":"<p>[vc_row][vc_column]<div class=\"gnf-texto-destacado\" style=\"background-color:#edf0f1;border-color:#004165;\"><h4 style=\"color:#004165\">Els nostres continguts audiovisuals, al teu abast<\/h4>Tens una ment curiosa i et fascina la innovaci\u00f3 tecnol\u00f2gica? Sota el guiatge dels <strong>nostres divulgadors cient\u00edfics, t\u2019oferim c\u00e0psules breus per descobrir els reptes i la innovaci\u00f3 en l\u2019\u00e0mbit de l\u2019energia<\/strong>. Si vols aprendre sobre les noves tecnologies energ\u00e8tiques, als nostres v\u00eddeos obtindr\u00e0s informaci\u00f3 sobre la qualitat de l\u2019aire, la mobilitat eficient o el gas renovable.<\/div>[vc_empty_space][\/vc_column][\/vc_row][vc_row][vc_column width=&#8221;1\/3&#8243;]<div class=\"gnf-destacado-img\"><a href=\"#experimentos-tecnologicos-dani-jimenez\" title=\"\" target=\"_self\"><figure class=\"gnf-destacado-img__imagen\"><img width=\"1080\" height=\"822\" src=\"https:\/\/www.fundacionnaturgy.org\/wp-content\/uploads\/2020\/03\/mi_11-09_doitornot-pandereta-1.jpg\" class=\"attachment-full size-full\" alt=\"\" loading=\"lazy\" srcset=\"https:\/\/www.fundacionnaturgy.org\/wp-content\/uploads\/2020\/03\/mi_11-09_doitornot-pandereta-1.jpg 1080w, https:\/\/www.fundacionnaturgy.org\/wp-content\/uploads\/2020\/03\/mi_11-09_doitornot-pandereta-1-300x228.jpg 300w, https:\/\/www.fundacionnaturgy.org\/wp-content\/uploads\/2020\/03\/mi_11-09_doitornot-pandereta-1-768x585.jpg 768w, https:\/\/www.fundacionnaturgy.org\/wp-content\/uploads\/2020\/03\/mi_11-09_doitornot-pandereta-1-1024x779.jpg 1024w, https:\/\/www.fundacionnaturgy.org\/wp-content\/uploads\/2020\/03\/mi_11-09_doitornot-pandereta-1-184x140.jpg 184w\" sizes=\"(max-width: 1080px) 100vw, 1080px\" \/><figcaption class=\"link bottom\" style=\"background: rgba(255,255,255,0.9);\"><h4 class=\"left\">Experiments tecnol\u00f2gics amb Dani Jim\u00e9nez<\/h4><\/figcaption><\/figure><\/a><div class=\"gnf-destacado-img__texto small-only-text-center\">Sota el guiatge del divulgador cient\u00edfic Dani Jim\u00e9nez, presentem <strong>tallers tecnol\u00f2gics en l\u2019\u00e0mbit de l\u2019energia<\/strong> que et permetran comprendre conceptes claus de manera senzilla i divertida.<\/div><\/div>[\/vc_column][vc_column width=&#8221;1\/3&#8243;]<div class=\"gnf-destacado-img\"><a href=\"#videoblog-efigy-luis-quevedo\" title=\"\" target=\"_self\"><figure class=\"gnf-destacado-img__imagen\"><img width=\"1080\" height=\"822\" src=\"https:\/\/www.fundacionnaturgy.org\/wp-content\/uploads\/2020\/03\/eficiencia-energetica.jpg\" class=\"attachment-full size-full\" alt=\"\" loading=\"lazy\" srcset=\"https:\/\/www.fundacionnaturgy.org\/wp-content\/uploads\/2020\/03\/eficiencia-energetica.jpg 1080w, https:\/\/www.fundacionnaturgy.org\/wp-content\/uploads\/2020\/03\/eficiencia-energetica-300x228.jpg 300w, https:\/\/www.fundacionnaturgy.org\/wp-content\/uploads\/2020\/03\/eficiencia-energetica-768x585.jpg 768w, https:\/\/www.fundacionnaturgy.org\/wp-content\/uploads\/2020\/03\/eficiencia-energetica-1024x779.jpg 1024w, https:\/\/www.fundacionnaturgy.org\/wp-content\/uploads\/2020\/03\/eficiencia-energetica-184x140.jpg 184w\" sizes=\"(max-width: 1080px) 100vw, 1080px\" \/><figcaption class=\"link bottom\" style=\"background: rgba(255,255,255,0.9);\"><h4 class=\"left\">El videoblog Efigy amb Luis Quevedo<\/h4><\/figcaption><\/figure><\/a><div class=\"gnf-destacado-img__texto small-only-text-center\">Mitjan\u00e7ant aquest reconegut divulgador, t\u2019oferim <strong>coneixements especialitzats en l\u2019\u00e0mbit de les disciplines STEAM i els continguts sobre energia m\u00e9s actuals<\/strong>.<\/div><\/div>[\/vc_column][vc_column width=&#8221;1\/3&#8243;]<div class=\"gnf-destacado-img\"><a href=\"#misiones-energy-challenge-comandante-habla\" title=\"\" target=\"_self\"><figure class=\"gnf-destacado-img__imagen\"><img width=\"1080\" height=\"822\" src=\"https:\/\/www.fundacionnaturgy.org\/wp-content\/uploads\/2020\/03\/robot.jpg\" class=\"attachment-full size-full\" alt=\"\" loading=\"lazy\" srcset=\"https:\/\/www.fundacionnaturgy.org\/wp-content\/uploads\/2020\/03\/robot.jpg 1080w, https:\/\/www.fundacionnaturgy.org\/wp-content\/uploads\/2020\/03\/robot-300x228.jpg 300w, https:\/\/www.fundacionnaturgy.org\/wp-content\/uploads\/2020\/03\/robot-768x585.jpg 768w, https:\/\/www.fundacionnaturgy.org\/wp-content\/uploads\/2020\/03\/robot-1024x779.jpg 1024w, https:\/\/www.fundacionnaturgy.org\/wp-content\/uploads\/2020\/03\/robot-184x140.jpg 184w\" sizes=\"(max-width: 1080px) 100vw, 1080px\" \/><figcaption class=\"link bottom\" style=\"background: rgba(255,255,255,0.9);\"><h4 class=\"left\">Missions Energy Challenge. Parla la comandanta<\/h4><\/figcaption><\/figure><\/a><div class=\"gnf-destacado-img__texto small-only-text-center\">Des de la nostra experi\u00e8ncia immersiva itinerant Energy Challenge, hem rebut <strong>missatges per abordar el repte de la transici\u00f3 energ\u00e8tica de part el seu comandant i del robot Energy 360<\/strong>. T\u2019atreveixes a rebre la seva trucada des del Cosmos i afegir-te a la tripulaci\u00f3 d\u2019aquesta nau?<\/div><\/div>[\/vc_column][\/vc_row][vc_row][vc_column][vc_empty_space height=&#8221;64px&#8221;][\/vc_column][\/vc_row][vc_row][vc_column][vc_tta_tabs][vc_tta_section title=&#8221;Experiments tecnol\u00f2gics amb Dani Jim\u00e9nez&#8221; tab_id=&#8221;experimentos-tecnologicos-dani-jimenez&#8221;][vc_empty_space][vc_row_inner][vc_column_inner width=&#8221;1\/2&#8243;][vc_custom_heading text=&#8221;Qu\u00e8 \u00e9s l\u2019energia?&#8221; use_theme_fonts=&#8221;yes&#8221;][vc_video link=&#8221;https:\/\/youtu.be\/vIpvWke7mkQ&#8221;][\/vc_column_inner][vc_column_inner width=&#8221;1\/2&#8243;][vc_custom_heading text=&#8221;D\u2019on ve l\u2019energia?&#8221; use_theme_fonts=&#8221;yes&#8221;][vc_video link=&#8221;https:\/\/youtu.be\/4VQ1Kmdq1y4&#8243;][\/vc_column_inner][\/vc_row_inner][vc_row_inner][vc_column_inner width=&#8221;1\/2&#8243;][vc_custom_heading text=&#8221;Qu\u00e8 \u00e9s el gas renovable?&#8221; use_theme_fonts=&#8221;yes&#8221;][vc_video link=&#8221;https:\/\/youtu.be\/WX_Vq4ERT50&#8243;][\/vc_column_inner][vc_column_inner width=&#8221;1\/2&#8243;][vc_custom_heading text=&#8221;Quins beneficis aporta el gas renovable?&#8221; use_theme_fonts=&#8221;yes&#8221;][vc_video link=&#8221;https:\/\/youtu.be\/v_tNmVoHROE&#8221;][\/vc_column_inner][\/vc_row_inner][vc_row_inner][vc_column_inner width=&#8221;1\/2&#8243;][vc_custom_heading text=&#8221;Qu\u00e8 \u00e9s l&#8217;a\u00efllament t\u00e8rmic?&#8221; use_theme_fonts=&#8221;yes&#8221;][vc_video link=&#8221;https:\/\/youtu.be\/lamKUpgdcUQ&#8221;][\/vc_column_inner][vc_column_inner width=&#8221;1\/2&#8243;][vc_custom_heading text=&#8221;Com es perd l&#8217;energia?&#8221; use_theme_fonts=&#8221;yes&#8221;][vc_video link=&#8221;https:\/\/youtu.be\/nm53kQdSDkI&#8221;][\/vc_column_inner][\/vc_row_inner][\/vc_tta_section][vc_tta_section title=&#8221;El videoblog Efigy amb Luis Quevedo&#8221; tab_id=&#8221;videoblog-efigy-luis-quevedo&#8221;][vc_empty_space][vc_row_inner][vc_column_inner width=&#8221;1\/2&#8243;][vc_custom_heading text=&#8221;El transport mar\u00edtim&#8221; use_theme_fonts=&#8221;yes&#8221;][vc_video link=&#8221;https:\/\/www.youtube.com\/watch?v=-cjE2O2Q4uY&amp;t=1s&#8221;][\/vc_column_inner][vc_column_inner width=&#8221;1\/2&#8243;][vc_custom_heading text=&#8221;El gas renovable&#8221; use_theme_fonts=&#8221;yes&#8221;][vc_video link=&#8221;https:\/\/youtu.be\/rpbg8dPuAJk&#8221;][\/vc_column_inner][\/vc_row_inner][vc_row_inner][vc_column_inner width=&#8221;1\/2&#8243;][vc_custom_heading text=&#8221;La descarbonizaci\u00f3n&#8221; use_theme_fonts=&#8221;yes&#8221;][vc_video link=&#8221;https:\/\/youtu.be\/fjjpNr3HtJE&#8221;][\/vc_column_inner][vc_column_inner width=&#8221;1\/2&#8243;][vc_custom_heading text=&#8221;Power to gas&#8221; use_theme_fonts=&#8221;yes&#8221;][vc_video link=&#8221;https:\/\/youtu.be\/xd-iHB5jUaE&#8221;][\/vc_column_inner][\/vc_row_inner][vc_row_inner][vc_column_inner width=&#8221;1\/2&#8243;][vc_custom_heading text=&#8221;Digitalizar la red&#8221; use_theme_fonts=&#8221;yes&#8221;][vc_video link=&#8221;https:\/\/youtu.be\/FXdxaLxI3Oc&#8221;][\/vc_column_inner][vc_column_inner width=&#8221;1\/2&#8243;][\/vc_column_inner][\/vc_row_inner][\/vc_tta_section][vc_tta_section title=&#8221;Missions Energy Challenge&#8221; tab_id=&#8221;misiones-energy-challenge-comandante-habla&#8221;][vc_empty_space][vc_row_inner][vc_column_inner width=&#8221;1\/3&#8243;][vc_custom_heading text=&#8221;Emissions locals&#8221; use_theme_fonts=&#8221;yes&#8221;][vc_single_image image=&#8221;70963&#8243; img_size=&#8221;full&#8221; onclick=&#8221;custom_link&#8221; img_link_target=&#8221;_blank&#8221; link=&#8221;https:\/\/energychallenge.es\/mision01&#8243;][\/vc_column_inner][vc_column_inner width=&#8221;1\/3&#8243;][vc_custom_heading text=&#8221;Residus&#8221; use_theme_fonts=&#8221;yes&#8221;][vc_single_image image=&#8221;70966&#8243; img_size=&#8221;full&#8221; onclick=&#8221;custom_link&#8221; img_link_target=&#8221;_blank&#8221; link=&#8221;https:\/\/energychallenge.es\/mision02&#8243;][\/vc_column_inner][vc_column_inner width=&#8221;1\/3&#8243;][vc_custom_heading text=&#8221;Escalfament global&#8221; use_theme_fonts=&#8221;yes&#8221;][vc_single_image image=&#8221;70969&#8243; img_size=&#8221;full&#8221; onclick=&#8221;custom_link&#8221; img_link_target=&#8221;_blank&#8221; link=&#8221;https:\/\/energychallenge.es\/mision03&#8243;][\/vc_column_inner][\/vc_row_inner][vc_row_inner][vc_column_inner width=&#8221;1\/3&#8243;][vc_custom_heading text=&#8221;Economia circular&#8221; use_theme_fonts=&#8221;yes&#8221;][vc_single_image image=&#8221;70972&#8243; img_size=&#8221;full&#8221; onclick=&#8221;custom_link&#8221; img_link_target=&#8221;_blank&#8221; link=&#8221;https:\/\/energychallenge.es\/mision04&#8243;][\/vc_column_inner][vc_column_inner width=&#8221;1\/3&#8243;][vc_custom_heading text=&#8221;Gas renovable&#8221; use_theme_fonts=&#8221;yes&#8221;][vc_single_image image=&#8221;70975&#8243; img_size=&#8221;full&#8221; onclick=&#8221;custom_link&#8221; img_link_target=&#8221;_blank&#8221; link=&#8221;https:\/\/energychallenge.es\/mision05&#8243;][\/vc_column_inner][vc_column_inner width=&#8221;1\/3&#8243;][vc_custom_heading text=&#8221;Avantatges del gas renovable&#8221; use_theme_fonts=&#8221;yes&#8221;][vc_single_image image=&#8221;70978&#8243; img_size=&#8221;full&#8221; onclick=&#8221;custom_link&#8221; img_link_target=&#8221;_blank&#8221; link=&#8221;https:\/\/energychallenge.es\/mision06&#8243;][\/vc_column_inner][\/vc_row_inner][\/vc_tta_section][\/vc_tta_tabs][vc_separator][\/vc_column][\/vc_row]<\/p>\n","protected":false},"excerpt":{"rendered":"<p>[vc_row][vc_column][vc_empty_space][\/vc_column][\/vc_row][vc_row][vc_column width=&#8221;1\/3&#8243;][\/vc_column][vc_column width=&#8221;1\/3&#8243;][\/vc_column][vc_column width=&#8221;1\/3&#8243;][\/vc_column][\/vc_row][vc_row][vc_column][vc_empty_space height=&#8221;64px&#8221;][\/vc_column][\/vc_row][vc_row][vc_column][vc_tta_tabs][vc_tta_section title=&#8221;Experiments tecnol\u00f2gics amb Dani Jim\u00e9nez&#8221; tab_id=&#8221;experimentos-tecnologicos-dani-jimenez&#8221;][vc_empty_space][vc_row_inner][vc_column_inner width=&#8221;1\/2&#8243;][vc_custom_heading text=&#8221;Qu\u00e8 \u00e9s l\u2019energia?&#8221; use_theme_fonts=&#8221;yes&#8221;][vc_video link=&#8221;https:\/\/youtu.be\/vIpvWke7mkQ&#8221;][\/vc_column_inner][vc_column_inner width=&#8221;1\/2&#8243;][vc_custom_heading text=&#8221;D\u2019on ve l\u2019energia?&#8221; use_theme_fonts=&#8221;yes&#8221;][vc_video link=&#8221;https:\/\/youtu.be\/4VQ1Kmdq1y4&#8243;][\/vc_column_inner][\/vc_row_inner][vc_row_inner][vc_column_inner width=&#8221;1\/2&#8243;][vc_custom_heading text=&#8221;Qu\u00e8 \u00e9s el gas renovable?&#8221; use_theme_fonts=&#8221;yes&#8221;][vc_video<span class=\"more-link\"><a href=\"https:\/\/www.fundacionnaturgy.org\/ca\/educacio-divulgacio\/efigy-education\/efigy-education-digital\/consells-i-experiments-efigy\/\">Llegir m\u00e9s<\/a><\/span><\/p>\n","protected":false},"author":1454,"featured_media":0,"parent":71070,"menu_order":0,"comment_status":"closed","ping_status":"closed","template":"templates\/full-width.php","meta":{"inline_featured_image":false},"categories":[],"acf":[],"_links":{"self":[{"href":"https:\/\/www.fundacionnaturgy.org\/ca\/wp-json\/wp\/v2\/pages\/71073"}],"collection":[{"href":"https:\/\/www.fundacionnaturgy.org\/ca\/wp-json\/wp\/v2\/pages"}],"about":[{"href":"https:\/\/www.fundacionnaturgy.org\/ca\/wp-json\/wp\/v2\/types\/page"}],"author":[{"embeddable":true,"href":"https:\/\/www.fundacionnaturgy.org\/ca\/wp-json\/wp\/v2\/users\/1454"}],"replies":[{"embeddable":true,"href":"https:\/\/www.fundacionnaturgy.org\/ca\/wp-json\/wp\/v2\/comments?post=71073"}],"version-history":[{"count":2,"href":"https:\/\/www.fundacionnaturgy.org\/ca\/wp-json\/wp\/v2\/pages\/71073\/revisions"}],"predecessor-version":[{"id":90721,"href":"https:\/\/www.fundacionnaturgy.org\/ca\/wp-json\/wp\/v2\/pages\/71073\/revisions\/90721"}],"up":[{"embeddable":true,"href":"https:\/\/www.fundacionnaturgy.org\/ca\/wp-json\/wp\/v2\/pages\/71070"}],"wp:attachment":[{"href":"https:\/\/www.fundacionnaturgy.org\/ca\/wp-json\/wp\/v2\/media?parent=71073"}],"wp:term":[{"taxonomy":"category","embeddable":true,"href":"https:\/\/www.fundacionnaturgy.org\/ca\/wp-json\/wp\/v2\/categories?post=71073"}],"curies":[{"name":"wp","href":"https:\/\/api.w.org\/{rel}","templated":true}]}}