{"id":71075,"date":"2020-03-25T12:08:59","date_gmt":"2020-03-25T11:08:59","guid":{"rendered":"https:\/\/www.fundacionnaturgy.org\/aplicacions-online-sobre-energia\/the-circular-challenge-innovacio-per-a-una-energia-renovable-i-circular\/"},"modified":"2020-07-23T11:22:48","modified_gmt":"2020-07-23T09:22:48","slug":"the-circular-challenge-innovacio-per-a-una-energia-renovable-i-circular-2","status":"publish","type":"page","link":"https:\/\/www.fundacionnaturgy.org\/ca\/educacio-divulgacio\/efigy-education\/efigy-education-digital\/aplicacions-online-sobre-energia\/the-circular-challenge-innovacio-per-a-una-energia-renovable-i-circular-2\/","title":{"rendered":"The Circular Challenge. Innovaci\u00f3 per a una energia renovable i circular"},"content":{"rendered":"<p>[vc_row][vc_column width=&#8221;1\/2&#8243;][vc_single_image image=&#8221;70565&#8243; img_size=&#8221;full&#8221;][\/vc_column][vc_column width=&#8221;1\/2&#8243;][vc_column_text]<em>The Circular Challenge.<\/em> <em>Innovaci\u00f3 per a una energia renovable i circular<\/em> \u00e9s una experi\u00e8ncia que permet comprendre els reptes de la <strong>transici\u00f3 energ\u00e8tica i descobrir el gas renovable com una font d\u2019energia clau<\/strong> per frenar el canvi clim\u00e0tic i afavorir l\u2019economia circular.<\/p>\n<p>Els participants comprendran com es crea el gas renovable, els usos que permet i el seu paper fonamental en el futur com a energia neta i sostenible. A m\u00e9s, l\u2019experi\u00e8ncia planteja el treball en valors, el desenvolupament del sentit cr\u00edtic, el civisme i el comprom\u00eds social.[\/vc_column_text][\/vc_column][\/vc_row][vc_row][vc_column width=&#8221;1\/2&#8243;][vc_column_text]<\/p>\n<h3><span style=\"color: #e57200;\">Edat\u00a0m\u00ednima\u00a0i tem\u00e0tica<\/span><\/h3>\n<p>Educaci\u00f3 <strong>secund\u00e0ria i universit\u00e0ria.\u00a0<\/strong><\/p>\n<p>A partir dels <strong>14 anys<\/strong>.[\/vc_column_text][\/vc_column][vc_column width=&#8221;1\/2&#8243;][vc_column_text]<\/p>\n<h3><span style=\"color: #e57200;\">Objectius did\u00e0ctics<\/span><\/h3>\n<p>Es tracta d\u2019una experi\u00e8ncia tecnol\u00f2gica i participativa que, mitjan\u00e7ant la ludificaci\u00f3, permet descobrir com el <strong>gas renovable \u00e9s una font d\u2019energia clau per frenar el canvi clim\u00e0tic i afavorir l\u2019economia circular<\/strong>.<\/p>\n<p>[\/vc_column_text][\/vc_column][\/vc_row][vc_row][vc_column width=&#8221;1\/2&#8243;][vc_column_text]<\/p>\n<h3><span style=\"color: #e57200;\">Continguts del programa educatiu<\/span><\/h3>\n<ul>\n<li>El treball en valors.<\/li>\n<li>El desenvolupament del sentit cr\u00edtic.<\/li>\n<li>El civisme.<\/li>\n<li>El comprom\u00eds social.<\/li>\n<li><\/li>\n<\/ul>\n<p>[\/vc_column_text][\/vc_column][vc_column width=&#8221;1\/2&#8243;][vc_column_text]<\/p>\n<h3><span style=\"color: #e57200;\">Compet\u00e8ncies\u00a0curriculars<\/span><\/h3>\n<ul>\n<li>Compet\u00e8ncia matem\u00e0tica i compet\u00e8ncies b\u00e0siques en ci\u00e8ncia i tecnologia.<\/li>\n<li>Aprendre a aprendre.<\/li>\n<\/ul>\n<p>[\/vc_column_text][\/vc_column][\/vc_row][vc_row][vc_column]<a class=\"gnf-boton oscuro left\" href=\"http:\/\/energychallenge.es\/CircularChallenge\/\" title=\"\" target=\"_self\">Accedeix a l\u2019aplicaci\u00f3<\/a>[\/vc_column][\/vc_row][vc_row][vc_column][\/vc_column][\/vc_row]<\/p>\n","protected":false},"excerpt":{"rendered":"<p>[vc_row][vc_column width=&#8221;1\/2&#8243;][vc_single_image image=&#8221;70565&#8243; img_size=&#8221;full&#8221;][\/vc_column][vc_column width=&#8221;1\/2&#8243;][vc_column_text]The Circular Challenge. Innovaci\u00f3 per a una energia renovable i circular \u00e9s una experi\u00e8ncia que permet comprendre els reptes de la transici\u00f3 energ\u00e8tica i descobrir el<span class=\"more-link\"><a href=\"https:\/\/www.fundacionnaturgy.org\/ca\/educacio-divulgacio\/efigy-education\/efigy-education-digital\/aplicacions-online-sobre-energia\/the-circular-challenge-innovacio-per-a-una-energia-renovable-i-circular-2\/\">Llegir m\u00e9s<\/a><\/span><\/p>\n","protected":false},"author":1454,"featured_media":0,"parent":71068,"menu_order":0,"comment_status":"closed","ping_status":"closed","template":"templates\/full-width.php","meta":{"inline_featured_image":false},"categories":[],"acf":[],"_links":{"self":[{"href":"https:\/\/www.fundacionnaturgy.org\/ca\/wp-json\/wp\/v2\/pages\/71075"}],"collection":[{"href":"https:\/\/www.fundacionnaturgy.org\/ca\/wp-json\/wp\/v2\/pages"}],"about":[{"href":"https:\/\/www.fundacionnaturgy.org\/ca\/wp-json\/wp\/v2\/types\/page"}],"author":[{"embeddable":true,"href":"https:\/\/www.fundacionnaturgy.org\/ca\/wp-json\/wp\/v2\/users\/1454"}],"replies":[{"embeddable":true,"href":"https:\/\/www.fundacionnaturgy.org\/ca\/wp-json\/wp\/v2\/comments?post=71075"}],"version-history":[{"count":0,"href":"https:\/\/www.fundacionnaturgy.org\/ca\/wp-json\/wp\/v2\/pages\/71075\/revisions"}],"up":[{"embeddable":true,"href":"https:\/\/www.fundacionnaturgy.org\/ca\/wp-json\/wp\/v2\/pages\/71068"}],"wp:attachment":[{"href":"https:\/\/www.fundacionnaturgy.org\/ca\/wp-json\/wp\/v2\/media?parent=71075"}],"wp:term":[{"taxonomy":"category","embeddable":true,"href":"https:\/\/www.fundacionnaturgy.org\/ca\/wp-json\/wp\/v2\/categories?post=71075"}],"curies":[{"name":"wp","href":"https:\/\/api.w.org\/{rel}","templated":true}]}}