{"id":71077,"date":"2020-03-25T12:14:59","date_gmt":"2020-03-25T11:14:59","guid":{"rendered":"https:\/\/www.fundacionnaturgy.org\/aplicacions-online-sobre-energia\/estalvia-energia-a-casa\/"},"modified":"2020-04-30T14:29:32","modified_gmt":"2020-04-30T12:29:32","slug":"estalvia-energia-a-casa","status":"publish","type":"page","link":"https:\/\/www.fundacionnaturgy.org\/ca\/educacio-divulgacio\/efigy-education\/efigy-education-digital\/aplicacions-online-sobre-energia\/estalvia-energia-a-casa\/","title":{"rendered":"Estalvia energia a casa"},"content":{"rendered":"<p>[vc_row][vc_column width=&#8221;1\/2&#8243;][vc_single_image image=&#8221;70559&#8243; img_size=&#8221;full&#8221;][\/vc_column][vc_column width=&#8221;1\/2&#8243;][vc_column_text]A trav\u00e9s d\u2019un joc interactiu, en un entorn virtual, <strong>l\u2019usuari pren el protagonisme per aplicar diverses accions, bones pr\u00e0ctiques i h\u00e0bits de consum sostenible<\/strong>. Descobriran la repercussi\u00f3 en la despesa familiar i en l\u2019impacte mediambiental.[\/vc_column_text][\/vc_column][\/vc_row][vc_row][vc_column width=&#8221;1\/2&#8243;][vc_column_text]<\/p>\n<h3><span style=\"color: #e57200;\">Edat\u00a0m\u00ednima\u00a0i tem\u00e0tica<\/span><\/h3>\n<p>A partir dels <strong>14 anys<\/strong>.<\/p>\n<p>Tecnologia.[\/vc_column_text][\/vc_column][vc_column width=&#8221;1\/2&#8243;][vc_column_text]<\/p>\n<h3><span style=\"color: #e57200;\">Objectius did\u00e0ctics<\/span><\/h3>\n<p>Aquesta aplicaci\u00f3 \u00e9s un joc que es desenvolupa en l\u2019entorn virtual d\u2019una casa. Els usuaris han de desenvolupar diverses <strong>missions d\u2019estalvi energ\u00e8tic a cada estan\u00e7a<\/strong>: s\u00f3n accions, bones pr\u00e0ctiques i h\u00e0bits de consum sostenible. Al llarg del joc descobriran la repercussi\u00f3 en la<strong> despesa familiar i en l\u2019impacte mediambiental<\/strong>.[\/vc_column_text][\/vc_column][\/vc_row][vc_row][vc_column width=&#8221;1\/2&#8243;][vc_column_text]<\/p>\n<h3><span style=\"color: #e57200;\">Continguts del programa educatiu<\/span><\/h3>\n<ul>\n<li>\u00das de recursos a casa.<\/li>\n<li>Diferents consums a casa.<\/li>\n<li>Efici\u00e8ncia energ\u00e8tica i de recursos.<\/li>\n<li>Impacte ambiental.<\/li>\n<li>Cost econ\u00f2mic.<\/li>\n<\/ul>\n<p>[\/vc_column_text][\/vc_column][vc_column width=&#8221;1\/2&#8243;][vc_column_text]<\/p>\n<h3><span style=\"color: #e57200;\">Compet\u00e8ncies\u00a0curriculars<\/span><\/h3>\n<ul>\n<li>Compet\u00e8ncia matem\u00e0tica i compet\u00e8ncies b\u00e0siques en ci\u00e8ncia i tecnologia. Aprendre a aprendre.<\/li>\n<li>Comunicaci\u00f3 ling\u00fc\u00edstica.<\/li>\n<\/ul>\n<p>[\/vc_column_text][\/vc_column][\/vc_row][vc_row][vc_column]<a class=\"gnf-boton oscuro left\" href=\"http:\/\/energychallenge.es\/AhorroEnergetico\/\" title=\"\" target=\"_self\">Accedeix a l\u2019aplicaci\u00f3<\/a>[\/vc_column][\/vc_row][vc_row][vc_column][\/vc_column][\/vc_row]<\/p>\n","protected":false},"excerpt":{"rendered":"<p>[vc_row][vc_column width=&#8221;1\/2&#8243;][vc_single_image image=&#8221;70559&#8243; img_size=&#8221;full&#8221;][\/vc_column][vc_column width=&#8221;1\/2&#8243;][vc_column_text]A trav\u00e9s d\u2019un joc interactiu, en un entorn virtual, l\u2019usuari pren el protagonisme per aplicar diverses accions, bones pr\u00e0ctiques i h\u00e0bits de consum sostenible. Descobriran la<span class=\"more-link\"><a href=\"https:\/\/www.fundacionnaturgy.org\/ca\/educacio-divulgacio\/efigy-education\/efigy-education-digital\/aplicacions-online-sobre-energia\/estalvia-energia-a-casa\/\">Llegir m\u00e9s<\/a><\/span><\/p>\n","protected":false},"author":1454,"featured_media":0,"parent":71068,"menu_order":0,"comment_status":"closed","ping_status":"closed","template":"templates\/full-width.php","meta":{"inline_featured_image":false},"categories":[],"acf":[],"_links":{"self":[{"href":"https:\/\/www.fundacionnaturgy.org\/ca\/wp-json\/wp\/v2\/pages\/71077"}],"collection":[{"href":"https:\/\/www.fundacionnaturgy.org\/ca\/wp-json\/wp\/v2\/pages"}],"about":[{"href":"https:\/\/www.fundacionnaturgy.org\/ca\/wp-json\/wp\/v2\/types\/page"}],"author":[{"embeddable":true,"href":"https:\/\/www.fundacionnaturgy.org\/ca\/wp-json\/wp\/v2\/users\/1454"}],"replies":[{"embeddable":true,"href":"https:\/\/www.fundacionnaturgy.org\/ca\/wp-json\/wp\/v2\/comments?post=71077"}],"version-history":[{"count":0,"href":"https:\/\/www.fundacionnaturgy.org\/ca\/wp-json\/wp\/v2\/pages\/71077\/revisions"}],"up":[{"embeddable":true,"href":"https:\/\/www.fundacionnaturgy.org\/ca\/wp-json\/wp\/v2\/pages\/71068"}],"wp:attachment":[{"href":"https:\/\/www.fundacionnaturgy.org\/ca\/wp-json\/wp\/v2\/media?parent=71077"}],"wp:term":[{"taxonomy":"category","embeddable":true,"href":"https:\/\/www.fundacionnaturgy.org\/ca\/wp-json\/wp\/v2\/categories?post=71077"}],"curies":[{"name":"wp","href":"https:\/\/api.w.org\/{rel}","templated":true}]}}