{"id":71081,"date":"2020-03-25T12:29:29","date_gmt":"2020-03-25T11:29:29","guid":{"rendered":"https:\/\/www.fundacionnaturgy.org\/aplicacions-online-sobre-energia\/efigy-llar\/"},"modified":"2020-04-30T14:22:02","modified_gmt":"2020-04-30T12:22:02","slug":"efigy-llar","status":"publish","type":"page","link":"https:\/\/www.fundacionnaturgy.org\/ca\/educacio-divulgacio\/efigy-education\/efigy-education-digital\/aplicacions-online-sobre-energia\/efigy-llar\/","title":{"rendered":"Efigy llar"},"content":{"rendered":"<p>[vc_row][vc_column width=&#8221;1\/2&#8243;][vc_single_image image=&#8221;70562&#8243; img_size=&#8221;full&#8221;][\/vc_column][vc_column width=&#8221;1\/2&#8243;][vc_column_text]T\u2019has demanat mai quins electrodom\u00e8stics o serveis de la casa produeixen un consum m\u00e9s alt per unitat de temps? I quins s\u2019utilitzen amb m\u00e9s freq\u00fc\u00e8ncia? Quins electrodom\u00e8stics o serveis de la casa tenen m\u00e9s potencial per augmentar l\u2019efici\u00e8ncia energ\u00e8tica?<\/p>\n<p>A trav\u00e9s d\u2019aquest joc interactiu, <strong>prendr\u00e0s el protagonisme per apropar-te a la producci\u00f3 i el consum energ\u00e8tic<\/strong>. El joc posar\u00e0 en evid\u00e8ncia que els consums energ\u00e8tics a casa s\u00f3n molt diferents entre si.[\/vc_column_text][\/vc_column][\/vc_row][vc_row][vc_column width=&#8221;1\/2&#8243;][vc_column_text]<\/p>\n<h3><span style=\"color: #e57200;\">Edat\u00a0m\u00ednima\u00a0i tem\u00e0tica<\/span><\/h3>\n<p>A partir dels <strong>9 anys<\/strong>.<\/p>\n<p>Coneixement del medi natural, social i cultural.[\/vc_column_text][\/vc_column][vc_column width=&#8221;1\/2&#8243;][vc_column_text]<\/p>\n<h3><span style=\"color: #e57200;\">Objectius did\u00e0ctics<\/span><\/h3>\n<p>Aquest joc permet equipar una casa amb diferents electrodom\u00e8stics i serveis i definir-ne la freq\u00fc\u00e8ncia d\u2019\u00fas. En acabar, la valoraci\u00f3 ens transmetr\u00e0 el <strong>consum energ\u00e8tic mensual, una comparativa amb la mitjana nacional i una bateria de recomanacions per augmentar l\u2019efici\u00e8ncia energ\u00e8tica de la casa<\/strong>.[\/vc_column_text][\/vc_column][\/vc_row][vc_row][vc_column width=&#8221;1\/2&#8243;][vc_column_text]<\/p>\n<h3><span style=\"color: #e57200;\">Continguts del programa educatiu<\/span><\/h3>\n<ul>\n<li>\u00das de recursos a casa.<\/li>\n<li>Diferents consums a casa.<\/li>\n<li>Efici\u00e8ncia energ\u00e8tica i de recursos.<\/li>\n<li>Sostenibilitat.<\/li>\n<li>Impacte ambiental.<\/li>\n<li>Cost econ\u00f2mic.<\/li>\n<\/ul>\n<p>[\/vc_column_text][\/vc_column][vc_column width=&#8221;1\/2&#8243;][vc_column_text]<\/p>\n<h3><span style=\"color: #e57200;\">Compet\u00e8ncies\u00a0curriculars<\/span><\/h3>\n<ul>\n<li>Compet\u00e8ncia matem\u00e0tica i compet\u00e8ncies b\u00e0siques en ci\u00e8ncia i tecnologia.<\/li>\n<li>Aprendre a aprendre.<\/li>\n<li>Comunicaci\u00f3 ling\u00fc\u00edstica.<\/li>\n<\/ul>\n<p>[\/vc_column_text][\/vc_column][\/vc_row][vc_row][vc_column]<a class=\"gnf-boton oscuro left\" href=\"http:\/\/energychallenge.es\/EnergyCasa\/\" title=\"\" target=\"_self\">Accedeix a l\u2019aplicaci\u00f3<\/a>[\/vc_column][\/vc_row][vc_row][vc_column][\/vc_column][\/vc_row]<\/p>\n","protected":false},"excerpt":{"rendered":"<p>[vc_row][vc_column width=&#8221;1\/2&#8243;][vc_single_image image=&#8221;70562&#8243; img_size=&#8221;full&#8221;][\/vc_column][vc_column width=&#8221;1\/2&#8243;][vc_column_text]T\u2019has demanat mai quins electrodom\u00e8stics o serveis de la casa produeixen un consum m\u00e9s alt per unitat de temps? I quins s\u2019utilitzen amb m\u00e9s freq\u00fc\u00e8ncia? Quins<span class=\"more-link\"><a href=\"https:\/\/www.fundacionnaturgy.org\/ca\/educacio-divulgacio\/efigy-education\/efigy-education-digital\/aplicacions-online-sobre-energia\/efigy-llar\/\">Llegir m\u00e9s<\/a><\/span><\/p>\n","protected":false},"author":1454,"featured_media":0,"parent":71068,"menu_order":0,"comment_status":"closed","ping_status":"closed","template":"templates\/full-width.php","meta":{"inline_featured_image":false},"categories":[],"acf":[],"_links":{"self":[{"href":"https:\/\/www.fundacionnaturgy.org\/ca\/wp-json\/wp\/v2\/pages\/71081"}],"collection":[{"href":"https:\/\/www.fundacionnaturgy.org\/ca\/wp-json\/wp\/v2\/pages"}],"about":[{"href":"https:\/\/www.fundacionnaturgy.org\/ca\/wp-json\/wp\/v2\/types\/page"}],"author":[{"embeddable":true,"href":"https:\/\/www.fundacionnaturgy.org\/ca\/wp-json\/wp\/v2\/users\/1454"}],"replies":[{"embeddable":true,"href":"https:\/\/www.fundacionnaturgy.org\/ca\/wp-json\/wp\/v2\/comments?post=71081"}],"version-history":[{"count":0,"href":"https:\/\/www.fundacionnaturgy.org\/ca\/wp-json\/wp\/v2\/pages\/71081\/revisions"}],"up":[{"embeddable":true,"href":"https:\/\/www.fundacionnaturgy.org\/ca\/wp-json\/wp\/v2\/pages\/71068"}],"wp:attachment":[{"href":"https:\/\/www.fundacionnaturgy.org\/ca\/wp-json\/wp\/v2\/media?parent=71081"}],"wp:term":[{"taxonomy":"category","embeddable":true,"href":"https:\/\/www.fundacionnaturgy.org\/ca\/wp-json\/wp\/v2\/categories?post=71081"}],"curies":[{"name":"wp","href":"https:\/\/api.w.org\/{rel}","templated":true}]}}