{"id":73281,"date":"2020-04-29T18:31:54","date_gmt":"2020-04-29T16:31:54","guid":{"rendered":"https:\/\/www.fundacionnaturgy.org\/energia-i-medi-ambient-2\/seminaris-jornades-i-forums-tecnologics\/"},"modified":"2024-03-06T11:36:04","modified_gmt":"2024-03-06T10:36:04","slug":"seminaris-jornades-i-forums-tecnologics","status":"publish","type":"page","link":"https:\/\/www.fundacionnaturgy.org\/ca\/energia-i-medi-ambient-2\/seminaris-jornades-i-forums-tecnologics\/","title":{"rendered":"F\u00f2rums"},"content":{"rendered":"<p>[vc_row][vc_column][vc_column_text]<\/p>\n<h2><strong>Converses d&#8217;alt nivell sobre el futur del sector energ\u00e8tic<\/strong><\/h2>\n<p>[\/vc_column_text][\/vc_column][\/vc_row][vc_row][vc_column][vc_column_text]Organitzem <strong>seminaris i jornades de divulgaci\u00f3 i sensibilitzaci\u00f3 <\/strong>de forma presencial i online en format webinar. En aquests actes, es debat sobre aspectes tecnol\u00f2gics, ambientals, socials, econ\u00f2mics i pol\u00edtics de temes concrets relacionats amb l&#8217;energia i el medi ambient.<\/p>\n<p>A m\u00e9s, tamb\u00e9 impulsem<strong> f\u00f2rums d&#8217;an\u00e0lisi amb experts i representants del sector<\/strong>, per contribuir al desenvolupament de noves tecnologies energ\u00e8tiques amb potencial, que encara no han assolit el grau de maduresa i rendibilitat.[\/vc_column_text][\/vc_column][\/vc_row][vc_row][vc_column][vc_media_grid grid_id=&#8221;vc_gid:1709721515261-79e6f3d4-750d-10&#8243; include=&#8221;82046,82049,82052,82030,82023,81971&#8243;][\/vc_column][\/vc_row][vc_row][vc_column width=&#8221;1\/2&#8243;][vc_column_text]<\/p>\n<h3>Energy Prospectives amb IESE Business School<\/h3>\n<p>[\/vc_column_text][vc_column_text]S\u00e8rie de<strong> converses <\/strong>d&#8217;alt nivell sobre les condicions econ\u00f2miques, t\u00e8cniques i cient\u00edfiques que s&#8217;entreveuen per al <strong>futur del sector energ\u00e8tic<\/strong>. Energy Prospectives reuneix figures reconegudes a nivell internacional i nacional per la seva experi\u00e8ncia, visi\u00f3 i coneixement del sector energ\u00e8tic, apropant-les a empresaris, reguladors, directius i acad\u00e8mics.[\/vc_column_text]<a class=\"gnf-boton oscuro left\" href=\"https:\/\/www.fundacionnaturgy.org\/ca\/energia-i-medi-ambient-2\/seminaris-jornades-i-forums-tecnologics\/energy-prospectives\/\" title=\"\" target=\"_blank\">M\u00e9s informaci\u00f3<\/a>[\/vc_column][vc_column width=&#8221;1\/2&#8243;][vc_column_text]<\/p>\n<h3>Converses entre experts amb Club de Roma<\/h3>\n<p>[\/vc_column_text][vc_column_text]Format de <strong>webinars <\/strong>basades en <strong>converses <\/strong>entre experts al voltant de temes d&#8217;actualitat relacionats amb l&#8217;energia, el medi ambient i la sostenibilitat. Club de Roma ha intensificat la difusi\u00f3 de debats relacionats amb la cerca d&#8217;alternatives a les economies i modes de vida previs a la presa de consci\u00e8ncia dels riscos que comporta l&#8217;escalfament global.[\/vc_column_text]<a class=\"gnf-boton oscuro left\" href=\"https:\/\/www.fundacionnaturgy.org\/ca\/energia-i-medi-ambient-2\/seminaris-jornades-i-forums-tecnologics\/converses\/\" title=\"\" target=\"_blank\">M\u00e9s informaci\u00f3<\/a>[\/vc_column][\/vc_row][vc_row][vc_column][vc_empty_space height=&#8221;64px&#8221;][\/vc_column][\/vc_row][vc_row][vc_column width=&#8221;1\/2&#8243;][vc_column_text]<\/p>\n<h3>Sendes geopol\u00edtiques de la transici\u00f3 energ\u00e8tica amb Real Instituto Elcano<\/h3>\n<p>[\/vc_column_text][vc_column_text]Jornades en qu\u00e8 analitzem les implicacions geopol\u00edtiques de la transici\u00f3 energ\u00e8tica. La col\u00b7laboraci\u00f3 d&#8217;ambdues institucions explora el <strong>panorama global dibuixat per la transformaci\u00f3<\/strong> que estem vivint en l&#8217;\u00e0mbit de l&#8217;<strong>energia<\/strong><strong> i el medi ambient<\/strong>.[\/vc_column_text]<a class=\"gnf-boton oscuro left\" href=\"https:\/\/www.fundacionnaturgy.org\/ca\/energia-i-medi-ambient-2\/seminaris-jornades-i-forums-tecnologics\/sendes-geopolitiques-de-la-transicio-energetica\/\" title=\"\" target=\"_blank\">M\u00e9s informaci\u00f3<\/a>[\/vc_column][vc_column width=&#8221;1\/2&#8243;][vc_column_text]<\/p>\n<h3>Situaci\u00f3 del sector energ\u00e8tic amb Cercle d&#8217;Economia<\/h3>\n<p>[\/vc_column_text][vc_column_text]<strong>Fundaci\u00f3 Naturgy <\/strong>i el <strong>Cercle d\u2019Economia<\/strong> de manera conjunta aborden la situaci\u00f3 del sector energ\u00e8tic en la complexa conjuntura internacional amb focus especial a Europa i Espanya.[\/vc_column_text]<a class=\"gnf-boton oscuro left\" href=\"https:\/\/www.fundacionnaturgy.org\/ca\/energia-i-medi-ambient-2\/seminaris-jornades-i-forums-tecnologics\/sendes-geopolitiques-de-la-transicio-energetica\/\" title=\"\" target=\"_blank\">M\u00e9s informaci\u00f3<\/a>[vc_empty_space][\/vc_column][\/vc_row][vc_row][vc_column][vc_empty_space height=&#8221;64px&#8221;][\/vc_column][\/vc_row][vc_row][vc_column width=&#8221;1\/2&#8243;][vc_column_text]<\/p>\n<h3>Recerca i innovaci\u00f3 al sector de l&#8217;energia amb Consell Superior d&#8217;Investigacions Cient\u00edfiques (CSIC)<\/h3>\n<p>[\/vc_column_text][vc_column_text]<strong>Fundaci\u00f3 Naturgy <\/strong>i el<strong> Consell Superior d&#8217;Investigacions Cient\u00edfiques (CSIC)<\/strong> organitzen un nou cicle per parlar sobre<strong> investigacions disruptives i desenvolupaments prometedors <\/strong>al m\u00f3n de l&#8217;energia.[\/vc_column_text]<a class=\"gnf-boton oscuro left\" href=\"https:\/\/www.fundacionnaturgy.org\/ca\/energia-i-medi-ambient-2\/seminaris-jornades-i-forums-tecnologics\/sendes-geopolitiques-de-la-transicio-energetica\/\" title=\"\" target=\"_blank\">M\u00e9s informaci\u00f3<\/a>[\/vc_column][vc_column width=&#8221;1\/2&#8243;][\/vc_column][\/vc_row][vc_row][vc_column][vc_empty_space height=&#8221;64px&#8221;][\/vc_column][\/vc_row][vc_row css=&#8221;.vc_custom_1649166758282{background-color: #a2ad00 !important;}&#8221;][vc_column css=&#8221;.vc_custom_1649167005037{padding-top: 50px !important;padding-right: 30px !important;padding-bottom: 50px !important;padding-left: 30px !important;}&#8221;][vc_column_text]<\/p>\n<h2><span style=\"color: #004571;\"><strong>Centre de coneixement<\/strong><\/span><\/h2>\n<p>&nbsp;<\/p>\n<h3><span style=\"color: #004571;\">Despr\u00e9s de la celebraci\u00f3 dels seminaris i jornades, posem a la teva disposici\u00f3 a trav\u00e9s del web, de forma gratu\u00efta, les presentacions i la documentaci\u00f3 exposades pels participants.<br \/>\n<\/span><\/h3>\n<p>[\/vc_column_text]<a class=\"gnf-boton oscuro left\" href=\"https:\/\/www.fundacionnaturgy.org\/ca\/centre-coneixement\/\" title=\"\" target=\"_blank\">M\u00e9s informaci\u00f3<\/a>[\/vc_column][\/vc_row]<\/p>\n","protected":false},"excerpt":{"rendered":"<p>[vc_row][vc_column][vc_column_text] Converses d&#8217;alt nivell sobre el futur del sector energ\u00e8tic [\/vc_column_text][\/vc_column][\/vc_row][vc_row][vc_column][vc_column_text]Organitzem seminaris i jornades de divulgaci\u00f3 i sensibilitzaci\u00f3 de forma presencial i online en format webinar. En aquests actes, es<span class=\"more-link\"><a href=\"https:\/\/www.fundacionnaturgy.org\/ca\/energia-i-medi-ambient-2\/seminaris-jornades-i-forums-tecnologics\/\">Llegir m\u00e9s<\/a><\/span><\/p>\n","protected":false},"author":1454,"featured_media":0,"parent":45306,"menu_order":0,"comment_status":"closed","ping_status":"closed","template":"templates\/full-width.php","meta":{"inline_featured_image":false},"categories":[],"acf":[],"_links":{"self":[{"href":"https:\/\/www.fundacionnaturgy.org\/ca\/wp-json\/wp\/v2\/pages\/73281"}],"collection":[{"href":"https:\/\/www.fundacionnaturgy.org\/ca\/wp-json\/wp\/v2\/pages"}],"about":[{"href":"https:\/\/www.fundacionnaturgy.org\/ca\/wp-json\/wp\/v2\/types\/page"}],"author":[{"embeddable":true,"href":"https:\/\/www.fundacionnaturgy.org\/ca\/wp-json\/wp\/v2\/users\/1454"}],"replies":[{"embeddable":true,"href":"https:\/\/www.fundacionnaturgy.org\/ca\/wp-json\/wp\/v2\/comments?post=73281"}],"version-history":[{"count":3,"href":"https:\/\/www.fundacionnaturgy.org\/ca\/wp-json\/wp\/v2\/pages\/73281\/revisions"}],"predecessor-version":[{"id":88526,"href":"https:\/\/www.fundacionnaturgy.org\/ca\/wp-json\/wp\/v2\/pages\/73281\/revisions\/88526"}],"up":[{"embeddable":true,"href":"https:\/\/www.fundacionnaturgy.org\/ca\/wp-json\/wp\/v2\/pages\/45306"}],"wp:attachment":[{"href":"https:\/\/www.fundacionnaturgy.org\/ca\/wp-json\/wp\/v2\/media?parent=73281"}],"wp:term":[{"taxonomy":"category","embeddable":true,"href":"https:\/\/www.fundacionnaturgy.org\/ca\/wp-json\/wp\/v2\/categories?post=73281"}],"curies":[{"name":"wp","href":"https:\/\/api.w.org\/{rel}","templated":true}]}}