{"id":73282,"date":"2020-04-29T19:12:44","date_gmt":"2020-04-29T17:12:44","guid":{"rendered":"https:\/\/www.fundacionnaturgy.org\/energia-i-medi-ambient-2\/publicacions\/"},"modified":"2021-12-14T14:11:16","modified_gmt":"2021-12-14T13:11:16","slug":"publicacions-2","status":"publish","type":"page","link":"https:\/\/www.fundacionnaturgy.org\/ca\/energia-i-medi-ambient-2\/publicacions-2\/","title":{"rendered":"Publicacions"},"content":{"rendered":"<p>[vc_row][vc_column]<div class=\"gnf-texto-destacado\" style=\"background-color:#edf0f1;border-color:#004165;\"><h4 style=\"color:#004165\">Els nostres llibres i informes al teu abast<\/h4>Editem\u00a0publicacions sobre temes d\u2019actualitat\u00a0relacionats\u00a0amb\u00a0l\u2019energia\u00a0i el medi\u00a0ambient, amb diferents nivells de profunditat i extensi\u00f3\u00a0en forma de llibres, informes i articles.\u00a0Totes les publicacions s\u00f3n accessibles de manera gratu\u00efta a trav\u00e9s del nostre\u00a0<strong>Centre de\u00a0Coneixement<\/strong>.<\/div>[vc_empty_space height=&#8221;48px&#8221;][vc_row_inner][vc_column_inner width=&#8221;1\/2&#8243;][vc_column_text]Tota la documentaci\u00f3 que generem\u00a0tracta sobre aspectes tecnol\u00f2gics, econ\u00f2mics, sociol\u00f2gics i ambientals referits a l\u2019evoluci\u00f3 recent de l\u2019energia en tot el seu cicle de vida (extracci\u00f3, transport, transformaci\u00f3, distribuci\u00f3 i consum),\u00a0i est\u00e0 basada en estudis i investigacions originals encarregats per la Fundaci\u00f3 Naturgy a destacats experts espanyols i internacionals en cada tema.<\/p>\n<p>Totes aquestes publicacions de la Fundaci\u00f3 passen a engrossir un Centre de Coneixement obert a tots els usuaris d\u2019aquest web.\u00a0Hi trobar\u00e0s una\u00a0gran varietat de tem\u00e0tiques del teu inter\u00e8s, entre les quals\u00a0destaquen les\u00a0seg\u00fcents:<\/p>\n<ul>\n<li>Qualitat de l\u2019aire<\/li>\n<li>Efici\u00e8ncia energ\u00e8tica<\/li>\n<li>Energia i transport<\/li>\n<li>Energies renovables<\/li>\n<li>Innovaci\u00f3 tecnol\u00f2gica<\/li>\n<li>Medi ambient<\/li>\n<li>Transici\u00f3 energ\u00e8tica<\/li>\n<\/ul>\n<p>[\/vc_column_text]<a class=\"gnf-boton oscuro left\" href=\"https:\/\/www.fundacionnaturgy.org\/ca\/centre-coneixement\/\" title=\"\" target=\"_self\">Accedeix<\/a>[\/vc_column_inner][vc_column_inner width=&#8221;1\/2&#8243;][vc_single_image image=&#8221;71584&#8243; img_size=&#8221;full&#8221; onclick=&#8221;custom_link&#8221; link=&#8221;http:\/\/https:\/\/www.fundacionnaturgy.org\/centro-conocimiento\/&#8221;][\/vc_column_inner][\/vc_row_inner][\/vc_column][\/vc_row][vc_row][vc_column][vc_empty_space][\/vc_column][\/vc_row]<\/p>\n","protected":false},"excerpt":{"rendered":"<p>[vc_row][vc_column][vc_empty_space height=&#8221;48px&#8221;][vc_row_inner][vc_column_inner width=&#8221;1\/2&#8243;][vc_column_text]Tota la documentaci\u00f3 que generem\u00a0tracta sobre aspectes tecnol\u00f2gics, econ\u00f2mics, sociol\u00f2gics i ambientals referits a l\u2019evoluci\u00f3 recent de l\u2019energia en tot el seu cicle de vida (extracci\u00f3, transport, transformaci\u00f3,<span class=\"more-link\"><a href=\"https:\/\/www.fundacionnaturgy.org\/ca\/energia-i-medi-ambient-2\/publicacions-2\/\">Llegir m\u00e9s<\/a><\/span><\/p>\n","protected":false},"author":1454,"featured_media":0,"parent":45306,"menu_order":0,"comment_status":"closed","ping_status":"closed","template":"templates\/full-width.php","meta":{"inline_featured_image":false},"categories":[],"acf":[],"_links":{"self":[{"href":"https:\/\/www.fundacionnaturgy.org\/ca\/wp-json\/wp\/v2\/pages\/73282"}],"collection":[{"href":"https:\/\/www.fundacionnaturgy.org\/ca\/wp-json\/wp\/v2\/pages"}],"about":[{"href":"https:\/\/www.fundacionnaturgy.org\/ca\/wp-json\/wp\/v2\/types\/page"}],"author":[{"embeddable":true,"href":"https:\/\/www.fundacionnaturgy.org\/ca\/wp-json\/wp\/v2\/users\/1454"}],"replies":[{"embeddable":true,"href":"https:\/\/www.fundacionnaturgy.org\/ca\/wp-json\/wp\/v2\/comments?post=73282"}],"version-history":[{"count":0,"href":"https:\/\/www.fundacionnaturgy.org\/ca\/wp-json\/wp\/v2\/pages\/73282\/revisions"}],"up":[{"embeddable":true,"href":"https:\/\/www.fundacionnaturgy.org\/ca\/wp-json\/wp\/v2\/pages\/45306"}],"wp:attachment":[{"href":"https:\/\/www.fundacionnaturgy.org\/ca\/wp-json\/wp\/v2\/media?parent=73282"}],"wp:term":[{"taxonomy":"category","embeddable":true,"href":"https:\/\/www.fundacionnaturgy.org\/ca\/wp-json\/wp\/v2\/categories?post=73282"}],"curies":[{"name":"wp","href":"https:\/\/api.w.org\/{rel}","templated":true}]}}