{"id":73283,"date":"2020-05-11T16:30:37","date_gmt":"2020-05-11T14:30:37","guid":{"rendered":"https:\/\/www.fundacionnaturgy.org\/educacio-divulgacio\/efigy-education\/recursos-efigy-education\/foment-de-les-vocacions-stem-i-orientacio\/"},"modified":"2024-10-11T15:49:01","modified_gmt":"2024-10-11T13:49:01","slug":"foment-de-les-vocacions-stem-i-orientacio","status":"publish","type":"page","link":"https:\/\/www.fundacionnaturgy.org\/ca\/educacio-divulgacio\/efigy-education\/recursos-efigy-education\/foment-de-les-vocacions-stem-i-orientacio\/","title":{"rendered":"Foment de les vocacions STEAM i orientaci\u00f3"},"content":{"rendered":"<p>[vc_row][vc_column]<div class=\"gnf-texto-destacado\" style=\"background-color:#edf0f1;border-color:#004165;\"><h4 style=\"color:#004165\"><\/h4>Fomentem el\u00a0<strong>desenvolupament\u00a0de les\u00a0vocacions tecnol\u00f2giques entre\u00a0alumnes de totes les\u00a0edats,<\/strong>\u00a0mitjan\u00e7ant\u00a0el desenvolupament d\u2019iniciatives\u00a0i programes\u00a0en els quals transmetem\u00a0els nostres coneixements\u00a0en l\u2019\u00e0mbit de l\u2019energia. Connectem el sistema educatiu i l\u2019experi\u00e8ncia laboral mitjan\u00e7ant <strong>estades formatives en empreses i institucions i jornades divulgatives.<\/strong><\/div>[vc_empty_space][vc_single_image image=&#8221;55524&#8243; img_size=&#8221;1000&#215;400&#8243;][\/vc_column][\/vc_row][vc_row][vc_column width=&#8221;2\/3&#8243;][vc_column_text]<\/p>\n<h4>Concurs: \u201cConeix un cient\u00edfic@\u201d<\/h4>\n<p>Iniciativa adre\u00e7ada a joves de 5\u00e8 i 6\u00e8 de prim\u00e0ria i 1r i 2n d\u2019ESO\u00a0en la qual\u00a0els\u00a0grups\u00a0escolars seleccionats tenen l\u2019oportunitat de conversar i entrevistar personalment un cient\u00edfic o expert destacat del pa\u00eds.<strong> M\u00e9s informaci\u00f3, <a href=\"\/?page_id=58034\">aqu\u00ed<\/a><\/strong>.<\/p>\n<h4>Programa d\u2019Alian\u00e7a\u00a0Magnet de la Fundaci\u00f3\u00a0Jaume\u00a0Bofill<\/h4>\n<p>Des del 2019, col\u00b7laborem amb el centre educatiu de la Generalitat de Catalunya, Escola Font Rosella de Sabadell (Barcelona), en el marc del programa d\u2019innovaci\u00f3 educativa Aliances Magnet. En l\u2019<strong>alian\u00e7a amb l\u2019Escola Font Rosella<\/strong>, la Fundaci\u00f3 Naturgy es compromet a <strong>transmetre els seus coneixements de formaci\u00f3 i divulgaci\u00f3 tecnol\u00f2gica en l\u2019\u00e0mbit de l\u2019energia amb l\u2019equip docent del centre<\/strong> per millorar la qualitat i la singularitat del projecte pedag\u00f2gic.\u00a0Magnet \u00e9s un programa de refer\u00e8ncia en l\u2019\u00e0mbit de la innovaci\u00f3 educativa, impulsat per la <strong>Fundaci\u00f3 Jaume Bofill, en col\u00b7laboraci\u00f3 amb el Departament d\u2019Ensenyament de la Generalitat de Catalunya, l\u2019Institut de Ci\u00e8ncies de l\u2019Educaci\u00f3 de la UAB i la Diputaci\u00f3 de Barcelona<\/strong>.[\/vc_column_text][vc_single_image image=&#8221;70244&#8243; img_size=&#8221;1000&#215;400&#8243;][vc_column_text]<\/p>\n<h4>Programa 4t d\u2019ESO i Empresa de la Comunitat de Madrid<\/h4>\n<p>Des del 2017, participem en el Programa 4t d\u2019ESO i Empresa de la <strong>Comunitat de Madrid, una iniciativa de la Direcci\u00f3 General d\u2019Educaci\u00f3 Infantil, Prim\u00e0ria i Secund\u00e0ria<\/strong>, en col\u00b7laboraci\u00f3 amb les cinc direccions d\u2019\u00c0rea Territorial, que tenen l\u2019objectiu d\u2019apropar el sistema educatiu i el m\u00f3n laboral mitjan\u00e7ant\u00a0<strong>estades educatives en empreses<\/strong> i institucions, en aquest\u00a0cas del\u00a0<strong>Grup\u00a0Naturgy<\/strong>,\u00a0perqu\u00e8 els\u00a0alumnes estiguin millor preparats per prendre decisions sobre el seu futur acad\u00e8mic i professional.<\/p>\n<h4>Projecte de Vida Professional (ProVP)<\/h4>\n<p>Aquest\u00a0programa,\u00a0impulsat per <strong>Barcelona Activa, el Consorci d\u2019Educaci\u00f3 de Barcelona, la Fundaci\u00f3 BCN Formaci\u00f3 Professional, FemCat i l\u2019\u00c0rea Metropolitana de Barcelona<\/strong>\u00a0t\u00e9 com a missi\u00f3 ser el principal instrument per a l\u2019<strong>orientaci\u00f3 i l\u2019educaci\u00f3 cap al treball de l\u2019alumnat de secund\u00e0ria obligat\u00f2ria i postobligat\u00f2ria de Barcelona<\/strong>.\u00a0Els participants en el programa assisteixen a una jornada a la seu del Grup Naturgy de Barcelona, amb l\u2019objectiu de fomentar les vocacions tecnol\u00f2giques i de donar a con\u00e8ixer els diferents perfils dels empleats de la companyia energ\u00e8tica.[\/vc_column_text][\/vc_column][vc_column width=&#8221;1\/3&#8243;]<div class=\"gnf-destacado-icono small-text-center medium-text-left row collapse\"><div class=\"gnf-destacado-icono__icono large-4 columns small-text-center medium-text-left \"><div class=\"icon-outer icon-style-default\" style=\"background-color:\"><span class=\"ico_info\"><\/span><\/div><\/div><div class=\"gnf-destacado-icono__texto large-8 columns\"><h4><\/h4>Per a m\u00e9s informaci\u00f3 sobre els nostres programes de foment de les\u00a0vocacions\u00a0STEAM\u00a0i orientaci\u00f3, contacta a trav\u00e9s del correu electr\u00f2nic <a href=\"mailto:educacionfundacion@naturgy.com\">educacionfundacion<\/a><a href=\"mailto:educacionfundacion@naturgy.com\">@naturgy.com<\/a>.<\/div><\/div>[\/vc_column][\/vc_row]<\/p>\n","protected":false},"excerpt":{"rendered":"<p>[vc_row][vc_column][vc_empty_space][vc_single_image image=&#8221;55524&#8243; img_size=&#8221;1000&#215;400&#8243;][\/vc_column][\/vc_row][vc_row][vc_column width=&#8221;2\/3&#8243;][vc_column_text] Concurs: \u201cConeix un cient\u00edfic@\u201d Iniciativa adre\u00e7ada a joves de 5\u00e8 i 6\u00e8 de prim\u00e0ria i 1r i 2n d\u2019ESO\u00a0en la qual\u00a0els\u00a0grups\u00a0escolars seleccionats tenen l\u2019oportunitat de conversar<span class=\"more-link\"><a href=\"https:\/\/www.fundacionnaturgy.org\/ca\/educacio-divulgacio\/efigy-education\/recursos-efigy-education\/foment-de-les-vocacions-stem-i-orientacio\/\">Llegir m\u00e9s<\/a><\/span><\/p>\n","protected":false},"author":1454,"featured_media":0,"parent":60382,"menu_order":0,"comment_status":"closed","ping_status":"closed","template":"templates\/full-width.php","meta":{"inline_featured_image":false},"categories":[],"acf":[],"_links":{"self":[{"href":"https:\/\/www.fundacionnaturgy.org\/ca\/wp-json\/wp\/v2\/pages\/73283"}],"collection":[{"href":"https:\/\/www.fundacionnaturgy.org\/ca\/wp-json\/wp\/v2\/pages"}],"about":[{"href":"https:\/\/www.fundacionnaturgy.org\/ca\/wp-json\/wp\/v2\/types\/page"}],"author":[{"embeddable":true,"href":"https:\/\/www.fundacionnaturgy.org\/ca\/wp-json\/wp\/v2\/users\/1454"}],"replies":[{"embeddable":true,"href":"https:\/\/www.fundacionnaturgy.org\/ca\/wp-json\/wp\/v2\/comments?post=73283"}],"version-history":[{"count":5,"href":"https:\/\/www.fundacionnaturgy.org\/ca\/wp-json\/wp\/v2\/pages\/73283\/revisions"}],"predecessor-version":[{"id":90747,"href":"https:\/\/www.fundacionnaturgy.org\/ca\/wp-json\/wp\/v2\/pages\/73283\/revisions\/90747"}],"up":[{"embeddable":true,"href":"https:\/\/www.fundacionnaturgy.org\/ca\/wp-json\/wp\/v2\/pages\/60382"}],"wp:attachment":[{"href":"https:\/\/www.fundacionnaturgy.org\/ca\/wp-json\/wp\/v2\/media?parent=73283"}],"wp:term":[{"taxonomy":"category","embeddable":true,"href":"https:\/\/www.fundacionnaturgy.org\/ca\/wp-json\/wp\/v2\/categories?post=73283"}],"curies":[{"name":"wp","href":"https:\/\/api.w.org\/{rel}","templated":true}]}}