{"id":73284,"date":"2020-05-11T16:40:01","date_gmt":"2020-05-11T14:40:01","guid":{"rendered":"https:\/\/www.fundacionnaturgy.org\/educacio-divulgacio\/efigy-education\/recursos-efigy-education\/energykits-i-maletins-bioclimatics\/"},"modified":"2024-04-29T12:25:14","modified_gmt":"2024-04-29T10:25:14","slug":"energykits-i-maletins-bioclimatics","status":"publish","type":"page","link":"https:\/\/www.fundacionnaturgy.org\/ca\/educacio-divulgacio\/efigy-education\/recursos-efigy-education\/energykits-i-maletins-bioclimatics\/","title":{"rendered":"Energykits i maletins bioclim\u00e0tics"},"content":{"rendered":"<p>[vc_row][vc_column]<div class=\"gnf-texto-destacado\" style=\"background-color:#edf0f1;border-color:#004165;\"><h4 style=\"color:#004165\"><\/h4>Oferim recursos did\u00e0ctics orientats a fomentar metodologies actives d\u2019aprenentatge en q\u00fcestions tan essencials per al futur com l\u2019efici\u00e8ncia energ\u00e8tica i el canvi clim\u00e0tic.<\/div>[vc_empty_space][vc_row_inner][vc_column_inner width=&#8221;2\/3&#8243;][vc_single_image image=&#8221;44920&#8243; img_size=&#8221;full&#8221;][\/vc_column_inner][vc_column_inner width=&#8221;1\/3&#8243;][vc_column_text]<\/p>\n<h4>Energykits<\/h4>\n<p><strong>Maletins adaptats<\/strong> a totes les etapes educatives que contenen els recursos did\u00e0ctics necessaris perqu\u00e8 l\u2019alumne treballi, de manera aut\u00f2noma i acompanyat pel docent, <strong>conceptes sobre energia, efici\u00e8ncia energ\u00e8tica, sostenibilitat i medi ambient<\/strong>.\u00a0Els maletins estan a disposici\u00f3, sota sol\u00b7licitud, per un per\u00edode m\u00e0xim d\u2019un mes. Aquest recurs did\u00e0ctic \u00e9s una proposta innovadora que fomenta la participaci\u00f3 activa de l\u2019alumne, que ha de treballar en diverses sessions per aconseguir el m\u00e0xim rendiment al seu treball. El docent que tutoritza el proc\u00e9s d\u2019aprenentatge rep assessorament per part del nostre equip educatiu.[\/vc_column_text][\/vc_column_inner][\/vc_row_inner][\/vc_column][\/vc_row][vc_row][vc_column width=&#8221;2\/3&#8243;][vc_column_text]<\/p>\n<h4><\/h4>\n<h4>Maletins bioclim\u00e0tics<\/h4>\n<p>Aquest programa facilita que l\u2019alumne assoleixi les compet\u00e8ncies b\u00e0siques de l\u2019\u00e0mbit tecnicocient\u00edfic, matem\u00e0tic i social, ja que <strong>promou la utilitzaci\u00f3, per part del professorat, d\u2019una metodologia activa<\/strong>, en la qual l\u2019alumne \u00e9s el protagonista del seu propi proc\u00e9s d\u2019aprenentatge, en q\u00fcestions tan significatives i rellevants socialment com el mix energ\u00e8tic, l\u2019efici\u00e8ncia energ\u00e8tica, el canvi clim\u00e0tic i la salut des d\u2019una \u00f2ptica experimental i vivencial.[\/vc_column_text][\/vc_column][vc_column width=&#8221;1\/3&#8243;]<div class=\"gnf-destacado-icono small-text-center medium-text-left row collapse\"><div class=\"gnf-destacado-icono__icono large-4 columns small-text-center medium-text-left \"><div class=\"icon-outer icon-style-default\" style=\"background-color:\"><span class=\"ico_info\"><\/span><\/div><\/div><div class=\"gnf-destacado-icono__texto large-8 columns\"><h4><\/h4>Si vols m\u00e9s informaci\u00f3 sobre els nostres programes de mentoria, posa\u2019t en contacte a trav\u00e9s del correu electr\u00f2nic a <a href=\"mailto:educacionfundacion@naturgy.com\">educacionfundacion<\/a><a href=\"mailto:educacionfundacion@naturgy.com\">@naturgy.com<\/a>.<\/div><\/div>[\/vc_column][\/vc_row]<\/p>\n","protected":false},"excerpt":{"rendered":"<p>[vc_row][vc_column][vc_empty_space][vc_row_inner][vc_column_inner width=&#8221;2\/3&#8243;][vc_single_image image=&#8221;44920&#8243; img_size=&#8221;full&#8221;][\/vc_column_inner][vc_column_inner width=&#8221;1\/3&#8243;][vc_column_text] Energykits Maletins adaptats a totes les etapes educatives que contenen els recursos did\u00e0ctics necessaris perqu\u00e8 l\u2019alumne treballi, de manera aut\u00f2noma i acompanyat pel docent, conceptes<span class=\"more-link\"><a href=\"https:\/\/www.fundacionnaturgy.org\/ca\/educacio-divulgacio\/efigy-education\/recursos-efigy-education\/energykits-i-maletins-bioclimatics\/\">Llegir m\u00e9s<\/a><\/span><\/p>\n","protected":false},"author":1454,"featured_media":0,"parent":60382,"menu_order":0,"comment_status":"closed","ping_status":"closed","template":"templates\/full-width.php","meta":{"inline_featured_image":false},"categories":[],"acf":[],"_links":{"self":[{"href":"https:\/\/www.fundacionnaturgy.org\/ca\/wp-json\/wp\/v2\/pages\/73284"}],"collection":[{"href":"https:\/\/www.fundacionnaturgy.org\/ca\/wp-json\/wp\/v2\/pages"}],"about":[{"href":"https:\/\/www.fundacionnaturgy.org\/ca\/wp-json\/wp\/v2\/types\/page"}],"author":[{"embeddable":true,"href":"https:\/\/www.fundacionnaturgy.org\/ca\/wp-json\/wp\/v2\/users\/1454"}],"replies":[{"embeddable":true,"href":"https:\/\/www.fundacionnaturgy.org\/ca\/wp-json\/wp\/v2\/comments?post=73284"}],"version-history":[{"count":2,"href":"https:\/\/www.fundacionnaturgy.org\/ca\/wp-json\/wp\/v2\/pages\/73284\/revisions"}],"predecessor-version":[{"id":89172,"href":"https:\/\/www.fundacionnaturgy.org\/ca\/wp-json\/wp\/v2\/pages\/73284\/revisions\/89172"}],"up":[{"embeddable":true,"href":"https:\/\/www.fundacionnaturgy.org\/ca\/wp-json\/wp\/v2\/pages\/60382"}],"wp:attachment":[{"href":"https:\/\/www.fundacionnaturgy.org\/ca\/wp-json\/wp\/v2\/media?parent=73284"}],"wp:term":[{"taxonomy":"category","embeddable":true,"href":"https:\/\/www.fundacionnaturgy.org\/ca\/wp-json\/wp\/v2\/categories?post=73284"}],"curies":[{"name":"wp","href":"https:\/\/api.w.org\/{rel}","templated":true}]}}