{"id":73285,"date":"2020-05-20T17:30:31","date_gmt":"2020-05-20T15:30:31","guid":{"rendered":"https:\/\/www.fundacionnaturgy.org\/educacio-divulgacio\/formacio-professional-per-a-locupabilitat\/"},"modified":"2026-03-30T12:08:24","modified_gmt":"2026-03-30T10:08:24","slug":"formacio-professional-per-a-locupabilitat","status":"publish","type":"page","link":"https:\/\/www.fundacionnaturgy.org\/ca\/educacio-divulgacio\/formacio-professional-per-a-locupabilitat\/","title":{"rendered":"Formaci\u00f3 Professional per a l\u2019Ocupabilitat"},"content":{"rendered":"<p>[vc_row][vc_column width=&#8221;1\/2&#8243;][vc_column_text]<\/p>\n<h2><strong>Millorem l&#8217;ocupabilitat i la formaci\u00f3 dels professionals del sector energ\u00e8tic<br \/>\n<\/strong><\/h2>\n<p>[\/vc_column_text][vc_column_text]El nostre programa formatiu proporciona\u00a0coneixements t\u00e8cnics actualitzats als futurs professionals\u00a0i dona a con\u00e8ixer els nous materials utilitzats en el sector. Els nostres cursos de formaci\u00f3 professional, en qualsevol de les seves modalitats, capaciten professionals per donar resposta a les necessitats del sector.[\/vc_column_text][\/vc_column][vc_column width=&#8221;1\/2&#8243;][vc_single_image image=&#8221;84719&#8243; img_size=&#8221;full&#8221;][\/vc_column][\/vc_row][vc_row][vc_column][vc_empty_space][\/vc_column][\/vc_row][vc_row][vc_column width=&#8221;1\/2&#8243;]<div class=\"gnf-destacado-img\"><a href=\"https:\/\/www.fundacionnaturgy.org\/ca\/educacio-divulgacio\/formacio-professional-per-a-locupabilitat\/formacio-professional-reglada\/\" title=\"\" target=\"_blank\"><figure class=\"gnf-destacado-img__imagen\"><img width=\"600\" height=\"400\" src=\"https:\/\/www.fundacionnaturgy.org\/wp-content\/uploads\/2023\/02\/f_cursos_disponibles.png\" class=\"attachment-full size-full\" alt=\"\" loading=\"lazy\" srcset=\"https:\/\/www.fundacionnaturgy.org\/wp-content\/uploads\/2023\/02\/f_cursos_disponibles.png 600w, https:\/\/www.fundacionnaturgy.org\/wp-content\/uploads\/2023\/02\/f_cursos_disponibles-300x200.png 300w, https:\/\/www.fundacionnaturgy.org\/wp-content\/uploads\/2023\/02\/f_cursos_disponibles-210x140.png 210w, https:\/\/www.fundacionnaturgy.org\/wp-content\/uploads\/2023\/02\/f_cursos_disponibles-220x148.png 220w, https:\/\/www.fundacionnaturgy.org\/wp-content\/uploads\/2023\/02\/f_cursos_disponibles-450x300.png 450w\" sizes=\"(max-width: 600px) 100vw, 600px\" \/><figcaption class=\"link bottom\" style=\"background: rgba(255,255,255,0.9);\"><h4 class=\"left\">Cursos disponibles<\/h4><\/figcaption><\/figure><\/a><div class=\"gnf-destacado-img__texto small-only-text-center\"><\/div><\/div>[\/vc_column][vc_column width=&#8221;1\/2&#8243;]<div class=\"gnf-destacado-img\"><a href=\"https:\/\/www.fundacionnaturgy.org\/ca\/educacio-divulgacio\/formacio-professional-per-a-locupabilitat\/cursos-de-formacio\/\" title=\"\" target=\"_blank\"><figure class=\"gnf-destacado-img__imagen\"><img width=\"668\" height=\"446\" src=\"https:\/\/www.fundacionnaturgy.org\/wp-content\/uploads\/2023\/02\/Infantil_Recursos_Efigy_Education.png\" class=\"attachment-full size-full\" alt=\"\" loading=\"lazy\" srcset=\"https:\/\/www.fundacionnaturgy.org\/wp-content\/uploads\/2023\/02\/Infantil_Recursos_Efigy_Education.png 668w, https:\/\/www.fundacionnaturgy.org\/wp-content\/uploads\/2023\/02\/Infantil_Recursos_Efigy_Education-300x200.png 300w, https:\/\/www.fundacionnaturgy.org\/wp-content\/uploads\/2023\/02\/Infantil_Recursos_Efigy_Education-210x140.png 210w, https:\/\/www.fundacionnaturgy.org\/wp-content\/uploads\/2023\/02\/Infantil_Recursos_Efigy_Education-220x148.png 220w, https:\/\/www.fundacionnaturgy.org\/wp-content\/uploads\/2023\/02\/Infantil_Recursos_Efigy_Education-450x300.png 450w, https:\/\/www.fundacionnaturgy.org\/wp-content\/uploads\/2023\/02\/Infantil_Recursos_Efigy_Education-600x401.png 600w\" sizes=\"(max-width: 668px) 100vw, 668px\" \/><figcaption class=\"link bottom\" style=\"background: rgba(255,255,255,0.9);\"><h4 class=\"left\">Cursos de formaci\u00f3<\/h4><\/figcaption><\/figure><\/a><div class=\"gnf-destacado-img__texto small-only-text-center\"><\/div><\/div>[\/vc_column][\/vc_row][vc_row][vc_column width=&#8221;1\/2&#8243;]<div class=\"gnf-destacado-img\"><a href=\"https:\/\/www.fundacionnaturgy.org\/ca\/educacio-divulgacio\/formacio-professional-per-a-locupabilitat\/formacio-continua\/\" title=\"\" target=\"_blank\"><figure class=\"gnf-destacado-img__imagen\"><img width=\"334\" height=\"223\" src=\"https:\/\/www.fundacionnaturgy.org\/wp-content\/uploads\/2023\/02\/f_cursos-e-learning.png\" class=\"attachment-full size-full\" alt=\"\" loading=\"lazy\" srcset=\"https:\/\/www.fundacionnaturgy.org\/wp-content\/uploads\/2023\/02\/f_cursos-e-learning.png 334w, https:\/\/www.fundacionnaturgy.org\/wp-content\/uploads\/2023\/02\/f_cursos-e-learning-300x200.png 300w, https:\/\/www.fundacionnaturgy.org\/wp-content\/uploads\/2023\/02\/f_cursos-e-learning-210x140.png 210w, https:\/\/www.fundacionnaturgy.org\/wp-content\/uploads\/2023\/02\/f_cursos-e-learning-220x148.png 220w\" sizes=\"(max-width: 334px) 100vw, 334px\" \/><figcaption class=\"link bottom\" style=\"background: rgba(255,255,255,0.9);\"><h4 class=\"left\">Cursos e-learning<\/h4><\/figcaption><\/figure><\/a><div class=\"gnf-destacado-img__texto small-only-text-center\"><\/div><\/div>[\/vc_column][vc_column width=&#8221;1\/2&#8243;]<div class=\"gnf-destacado-img\"><a href=\"https:\/\/www.fundacionnaturgy.org\/educacion-y-divulgacion\/formacion-profesional-para-la-empleabilidad\/coleccion-de-publicaciones-formativas-vocational-education-and-training-in-energy\/\" title=\"\" target=\"_blank\"><figure class=\"gnf-destacado-img__imagen\"><img width=\"668\" height=\"446\" src=\"https:\/\/www.fundacionnaturgy.org\/wp-content\/uploads\/2023\/02\/FP_Publicaciones.png\" class=\"attachment-full size-full\" alt=\"\" loading=\"lazy\" srcset=\"https:\/\/www.fundacionnaturgy.org\/wp-content\/uploads\/2023\/02\/FP_Publicaciones.png 668w, https:\/\/www.fundacionnaturgy.org\/wp-content\/uploads\/2023\/02\/FP_Publicaciones-300x200.png 300w, https:\/\/www.fundacionnaturgy.org\/wp-content\/uploads\/2023\/02\/FP_Publicaciones-210x140.png 210w, https:\/\/www.fundacionnaturgy.org\/wp-content\/uploads\/2023\/02\/FP_Publicaciones-220x148.png 220w, https:\/\/www.fundacionnaturgy.org\/wp-content\/uploads\/2023\/02\/FP_Publicaciones-450x300.png 450w, https:\/\/www.fundacionnaturgy.org\/wp-content\/uploads\/2023\/02\/FP_Publicaciones-600x401.png 600w\" sizes=\"(max-width: 668px) 100vw, 668px\" \/><figcaption class=\"link bottom\" style=\"background: rgba(255,255,255,0.9);\"><h4 class=\"left\">Publicacions<\/h4><\/figcaption><\/figure><\/a><div class=\"gnf-destacado-img__texto small-only-text-center\"><\/div><\/div>[\/vc_column][\/vc_row][vc_row][vc_column][vc_empty_space height=&#8221;64px&#8221;][\/vc_column][\/vc_row][vc_row][vc_column][vc_row_inner][vc_column_inner css=&#8221;.vc_custom_1650492784033{padding-top: 50px !important;padding-right: 30px !important;padding-bottom: 40px !important;padding-left: 30px !important;background-color: #bfb8ae !important;}&#8221;][vc_column_text]<\/p>\n<h2><strong>El programa de FP en xifres<\/strong><\/h2>\n<p>&nbsp;<\/p>\n<h3>M\u00e9s de 171.000 beneficiaris, entre professors, alumnes i professionals en formaci\u00f3 cont\u00ednua de tot Espanya, s\u2019han beneficiat dels nostres cursos de formaci\u00f3.<\/h3>\n<p>[\/vc_column_text][\/vc_column_inner][\/vc_row_inner][\/vc_column][\/vc_row][vc_row][vc_column][vc_empty_space][vc_images_carousel images=&#8221;85362,77662,88393&#8243; img_size=&#8221;full&#8221; speed=&#8221;3000&#8243; autoplay=&#8221;yes&#8221; wrap=&#8221;yes&#8221;][\/vc_column][\/vc_row][vc_row][vc_column][vc_empty_space][\/vc_column][\/vc_row][vc_row][vc_column][vc_column_text]<\/p>\n<h3><strong>Objetius del programa<\/strong><\/h3>\n<p>[\/vc_column_text][vc_row_inner][vc_column_inner width=&#8221;1\/2&#8243;][vc_column_text]<img loading=\"lazy\" class=\"size-full wp-image-84707 alignleft\" src=\"https:\/\/www.fundacionnaturgy.org\/wp-content\/uploads\/2023\/02\/Interfaz_22_check_tick_validar_completo.png\" alt=\"\" width=\"20\" height=\"20\" \/><strong>Detectar les necessitats<\/strong> del sector energ\u00e8tic en l\u2019\u00e0mbit de la formaci\u00f3 professional.<\/p>\n<p><img loading=\"lazy\" class=\"size-full wp-image-84707 alignleft\" src=\"https:\/\/www.fundacionnaturgy.org\/wp-content\/uploads\/2023\/02\/Interfaz_22_check_tick_validar_completo.png\" alt=\"\" width=\"20\" height=\"20\" \/><strong>Impulsar programes<\/strong> de formaci\u00f3 professional (inicial i per a l\u2019ocupaci\u00f3) per cobrir les necessitats detectades.<\/p>\n<p><img loading=\"lazy\" class=\"size-full wp-image-84707 alignleft\" src=\"https:\/\/www.fundacionnaturgy.org\/wp-content\/uploads\/2023\/02\/Interfaz_22_check_tick_validar_completo.png\" alt=\"\" width=\"20\" height=\"20\" \/><strong>Establir convenis de col\u00b7laboraci\u00f3 <\/strong>amb administracions i entitats relacionades.<\/p>\n<p><img loading=\"lazy\" class=\"size-full wp-image-84707 alignleft\" src=\"https:\/\/www.fundacionnaturgy.org\/wp-content\/uploads\/2023\/02\/Interfaz_22_check_tick_validar_completo.png\" alt=\"\" width=\"20\" height=\"20\" \/><strong>Seleccionar <\/strong>aquelles titulacions d\u2019FP m\u00e9s conformes a les oportunitats del territori objecte d\u2019actuaci\u00f3.<\/p>\n<p><img loading=\"lazy\" class=\"size-full wp-image-84707 alignleft\" src=\"https:\/\/www.fundacionnaturgy.org\/wp-content\/uploads\/2023\/02\/Interfaz_22_check_tick_validar_completo.png\" alt=\"\" width=\"20\" height=\"20\" \/><strong>Actualizar o adaptar algunes de las titulacions<\/strong> al objetiu del programa.[\/vc_column_text][\/vc_column_inner][vc_column_inner width=&#8221;1\/2&#8243;][vc_column_text]<img loading=\"lazy\" class=\"size-full wp-image-84707 alignleft\" src=\"https:\/\/www.fundacionnaturgy.org\/wp-content\/uploads\/2023\/02\/Interfaz_22_check_tick_validar_completo.png\" alt=\"\" width=\"20\" height=\"20\" \/><strong>Cerca de suport<\/strong> d\u2019entitats i empreses de refer\u00e8ncia en el sector per a l\u2019impuls del programa.<\/p>\n<p><img loading=\"lazy\" class=\"size-full wp-image-84707 alignleft\" src=\"https:\/\/www.fundacionnaturgy.org\/wp-content\/uploads\/2023\/02\/Interfaz_22_check_tick_validar_completo.png\" alt=\"\" width=\"20\" height=\"20\" \/><strong>Acord i validaci\u00f3 del programa<\/strong> per part de les Administracions competents.<\/p>\n<p><img loading=\"lazy\" class=\"size-full wp-image-84707 alignleft\" src=\"https:\/\/www.fundacionnaturgy.org\/wp-content\/uploads\/2023\/02\/Interfaz_22_check_tick_validar_completo.png\" alt=\"\" width=\"20\" height=\"20\" \/><strong>Formaci\u00f3 de formadors<\/strong>, aix\u00ed com cessi\u00f3 d\u2019 equipamient, per a facilitar las pr\u00e0cticas en el centre.[\/vc_column_text][\/vc_column_inner][\/vc_row_inner][vc_column_text]<\/p>\n<h3 style=\"text-align: left;\"><strong>Convenis de col\u00b7laboraci\u00f3<\/strong><\/h3>\n<p>[\/vc_column_text][vc_column_text]<\/p>\n<ul>\n<li>Conselleria de Desenvolupament Educatiu i Formaci\u00f3 Professional de la Junta d Andalusia.<\/li>\n<li>Conselleria d\u2019Educaci\u00f3, Cultura i Esports de la Junta de Castella-la Manxa.<\/li>\n<li>Conselleria d\u2019Educaci\u00f3 de la Generalitat de Catalunya.<\/li>\n<li>Conselleria dEducaci\u00f3, Ci\u00e8ncia i Formaci\u00f3 Professional de la Junta d&#8217;Extremadura.<\/li>\n<li>Conselleria d\u2019Educaci\u00f3, Universitat i Formaci\u00f3 Professional de la Xunta de Galicia.<\/li>\n<li>Conselleria d\u2019Educaci\u00f3 i Joventut de la Comunitat Aut\u00f2noma de Madrid.<\/li>\n<li>Conselleria d\u2019Educaci\u00f3, Cultura i Esport de la Generalitat Valenciana.<\/li>\n<li>Col\u00b7legi d\u00b4Arquitectes de Catalunya (COAC).<\/li>\n<li>Universitat Oberta de Catalunya.<\/li>\n<li>Servei P\u00fablic d&#8217;Ocupaci\u00f3 Estatal.<\/li>\n<li>Alian\u00e7a per la Formaci\u00f3 Professional &#8211; TodoFP | Ministeri d&#8217;Educaci\u00f3 i Formaci\u00f3 Professional.<\/li>\n<\/ul>\n<p>[\/vc_column_text][\/vc_column][\/vc_row][vc_row][vc_column][vc_empty_space][\/vc_column][\/vc_row][vc_row][vc_column][vc_column_text]<\/p>\n<h3><strong>Qu\u00e8 diuen de nosaltres?<\/strong><\/h3>\n<p>[\/vc_column_text][vc_row_inner][vc_column_inner width=&#8221;1\/2&#8243;][vc_video link=&#8221;https:\/\/www.youtube.com\/watch?v=qJJvfrK-WqM&#8221;][\/vc_column_inner][vc_column_inner width=&#8221;1\/2&#8243;][\/vc_column_inner][\/vc_row_inner][\/vc_column][\/vc_row][vc_row][vc_column][vc_empty_space][\/vc_column][\/vc_row][vc_row css=&#8221;.vc_custom_1650491318106{border-top-width: 1px !important;border-right-width: 1px !important;border-bottom-width: 1px !important;border-left-width: 1px !important;border-left-color: #e5ecf1 !important;border-left-style: solid !important;border-right-color: #e5ecf1 !important;border-right-style: solid !important;border-top-color: #e5ecf1 !important;border-top-style: solid !important;border-bottom-color: #e5ecf1 !important;border-bottom-style: solid !important;border-radius: 1px !important;}&#8221;][vc_column width=&#8221;1\/4&#8243;][vc_single_image image=&#8221;81496&#8243; img_size=&#8221;full&#8221; alignment=&#8221;right&#8221;][\/vc_column][vc_column width=&#8221;3\/4&#8243;][vc_column_text]<\/p>\n<h4><strong>M\u00e9s informaci\u00f3<\/strong><\/h4>\n<p>Contacta amb nosaltres a trav\u00e9s\u00a0de l&#8217;adre\u00e7a electr\u00f2nica\u00a0<strong><a href=\"mailto:fp_fundacion@naturgy.com\">fp_fundacion@naturgy.com<\/a>.<\/strong>[\/vc_column_text][\/vc_column][\/vc_row]<\/p>\n","protected":false},"excerpt":{"rendered":"<p>[vc_row][vc_column width=&#8221;1\/2&#8243;][vc_column_text] Millorem l&#8217;ocupabilitat i la formaci\u00f3 dels professionals del sector energ\u00e8tic [\/vc_column_text][vc_column_text]El nostre programa formatiu proporciona\u00a0coneixements t\u00e8cnics actualitzats als futurs professionals\u00a0i dona a con\u00e8ixer els nous materials utilitzats en<span class=\"more-link\"><a href=\"https:\/\/www.fundacionnaturgy.org\/ca\/educacio-divulgacio\/formacio-professional-per-a-locupabilitat\/\">Llegir m\u00e9s<\/a><\/span><\/p>\n","protected":false},"author":1454,"featured_media":0,"parent":45308,"menu_order":0,"comment_status":"closed","ping_status":"closed","template":"templates\/full-width.php","meta":{"inline_featured_image":false},"categories":[],"acf":[],"_links":{"self":[{"href":"https:\/\/www.fundacionnaturgy.org\/ca\/wp-json\/wp\/v2\/pages\/73285"}],"collection":[{"href":"https:\/\/www.fundacionnaturgy.org\/ca\/wp-json\/wp\/v2\/pages"}],"about":[{"href":"https:\/\/www.fundacionnaturgy.org\/ca\/wp-json\/wp\/v2\/types\/page"}],"author":[{"embeddable":true,"href":"https:\/\/www.fundacionnaturgy.org\/ca\/wp-json\/wp\/v2\/users\/1454"}],"replies":[{"embeddable":true,"href":"https:\/\/www.fundacionnaturgy.org\/ca\/wp-json\/wp\/v2\/comments?post=73285"}],"version-history":[{"count":13,"href":"https:\/\/www.fundacionnaturgy.org\/ca\/wp-json\/wp\/v2\/pages\/73285\/revisions"}],"predecessor-version":[{"id":95146,"href":"https:\/\/www.fundacionnaturgy.org\/ca\/wp-json\/wp\/v2\/pages\/73285\/revisions\/95146"}],"up":[{"embeddable":true,"href":"https:\/\/www.fundacionnaturgy.org\/ca\/wp-json\/wp\/v2\/pages\/45308"}],"wp:attachment":[{"href":"https:\/\/www.fundacionnaturgy.org\/ca\/wp-json\/wp\/v2\/media?parent=73285"}],"wp:term":[{"taxonomy":"category","embeddable":true,"href":"https:\/\/www.fundacionnaturgy.org\/ca\/wp-json\/wp\/v2\/categories?post=73285"}],"curies":[{"name":"wp","href":"https:\/\/api.w.org\/{rel}","templated":true}]}}