{"id":73286,"date":"2020-05-20T17:41:00","date_gmt":"2020-05-20T15:41:00","guid":{"rendered":"https:\/\/www.fundacionnaturgy.org\/educacio-divulgacio\/formacio-professional-per-a-locupabilitat\/formacio-professional-en-gas-natural-vehicular\/"},"modified":"2024-04-29T11:02:09","modified_gmt":"2024-04-29T09:02:09","slug":"formacio-professional-en-gas-natural-vehicular","status":"publish","type":"page","link":"https:\/\/www.fundacionnaturgy.org\/ca\/educacio-divulgacio\/formacio-professional-per-a-locupabilitat\/formacio-professional-en-gas-natural-vehicular\/","title":{"rendered":"Formaci\u00f3 professional en Mobilitat sostenible"},"content":{"rendered":"<p>[vc_row][vc_column width=&#8221;1\/2&#8243;][vc_single_image image=&#8221;84818&#8243; img_size=&#8221;full&#8221;][\/vc_column][vc_column width=&#8221;1\/2&#8243;][vc_column_text]Les <strong>empreses<\/strong> del sector que realitzen el disseny, les adaptacions o el manteniment dels vehicles que utilitzen el gas natural vehicular (GNV) com a combustible necessiten personal format en aquestes noves compet\u00e8ncies. La <strong>formaci\u00f3 <\/strong><strong>professional<\/strong>, en qualsevol de les seves modalitats, pot capacitar <strong>professionals <\/strong>en GNV per donar resposta a la necessitat del <strong>sector<\/strong>.<\/p>\n<h4><\/h4>\n<p>[\/vc_column_text][\/vc_column][\/vc_row][vc_row][vc_column width=&#8221;1\/2&#8243;][vc_column_text]<\/p>\n<h3>Continguts<\/h3>\n<ul>\n<li>Generalitats i funcionament d\u2019un vehicle de gas.<\/li>\n<li>Descripci\u00f3 del sistema i components del circuit.<\/li>\n<li>Diagnosi i avaries.<\/li>\n<li>C\u00e0rrega i desc\u00e0rrega de combustible.<\/li>\n<li>Normativa referent al treball i el manteniment de vehicles de gas.<\/li>\n<\/ul>\n<p>[\/vc_column_text][\/vc_column][vc_column width=&#8221;1\/2&#8243;][vc_column_text]<\/p>\n<h3>Equipaments\u00a0cedits<\/h3>\n<p>Per complementar la formaci\u00f3, proporcionem els materials t\u00e8cnics seg\u00fcents:<\/p>\n<ul>\n<li>Material did\u00e0ctic utilitzat en la formaci\u00f3, amb continguts t\u00e8cnics i exercicis resolts que es poden aplicar directament en les sessions d\u2019aula.<\/li>\n<li>Cessi\u00f3 d\u2019equipaments did\u00e0ctics que estan directament relacionats amb el gas natural vehicular.<\/li>\n<li>Equips t\u00e8cnics per a l\u2019aprenentatge pr\u00e0ctic a l\u2019aula.<\/li>\n<\/ul>\n<p>[\/vc_column_text][\/vc_column][\/vc_row][vc_row][vc_column width=&#8221;1\/2&#8243;][vc_column_text]<\/p>\n<h3>Fam\u00edlies\u00a0professionals\u00a0i formacions<\/h3>\n<p>Una de les fam\u00edlies professionals en qu\u00e8 s\u2019organitza la formaci\u00f3 professional \u00e9s la de <strong>Transport i manteniment de vehicles<\/strong>, dins de la qual podem trobar diferents cicles formatius i certificats de professionalitat que tracten sobre el manteniment de vehicles, \u00e0mbit en el qual es desitja actuar. Alguns s\u00f3n:<\/p>\n<ul>\n<li>Cicle Formatiu de Grau Mitj\u00e0 d\u2019Electromec\u00e0nica de Vehicles Autom\u00f2bils.<\/li>\n<li>Cicle Formatiu de Grau Superior d\u2019Automoci\u00f3.<\/li>\n<li>Certificat de professionalitat de manteniment del motor i els seus sistemes auxiliars (nivell 3).<\/li>\n<li>Operacions auxiliars de manteniment en electromec\u00e0nica de vehicles (nivell 1).<\/li>\n<\/ul>\n<p>[\/vc_column_text][\/vc_column][vc_column width=&#8221;1\/2&#8243;][vc_column_text]<\/p>\n<h3>Centres d\u2019FP participants en el programa<\/h3>\n<ul>\n<li><a href=\"http:\/\/www.inslaguineueta.cat\/\">Institut La Guineueta<\/a>, Barcelona (Catalunya).<\/li>\n<li><a href=\"http:\/\/www2.lamerce.com\/\">Institut Mare de D\u00e9u de la Merc\u00e8<\/a>, Barcelona (Catalunya).<\/li>\n<li><a href=\"http:\/\/institutperemartell.cat\/\">Institut Pere Martell<\/a>, Tarragona (Catalunya).<\/li>\n<li><a href=\"http:\/\/iescaparrella.cat\/\">Institut Caparrella<\/a>, Lleida (Catalunya).<\/li>\n<li><a href=\"https:\/\/www.institutmontilivi.cat\/\">Institut Montilivi<\/a>, Girona (Catalunya).<\/li>\n<li><a href=\"https:\/\/efa-centro.org\/efa-moratalaz\/\">EFA Moratalaz<\/a>, Manzanares (Castella-la Manxa).<\/li>\n<li><a href=\"http:\/\/ies-aguasvivas.centros.castillalamancha.es\/\">IES Aguas Vivas<\/a>, Guadalajara (Castella-la Manxa).<\/li>\n<li><a href=\"http:\/\/ieslapoveda.es\/\">IES La Poveda<\/a>, Arganda del Rey (Comunitat de Madrid).<\/li>\n<li><a href=\"https:\/\/www.politecnicodesantiago.es\/\">CIFP Polit\u00e8cnic de Santiago<\/a>, Santiago de Compostel\u00b7la (Gal\u00edcia).<\/li>\n<li><a href=\"http:\/\/institutofaitanar.edu.gva.es\/\">CIPFP Faitanar<\/a>, Quart de Poblet (Comunitat Valenciana).<\/li>\n<\/ul>\n<p>[\/vc_column_text][\/vc_column][\/vc_row][vc_row][vc_column width=&#8221;1\/2&#8243;][vc_column_text]<\/p>\n<h3>Agents\u00a0col\u00b7laboradors<\/h3>\n<p><a href=\"https:\/\/www.seat.es\/\" target=\"_blank\" rel=\"noopener\">SEAT<\/a>, <a href=\"https:\/\/www.scania.com\/es\/es\/home.html\" target=\"_blank\" rel=\"noopener\">SCANIA<\/a>.[\/vc_column_text][\/vc_column][vc_column width=&#8221;1\/2&#8243;]<div class=\"gnf-destacado-icono small-text-center medium-text-left row collapse\"><div class=\"gnf-destacado-icono__icono large-4 columns small-text-center medium-text-left \"><div class=\"icon-outer icon-style-default\" style=\"background-color:\"><span class=\"ico_info\"><\/span><\/div><\/div><div class=\"gnf-destacado-icono__texto large-8 columns\"><h4><\/h4><\/p>\n<h4>M\u00e9s informaci\u00f3 i peticions:<\/h4>\n<p>Si est\u00e0s interessat en el nostre programa\u00a0de formaci\u00f3 professional, ens pots contactar per:<\/p>\n<p>Correu electr\u00f2nic: <a href=\"mailto:FP_fundacion @naturgy.com\">FP_fundacion<\/a><a href=\"mailto:FP_fundacion @naturgy.com\">@naturgy.com<\/a><\/p>\n<p><\/div><\/div>[\/vc_column][\/vc_row]<\/p>\n","protected":false},"excerpt":{"rendered":"<p>[vc_row][vc_column width=&#8221;1\/2&#8243;][vc_single_image image=&#8221;84818&#8243; img_size=&#8221;full&#8221;][\/vc_column][vc_column width=&#8221;1\/2&#8243;][vc_column_text]Les empreses del sector que realitzen el disseny, les adaptacions o el manteniment dels vehicles que utilitzen el gas natural vehicular (GNV) com a combustible necessiten<span class=\"more-link\"><a href=\"https:\/\/www.fundacionnaturgy.org\/ca\/educacio-divulgacio\/formacio-professional-per-a-locupabilitat\/formacio-professional-en-gas-natural-vehicular\/\">Llegir m\u00e9s<\/a><\/span><\/p>\n","protected":false},"author":1454,"featured_media":0,"parent":73285,"menu_order":0,"comment_status":"closed","ping_status":"closed","template":"templates\/full-width.php","meta":{"inline_featured_image":false},"categories":[],"acf":[],"_links":{"self":[{"href":"https:\/\/www.fundacionnaturgy.org\/ca\/wp-json\/wp\/v2\/pages\/73286"}],"collection":[{"href":"https:\/\/www.fundacionnaturgy.org\/ca\/wp-json\/wp\/v2\/pages"}],"about":[{"href":"https:\/\/www.fundacionnaturgy.org\/ca\/wp-json\/wp\/v2\/types\/page"}],"author":[{"embeddable":true,"href":"https:\/\/www.fundacionnaturgy.org\/ca\/wp-json\/wp\/v2\/users\/1454"}],"replies":[{"embeddable":true,"href":"https:\/\/www.fundacionnaturgy.org\/ca\/wp-json\/wp\/v2\/comments?post=73286"}],"version-history":[{"count":1,"href":"https:\/\/www.fundacionnaturgy.org\/ca\/wp-json\/wp\/v2\/pages\/73286\/revisions"}],"predecessor-version":[{"id":89139,"href":"https:\/\/www.fundacionnaturgy.org\/ca\/wp-json\/wp\/v2\/pages\/73286\/revisions\/89139"}],"up":[{"embeddable":true,"href":"https:\/\/www.fundacionnaturgy.org\/ca\/wp-json\/wp\/v2\/pages\/73285"}],"wp:attachment":[{"href":"https:\/\/www.fundacionnaturgy.org\/ca\/wp-json\/wp\/v2\/media?parent=73286"}],"wp:term":[{"taxonomy":"category","embeddable":true,"href":"https:\/\/www.fundacionnaturgy.org\/ca\/wp-json\/wp\/v2\/categories?post=73286"}],"curies":[{"name":"wp","href":"https:\/\/api.w.org\/{rel}","templated":true}]}}