{"id":73287,"date":"2020-05-20T18:30:42","date_gmt":"2020-05-20T16:30:42","guid":{"rendered":"https:\/\/www.fundacionnaturgy.org\/educacio-divulgacio\/formacio-professional-per-a-locupabilitat\/formacio-professional-en-edificacio-i-rehabilitacio-sostenible\/"},"modified":"2024-04-29T11:38:10","modified_gmt":"2024-04-29T09:38:10","slug":"formacio-professional-en-edificacio-i-rehabilitacio-sostenible","status":"publish","type":"page","link":"https:\/\/www.fundacionnaturgy.org\/ca\/educacio-divulgacio\/formacio-professional-per-a-locupabilitat\/formacio-professional-en-edificacio-i-rehabilitacio-sostenible\/","title":{"rendered":"Formaci\u00f3 professional en edificaci\u00f3 i rehabilitaci\u00f3 sostenible"},"content":{"rendered":"<p>[vc_row][vc_column width=&#8221;1\/2&#8243;][vc_single_image image=&#8221;84777&#8243; img_size=&#8221;full&#8221;][\/vc_column][vc_column width=&#8221;1\/2&#8243;][vc_column_text]Les <strong>empreses <\/strong>del sector de l\u2019edificaci\u00f3 i la rehabilitaci\u00f3 sostenible necessiten professionals formats en aquestes noves compet\u00e8ncies. La <strong>formaci\u00f3 professional<\/strong>, en qualsevol de les seves modalitats, capacita <strong>professionals<\/strong> per donar resposta a la necessitat del <strong>sector<\/strong>. La rehabilitaci\u00f3 energ\u00e8tica d\u2019edificis \u00e9s un dels pilars del Pacte Verd Europeu i del Pla nacional integrat d\u2019energia i clima.[\/vc_column_text][\/vc_column][\/vc_row][vc_row][vc_column width=&#8221;1\/2&#8243;][vc_column_text]<\/p>\n<h3>Continguts<\/h3>\n<ul>\n<li>L\u2019edifici com a globalitat. El futur de la construcci\u00f3: Sostenible, saludable, segura, social, <em>smart<\/em>. Gesti\u00f3 integrada als edificis.<\/li>\n<li>Certificacions energ\u00e8tiques.<\/li>\n<li>Noves eines de disseny.<\/li>\n<li>Seguretat i salut a les obres.<\/li>\n<li>Visites guiades a obres i fabricants de materials relacionats.<\/li>\n<\/ul>\n<p>[\/vc_column_text][\/vc_column][vc_column width=&#8221;1\/2&#8243;][vc_column_text]<\/p>\n<h3>Equipaments\u00a0cedits<\/h3>\n<p>Per complementar la formaci\u00f3, proporcionem els materials t\u00e8cnics seg\u00fcents:<\/p>\n<ul>\n<li>Material did\u00e0ctic utilitzat en la formaci\u00f3, amb continguts t\u00e8cnics i exercicis resolts que es poden aplicar directament en les sessions d\u2019aula.<\/li>\n<li>Cessi\u00f3 d\u2019equipaments did\u00e0ctics que estan directament relacionats amb la sostenibilitat en l\u2019edificaci\u00f3 i la rehabilitaci\u00f3.<\/li>\n<li>Visites pr\u00e0ctiques.<\/li>\n<li>Equips t\u00e8cnics necessaris per a l\u2019aprenentatge pr\u00e0ctic a l\u2019aula.<\/li>\n<\/ul>\n<p>[\/vc_column_text][\/vc_column][\/vc_row][vc_row][vc_column width=&#8221;1\/2&#8243;][vc_column_text]<\/p>\n<h3>Fam\u00edlies\u00a0professionals\u00a0i formacions<\/h3>\n<p>Una de les fam\u00edlies professionals en qu\u00e8 s\u2019organitza la formaci\u00f3 professional \u00e9s la de <strong>Edificaci\u00f3 i obra civil<\/strong>, dins de la qual podem trobar diferents cicles formatius i certificats de professionalitat, que tracten sobre l\u2019\u00e0mbit en qu\u00e8 es desitja actuar. Alguns s\u00f3n:<\/p>\n<ul>\n<li>Cicle Formatiu de Grau Superior de Projectes d\u2019Edificaci\u00f3.<\/li>\n<li>Cicle Formatiu de Grau Superior de Projectes d\u2019Edificaci\u00f3, perfil professional Rehabilitaci\u00f3 i Restauraci\u00f3.<\/li>\n<li>Cicle Formatiu de Grau Superior d\u2019Organitzaci\u00f3 i Control d\u2019Obres de Construcci\u00f3.<\/li>\n<li>Cicle Formatiu de Grau Mitj\u00e0 de Construcci\u00f3.<\/li>\n<li>Cicle Formatiu de Grau Mitj\u00e0 d\u2019Obres d\u2019Interior, Decoraci\u00f3 i Rehabilitaci\u00f3.<\/li>\n<li>Certificat de professionalitat de control de projectes i obres de construcci\u00f3 (nivell 3).<\/li>\n<li>Certificat de professionalitat de control d\u2019execuci\u00f3 d\u2019obres d\u2019edificaci\u00f3 (nivell 3).<\/li>\n<li>Certificat de professionalitat de representaci\u00f3 de projectes d\u2019edificaci\u00f3 (nivell 3).<\/li>\n<li>Certificat de professionalitat d\u2019instal\u00b7laci\u00f3 de sistemes t\u00e8cnics de paviments, emplafonaments i mampares (nivell 2).<\/li>\n<\/ul>\n<p>Hi ha formacions d\u2019altres fam\u00edlies professionals, com les d\u2019<strong>Instal\u00b7laci\u00f3 i manteniment, Energia i aigua, Electricitat i electr\u00f2nica<\/strong>, que tenen aspectes que encaixen amb l\u2019\u00e0mbit d\u2019actuaci\u00f3, per la qual cosa es poden desenvolupar continguts adaptats.[\/vc_column_text][\/vc_column][vc_column width=&#8221;1\/2&#8243;][vc_column_text]<\/p>\n<h4>Agents col\u00b7laboradors<\/h4>\n<p><a href=\"https:\/\/www.arquitectes.cat\/\">COAC<\/a>, <a href=\"http:\/\/www.escolasert.com\/es\">Escola Sert<\/a>\u00a0i associacions de constructores de diferents\u00a0comunitats aut\u00f2nomes.[\/vc_column_text]<div class=\"gnf-destacado-icono small-text-center medium-text-left row collapse\"><div class=\"gnf-destacado-icono__icono large-4 columns small-text-center medium-text-left \"><div class=\"icon-outer icon-style-default\" style=\"background-color:\"><span class=\"ico_info\"><\/span><\/div><\/div><div class=\"gnf-destacado-icono__texto large-8 columns\"><h4><\/h4><\/p>\n<h4>M\u00e1s informaci\u00f3n y peticiones:<\/h4>\n<p>Si est\u00e1s interesado en nuestro programa\u00a0de Formaci\u00f3n Profesional, nos puedes contactar por:<\/p>\n<p>Correo\u00a0electr\u00f3nico: <a href=\"mailto:FP_fundacion@naturgy.com\" target=\"_blank\" rel=\"noopener\">FP_fundacion<\/a><a href=\"mailto:FP_fundacion@naturgy.com\"><br \/>\n@naturgy.com<\/a><\/div><\/div>[vc_empty_space][\/vc_column][\/vc_row][vc_row][vc_column width=&#8221;1\/2&#8243;][\/vc_column][vc_column width=&#8221;1\/2&#8243;][\/vc_column][\/vc_row]<\/p>\n","protected":false},"excerpt":{"rendered":"<p>[vc_row][vc_column width=&#8221;1\/2&#8243;][vc_single_image image=&#8221;84777&#8243; img_size=&#8221;full&#8221;][\/vc_column][vc_column width=&#8221;1\/2&#8243;][vc_column_text]Les empreses del sector de l\u2019edificaci\u00f3 i la rehabilitaci\u00f3 sostenible necessiten professionals formats en aquestes noves compet\u00e8ncies. La formaci\u00f3 professional, en qualsevol de les seves modalitats,<span class=\"more-link\"><a href=\"https:\/\/www.fundacionnaturgy.org\/ca\/educacio-divulgacio\/formacio-professional-per-a-locupabilitat\/formacio-professional-en-edificacio-i-rehabilitacio-sostenible\/\">Llegir m\u00e9s<\/a><\/span><\/p>\n","protected":false},"author":1454,"featured_media":0,"parent":73285,"menu_order":0,"comment_status":"closed","ping_status":"closed","template":"templates\/full-width.php","meta":{"inline_featured_image":false},"categories":[],"acf":[],"_links":{"self":[{"href":"https:\/\/www.fundacionnaturgy.org\/ca\/wp-json\/wp\/v2\/pages\/73287"}],"collection":[{"href":"https:\/\/www.fundacionnaturgy.org\/ca\/wp-json\/wp\/v2\/pages"}],"about":[{"href":"https:\/\/www.fundacionnaturgy.org\/ca\/wp-json\/wp\/v2\/types\/page"}],"author":[{"embeddable":true,"href":"https:\/\/www.fundacionnaturgy.org\/ca\/wp-json\/wp\/v2\/users\/1454"}],"replies":[{"embeddable":true,"href":"https:\/\/www.fundacionnaturgy.org\/ca\/wp-json\/wp\/v2\/comments?post=73287"}],"version-history":[{"count":1,"href":"https:\/\/www.fundacionnaturgy.org\/ca\/wp-json\/wp\/v2\/pages\/73287\/revisions"}],"predecessor-version":[{"id":89148,"href":"https:\/\/www.fundacionnaturgy.org\/ca\/wp-json\/wp\/v2\/pages\/73287\/revisions\/89148"}],"up":[{"embeddable":true,"href":"https:\/\/www.fundacionnaturgy.org\/ca\/wp-json\/wp\/v2\/pages\/73285"}],"wp:attachment":[{"href":"https:\/\/www.fundacionnaturgy.org\/ca\/wp-json\/wp\/v2\/media?parent=73287"}],"wp:term":[{"taxonomy":"category","embeddable":true,"href":"https:\/\/www.fundacionnaturgy.org\/ca\/wp-json\/wp\/v2\/categories?post=73287"}],"curies":[{"name":"wp","href":"https:\/\/api.w.org\/{rel}","templated":true}]}}