{"id":73288,"date":"2020-05-20T18:36:04","date_gmt":"2020-05-20T16:36:04","guid":{"rendered":"https:\/\/www.fundacionnaturgy.org\/educacio-divulgacio\/formacio-professional-per-a-locupabilitat\/formacio-professional-en-gas-renovable\/"},"modified":"2024-04-29T11:33:54","modified_gmt":"2024-04-29T09:33:54","slug":"formacio-professional-en-gas-renovable","status":"publish","type":"page","link":"https:\/\/www.fundacionnaturgy.org\/ca\/educacio-divulgacio\/formacio-professional-per-a-locupabilitat\/formacio-professional-en-gas-renovable\/","title":{"rendered":"Formaci\u00f3 professional en gas renovable"},"content":{"rendered":"<p>[vc_row][vc_column width=&#8221;1\/2&#8243;][vc_single_image image=&#8221;84789&#8243; img_size=&#8221;full&#8221;][\/vc_column][vc_column width=&#8221;1\/2&#8243;][vc_column_text]El gas\u00a0renovable \u00e9s un combustible renovable considerat neutre en emissions CO2. El sector energ\u00e8tic ha de sensibilitzar i potenciar aquesta mena de combustibles. Es requereixen professionals formats en el gas renovable i la seva producci\u00f3, com a vector de l\u2019economia circular al sector.[\/vc_column_text][\/vc_column][\/vc_row][vc_row][vc_column width=&#8221;1\/2&#8243;][vc_column_text]<\/p>\n<h3>Continguts<\/h3>\n<ul>\n<li>Introducci\u00f3 al biog\u00e0s.<\/li>\n<li>Tecnologies per a la producci\u00f3 de gas renovable.<\/li>\n<li>Paper en l\u2019economia circular i marc regulador.<\/li>\n<li>Visites guiades a plantes de biog\u00e0s.<\/li>\n<\/ul>\n<p>[\/vc_column_text][\/vc_column][vc_column width=&#8221;1\/2&#8243;][vc_column_text]<\/p>\n<h3>Equipaments\u00a0cedits<\/h3>\n<p>Per complementar la formaci\u00f3, proporcionem els materials t\u00e8cnics seg\u00fcents:<\/p>\n<ul>\n<li>Material did\u00e0ctic utilitzat en la formaci\u00f3, amb continguts t\u00e8cnics i exercicis resolts que es poden aplicar directament en les sessions d\u2019aula.<\/li>\n<li>Visites pr\u00e0ctiques.<\/li>\n<\/ul>\n<p>[\/vc_column_text][\/vc_column][\/vc_row][vc_row][vc_column width=&#8221;1\/2&#8243;][vc_column_text]<\/p>\n<h3>Fam\u00edlies\u00a0professionals\u00a0i formacions<\/h3>\n<p>L\u2019adquisici\u00f3 de coneixements sobre el gas renovable \u00e9s transversal a diferents fam\u00edlies professionals, entre d\u2019altres: <strong>Qu\u00edmica, Energia i aigua, Instal\u00b7laci\u00f3 i manteniment, Agr\u00e0ria<\/strong>, dins de les quals podem trobar diferents cicles formatius i certificats de professionalitat. Alguns s\u00f3n:<\/p>\n<ul>\n<li>Fam\u00edlia\u00a0d\u2019energia\u00a0i aigua:Cicle Formatiu de Grau Superior d\u2019Energies Renovables.<\/li>\n<li>Fam\u00edlia de qu\u00edmica:Cicle Formatiu de Grau Superior de Qu\u00edmica Ambiental.<\/li>\n<\/ul>\n<p>[\/vc_column_text][\/vc_column][vc_column width=&#8221;1\/2&#8243;]<div class=\"gnf-destacado-icono small-text-center medium-text-left row collapse\"><div class=\"gnf-destacado-icono__icono large-4 columns small-text-center medium-text-left \"><div class=\"icon-outer icon-style-default\" style=\"background-color:\"><span class=\"ico_info\"><\/span><\/div><\/div><div class=\"gnf-destacado-icono__texto large-8 columns\"><h4><\/h4><\/p>\n<h4>M\u00e9s informaci\u00f3 i peticions:<\/h4>\n<p>Si est\u00e0s interessat en el nostre programa\u00a0de formaci\u00f3 professional, pots contactar amb nosaltres per:<\/p>\n<p>Adre\u00e7a electr\u00f2nica:\u00a0<a href=\"FP_fundacion@naturgy.com\">FP_fundacion<br \/>\n@naturgy.com<\/a><\/div><\/div>[\/vc_column][\/vc_row][vc_row][vc_column width=&#8221;1\/2&#8243;][\/vc_column][vc_column width=&#8221;1\/2&#8243;][\/vc_column][\/vc_row]<\/p>\n","protected":false},"excerpt":{"rendered":"<p>[vc_row][vc_column width=&#8221;1\/2&#8243;][vc_single_image image=&#8221;84789&#8243; img_size=&#8221;full&#8221;][\/vc_column][vc_column width=&#8221;1\/2&#8243;][vc_column_text]El gas\u00a0renovable \u00e9s un combustible renovable considerat neutre en emissions CO2. El sector energ\u00e8tic ha de sensibilitzar i potenciar aquesta mena de combustibles. Es requereixen professionals<span class=\"more-link\"><a href=\"https:\/\/www.fundacionnaturgy.org\/ca\/educacio-divulgacio\/formacio-professional-per-a-locupabilitat\/formacio-professional-en-gas-renovable\/\">Llegir m\u00e9s<\/a><\/span><\/p>\n","protected":false},"author":1454,"featured_media":0,"parent":73285,"menu_order":0,"comment_status":"closed","ping_status":"closed","template":"templates\/full-width.php","meta":{"inline_featured_image":false},"categories":[],"acf":[],"_links":{"self":[{"href":"https:\/\/www.fundacionnaturgy.org\/ca\/wp-json\/wp\/v2\/pages\/73288"}],"collection":[{"href":"https:\/\/www.fundacionnaturgy.org\/ca\/wp-json\/wp\/v2\/pages"}],"about":[{"href":"https:\/\/www.fundacionnaturgy.org\/ca\/wp-json\/wp\/v2\/types\/page"}],"author":[{"embeddable":true,"href":"https:\/\/www.fundacionnaturgy.org\/ca\/wp-json\/wp\/v2\/users\/1454"}],"replies":[{"embeddable":true,"href":"https:\/\/www.fundacionnaturgy.org\/ca\/wp-json\/wp\/v2\/comments?post=73288"}],"version-history":[{"count":1,"href":"https:\/\/www.fundacionnaturgy.org\/ca\/wp-json\/wp\/v2\/pages\/73288\/revisions"}],"predecessor-version":[{"id":89141,"href":"https:\/\/www.fundacionnaturgy.org\/ca\/wp-json\/wp\/v2\/pages\/73288\/revisions\/89141"}],"up":[{"embeddable":true,"href":"https:\/\/www.fundacionnaturgy.org\/ca\/wp-json\/wp\/v2\/pages\/73285"}],"wp:attachment":[{"href":"https:\/\/www.fundacionnaturgy.org\/ca\/wp-json\/wp\/v2\/media?parent=73288"}],"wp:term":[{"taxonomy":"category","embeddable":true,"href":"https:\/\/www.fundacionnaturgy.org\/ca\/wp-json\/wp\/v2\/categories?post=73288"}],"curies":[{"name":"wp","href":"https:\/\/api.w.org\/{rel}","templated":true}]}}