{"id":73289,"date":"2020-05-22T09:49:02","date_gmt":"2020-05-22T07:49:02","guid":{"rendered":"https:\/\/www.fundacionnaturgy.org\/accio-social\/voluntariat-ambiental\/"},"modified":"2022-09-15T17:04:57","modified_gmt":"2022-09-15T15:04:57","slug":"voluntariat-ambiental","status":"publish","type":"page","link":"https:\/\/www.fundacionnaturgy.org\/ca\/accio-social\/voluntariat\/voluntariat-ambiental\/","title":{"rendered":"Voluntariat ambiental"},"content":{"rendered":"<p>[vc_row][vc_column][vc_column_text]<\/p>\n<h2><strong>Participem activament en la millora del medi ambient<\/strong><\/h2>\n<p>[\/vc_column_text][vc_column_text]El voluntariat ambiental \u00e9s una iniciativa d\u2019acci\u00f3 social impulsada per la Fundaci\u00f3 Naturgy a fi de contribuir a la conservaci\u00f3 del capital natural i la biodiversitat dels nostres espais naturals, a trav\u00e9s de jornades de treball dels empleats de Naturgy, acompanyats de les seves fam\u00edlies.[\/vc_column_text][\/vc_column][\/vc_row][vc_row][vc_column][vc_images_carousel images=&#8221;72389,72386,72383,72380,69222,56552,56555,56564,56567,56576&#8243; img_size=&#8221;full&#8221; onclick=&#8221;link_no&#8221; speed=&#8221;3000&#8243; autoplay=&#8221;yes&#8221; wrap=&#8221;yes&#8221;][\/vc_column][\/vc_row][vc_row][vc_column][vc_empty_space][\/vc_column][\/vc_row][vc_row][vc_column width=&#8221;1\/3&#8243;][vc_column_text css=&#8221;.vc_custom_1663254033928{padding-top: 50px !important;padding-bottom: 50px !important;background-color: #e57200 !important;}&#8221;]<\/p>\n<h4 style=\"text-align: center;\"><strong><span style=\"color: #ffffff;\">2014<\/span><\/strong><\/h4>\n<h4 style=\"text-align: center;\"><span style=\"color: #ffffff;\">Inici del programa<\/span><\/h4>\n<p>[\/vc_column_text][\/vc_column][vc_column width=&#8221;1\/3&#8243;][vc_column_text css=&#8221;.vc_custom_1663254053562{padding-top: 50px !important;padding-bottom: 50px !important;background-color: #e57200 !important;}&#8221;]<\/p>\n<h4 style=\"text-align: center;\"><span style=\"color: #ffffff;\"><strong>41<\/strong><\/span><\/h4>\n<h4 style=\"text-align: center;\"><span style=\"color: #ffffff;\">Jornades realitzades<\/span><\/h4>\n<p>[\/vc_column_text][\/vc_column][vc_column width=&#8221;1\/3&#8243;][vc_column_text css=&#8221;.vc_custom_1663254066465{padding-top: 50px !important;padding-bottom: 50px !important;background-color: #e57200 !important;}&#8221;]<\/p>\n<h4 style=\"text-align: center;\"><strong><span style=\"color: #ffffff;\">1.157<\/span><\/strong><\/h4>\n<h4 style=\"text-align: center;\"><span style=\"color: #ffffff;\">Voluntaris participants<\/span><\/h4>\n<p>[\/vc_column_text][\/vc_column][\/vc_row][vc_row][vc_column width=&#8221;1\/3&#8243;][vc_column_text css=&#8221;.vc_custom_1663254456407{padding-top: 50px !important;padding-bottom: 50px !important;background-color: #e57200 !important;}&#8221;]<\/p>\n<h4 style=\"text-align: center;\"><strong><span style=\"color: #ffffff;\">5.773<\/span><\/strong><\/h4>\n<h4 style=\"text-align: center;\"><span style=\"color: #ffffff;\">Hores invertides<\/span><\/h4>\n<p>[\/vc_column_text][\/vc_column][vc_column width=&#8221;1\/3&#8243;][vc_column_text css=&#8221;.vc_custom_1663254130146{padding-top: 50px !important;padding-bottom: 50px !important;background-color: #e57200 !important;}&#8221;]<\/p>\n<h4 style=\"text-align: center;\"><strong><span style=\"color: #ffffff;\">31<\/span><\/strong><\/h4>\n<h4 style=\"text-align: center;\"><span style=\"color: #ffffff;\">Espais naturals<\/span><\/h4>\n<p>[\/vc_column_text][\/vc_column][vc_column width=&#8221;1\/3&#8243;][vc_column_text css=&#8221;.vc_custom_1663254147344{padding-top: 50px !important;padding-bottom: 50px !important;background-color: #e57200 !important;}&#8221;]<\/p>\n<h4 style=\"text-align: center;\"><strong><span style=\"color: #ffffff;\">15 camps de futbol<\/span><\/strong><\/h4>\n<h4 style=\"text-align: center;\"><span style=\"color: #ffffff;\">Superf\u00edcie restaurada<\/span><\/h4>\n<p>[\/vc_column_text][\/vc_column][\/vc_row][vc_row][vc_column][vc_empty_space][\/vc_column][\/vc_row][vc_row][vc_column width=&#8221;2\/3&#8243;][vc_single_image image=&#8221;72246&#8243; img_size=&#8221;full&#8221;][\/vc_column][vc_column width=&#8221;1\/3&#8243;][vc_column_text]Des del\u00a02014, a Espanya\u00a0s\u2019han\u00a0realitzat <strong>41 activitats<\/strong> repartides\u00a0en 7 comunitats aut\u00f2nomes. Algun dels enclavaments\u00a0amb\u00a0alt\u00a0valor\u00a0natural\u00a0s\u00f3n:<\/p>\n<ul>\n<li>Laguna de Fuente del Rey (Andalusia)<\/li>\n<li>Reserva de la Biosfera La Mancha H\u00fameda (Castella-la Manxa)<\/li>\n<li>Espai natural Hoces de Vegacervera\u00a0(Castella\u00a0i Lle\u00f3)<\/li>\n<li>Muntanya de Viladecans\u00a0(Catalunya)<\/li>\n<li>Espai Natural Delta del Llobregat\u00a0(Catalunya)<\/li>\n<li>Parc Natural del Garraf\u00a0(Catalunya)<\/li>\n<li>Llac de Meirama\u00a0(Gal\u00edcia)<\/li>\n<li>Fragas\u00a0do Mandeo\u00a0(Gal\u00edcia)<\/li>\n<li>Parc Nacional de la Serra de Guadarrama\u00a0(Madrid)<\/li>\n<li>Entorn de Meaques-Retamares\u00a0(Madrid)<\/li>\n<li>Parque Regional del Sureste\u00a0(Madrid)<\/li>\n<li>Parc Natural de l\u2019Albufera\u00a0(Val\u00e8ncia)<\/li>\n<\/ul>\n<p>[\/vc_column_text][\/vc_column][\/vc_row][vc_row][vc_column][vc_empty_space][\/vc_column][\/vc_row]<\/p>\n","protected":false},"excerpt":{"rendered":"<p>[vc_row][vc_column][vc_column_text] Participem activament en la millora del medi ambient [\/vc_column_text][vc_column_text]El voluntariat ambiental \u00e9s una iniciativa d\u2019acci\u00f3 social impulsada per la Fundaci\u00f3 Naturgy a fi de contribuir a la conservaci\u00f3 del<span class=\"more-link\"><a href=\"https:\/\/www.fundacionnaturgy.org\/ca\/accio-social\/voluntariat\/voluntariat-ambiental\/\">Llegir m\u00e9s<\/a><\/span><\/p>\n","protected":false},"author":1454,"featured_media":0,"parent":83467,"menu_order":0,"comment_status":"closed","ping_status":"closed","template":"templates\/full-width.php","meta":{"inline_featured_image":false},"categories":[],"acf":[],"_links":{"self":[{"href":"https:\/\/www.fundacionnaturgy.org\/ca\/wp-json\/wp\/v2\/pages\/73289"}],"collection":[{"href":"https:\/\/www.fundacionnaturgy.org\/ca\/wp-json\/wp\/v2\/pages"}],"about":[{"href":"https:\/\/www.fundacionnaturgy.org\/ca\/wp-json\/wp\/v2\/types\/page"}],"author":[{"embeddable":true,"href":"https:\/\/www.fundacionnaturgy.org\/ca\/wp-json\/wp\/v2\/users\/1454"}],"replies":[{"embeddable":true,"href":"https:\/\/www.fundacionnaturgy.org\/ca\/wp-json\/wp\/v2\/comments?post=73289"}],"version-history":[{"count":0,"href":"https:\/\/www.fundacionnaturgy.org\/ca\/wp-json\/wp\/v2\/pages\/73289\/revisions"}],"up":[{"embeddable":true,"href":"https:\/\/www.fundacionnaturgy.org\/ca\/wp-json\/wp\/v2\/pages\/83467"}],"wp:attachment":[{"href":"https:\/\/www.fundacionnaturgy.org\/ca\/wp-json\/wp\/v2\/media?parent=73289"}],"wp:term":[{"taxonomy":"category","embeddable":true,"href":"https:\/\/www.fundacionnaturgy.org\/ca\/wp-json\/wp\/v2\/categories?post=73289"}],"curies":[{"name":"wp","href":"https:\/\/api.w.org\/{rel}","templated":true}]}}