{"id":73290,"date":"2020-05-25T19:11:56","date_gmt":"2020-05-25T17:11:56","guid":{"rendered":"https:\/\/www.fundacionnaturgy.org\/educacio-divulgacio\/efigy-education\/recursos-efigy-education\/materials-per-a-laula\/"},"modified":"2021-01-18T12:38:50","modified_gmt":"2021-01-18T11:38:50","slug":"materials-per-a-laula","status":"publish","type":"page","link":"https:\/\/www.fundacionnaturgy.org\/ca\/educacio-divulgacio\/efigy-education\/recursos-efigy-education\/materials-per-a-laula\/","title":{"rendered":"Materials per a l\u2019aula"},"content":{"rendered":"<p>[vc_row][vc_column]<div class=\"gnf-texto-destacado\" style=\"background-color:#edf0f1;border-color:#004165;\"><h4 style=\"color:#004165\"><\/h4>Cedim materials did\u00e0ctics per treballar a l\u2019aula, orientats a fomentar metodologies actives\u00a0d\u2019aprenentatge\u00a0en q\u00fcestions\u00a0tan essencials per al futur\u00a0com l\u2019efici\u00e8ncia energ\u00e8tica, el canvi clim\u00e0tic i la transici\u00f3 energ\u00e8tica.<\/div>[vc_empty_space][vc_row_inner][vc_column_inner width=&#8221;1\/2&#8243;]<div class=\"gnf-destacado-img\"><a href=\"https:\/\/www.fundacionnaturgy.org\/ca\/educacio-divulgacio\/efigy-education\/recursos-efigy-education\/maletes-viatgeres\/\" title=\"\" target=\"_self\"><figure class=\"gnf-destacado-img__imagen\"><img width=\"1000\" height=\"667\" src=\"https:\/\/www.fundacionnaturgy.org\/wp-content\/uploads\/2018\/06\/maletas-viajeras-empleados3.png\" class=\"attachment-full size-full\" alt=\"\" loading=\"lazy\" srcset=\"https:\/\/www.fundacionnaturgy.org\/wp-content\/uploads\/2018\/06\/maletas-viajeras-empleados3.png 1000w, https:\/\/www.fundacionnaturgy.org\/wp-content\/uploads\/2018\/06\/maletas-viajeras-empleados3-300x200.png 300w, https:\/\/www.fundacionnaturgy.org\/wp-content\/uploads\/2018\/06\/maletas-viajeras-empleados3-768x512.png 768w, https:\/\/www.fundacionnaturgy.org\/wp-content\/uploads\/2018\/06\/maletas-viajeras-empleados3-210x140.png 210w, https:\/\/www.fundacionnaturgy.org\/wp-content\/uploads\/2018\/06\/maletas-viajeras-empleados3-220x148.png 220w, https:\/\/www.fundacionnaturgy.org\/wp-content\/uploads\/2018\/06\/maletas-viajeras-empleados3-450x300.png 450w\" sizes=\"(max-width: 1000px) 100vw, 1000px\" \/><figcaption class=\"link bottom\" style=\"background: rgba(255,255,255,0.9);\"><h4 class=\"left\">Maletes viatgeres<\/h4><\/figcaption><\/figure><\/a><div class=\"gnf-destacado-img__texto small-only-text-center\"><\/div><\/div>[\/vc_column_inner][vc_column_inner width=&#8221;1\/2&#8243;]<div class=\"gnf-destacado-img\"><a href=\"https:\/\/www.fundacionnaturgy.org\/ca\/educacio-divulgacio\/efigy-education\/recursos-efigy-education\/energykits-i-maletins-bioclimatics\/\" title=\"\" target=\"_self\"><figure class=\"gnf-destacado-img__imagen\"><img width=\"1000\" height=\"667\" src=\"https:\/\/www.fundacionnaturgy.org\/wp-content\/uploads\/2018\/06\/energykits-maletas.jpg\" class=\"attachment-full size-full\" alt=\"\" loading=\"lazy\" srcset=\"https:\/\/www.fundacionnaturgy.org\/wp-content\/uploads\/2018\/06\/energykits-maletas.jpg 1000w, https:\/\/www.fundacionnaturgy.org\/wp-content\/uploads\/2018\/06\/energykits-maletas-300x200.jpg 300w, https:\/\/www.fundacionnaturgy.org\/wp-content\/uploads\/2018\/06\/energykits-maletas-768x512.jpg 768w, https:\/\/www.fundacionnaturgy.org\/wp-content\/uploads\/2018\/06\/energykits-maletas-210x140.jpg 210w, https:\/\/www.fundacionnaturgy.org\/wp-content\/uploads\/2018\/06\/energykits-maletas-220x148.jpg 220w, https:\/\/www.fundacionnaturgy.org\/wp-content\/uploads\/2018\/06\/energykits-maletas-450x300.jpg 450w\" sizes=\"(max-width: 1000px) 100vw, 1000px\" \/><figcaption class=\"link bottom\" style=\"background: rgba(255,255,255,0.9);\"><h4 class=\"left\">Energykits i maletins bioclim\u00e0tics<\/h4><\/figcaption><\/figure><\/a><div class=\"gnf-destacado-img__texto small-only-text-center\"><\/div><\/div>[\/vc_column_inner][\/vc_row_inner][\/vc_column][\/vc_row]<\/p>\n","protected":false},"excerpt":{"rendered":"<p>[vc_row][vc_column][vc_empty_space][vc_row_inner][vc_column_inner width=&#8221;1\/2&#8243;][\/vc_column_inner][vc_column_inner width=&#8221;1\/2&#8243;][\/vc_column_inner][\/vc_row_inner][\/vc_column][\/vc_row]<\/p>\n","protected":false},"author":1454,"featured_media":0,"parent":60382,"menu_order":0,"comment_status":"closed","ping_status":"closed","template":"templates\/full-width.php","meta":{"inline_featured_image":false},"categories":[],"acf":[],"_links":{"self":[{"href":"https:\/\/www.fundacionnaturgy.org\/ca\/wp-json\/wp\/v2\/pages\/73290"}],"collection":[{"href":"https:\/\/www.fundacionnaturgy.org\/ca\/wp-json\/wp\/v2\/pages"}],"about":[{"href":"https:\/\/www.fundacionnaturgy.org\/ca\/wp-json\/wp\/v2\/types\/page"}],"author":[{"embeddable":true,"href":"https:\/\/www.fundacionnaturgy.org\/ca\/wp-json\/wp\/v2\/users\/1454"}],"replies":[{"embeddable":true,"href":"https:\/\/www.fundacionnaturgy.org\/ca\/wp-json\/wp\/v2\/comments?post=73290"}],"version-history":[{"count":0,"href":"https:\/\/www.fundacionnaturgy.org\/ca\/wp-json\/wp\/v2\/pages\/73290\/revisions"}],"up":[{"embeddable":true,"href":"https:\/\/www.fundacionnaturgy.org\/ca\/wp-json\/wp\/v2\/pages\/60382"}],"wp:attachment":[{"href":"https:\/\/www.fundacionnaturgy.org\/ca\/wp-json\/wp\/v2\/media?parent=73290"}],"wp:term":[{"taxonomy":"category","embeddable":true,"href":"https:\/\/www.fundacionnaturgy.org\/ca\/wp-json\/wp\/v2\/categories?post=73290"}],"curies":[{"name":"wp","href":"https:\/\/api.w.org\/{rel}","templated":true}]}}