{"id":73291,"date":"2020-06-09T09:55:25","date_gmt":"2020-06-09T07:55:25","guid":{"rendered":"https:\/\/www.fundacionnaturgy.org\/educacio-divulgacio\/formacio-professional-per-a-locupabilitat\/formacio-professional-en-vulnerabilitat-energetica-com-ajudar-a-pal%c2%b7liar-la-pobresa-energetica\/"},"modified":"2024-04-29T11:36:07","modified_gmt":"2024-04-29T09:36:07","slug":"formacio-professional-en-assessor-energetic-com-ajudar-a-pal%c2%b7liar-la-pobresa-energetica","status":"publish","type":"page","link":"https:\/\/www.fundacionnaturgy.org\/ca\/educacio-divulgacio\/formacio-professional-per-a-locupabilitat\/formacio-professional-en-assessor-energetic-com-ajudar-a-pal%c2%b7liar-la-pobresa-energetica\/","title":{"rendered":"Formaci\u00f3 professional en Assessor energ\u00e8tic en entorns vulnerables. Com ajudar a pal\u00b7liar la pobresa energ\u00e8tica"},"content":{"rendered":"<p>[vc_row][vc_column width=&#8221;1\/2&#8243;][vc_single_image image=&#8221;84798&#8243; img_size=&#8221;full&#8221;][\/vc_column][vc_column width=&#8221;1\/2&#8243;][vc_column_text]Mitjan\u00e7ant formaci\u00f3 pr\u00e0ctica, aprendr\u00e0s a detectar casos de pobresa energ\u00e8tica amb l\u2019objectiu d\u2019intentar mitigar-la. Adquirir\u00e0s coneixements en mat\u00e8ria de rehabilitaci\u00f3 expr\u00e9s d\u2019habitatges en situaci\u00f3 de risc, aix\u00ed com mesures per afavorir l\u2019efici\u00e8ncia energ\u00e8tica com a estrat\u00e8gia principal per suavitzar la pobresa energ\u00e8tica. Finalment, el curs et facilitar\u00e0 coneixements sobre ajudes en mat\u00e8ria de vulnerabilitat energ\u00e8tica i contractes socials de subministrament d\u2019energia.[\/vc_column_text][\/vc_column][\/vc_row][vc_row][vc_column width=&#8221;1\/2&#8243;][vc_column_text]<\/p>\n<h3>Continguts<\/h3>\n<p>El curs ofereix una visi\u00f3 nova sobre el fenomen social de la vulnerabilitat energ\u00e8tica en el context dels pa\u00efsos occidentals i, particularment, d\u2019Espanya. En el marc de l\u2019Estrat\u00e8gia nacional contra la pobresa energ\u00e8tica, Espanya ha de desenvolupar accions per reduir la vulnerabilitat energ\u00e8tica, com a situaci\u00f3 en la qual es troba una casa on no poden ser satisfetes les necessitats b\u00e0siques de subministraments d\u2019energia com a conseq\u00fc\u00e8ncia d\u2019un nivell d\u2019ingressos insuficients i que, si s\u2019escau, es pot veure agreujada per disposar d\u2019un habitatge ineficient en energia.[\/vc_column_text][\/vc_column][vc_column width=&#8221;1\/2&#8243;][vc_column_text]<\/p>\n<h3>Equipaments\u00a0cedits<\/h3>\n<p>Per complementar la formaci\u00f3, proporcionem els materials t\u00e8cnics seg\u00fcents:<\/p>\n<ul>\n<li>Equip est\u00e0ndard d\u2019efici\u00e8ncia energ\u00e8tica (llums LED, rivets per a portes i finestres, pin\u00e7a amperim\u00e8trica, regleta, a\u00efllant per a radiador, aerador per a aixeta, etc.).<\/li>\n<li>Material did\u00e0ctic utilitzat en la formaci\u00f3, amb continguts t\u00e8cnics i fitxes pr\u00e0ctiques que es poden aplicar directament en les sessions d\u2019aula.<\/li>\n<li>Durant el curs escolar, es podran organitzar xerrades adre\u00e7ades a alumnes amb l\u2019Escola d\u2019Energia sobre l\u2019\u00fas eficient de l\u2019energia a casa.<\/li>\n<\/ul>\n<p>[\/vc_column_text][\/vc_column][\/vc_row][vc_row][vc_column width=&#8221;1\/2&#8243;][vc_column_text]<\/p>\n<h3>Fam\u00edlies\u00a0professionals\u00a0i formacions<\/h3>\n<p>L\u2019adquisici\u00f3 de coneixements sobre vulnerabilitat energ\u00e8tica est\u00e0 destinada a la fam\u00edlia professional \u201cServeis socioculturals i a la comunitat\u201d, especialment als formadors del Cicle Formatiu de Grau Superior d\u2019Integraci\u00f3 Social.<\/p>\n<p>[\/vc_column_text][\/vc_column][vc_column width=&#8221;1\/2&#8243;]<div class=\"gnf-destacado-icono small-text-center medium-text-left row collapse\"><div class=\"gnf-destacado-icono__icono large-4 columns small-text-center medium-text-left \"><div class=\"icon-outer icon-style-default\" style=\"background-color:\"><span class=\"ico_info\"><\/span><\/div><\/div><div class=\"gnf-destacado-icono__texto large-8 columns\"><h4><\/h4><\/p>\n<h4>M\u00e9s informaci\u00f3 i peticions:<\/h4>\n<p>Si est\u00e0s interessat en el nostre programa\u00a0de formaci\u00f3 professional, pots contactar amb nosaltres per:<\/p>\n<p>Adre\u00e7a electr\u00f2nica:\u00a0<a href=\"FP_fundacion@naturgy.com\">FP_fundacion<br \/>\n@naturgy.com<\/a><\/div><\/div>[\/vc_column][\/vc_row][vc_row][vc_column width=&#8221;1\/2&#8243;][\/vc_column][vc_column width=&#8221;1\/2&#8243;][\/vc_column][\/vc_row]<\/p>\n","protected":false},"excerpt":{"rendered":"<p>[vc_row][vc_column width=&#8221;1\/2&#8243;][vc_single_image image=&#8221;84798&#8243; img_size=&#8221;full&#8221;][\/vc_column][vc_column width=&#8221;1\/2&#8243;][vc_column_text]Mitjan\u00e7ant formaci\u00f3 pr\u00e0ctica, aprendr\u00e0s a detectar casos de pobresa energ\u00e8tica amb l\u2019objectiu d\u2019intentar mitigar-la. Adquirir\u00e0s coneixements en mat\u00e8ria de rehabilitaci\u00f3 expr\u00e9s d\u2019habitatges en situaci\u00f3 de risc,<span class=\"more-link\"><a href=\"https:\/\/www.fundacionnaturgy.org\/ca\/educacio-divulgacio\/formacio-professional-per-a-locupabilitat\/formacio-professional-en-assessor-energetic-com-ajudar-a-pal%c2%b7liar-la-pobresa-energetica\/\">Llegir m\u00e9s<\/a><\/span><\/p>\n","protected":false},"author":1454,"featured_media":0,"parent":73285,"menu_order":0,"comment_status":"closed","ping_status":"closed","template":"templates\/full-width.php","meta":{"inline_featured_image":false},"categories":[],"acf":[],"_links":{"self":[{"href":"https:\/\/www.fundacionnaturgy.org\/ca\/wp-json\/wp\/v2\/pages\/73291"}],"collection":[{"href":"https:\/\/www.fundacionnaturgy.org\/ca\/wp-json\/wp\/v2\/pages"}],"about":[{"href":"https:\/\/www.fundacionnaturgy.org\/ca\/wp-json\/wp\/v2\/types\/page"}],"author":[{"embeddable":true,"href":"https:\/\/www.fundacionnaturgy.org\/ca\/wp-json\/wp\/v2\/users\/1454"}],"replies":[{"embeddable":true,"href":"https:\/\/www.fundacionnaturgy.org\/ca\/wp-json\/wp\/v2\/comments?post=73291"}],"version-history":[{"count":1,"href":"https:\/\/www.fundacionnaturgy.org\/ca\/wp-json\/wp\/v2\/pages\/73291\/revisions"}],"predecessor-version":[{"id":89144,"href":"https:\/\/www.fundacionnaturgy.org\/ca\/wp-json\/wp\/v2\/pages\/73291\/revisions\/89144"}],"up":[{"embeddable":true,"href":"https:\/\/www.fundacionnaturgy.org\/ca\/wp-json\/wp\/v2\/pages\/73285"}],"wp:attachment":[{"href":"https:\/\/www.fundacionnaturgy.org\/ca\/wp-json\/wp\/v2\/media?parent=73291"}],"wp:term":[{"taxonomy":"category","embeddable":true,"href":"https:\/\/www.fundacionnaturgy.org\/ca\/wp-json\/wp\/v2\/categories?post=73291"}],"curies":[{"name":"wp","href":"https:\/\/api.w.org\/{rel}","templated":true}]}}