{"id":73293,"date":"2020-06-09T11:26:25","date_gmt":"2020-06-09T09:26:25","guid":{"rendered":"https:\/\/www.fundacionnaturgy.org\/educacio-divulgacio\/formacio-professional-per-a-locupabilitat\/curs-per-a-formadors-dfp-sobre-edificacio-i-rehabilitacio-sostenible-el-futur-de-la-construccio\/"},"modified":"2020-07-29T11:57:56","modified_gmt":"2020-07-29T09:57:56","slug":"curs-per-a-formadors-dfp-sobre-edificacio-i-rehabilitacio-sostenible-el-futur-de-la-construccio","status":"publish","type":"page","link":"https:\/\/www.fundacionnaturgy.org\/ca\/educacio-divulgacio\/formacio-professional-per-a-locupabilitat\/curs-per-a-formadors-dfp-sobre-edificacio-i-rehabilitacio-sostenible-el-futur-de-la-construccio\/","title":{"rendered":"Curs per a formadors d\u2019FP sobre edificaci\u00f3 i rehabilitaci\u00f3 sostenible. El futur de la construcci\u00f3"},"content":{"rendered":"<p>[vc_row][vc_column width=&#8221;1\/2&#8243;][vc_single_image image=&#8221;72172&#8243; img_size=&#8221;full&#8221;][\/vc_column][vc_column width=&#8221;1\/2&#8243;][vc_column_text]T\u2019oferim un curs de formaci\u00f3 pr\u00e0ctica gratu\u00eft, adre\u00e7at a professors de formaci\u00f3 professional a Espanya, que et capacitar\u00e0 per ensenyar les aplicacions i els criteris m\u00e9s actuals en mat\u00e8ria de sostenibilitat en edificaci\u00f3 i rehabilitaci\u00f3.<\/p>\n<p>Curs certificat per les administracions p\u00fabliques competents en educaci\u00f3 i impartit per professionals i professors especialitzats de l\u2019Escola Sert del Col\u00b7legi d\u2019Arquitectes de Catalunya (COAC).<\/p>\n<h4><\/h4>\n<p>[\/vc_column_text][\/vc_column][\/vc_row][vc_row][vc_column][vc_empty_space][vc_table vc_table_theme=&#8221;classic_orange&#8221;],Dimecres%201%20de%20juliol,Dijous%202%20de%20juliol,Dilluns%206%20de%20juliol,Dimarts%207%20de%20juliol,Dimecres%208%20de%20juliol|9%20a%209%3A10h,INAUGURACI%C3%93,,,,|9%20a%2011h,SEGURETAT,ITE,CERTIFICACIONS,A%C3%8FLLAMENTS,SERVEIS|11%20a%2013h,SEGURETAT,BIM,A%C3%8FLLAMENTS,ANCORATGES,GESTI%C3%93|15%20a%2017h,EDIFICI%20GLOBAL,EDIFICI%20GLOBAL,ODS%202030,ODS%202030,DEMANDA%20I%20EE[\/vc_table][\/vc_column][\/vc_row][vc_row][vc_column width=&#8221;1\/2&#8243;][vc_column_text]<\/p>\n<h3>Objectiu del\u00a0curs<\/h3>\n<p>El curs \u00e9s una ampliaci\u00f3 dels coneixements de la formaci\u00f3 acad\u00e8mica professional amb la incorporaci\u00f3 d\u2019un temari de sostenibilitat aplicat i pr\u00e0ctic. Les classes s\u00f3n un conjunt de temes relacionats amb la sostenibilitat i explicats des d\u2019un punt de vista pr\u00e0ctic per aconseguir que els conceptes d\u2019efici\u00e8ncia energ\u00e8tica, demanda, ODS 2030, certificacions energ\u00e8tiques o BIM siguin mat\u00e8ries que estiguin en la formaci\u00f3 dels cicles formatius relacionats amb l\u2019edificaci\u00f3 i la construcci\u00f3.<\/p>\n<p>Els objectius del curs s\u00f3n l\u2019adquisici\u00f3 de coneixements b\u00e0sics i pr\u00e0ctics de cinc temes:<\/p>\n<ul>\n<li>L\u2019edifici com a conjunt amb el valor afegit de la sostenibilitat.<\/li>\n<li>Normativa obligat\u00f2ria de la construcci\u00f3 (CTE) i l\u2019edifici (ITE); objectius ODS 2030 i seguretat i salut a les obres.<\/li>\n<li>Eines de programari. BIM.<\/li>\n<li>Instal\u00b7lacions d\u2019un edifici, sistemes connectats, dom\u00f2tics i de gesti\u00f3.<\/li>\n<li>Cat\u00e0leg de solucions constructives de fa\u00e7anes, cobertes, etc. respectuoses amb el medi ambient, la salut i la sostenibilitat.<\/li>\n<\/ul>\n<p>[\/vc_column_text][\/vc_column][vc_column width=&#8221;1\/2&#8243;][vc_column_text]<\/p>\n<h3>Compet\u00e8ncies<\/h3>\n<ul>\n<li>Coneixement d\u2019un edifici. Parts, funcionament per poder prendre decisions d\u2019obra.<\/li>\n<li>Coneixement de la Normativa obligat\u00f2ria de la construcci\u00f3 (CTE) i l\u2019edifici (ITE), objectius ODS 2030 i seguretat i salut a les obres.<\/li>\n<li>Coneixement i \u00fas de les eines de programari. BIM.<\/li>\n<li>Coneixement dels tipus d\u2019Instal\u00b7lacions d\u2019un edifici, sistemes connectats, dom\u00f2tics i de gesti\u00f3.<\/li>\n<li>Coneixement d\u2019un cat\u00e0leg de solucions constructives de fa\u00e7anes, cobertes, etc. respectuoses\u00a0amb el medi ambient, la salut i la sostenibilitat.<\/li>\n<\/ul>\n<p>[\/vc_column_text][\/vc_column][\/vc_row][vc_row][vc_column width=&#8221;1\/2&#8243;][vc_column_text]<\/p>\n<h3>Metodologia<\/h3>\n<p>Les sessions es podran seguir <em>online<\/em>.\u00a0L\u2019aula virtual permet fer consultes per mitj\u00e0 de xat en directe i les sessions queden enregistrades per poder visualitzar-les a posteriori.<\/p>\n<p>Les sessions <em>online<\/em> s\u2019impartiran en format pon\u00e8ncia, en qu\u00e8 el docent exposar\u00e0 els continguts de la sessi\u00f3, interactuar\u00e0 amb els assistents i resoldr\u00e0 dubtes. S\u2019aniran alternant casos m\u00e9s pr\u00e0ctics, en qu\u00e8 els participants exposaran les seves reflexions i solucions a problemes plantejats pr\u00e8viament, amb l\u2019objectiu de potenciar la metodologia <em>learning by doing<\/em>, on s\u2019apr\u00e8n a base d\u2019enfrontar-se a problemes reals.[\/vc_column_text][\/vc_column][vc_column width=&#8221;1\/2&#8243;][vc_column_text]<\/p>\n<h3>Destinataris<\/h3>\n<p>Els destinataris del programa s\u00f3n preferentment docents de formaci\u00f3 professional de la fam\u00edlia \u201cEdificaci\u00f3 i obra civil\u201d que vulguin ampliar els seus coneixements en mat\u00e8ria d\u2019edificaci\u00f3 i rehabilitaci\u00f3 sostenible.<\/p>\n<p>Se\u2019ls donaran pautes i materials did\u00e0ctics per poder transmetre els coneixements adquirits a l\u2019alumnat.<\/p>\n<p>[\/vc_column_text][\/vc_column][\/vc_row][vc_row][vc_column]<div class=\"gnf-destacado-icono small-text-center medium-text-left row collapse\"><div class=\"gnf-destacado-icono__icono large-4 columns small-text-center medium-text-left \"><div class=\"icon-outer icon-style-default\" style=\"background-color:\"><span class=\"ico_info\"><\/span><\/div><\/div><div class=\"gnf-destacado-icono__texto large-8 columns\"><h4><\/h4><\/p>\n<h4><strong>Informaci\u00f3 pr\u00e0ctica del curs<\/strong><\/h4>\n<p>Places limitades.<\/p>\n<p>Formaci\u00f3 <em>online<\/em> de 30 hores.<\/p>\n<p>M\u00e9s informaci\u00f3 a <strong><a href=\"mailto:FP_fundacion@naturgy.com\">FP_fundacion@naturgy.com<\/a><\/strong><\/p>\n<p>1 &#8211; 2 &#8211; 6 &#8211; 7 &#8211; 8 de juliol de 2020.<\/p>\n<p>De 9.00 a 13.00 h i de 15.00 a 17.00 h.<\/div><\/div>[\/vc_column][\/vc_row][vc_row][vc_column][vc_empty_space height=&#8221;82px&#8221;]<script type=\"text\/javascript\">var gform;gform||(document.addEventListener(\"gform_main_scripts_loaded\",function(){gform.scriptsLoaded=!0}),window.addEventListener(\"DOMContentLoaded\",function(){gform.domLoaded=!0}),gform={domLoaded:!1,scriptsLoaded:!1,initializeOnLoaded:function(o){gform.domLoaded&&gform.scriptsLoaded?o():!gform.domLoaded&&gform.scriptsLoaded?window.addEventListener(\"DOMContentLoaded\",o):document.addEventListener(\"gform_main_scripts_loaded\",o)},hooks:{action:{},filter:{}},addAction:function(o,n,r,t){gform.addHook(\"action\",o,n,r,t)},addFilter:function(o,n,r,t){gform.addHook(\"filter\",o,n,r,t)},doAction:function(o){gform.doHook(\"action\",o,arguments)},applyFilters:function(o){return gform.doHook(\"filter\",o,arguments)},removeAction:function(o,n){gform.removeHook(\"action\",o,n)},removeFilter:function(o,n,r){gform.removeHook(\"filter\",o,n,r)},addHook:function(o,n,r,t,i){null==gform.hooks[o][n]&&(gform.hooks[o][n]=[]);var e=gform.hooks[o][n];null==i&&(i=n+\"_\"+e.length),gform.hooks[o][n].push({tag:i,callable:r,priority:t=null==t?10:t})},doHook:function(n,o,r){var t;if(r=Array.prototype.slice.call(r,1),null!=gform.hooks[n][o]&&((o=gform.hooks[n][o]).sort(function(o,n){return o.priority-n.priority}),o.forEach(function(o){\"function\"!=typeof(t=o.callable)&&(t=window[t]),\"action\"==n?t.apply(null,r):r[0]=t.apply(null,r)})),\"filter\"==n)return r[0]},removeHook:function(o,n,t,i){var r;null!=gform.hooks[o][n]&&(r=(r=gform.hooks[o][n]).filter(function(o,n,r){return!!(null!=i&&i!=o.tag||null!=t&&t!=o.priority)}),gform.hooks[o][n]=r)}});<\/script>\n                <div class='gf_browser_gecko gform_wrapper gform_legacy_markup_wrapper' id='gform_wrapper_36' >\n                        <div class='gform_heading'>\n                            <h3 class=\"gform_title\">Inscripci\u00f3n al Programa de Edificaci\u00f3n y rehabilitaci\u00f3n sostenible de Fundaci\u00f3n Naturgy<\/h3>\n                        <\/div><form method='post' enctype='multipart\/form-data'  id='gform_36'  action='\/ca\/wp-json\/wp\/v2\/pages\/73293' novalidate> \r\n <input type='hidden' class='gforms-pum' value='{\"closepopup\":false,\"closedelay\":0,\"openpopup\":false,\"openpopup_id\":0}' \/>\n                        <div class='gform_body gform-body'><ul id='gform_fields_36' class='gform_fields top_label form_sublabel_below description_below'><li id=\"field_36_2\" class=\"gfield gsection field_sublabel_below field_description_below gfield_visibility_visible\" ><h2 class=\"gsection_title\">Datos del participante<\/h2><\/li><li id=\"field_36_1\" class=\"gfield gfield_contains_required field_sublabel_below field_description_below gfield_visibility_visible\" ><label class='gfield_label' for='input_36_1' >Nombre y apellidos:<span class=\"gfield_required\"><span class=\"gfield_required gfield_required_asterisk\">*<\/span><\/span><\/label><div class='ginput_container ginput_container_text'><input name='input_1' id='input_36_1' type='text' value='' class='medium'     aria-required=\"true\" aria-invalid=\"false\"   \/> <\/div><\/li><li id=\"field_36_3\" class=\"gfield gfield_contains_required field_sublabel_below field_description_below gfield_visibility_visible\" ><label class='gfield_label' for='input_36_3' >DNI:<span class=\"gfield_required\"><span class=\"gfield_required gfield_required_asterisk\">*<\/span><\/span><\/label><div class='ginput_container ginput_container_text'><input name='input_3' id='input_36_3' type='text' value='' class='medium'     aria-required=\"true\" aria-invalid=\"false\"   \/> <\/div><\/li><li id=\"field_36_4\" class=\"gfield gfield_contains_required field_sublabel_below field_description_below gfield_visibility_visible\" ><label class='gfield_label' for='input_36_4' >Correo eletr\u00f3nico de contacto profesional:<span class=\"gfield_required\"><span class=\"gfield_required gfield_required_asterisk\">*<\/span><\/span><\/label><div class='ginput_container ginput_container_text'><input name='input_4' id='input_36_4' type='text' value='' class='medium'     aria-required=\"true\" aria-invalid=\"false\"   \/> <\/div><\/li><li id=\"field_36_5\" class=\"gfield gfield_contains_required field_sublabel_below field_description_below gfield_visibility_visible\" ><label class='gfield_label' for='input_36_5' >Direcci\u00f3n:<span class=\"gfield_required\"><span class=\"gfield_required gfield_required_asterisk\">*<\/span><\/span><\/label><div class='ginput_container ginput_container_text'><input name='input_5' id='input_36_5' type='text' value='' class='medium'     aria-required=\"true\" aria-invalid=\"false\"   \/> <\/div><\/li><li id=\"field_36_6\" class=\"gfield gfield_contains_required field_sublabel_below field_description_below gfield_visibility_visible\" ><label class='gfield_label' for='input_36_6' >Poblaci\u00f3n<span class=\"gfield_required\"><span class=\"gfield_required gfield_required_asterisk\">*<\/span><\/span><\/label><div class='ginput_container ginput_container_text'><input name='input_6' id='input_36_6' type='text' value='' class='medium'     aria-required=\"true\" aria-invalid=\"false\"   \/> <\/div><\/li><li id=\"field_36_15\" class=\"gfield gfield_contains_required field_sublabel_below field_description_below gfield_visibility_visible\" ><label class='gfield_label' for='input_36_15' >Tel\u00e9fono<span class=\"gfield_required\"><span class=\"gfield_required gfield_required_asterisk\">*<\/span><\/span><\/label><div class='ginput_container ginput_container_text'><input name='input_15' id='input_36_15' type='text' value='' class='medium'     aria-required=\"true\" aria-invalid=\"false\"   \/> <\/div><\/li><li id=\"field_36_12\" class=\"gfield field_sublabel_below field_description_below gfield_visibility_visible\" ><label class='gfield_label' for='input_36_12' >Observaciones:<\/label><div class='ginput_container ginput_container_textarea'><textarea name='input_12' id='input_36_12' class='textarea medium'      aria-invalid=\"false\"   rows='10' cols='50'><\/textarea><\/div><\/li><li id=\"field_36_7\" class=\"gfield gsection field_sublabel_below field_description_below gfield_visibility_visible\" ><h2 class=\"gsection_title\">Informaci\u00f3n sobre el tratamiento de sus datos personales<\/h2><\/li><li id=\"field_36_13\" class=\"gfield gfield_contains_required field_sublabel_below field_description_below gfield_visibility_visible\" ><label class='gfield_label screen-reader-text gfield_label_before_complex'  >De conformidad con el Reglamento (UE) 2016\/679 (RGPD), la Ley Org\u00e1nica 3\/2018, de 5 de diciembre, de Protecci\u00f3n de Datos Personales y garant\u00eda de los derechos digitales, y dem\u00e1s normativa aplicable en materia de protecci\u00f3n de datos personales, le informamos de que sus datos facilitados en este formulario ser\u00e1n tratados por la Fundaci\u00f3n Naturgy con la finalidad de gestionar la organizaci\u00f3n y su participaci\u00f3n en el evento online Curso para Formadores de FP, as\u00ed como para mantener una relaci\u00f3n profesional con usted o con la persona jur\u00eddica en la que usted presta sus servicios. Usted tiene derecho a acceder, rectificar y suprimir sus datos, limitar y oponerse al tratamiento, a la portabilidad de sus datos de car\u00e1cter personal y a no ser objeto de decisiones basadas \u00fanicamente en el tratamiento automatizado de sus datos, cuando proceda, como se explica en nuestra Pol\u00edtica de Privacidad. Puede consultar informaci\u00f3n detallada sobre protecci\u00f3n de datos en nuestra Pol\u00edtica de Privacidad.<span class=\"gfield_required\"><span class=\"gfield_required gfield_required_asterisk\">*<\/span><\/span><\/label><div class='ginput_container ginput_container_checkbox'><ul class='gfield_checkbox' id='input_36_13'><li class='gchoice gchoice_36_13_1'>\n\t\t\t\t\t\t\t\t<input class='gfield-choice-input' name='input_13.1' type='checkbox'  value='Autorizo el tratamiento de mis datos con los fines indicados a continuaci\u00f3n:'  id='choice_36_13_1'   aria-describedby=\"gfield_description_36_13\"\/>\n\t\t\t\t\t\t\t\t<label for='choice_36_13_1' id='label_36_13_1'>Autorizo el tratamiento de mis datos con los fines indicados a continuaci\u00f3n:<\/label>\n\t\t\t\t\t\t\t<\/li><\/ul><\/div><div class='gfield_description' id='gfield_description_36_13'>De conformidad con el Reglamento (UE) 2016\/679 (RGPD), la Ley Org\u00e1nica 3\/2018, de 5 de diciembre, de Protecci\u00f3n de Datos Personales y garant\u00eda de los derechos digitales, y dem\u00e1s normativa aplicable en materia de protecci\u00f3n de datos personales, le informamos de que sus datos facilitados en este formulario ser\u00e1n tratados por la Fundaci\u00f3n Naturgy con la finalidad de gestionar la organizaci\u00f3n y su participaci\u00f3n en el evento online Curso para Formadores de FP, as\u00ed como para mantener una relaci\u00f3n profesional con usted o con la persona jur\u00eddica en la que usted presta sus servicios. <br><br>Usted tiene derecho a acceder, rectificar y suprimir sus datos, limitar y oponerse al tratamiento, a la portabilidad de sus datos de car\u00e1cter personal y a no ser objeto de decisiones basadas \u00fanicamente en el tratamiento automatizado de sus datos, cuando proceda, como se explica en nuestra Pol\u00edtica de Privacidad. <br><br>Puede consultar informaci\u00f3n detallada sobre protecci\u00f3n de datos en nuestra <a href=\"https:\/\/www.fundacionnaturgy.org\/informacion-detallada-sobre-proteccion-de-datos-personales-actos-online\/\">Pol\u00edtica de Privacidad<\/a>.<\/div><\/li><\/ul><\/div>\n        <div class='gform_footer top_label'> <input type='submit' id='gform_submit_button_36' class=\"gform_button button small radius\" value='Enviar'  onclick='if(window[\"gf_submitting_36\"]){return false;}  if( !jQuery(\"#gform_36\")[0].checkValidity || jQuery(\"#gform_36\")[0].checkValidity()){window[\"gf_submitting_36\"]=true;}  ' onkeypress='if( event.keyCode == 13 ){ if(window[\"gf_submitting_36\"]){return false;} if( !jQuery(\"#gform_36\")[0].checkValidity || jQuery(\"#gform_36\")[0].checkValidity()){window[\"gf_submitting_36\"]=true;}  jQuery(\"#gform_36\").trigger(\"submit\",[true]); }' \/> \n            <input type='hidden' class='gform_hidden' name='is_submit_36' value='1' \/>\n            <input type='hidden' class='gform_hidden' name='gform_submit' value='36' \/>\n            \n            <input type='hidden' class='gform_hidden' name='gform_unique_id' value='' \/>\n            <input type='hidden' class='gform_hidden' name='state_36' value='WyJbXSIsIjA1MjUyZDM0MWJiMTM3MDEwMmM2MTQwZmUyYWNiMjZlIl0=' \/>\n            <input type='hidden' class='gform_hidden' name='gform_target_page_number_36' id='gform_target_page_number_36' value='0' \/>\n            <input type='hidden' class='gform_hidden' name='gform_source_page_number_36' id='gform_source_page_number_36' value='1' \/>\n            <input type='hidden' name='gform_field_values' value='' \/>\n            \n        <\/div>\n                        <\/form>\n                        <\/div>[\/vc_column][\/vc_row]<\/p>\n","protected":false},"excerpt":{"rendered":"<p>[vc_row][vc_column width=&#8221;1\/2&#8243;][vc_single_image image=&#8221;72172&#8243; img_size=&#8221;full&#8221;][\/vc_column][vc_column width=&#8221;1\/2&#8243;][vc_column_text]T\u2019oferim un curs de formaci\u00f3 pr\u00e0ctica gratu\u00eft, adre\u00e7at a professors de formaci\u00f3 professional a Espanya, que et capacitar\u00e0 per ensenyar les aplicacions i els criteris m\u00e9s<span class=\"more-link\"><a href=\"https:\/\/www.fundacionnaturgy.org\/ca\/educacio-divulgacio\/formacio-professional-per-a-locupabilitat\/curs-per-a-formadors-dfp-sobre-edificacio-i-rehabilitacio-sostenible-el-futur-de-la-construccio\/\">Llegir m\u00e9s<\/a><\/span><\/p>\n","protected":false},"author":1454,"featured_media":0,"parent":73285,"menu_order":0,"comment_status":"closed","ping_status":"closed","template":"templates\/full-width.php","meta":{"inline_featured_image":false},"categories":[],"acf":[],"_links":{"self":[{"href":"https:\/\/www.fundacionnaturgy.org\/ca\/wp-json\/wp\/v2\/pages\/73293"}],"collection":[{"href":"https:\/\/www.fundacionnaturgy.org\/ca\/wp-json\/wp\/v2\/pages"}],"about":[{"href":"https:\/\/www.fundacionnaturgy.org\/ca\/wp-json\/wp\/v2\/types\/page"}],"author":[{"embeddable":true,"href":"https:\/\/www.fundacionnaturgy.org\/ca\/wp-json\/wp\/v2\/users\/1454"}],"replies":[{"embeddable":true,"href":"https:\/\/www.fundacionnaturgy.org\/ca\/wp-json\/wp\/v2\/comments?post=73293"}],"version-history":[{"count":0,"href":"https:\/\/www.fundacionnaturgy.org\/ca\/wp-json\/wp\/v2\/pages\/73293\/revisions"}],"up":[{"embeddable":true,"href":"https:\/\/www.fundacionnaturgy.org\/ca\/wp-json\/wp\/v2\/pages\/73285"}],"wp:attachment":[{"href":"https:\/\/www.fundacionnaturgy.org\/ca\/wp-json\/wp\/v2\/media?parent=73293"}],"wp:term":[{"taxonomy":"category","embeddable":true,"href":"https:\/\/www.fundacionnaturgy.org\/ca\/wp-json\/wp\/v2\/categories?post=73293"}],"curies":[{"name":"wp","href":"https:\/\/api.w.org\/{rel}","templated":true}]}}