{"id":73294,"date":"2020-06-09T13:13:43","date_gmt":"2020-06-09T11:13:43","guid":{"rendered":"https:\/\/www.fundacionnaturgy.org\/educacio-divulgacio\/formacio-professional-per-a-locupabilitat\/curs-per-a-formadors-dfp-sobre-vulnerabilitat-energetica\/"},"modified":"2020-08-18T10:31:58","modified_gmt":"2020-08-18T08:31:58","slug":"curs-per-a-formadors-dfp-sobre-vulnerabilitat-energetica","status":"publish","type":"page","link":"https:\/\/www.fundacionnaturgy.org\/ca\/educacio-divulgacio\/formacio-professional-per-a-locupabilitat\/curs-per-a-formadors-dfp-sobre-vulnerabilitat-energetica\/","title":{"rendered":"Curs per a formadors d\u2019FP sobre vulnerabilitat energ\u00e8tica"},"content":{"rendered":"<p>[vc_row][vc_column width=&#8221;1\/2&#8243;][vc_single_image image=&#8221;72484&#8243; img_size=&#8221;full&#8221;][\/vc_column][vc_column width=&#8221;1\/2&#8243;][vc_column_text]<\/p>\n<p>T\u2019oferim un curs de formaci\u00f3 pr\u00e0ctica gratu\u00eft, adre\u00e7at a professors de formaci\u00f3 professional a Espanya, que et capacitar\u00e0 per ensenyar sobre vulnerabilitat energ\u00e8tica, aix\u00ed com eines d\u2019efici\u00e8ncia per mitigar-la.<\/p>\n<p>Curs certificat per les administracions p\u00fabliques competents en educaci\u00f3 i impartit per professionals i professors especialitzats.[\/vc_column_text][\/vc_column][\/vc_row][vc_row][vc_column][vc_empty_space][vc_table vc_table_theme=&#8221;classic_orange&#8221;],Dimarts%207%20de%20juliol,Dimecres%208%20de%20juliol,Dijous%209%20de%20juliol,Divendres%2010%20de%20juliol|,[b]Pobresa%20energ%C3%A8tica,[b]Sistema%20energ%C3%A8tic,[b]Eficiencia%20energ%C3%A8tica,[b]Casos%20pr%C3%A0ctics|9%20a%209%3A10h,Inauguraci%C3%B3,,,|9%20a%2010h,Introducci%C3%B3%20a%20la%20pobresa%20energ%C3%A8tica,Funcionament%20del%20sistema%20el%C3%A8ctric%20natural,Eficiencia%20energ%C3%A8tica%3A%20uso%20de%20la%20energ%C3%ADa%20en%20el%20hogar,Casos%20pr%C3%A0ctics|10%20a%2011h,Pobresa%2C%20pobresa%20energ%C3%A8tica%20i%20consumidor%20vulnerable,La%20factura%20energ%C3%A8tica,Diagn%C3%B2stic%20energ%C3%A8tic,Oficina%20de%20pobresa%20energ%C3%A9tica%20en%20els%20ajuntaments|11%20a%2012h,Pobresa%2C%20pobresa%20energ%C3%A8tica%20i%20consumidor%20vulnerable,La%20factura%20energ%C3%A8tica,Rehabilitaci%C3%B3%20expr%C3%A9s,|12%20a%2013h,Causas%20de%20la%20pobresa%20energ%C3%A8tica,Bo%20social,Pla%20de%20vulnerabilitat%20energ%C3%A8tica%20de%20Naturgy,|15%20a%2016h,Indicadors%20de%20la%20PE,Bo%20social.%20Cas%20pr%C3%A0ctic%20per%20el%20aula,Casos%20pr%C3%A0ctics,|16%20a%2017h,Indicadors%20de%20la%20PE,ENPE,Casos%20pr%C3%A0ctics,[\/vc_table][\/vc_column][\/vc_row][vc_row][vc_column width=&#8221;1\/2&#8243;][vc_column_text]<\/p>\n<h3>Objectiu del curs<\/h3>\n<p>El curs \u00e9s una incorporaci\u00f3 innovadora en els programes de formaci\u00f3 en el qual s\u2019inclou el fenomen social de la vulnerabilitat energ\u00e8tica, en l\u2019\u00e0mbit dels pa\u00efsos occidentals i particularment a Espanya, entesa com la situaci\u00f3 en qu\u00e8 es troba una casa en la qual no poden ser satisfetes les necessitats b\u00e0siques de subministraments d\u2019energia com a conseq\u00fc\u00e8ncia d\u2019un nivell d\u2019ingressos insuficients i que, si s\u2019escau, es pot veure agreujada per disposar d\u2019un habitatge ineficient en energia (Estrat\u00e8gia nacional contra la pobresa energ\u00e8tica).<\/p>\n<p>Els objectius del curs s\u00f3n l\u2019adquisici\u00f3 de coneixements b\u00e0sics i pr\u00e0ctics de cinc temes:<\/p>\n<ul>\n<li>Definici\u00f3 de la pobresa energ\u00e8tica, consumidor vulnerable, causes de la pobresa energ\u00e8tica i indicadors.<\/li>\n<li>Normativa vigent a Espanya. Directives europees.<\/li>\n<li>Bo social el\u00e8ctric i t\u00e8rmic. Contracte i factures d\u2019electricitat i gas natural.<\/li>\n<li>\u00das eficient de l\u2019energia a casa.<\/li>\n<li>Rehabilitaci\u00f3 energ\u00e8tica expr\u00e9s per a llars vulnerables.<\/li>\n<\/ul>\n<p>[\/vc_column_text][\/vc_column][vc_column width=&#8221;1\/2&#8243;][vc_column_text]<\/p>\n<h3>Compet\u00e8ncies<\/h3>\n<ul>\n<li>Coneixement de la Normativa per al tractament i assessorament dels clients en situaci\u00f3 de vulnerabilitat energ\u00e8tica.<\/li>\n<li>Detecci\u00f3 de situacions de pobresa energ\u00e8tica.<\/li>\n<li>Assessorament energ\u00e8tic.<\/li>\n<li>Diagnosi de l\u2019efici\u00e8ncia energ\u00e8tica a la llar.<\/li>\n<\/ul>\n<p>[\/vc_column_text][\/vc_column][\/vc_row][vc_row][vc_column width=&#8221;1\/2&#8243;][vc_column_text]<\/p>\n<h3>Continguts<\/h3>\n<p>En el marc de l\u2019Estrat\u00e8gia nacional contra la pobresa energ\u00e8tica, els propers anys Espanya haur\u00e0 de desenvolupar accions per reduir la vulnerabilitat energ\u00e8tica. El curs ofereix coneixements sobre els principals actors i la legislaci\u00f3 vigent en mat\u00e8ria d\u2019energia, les causes de la pobresa energ\u00e8tica i els principals indicadors de mesurament, aix\u00ed com les mesures per pal\u00b7liar la pobresa energ\u00e8tica i resoluci\u00f3 de casos pr\u00e0ctics.<\/p>\n<p>[\/vc_column_text][\/vc_column][vc_column width=&#8221;1\/2&#8243;][vc_column_text]<\/p>\n<h4>Metodologia<\/h4>\n<p>Les sessions es podran seguir <em>online<\/em>.\u00a0L\u2019aula virtual permet fer consultes per mitj\u00e0 de xat en directe i les sessions queden enregistrades per poder visualitzar-les posteriorment.<\/p>\n<p>Les sessions virtuals s\u2019impartiran en format pon\u00e8ncia, en qu\u00e8 el docent exposar\u00e0 els continguts de la sessi\u00f3, interactuar\u00e0 amb els assistents i resoldr\u00e0 dubtes. S\u2019aniran alternant casos pr\u00e0ctics, en qu\u00e8 els participants exposaran les seves reflexions i solucions a problemes plantejats pr\u00e8viament, amb l\u2019objectiu de potenciar la metodologia <em>learning by doing<\/em>, on s\u2019apr\u00e8n a base d\u2019enfrontar-se a problemes reals.[\/vc_column_text][\/vc_column][\/vc_row][vc_row][vc_column width=&#8221;1\/2&#8243;][vc_column_text]<\/p>\n<h4>Destinataris<\/h4>\n<p>Els destinataris del programa s\u00f3n preferentment docents de formaci\u00f3 professional que imparteixin mat\u00e8ries de la fam\u00edlia de \u201cServeis socioculturals i a la comunitat\u201d i que vulguin ampliar els seus coneixements en mat\u00e8ria de vulnerabilitat energ\u00e8tica.<\/p>\n<p>Se\u2019ls donaran pautes i materials did\u00e0ctics amb exercicis resolts per poder transmetre els coneixements adquirits a l\u2019alumnat.[\/vc_column_text][\/vc_column][vc_column width=&#8221;1\/2&#8243;]<div class=\"gnf-destacado-icono small-text-center medium-text-left row collapse\"><div class=\"gnf-destacado-icono__icono large-4 columns small-text-center medium-text-left \"><div class=\"icon-outer icon-style-default\" style=\"background-color:\"><span class=\"ico_info\"><\/span><\/div><\/div><div class=\"gnf-destacado-icono__texto large-8 columns\"><h4><\/h4><\/p>\n<h4><strong>Informaci\u00f3 pr\u00e0ctica del curs<\/strong><\/h4>\n<p>Places limitades.<\/p>\n<p>Formaci\u00f3 de 20 hores.<\/p>\n<p>M\u00e9s informaci\u00f3 a <strong><a href=\"mailto:FP_fundacion@naturgy.com\">FP_fundacion@naturgy.com<\/a><\/strong><\/p>\n<p>Del 7 al 9 de juliol de 2020, de 9.00 a 13.00 h i de 15 a 17 h, sessions formatives virtuals.<\/p>\n<p>10 de juliol de 2020 de 9.00 a 11.00 h, sessions formatives virtuals.<\/p>\n<p>El formador rebr\u00e0 un equip est\u00e0ndard d\u2019efici\u00e8ncia energ\u00e8tica i fitxes pr\u00e0ctiques.<\/p>\n<p>Durant el curs escolar, es podran organitzar xerrades adre\u00e7ades a alumnes amb l\u2019<strong>Escola d\u2019Energia<\/strong> sobre l\u2019\u00fas eficient de l\u2019energia a casa.<\/div><\/div>[\/vc_column][\/vc_row][vc_row][vc_column][vc_empty_space height=&#8221;82px&#8221;]<script type=\"text\/javascript\">var gform;gform||(document.addEventListener(\"gform_main_scripts_loaded\",function(){gform.scriptsLoaded=!0}),window.addEventListener(\"DOMContentLoaded\",function(){gform.domLoaded=!0}),gform={domLoaded:!1,scriptsLoaded:!1,initializeOnLoaded:function(o){gform.domLoaded&&gform.scriptsLoaded?o():!gform.domLoaded&&gform.scriptsLoaded?window.addEventListener(\"DOMContentLoaded\",o):document.addEventListener(\"gform_main_scripts_loaded\",o)},hooks:{action:{},filter:{}},addAction:function(o,n,r,t){gform.addHook(\"action\",o,n,r,t)},addFilter:function(o,n,r,t){gform.addHook(\"filter\",o,n,r,t)},doAction:function(o){gform.doHook(\"action\",o,arguments)},applyFilters:function(o){return gform.doHook(\"filter\",o,arguments)},removeAction:function(o,n){gform.removeHook(\"action\",o,n)},removeFilter:function(o,n,r){gform.removeHook(\"filter\",o,n,r)},addHook:function(o,n,r,t,i){null==gform.hooks[o][n]&&(gform.hooks[o][n]=[]);var e=gform.hooks[o][n];null==i&&(i=n+\"_\"+e.length),gform.hooks[o][n].push({tag:i,callable:r,priority:t=null==t?10:t})},doHook:function(n,o,r){var t;if(r=Array.prototype.slice.call(r,1),null!=gform.hooks[n][o]&&((o=gform.hooks[n][o]).sort(function(o,n){return o.priority-n.priority}),o.forEach(function(o){\"function\"!=typeof(t=o.callable)&&(t=window[t]),\"action\"==n?t.apply(null,r):r[0]=t.apply(null,r)})),\"filter\"==n)return r[0]},removeHook:function(o,n,t,i){var r;null!=gform.hooks[o][n]&&(r=(r=gform.hooks[o][n]).filter(function(o,n,r){return!!(null!=i&&i!=o.tag||null!=t&&t!=o.priority)}),gform.hooks[o][n]=r)}});<\/script>\n                <div class='gf_browser_gecko gform_wrapper gform_legacy_markup_wrapper' id='gform_wrapper_42' >\n                        <div class='gform_heading'>\n                            <h3 class=\"gform_title\">Inscripci\u00f3 al Programa sobre Vulnerabilitat energ\u00e8tica de la Fundaci\u00f3 Naturgy<\/h3>\n                        <\/div><form method='post' enctype='multipart\/form-data'  id='gform_42'  action='\/ca\/wp-json\/wp\/v2\/pages\/73294' novalidate> \r\n <input type='hidden' class='gforms-pum' value='{\"closepopup\":false,\"closedelay\":0,\"openpopup\":false,\"openpopup_id\":0}' \/>\n                        <div class='gform_body gform-body'><ul id='gform_fields_42' class='gform_fields top_label form_sublabel_below description_below'><li id=\"field_42_2\" class=\"gfield gsection field_sublabel_below field_description_below gfield_visibility_visible\" ><h2 class=\"gsection_title\">Dades del participant<\/h2><\/li><li id=\"field_42_1\" class=\"gfield gfield_contains_required field_sublabel_below field_description_below gfield_visibility_visible\" ><label class='gfield_label' for='input_42_1' >Nom i cognoms:<span class=\"gfield_required\"><span class=\"gfield_required gfield_required_asterisk\">*<\/span><\/span><\/label><div class='ginput_container ginput_container_text'><input name='input_1' id='input_42_1' type='text' value='' class='medium'     aria-required=\"true\" aria-invalid=\"false\"   \/> <\/div><\/li><li id=\"field_42_3\" class=\"gfield gfield_contains_required field_sublabel_below field_description_below gfield_visibility_visible\" ><label class='gfield_label' for='input_42_3' >DNI:<span class=\"gfield_required\"><span class=\"gfield_required gfield_required_asterisk\">*<\/span><\/span><\/label><div class='ginput_container ginput_container_text'><input name='input_3' id='input_42_3' type='text' value='' class='medium'     aria-required=\"true\" aria-invalid=\"false\"   \/> <\/div><\/li><li id=\"field_42_4\" class=\"gfield gfield_contains_required field_sublabel_below field_description_below gfield_visibility_visible\" ><label class='gfield_label' for='input_42_4' >Adre\u00e7a electr\u00f2nica de contacte professional:<span class=\"gfield_required\"><span class=\"gfield_required gfield_required_asterisk\">*<\/span><\/span><\/label><div class='ginput_container ginput_container_text'><input name='input_4' id='input_42_4' type='text' value='' class='medium'     aria-required=\"true\" aria-invalid=\"false\"   \/> <\/div><\/li><li id=\"field_42_5\" class=\"gfield gfield_contains_required field_sublabel_below field_description_below gfield_visibility_visible\" ><label class='gfield_label' for='input_42_5' >Cicles formatius en els quals impartiu formaci\u00f3:<span class=\"gfield_required\"><span class=\"gfield_required gfield_required_asterisk\">*<\/span><\/span><\/label><div class='ginput_container ginput_container_text'><input name='input_5' id='input_42_5' type='text' value='' class='medium'     aria-required=\"true\" aria-invalid=\"false\"   \/> <\/div><\/li><li id=\"field_42_6\" class=\"gfield gfield_contains_required field_sublabel_below field_description_below gfield_visibility_visible\" ><label class='gfield_label' for='input_42_6' >M\u00f2duls o unitats formatives que impartiu:<span class=\"gfield_required\"><span class=\"gfield_required gfield_required_asterisk\">*<\/span><\/span><\/label><div class='ginput_container ginput_container_text'><input name='input_6' id='input_42_6' type='text' value='' class='medium'     aria-required=\"true\" aria-invalid=\"false\"   \/> <\/div><\/li><li id=\"field_42_14\" class=\"gfield gsection field_sublabel_below field_description_below gfield_visibility_visible\" ><h2 class=\"gsection_title\">Dades del centre<\/h2><\/li><li id=\"field_42_8\" class=\"gfield gfield_contains_required field_sublabel_below field_description_below gfield_visibility_visible\" ><label class='gfield_label' for='input_42_8' >Nom del centre<span class=\"gfield_required\"><span class=\"gfield_required gfield_required_asterisk\">*<\/span><\/span><\/label><div class='ginput_container ginput_container_text'><input name='input_8' id='input_42_8' type='text' value='' class='medium'     aria-required=\"true\" aria-invalid=\"false\"   \/> <\/div><\/li><li id=\"field_42_9\" class=\"gfield gfield_contains_required field_sublabel_below field_description_below gfield_visibility_visible\" ><label class='gfield_label' for='input_42_9' >Adre\u00e7a:<span class=\"gfield_required\"><span class=\"gfield_required gfield_required_asterisk\">*<\/span><\/span><\/label><div class='ginput_container ginput_container_text'><input name='input_9' id='input_42_9' type='text' value='' class='medium'     aria-required=\"true\" aria-invalid=\"false\"   \/> <\/div><\/li><li id=\"field_42_10\" class=\"gfield gfield_contains_required field_sublabel_below field_description_below gfield_visibility_visible\" ><label class='gfield_label' for='input_42_10' >Poblaci\u00f3:<span class=\"gfield_required\"><span class=\"gfield_required gfield_required_asterisk\">*<\/span><\/span><\/label><div class='ginput_container ginput_container_text'><input name='input_10' id='input_42_10' type='text' value='' class='medium'     aria-required=\"true\" aria-invalid=\"false\"   \/> <\/div><\/li><li id=\"field_42_11\" class=\"gfield gfield_contains_required field_sublabel_below field_description_below gfield_visibility_visible\" ><label class='gfield_label' for='input_42_11' >Tel\u00e8fon:<span class=\"gfield_required\"><span class=\"gfield_required gfield_required_asterisk\">*<\/span><\/span><\/label><div class='ginput_container ginput_container_text'><input name='input_11' id='input_42_11' type='text' value='' class='medium'     aria-required=\"true\" aria-invalid=\"false\"   \/> <\/div><\/li><li id=\"field_42_12\" class=\"gfield field_sublabel_below field_description_below gfield_visibility_visible\" ><label class='gfield_label' for='input_42_12' >Observacions:<\/label><div class='ginput_container ginput_container_textarea'><textarea name='input_12' id='input_42_12' class='textarea medium'      aria-invalid=\"false\"   rows='10' cols='50'><\/textarea><\/div><\/li><li id=\"field_42_7\" class=\"gfield gsection field_sublabel_below field_description_below gfield_visibility_visible\" ><h2 class=\"gsection_title\">Informaci\u00f3 sobre el tractament de dades personals:<\/h2><\/li><li id=\"field_42_13\" class=\"gfield gfield_contains_required field_sublabel_below field_description_below gfield_visibility_visible\" ><label class='gfield_label screen-reader-text gfield_label_before_complex'  >De conformitat amb el Reglament (UE) 2016\/679 (RGPD), la Llei org\u00e0nica 3\/2018, de 5 de desembre, de protecci\u00f3 de dades personals i garantia dels drets digitals, i la resta de normativa aplicable en mat\u00e8ria de protecci\u00f3 de dades personals, us informem que les vostres dades facilitades en aquest formulari seran tractades per la Fundaci\u00f3 Naturgy amb la finalitat de gestionar l\u2019organitzaci\u00f3 i la vostra participaci\u00f3 en l\u2019esdeveniment online Curs per a formadors d\u2019FP, aix\u00ed com per mantenir una relaci\u00f3 professional amb v\u00f3s o amb la persona jur\u00eddica en la qual presteu els vostres serveis.\n\nTeniu dret a accedir, rectificar i suprimir les vostres dades, limitar i oposar-vos al tractament, a la portabilitat de les vostres dades de car\u00e0cter personal i a no ser objecte de decisions basades \u00fanicament en el tractament automatitzat de les vostres dades, quan sigui procedent, com s\u2019explica a la nostra Pol\u00edtica de privacitat.\n\nPodeu consultar informaci\u00f3 detallada sobre protecci\u00f3 de dades en la nostra Pol\u00edtica de Privacitat.<span class=\"gfield_required\"><span class=\"gfield_required gfield_required_asterisk\">*<\/span><\/span><\/label><div class='ginput_container ginput_container_checkbox'><ul class='gfield_checkbox' id='input_42_13'><li class='gchoice gchoice_42_13_1'>\n\t\t\t\t\t\t\t\t<input class='gfield-choice-input' name='input_13.1' type='checkbox'  value='Autoritzo el tractament de les meves dades amb les finalitats indicades a continuaci\u00f3:' checked='checked' id='choice_42_13_1'   aria-describedby=\"gfield_description_42_13\"\/>\n\t\t\t\t\t\t\t\t<label for='choice_42_13_1' id='label_42_13_1'>Autoritzo el tractament de les meves dades amb les finalitats indicades a continuaci\u00f3:<\/label>\n\t\t\t\t\t\t\t<\/li><\/ul><\/div><div class='gfield_description' id='gfield_description_42_13'>\nDe conformitat amb el Reglament (UE) 2016\/679 (RGPD), la Llei org\u00e0nica 3\/2018, de 5 de desembre, de protecci\u00f3 de dades personals i garantia dels drets digitals, i la resta de normativa aplicable en mat\u00e8ria de protecci\u00f3 de dades personals, us informem que les vostres dades facilitades en aquest formulari seran tractades per la Fundaci\u00f3 Naturgy amb la finalitat de gestionar l\u2019organitzaci\u00f3 i la vostra participaci\u00f3 en l\u2019esdeveniment online Curs per a formadors d\u2019FP, aix\u00ed com per mantenir una relaci\u00f3 professional amb v\u00f3s o amb la persona jur\u00eddica en la qual presteu els vostres serveis.\n\nTeniu dret a accedir, rectificar i suprimir les vostres dades, limitar i oposar-vos al tractament, a la portabilitat de les vostres dades de car\u00e0cter personal i a no ser objecte de decisions basades \u00fanicament en el tractament automatitzat de les vostres dades, quan sigui procedent, com s\u2019explica a la nostra Pol\u00edtica de privacitat.\n\nPodeu consultar informaci\u00f3 detallada sobre protecci\u00f3 de dades en la nostra <a href=\"https:\/\/www.fundacionnaturgy.org\/informacion-detallada-sobre-proteccion-de-datos-personales-actos-online\/\">Pol\u00edtica de Privacitat<\/a>.\n\n<\/div><\/li><\/ul><\/div>\n        <div class='gform_footer top_label'> <input type='submit' id='gform_submit_button_42' class=\"gform_button button small radius\" value='Enviar'  onclick='if(window[\"gf_submitting_42\"]){return false;}  if( !jQuery(\"#gform_42\")[0].checkValidity || jQuery(\"#gform_42\")[0].checkValidity()){window[\"gf_submitting_42\"]=true;}  ' onkeypress='if( event.keyCode == 13 ){ if(window[\"gf_submitting_42\"]){return false;} if( !jQuery(\"#gform_42\")[0].checkValidity || jQuery(\"#gform_42\")[0].checkValidity()){window[\"gf_submitting_42\"]=true;}  jQuery(\"#gform_42\").trigger(\"submit\",[true]); }' \/> \n            <input type='hidden' class='gform_hidden' name='is_submit_42' value='1' \/>\n            <input type='hidden' class='gform_hidden' name='gform_submit' value='42' \/>\n            \n            <input type='hidden' class='gform_hidden' name='gform_unique_id' value='' \/>\n            <input type='hidden' class='gform_hidden' name='state_42' value='WyJbXSIsIjA1MjUyZDM0MWJiMTM3MDEwMmM2MTQwZmUyYWNiMjZlIl0=' \/>\n            <input type='hidden' class='gform_hidden' name='gform_target_page_number_42' id='gform_target_page_number_42' value='0' \/>\n            <input type='hidden' class='gform_hidden' name='gform_source_page_number_42' id='gform_source_page_number_42' value='1' \/>\n            <input type='hidden' name='gform_field_values' value='' \/>\n            \n        <\/div>\n                        <\/form>\n                        <\/div>[\/vc_column][\/vc_row]<\/p>\n","protected":false},"excerpt":{"rendered":"<p>[vc_row][vc_column width=&#8221;1\/2&#8243;][vc_single_image image=&#8221;72484&#8243; img_size=&#8221;full&#8221;][\/vc_column][vc_column width=&#8221;1\/2&#8243;][vc_column_text] T\u2019oferim un curs de formaci\u00f3 pr\u00e0ctica gratu\u00eft, adre\u00e7at a professors de formaci\u00f3 professional a Espanya, que et capacitar\u00e0 per ensenyar sobre vulnerabilitat energ\u00e8tica, aix\u00ed com<span class=\"more-link\"><a href=\"https:\/\/www.fundacionnaturgy.org\/ca\/educacio-divulgacio\/formacio-professional-per-a-locupabilitat\/curs-per-a-formadors-dfp-sobre-vulnerabilitat-energetica\/\">Llegir m\u00e9s<\/a><\/span><\/p>\n","protected":false},"author":1454,"featured_media":0,"parent":73285,"menu_order":0,"comment_status":"closed","ping_status":"closed","template":"templates\/full-width.php","meta":{"inline_featured_image":false},"categories":[],"acf":[],"_links":{"self":[{"href":"https:\/\/www.fundacionnaturgy.org\/ca\/wp-json\/wp\/v2\/pages\/73294"}],"collection":[{"href":"https:\/\/www.fundacionnaturgy.org\/ca\/wp-json\/wp\/v2\/pages"}],"about":[{"href":"https:\/\/www.fundacionnaturgy.org\/ca\/wp-json\/wp\/v2\/types\/page"}],"author":[{"embeddable":true,"href":"https:\/\/www.fundacionnaturgy.org\/ca\/wp-json\/wp\/v2\/users\/1454"}],"replies":[{"embeddable":true,"href":"https:\/\/www.fundacionnaturgy.org\/ca\/wp-json\/wp\/v2\/comments?post=73294"}],"version-history":[{"count":0,"href":"https:\/\/www.fundacionnaturgy.org\/ca\/wp-json\/wp\/v2\/pages\/73294\/revisions"}],"up":[{"embeddable":true,"href":"https:\/\/www.fundacionnaturgy.org\/ca\/wp-json\/wp\/v2\/pages\/73285"}],"wp:attachment":[{"href":"https:\/\/www.fundacionnaturgy.org\/ca\/wp-json\/wp\/v2\/media?parent=73294"}],"wp:term":[{"taxonomy":"category","embeddable":true,"href":"https:\/\/www.fundacionnaturgy.org\/ca\/wp-json\/wp\/v2\/categories?post=73294"}],"curies":[{"name":"wp","href":"https:\/\/api.w.org\/{rel}","templated":true}]}}