{"id":75816,"date":"2020-10-26T12:55:27","date_gmt":"2020-10-26T11:55:27","guid":{"rendered":"https:\/\/www.fundacionnaturgy.org\/educacio-divulgacio\/arxiu-i-patrimoni\/la-dignidad-de-un-pollo\/"},"modified":"2020-11-23T12:22:54","modified_gmt":"2020-11-23T11:22:54","slug":"la-dignidad-de-un-pollo","status":"publish","type":"page","link":"https:\/\/www.fundacionnaturgy.org\/ca\/educacio-divulgacio\/arxiu-i-patrimoni\/la-dignidad-de-un-pollo\/","title":{"rendered":"La dignitat del pollastre"},"content":{"rendered":"<p>[vc_row][vc_column width=&#8221;1\/2&#8243;][vc_video link=&#8221;https:\/\/youtu.be\/5QP_nd1LuxY&#8221;][\/vc_column][vc_column width=&#8221;1\/2&#8243;]Atribu\u00eft a Em\u00e9rita Films sota l\u2019enc\u00e0rrec de Catalana de Gas i Electricitat, 1929 (actual Naturgy).<\/p>\n<p>Original sobre nitrat.<\/p>\n<p>\u00a9 Fundaci\u00f3 Naturgy, 2020.[\/vc_column][\/vc_row][vc_row][vc_column][vc_column_text]<strong>La dignidad de un pollo<\/strong> \u00e9s el t\u00edtol d\u2019aquesta pe\u00e7a publicit\u00e0ria, emesa per primera vegada el 1929 i atribu\u00efda als estudis de cinema Em\u00e8rita Films per enc\u00e0rrec de Catalana de Gas i Electricitat (actual Naturgy). A aquests estudis ja se li havia encarregat anteriorment la creaci\u00f3 del film <strong><em>La fabricaci\u00f3n del gas de hull<\/em>a<\/strong> en un moment en qu\u00e8 el cinema era vist com un gran element de difusi\u00f3 i propaganda. Aquest tipus de documentals i anuncis servien per fer publicitat de la imatge d\u2019una de les ind\u00fastries que s\u2019erigia com a exemple indiscutible de progr\u00e9s i modernitat.<\/p>\n<p>&nbsp;<\/p>\n<p>L\u2019anunci, en blanc i negre, plasma la hist\u00f2ria d\u2019un gall que ha de ser cuinat en un forn de carb\u00f3, i decideix que no vol morir en aquestes circumst\u00e0ncies, sin\u00f3 que prefereix ser rostit en un forn de gas. Per aquest motiu, s\u2019escapa a la casa ve\u00efna, on disposen d\u2019una cuina moderna que funciona amb gas.<\/p>\n<p>&nbsp;<\/p>\n<p>Entre les il\u00b7lustracions animades apareixen els intert\u00edtols que, amb to sat\u00edric, llancen missatges de modernitat, confort i netedat, aspectes claus per al desenvolupament i la introducci\u00f3 dels gasodom\u00e8stics a les llars. Va ser en aquell moment que va tenir lloc la gran revoluci\u00f3 d\u2019aquests nous invents, que facilitarien la vida dom\u00e8stica en molts dels seus camps, des d\u2019arrissadors de cabells, a llums, escalfadors d\u2019aigua, etc.<\/p>\n<p>&nbsp;<\/p>\n<p>Les imatges de l\u2019anunci s\u2019inspiren en unes il\u00b7lustracions de Joan Garc\u00eda Junceda, realitzades el 1927 amb motiu del fullet editat per a \u201cL\u2019exposici\u00f3 de la Ind\u00fastria Hotelera\u201d, celebrada el mateix any i en la qual es van mostrar les aplicacions de l\u2019energia del gas en l\u2019\u00e0mbit dom\u00e8stic. Aquest tipus d\u2019il\u00b7lustracions i comentaris, que avui dia estan fora de lloc, s\u2019han de comprendre en un context hist\u00f2ric i social molt diferent del que, per sort, vivim ara.[\/vc_column_text][\/vc_column][\/vc_row][vc_row][vc_column][vc_column_text]<strong>Font bibliogr\u00e0fica:<\/strong><\/p>\n<p>Rierol, Merc\u00e8s: &#8220;Gas a tots els pisos. El llarg proc\u00e9s cap a la generalitzaci\u00f3 del consum dom\u00e8stic del gas&#8221; [en l\u00ednia]. Scripta Nova. Revista electr\u00f2nica de geografia i ci\u00e8ncies socials, n\u00fam. 146 (agost 2003).<\/p>\n<p>&nbsp;<\/p>\n<p>[\/vc_column_text][\/vc_column][\/vc_row]<\/p>\n","protected":false},"excerpt":{"rendered":"<p>[vc_row][vc_column width=&#8221;1\/2&#8243;][vc_video link=&#8221;https:\/\/youtu.be\/5QP_nd1LuxY&#8221;][\/vc_column][vc_column width=&#8221;1\/2&#8243;]Atribu\u00eft a Em\u00e9rita Films sota l\u2019enc\u00e0rrec de Catalana de Gas i Electricitat, 1929 (actual Naturgy). Original sobre nitrat. \u00a9 Fundaci\u00f3 Naturgy, 2020.[\/vc_column][\/vc_row][vc_row][vc_column][vc_column_text]La dignidad de un pollo \u00e9s<span class=\"more-link\"><a href=\"https:\/\/www.fundacionnaturgy.org\/ca\/educacio-divulgacio\/arxiu-i-patrimoni\/la-dignidad-de-un-pollo\/\">Llegir m\u00e9s<\/a><\/span><\/p>\n","protected":false},"author":1454,"featured_media":0,"parent":45311,"menu_order":0,"comment_status":"closed","ping_status":"closed","template":"templates\/full-width.php","meta":{"inline_featured_image":false},"categories":[],"acf":[],"_links":{"self":[{"href":"https:\/\/www.fundacionnaturgy.org\/ca\/wp-json\/wp\/v2\/pages\/75816"}],"collection":[{"href":"https:\/\/www.fundacionnaturgy.org\/ca\/wp-json\/wp\/v2\/pages"}],"about":[{"href":"https:\/\/www.fundacionnaturgy.org\/ca\/wp-json\/wp\/v2\/types\/page"}],"author":[{"embeddable":true,"href":"https:\/\/www.fundacionnaturgy.org\/ca\/wp-json\/wp\/v2\/users\/1454"}],"replies":[{"embeddable":true,"href":"https:\/\/www.fundacionnaturgy.org\/ca\/wp-json\/wp\/v2\/comments?post=75816"}],"version-history":[{"count":0,"href":"https:\/\/www.fundacionnaturgy.org\/ca\/wp-json\/wp\/v2\/pages\/75816\/revisions"}],"up":[{"embeddable":true,"href":"https:\/\/www.fundacionnaturgy.org\/ca\/wp-json\/wp\/v2\/pages\/45311"}],"wp:attachment":[{"href":"https:\/\/www.fundacionnaturgy.org\/ca\/wp-json\/wp\/v2\/media?parent=75816"}],"wp:term":[{"taxonomy":"category","embeddable":true,"href":"https:\/\/www.fundacionnaturgy.org\/ca\/wp-json\/wp\/v2\/categories?post=75816"}],"curies":[{"name":"wp","href":"https:\/\/api.w.org\/{rel}","templated":true}]}}