{"id":75824,"date":"2020-10-20T10:45:17","date_gmt":"2020-10-20T08:45:17","guid":{"rendered":"https:\/\/www.fundacionnaturgy.org\/certamen-tecnologic-efigy-de-la-fundacio-naturgy\/"},"modified":"2026-03-19T16:36:44","modified_gmt":"2026-03-19T15:36:44","slug":"certamen-tecnologic-efigy-de-la-fundacio-naturgy","status":"publish","type":"page","link":"https:\/\/www.fundacionnaturgy.org\/ca\/certamen-tecnologic-efigy-de-la-fundacio-naturgy\/","title":{"rendered":"Certamen Tecnol\u00f2gic Efigy de la Fundaci\u00f3 Naturgy"},"content":{"rendered":"<p>[vc_row][vc_column][vc_column_text]<\/p>\n<h2><strong>Un reconeixement escolar per fomentar les vocacions STEAM<br \/>\n<\/strong><\/h2>\n<p>[\/vc_column_text][vc_row_inner][vc_column_inner][vc_images_carousel images=&#8221;92359,92413,92387,92416,89558,89555,92429,92392,64122,82248,85542&#8243; img_size=&#8221;full&#8221; onclick=&#8221;link_no&#8221; speed=&#8221;3000&#8243; autoplay=&#8221;yes&#8221; wrap=&#8221;yes&#8221;][vc_column_text]La Fundaci\u00f3 Naturgy posa en marxa la vuitena\u00a0edici\u00f3 del Certamen Tecnol\u00f2gic Efigy, corresponent al curs 2025-2026. La iniciativa, adre\u00e7ada a<strong>\u00a0alumnes de 3r i 4t curs d\u2019educaci\u00f3 secund\u00e0ria obligat\u00f2ria de tot el territori espanyol<\/strong>, t\u00e9 per objectiu la\u00a0<strong>promoci\u00f3 dels valors de l\u2019efici\u00e8ncia energ\u00e8tica i el foment de les vocacions tecnol\u00f2giques<\/strong>, des d\u2019edats primerenques.<\/p>\n<p>La\u00a0<strong>participaci\u00f3<\/strong>\u00a0en el certamen \u00e9s\u00a0<strong>gratu\u00efta\u00a0<\/strong>i proposa als alumnes que resolguin un repte que contribueixi a la millora del planeta, mitjan\u00e7ant l\u2019efici\u00e8ncia energ\u00e8tica. Aquesta iniciativa did\u00e0ctica tracta de\u00a0<strong>motivar i generar consci\u00e8ncia i<\/strong>\u00a0<strong>inter\u00e8s per l\u2019energia<\/strong>, alhora que refor\u00e7a la capacitat d\u2019investigaci\u00f3 dels joves, desperta la seva curiositat i creativitat, i tamb\u00e9 facilita el treball en equip i les habilitats comunicatives.[\/vc_column_text]<a class=\"gnf-boton oscuro left\" href=\"https:\/\/www.fundacionnaturgy.org\/wp-content\/uploads\/2026\/01\/Bases-de-Participacion-VIII-Certamen-Tecnologico-Efigy-Fundacion_.pdf\" title=\"\" target=\"_blank\">Bases de participaci\u00f3 VIII edici\u00f3<\/a>[vc_empty_space][vc_empty_space][vc_btn title=&#8221;Addenda primera &#8211; Ajuda al transport&#8221; style=&#8221;outline-custom&#8221; outline_custom_color=&#8221;#004571&#8243; outline_custom_hover_background=&#8221;&#8221; outline_custom_hover_text=&#8221;#004571&#8243; shape=&#8221;round&#8221; size=&#8221;sm&#8221; i_align=&#8221;right&#8221; i_icon_fontawesome=&#8221;far fa-file-pdf&#8221; add_icon=&#8221;true&#8221; link=&#8221;url:https%3A%2F%2Fwww.fundacionnaturgy.org%2Fwp-content%2Fuploads%2F2026%2F03%2FAdenda-Bases-de-participacion-VIII-Certamen-Efigy.pdf|target:_blank&#8221;][vc_empty_space height=&#8221;2px&#8221;][vc_btn title=&#8221;Addenda segona &#8211; Nou calendari&#8221; style=&#8221;outline-custom&#8221; outline_custom_color=&#8221;#004571&#8243; outline_custom_hover_background=&#8221;&#8221; outline_custom_hover_text=&#8221;#004571&#8243; shape=&#8221;round&#8221; size=&#8221;sm&#8221; i_align=&#8221;right&#8221; i_icon_fontawesome=&#8221;far fa-file-pdf&#8221; add_icon=&#8221;true&#8221; link=&#8221;url:https%3A%2F%2Fwww.fundacionnaturgy.org%2Fwp-content%2Fuploads%2F2026%2F03%2FAdenda-II-a-las-Bases-de-Participacion-del-VIII-Certamen-Tecnologico-Efigy.pdf|target:_blank&#8221;][vc_empty_space][\/vc_column_inner][\/vc_row_inner][\/vc_column][\/vc_row][vc_row][vc_column width=&#8221;1\/2&#8243;][vc_column_text]<\/p>\n<h3>Objetius\u00a0did\u00e0ctics<\/h3>\n<ul>\n<li>Fomentar la recerca en l\u2019\u00e0mbit escolar mitjan\u00e7ant la identificaci\u00f3 de problemes i l\u2019estudi de la seva resoluci\u00f3.<\/li>\n<li>Incidir en la import\u00e0ncia de la bona comunicaci\u00f3 en la recerca, mitjan\u00e7ant el foment de les habilitats comunicatives.<\/li>\n<li>Facilitar recursos al professorat per treballar la tecnologia i les ci\u00e8ncies naturals a l\u2019aula.<\/li>\n<li>Posar de relleu el treball cient\u00edfic que es fa a les aules de secund\u00e0ria.<\/li>\n<\/ul>\n<p>[\/vc_column_text][\/vc_column][vc_column width=&#8221;1\/2&#8243;][vc_column_text]<\/p>\n<h3>Tem\u00e0tiques i \u00e0rees de treball<\/h3>\n<ul>\n<li>Qualitat de l\u2019aire a les ciutats.<\/li>\n<li>Efici\u00e8ncia energ\u00e8tica.<\/li>\n<li>Innovaci\u00f3 energ\u00e8tica<\/li>\n<li>Transici\u00f3\u00a0energ\u00e8tica.<\/li>\n<li>Mobilitat sostenible.<\/li>\n<li>Assessoria energ\u00e8tica en entorns vulnerables.<\/li>\n<\/ul>\n<p>[\/vc_column_text][\/vc_column][\/vc_row][vc_row][vc_column width=&#8221;1\/2&#8243;][vc_column_text]<\/p>\n<h3>Reconeixements<\/h3>\n<ul>\n<li style=\"text-align: left;\">Projecte m\u00e9s innovador<\/li>\n<li style=\"text-align: left;\">Projecte m\u00e9s realitzable<\/li>\n<li style=\"text-align: left;\">Projecte m\u00e9s ben comunicat<\/li>\n<\/ul>\n<p>[\/vc_column_text][\/vc_column][vc_column width=&#8221;1\/2&#8243;][vc_column_text]<\/p>\n<h3>Certificats<\/h3>\n<p style=\"text-align: left;\">El participants\u00a0al Certamen obtindran un certificat\u00a0de participaci\u00f3 i els\u00a0guanyadors tindran un reconeixement econ\u00f2mic per destinar a material escolar tecnol\u00f2gic.<\/p>\n<p>[\/vc_column_text][\/vc_column][\/vc_row][vc_row][vc_column][vc_empty_space][\/vc_column][\/vc_row][vc_row css=&#8221;.vc_custom_1650490331308{background-color: #bfb8ae !important;}&#8221;][vc_column css=&#8221;.vc_custom_1649167005037{padding-top: 50px !important;padding-right: 30px !important;padding-bottom: 50px !important;padding-left: 30px !important;}&#8221;][vc_column_text]<\/p>\n<h2><span style=\"color: #004571;\"><strong>Avalat per&#8230;<\/strong><\/span><\/h2>\n<h3><span style=\"color: #004571;\">Fundaci\u00f3 Espanyola per a la Ci\u00e8ncia i la Tecnologia (FECYT), Consell Superior d\u2019Investigacions Cient\u00edfiques (CSIC), Institut per a la Transici\u00f3 Justa del Ministeri per a la Transici\u00f3 Ecol\u00f2gica i el Repte Demogr\u00e0fic (MITECO) i Ciutat de les Arts i les Ci\u00e8ncies (CAC).<\/span><\/h3>\n<h3><span style=\"color: #004571;\">Aquesta iniciativa compta amb una Menci\u00f3 especial de Mar\u00eda del Rosario Heras, doctora en F\u00edsica i Investigadora em\u00e8rita del Centre d\u00b4Investigacions Energ\u00e8tiques, Mediambientals i Tecnol\u00f2giques (CIEMAT).<\/span><\/h3>\n<p>[\/vc_column_text][\/vc_column][\/vc_row][vc_row][vc_column][vc_empty_space][\/vc_column][\/vc_row][vc_row][vc_column][vc_column_text]<\/p>\n<h2 style=\"text-align: left;\"><strong>El Certamen Tecnol\u00f2gic Efigy pas a pas<br \/>\n<\/strong><\/h2>\n<p>[\/vc_column_text][\/vc_column][\/vc_row][vc_row full_width=&#8221;stretch_row_content&#8221;][vc_column offset=&#8221;vc_hidden-xs&#8221;][vc_single_image image=&#8221;94934&#8243; img_size=&#8221;full&#8221; alignment=&#8221;center&#8221;][\/vc_column][\/vc_row][vc_row full_width=&#8221;stretch_row_content&#8221;][vc_column offset=&#8221;vc_hidden-lg vc_hidden-md vc_hidden-sm&#8221;][vc_single_image image=&#8221;94931&#8243; img_size=&#8221;full&#8221; alignment=&#8221;center&#8221;][\/vc_column][\/vc_row][vc_row][vc_column][vc_column_text]<\/p>\n<h2><strong>Aix\u00ed van ser les edicions anteriors<br \/>\n<\/strong><\/h2>\n<p>[\/vc_column_text][vc_row_inner][vc_column_inner width=&#8221;1\/2&#8243;][vc_column_text]<\/p>\n<h3 style=\"text-align: left;\">Resum\u00a0del VII Certamen Tecnol\u00f2gic\u00a0Efigy<\/h3>\n<p>[\/vc_column_text][vc_video link=&#8221;https:\/\/youtu.be\/gOEpHBuTGcs&#8221; el_width=&#8221;90&#8243;][vc_video link=&#8221;https:\/\/youtu.be\/FojxB8_Zo5A&#8221; el_width=&#8221;90&#8243;][\/vc_column_inner][vc_column_inner width=&#8221;1\/2&#8243;][vc_column_text]<\/p>\n<h3 style=\"text-align: left;\">Resum\u00a0del VI Certamen Tecnol\u00f2gic\u00a0Efigy<\/h3>\n<p>[\/vc_column_text][vc_video link=&#8221;https:\/\/youtu.be\/yvECKCzsz1E&#8221; el_width=&#8221;90&#8243;][vc_video link=&#8221;https:\/\/www.youtube.com\/watch?v=n_5SbbHaWdA&#8221; el_width=&#8221;90&#8243;][\/vc_column_inner][\/vc_row_inner][\/vc_column][\/vc_row][vc_row][vc_column width=&#8221;1\/2&#8243;][vc_column_text]<\/p>\n<h3 style=\"text-align: left;\">Resum\u00a0del V\u00a0Certamen Tecnol\u00f2gic\u00a0Efigy<\/h3>\n<p>[\/vc_column_text][vc_video link=&#8221;https:\/\/youtu.be\/mS5RS_up5Zc&#8221; el_width=&#8221;90&#8243;][vc_video link=&#8221;https:\/\/www.youtube.com\/watch?v=Q4ZP9PE146o&#8221; el_width=&#8221;90&#8243;][\/vc_column][vc_column width=&#8221;1\/2&#8243;][vc_column_text]<\/p>\n<h3 style=\"text-align: left;\">Resum\u00a0del\u00a0IV\u00a0Certamen Tecnol\u00f2gic\u00a0Efigy<\/h3>\n<p>[\/vc_column_text][vc_column_text]<\/p>\n<p style=\"text-align: left;\"><iframe loading=\"lazy\" title=\"YouTube video player\" src=\"https:\/\/www.youtube.com\/embed\/wDrd2817STE\" width=\"423\" height=\"238\" frameborder=\"0\" allowfullscreen=\"allowfullscreen\" data-mce-fragment=\"1\"><\/iframe><\/p>\n<p>[\/vc_column_text][vc_column_text]<iframe loading=\"lazy\" title=\"YouTube video player\" src=\"https:\/\/www.youtube.com\/embed\/XsbeX_8D7Mo?si=xZWde8ZfKYMCLFxB\" width=\"423\" height=\"238\" frameborder=\"0\" allowfullscreen=\"allowfullscreen\"><span data-mce-type=\"bookmark\" style=\"display: inline-block; width: 0px; overflow: hidden; line-height: 0;\" class=\"mce_SELRES_start\">\ufeff<\/span><\/iframe>[\/vc_column_text][\/vc_column][\/vc_row][vc_row][vc_column width=&#8221;1\/2&#8243;][vc_column_text]<\/p>\n<h3 style=\"text-align: left;\">Resum\u00a0del III Certamen Tecnol\u00f2gic\u00a0Efigy<\/h3>\n<p>[\/vc_column_text][vc_column_text]<\/p>\n<p style=\"text-align: left;\"><iframe loading=\"lazy\" title=\"YouTube video player\" src=\"https:\/\/www.youtube.com\/embed\/SXA53VuDxXI\" width=\"423\" height=\"238\" frameborder=\"0\" allowfullscreen=\"allowfullscreen\" data-mce-fragment=\"1\"><\/iframe><\/p>\n<p>[\/vc_column_text][vc_column_text]<iframe loading=\"lazy\" title=\"YouTube video player\" src=\"https:\/\/www.youtube.com\/embed\/vi-_ec1a9As?si=r6UWrFqxc0qgwW70\" width=\"423\" height=\"238\" frameborder=\"0\" allowfullscreen=\"allowfullscreen\"><span data-mce-type=\"bookmark\" style=\"display: inline-block; width: 0px; overflow: hidden; line-height: 0;\" class=\"mce_SELRES_start\">\ufeff<\/span><\/iframe>[\/vc_column_text][\/vc_column][vc_column width=&#8221;1\/2&#8243;][vc_column_text]<\/p>\n<h3 style=\"text-align: left;\">Resum del II Certamen Tecnol\u00f2gic Efigy<\/h3>\n<p>[\/vc_column_text][vc_column_text]<\/p>\n<p style=\"text-align: left;\"><iframe loading=\"lazy\" title=\"YouTube video player\" src=\"https:\/\/www.youtube.com\/embed\/aNFc6k5_ZgY\" width=\"423\" height=\"238\" frameborder=\"0\" allowfullscreen=\"allowfullscreen\"><\/iframe><\/p>\n<p>[\/vc_column_text][vc_column_text]<iframe loading=\"lazy\" title=\"YouTube video player\" src=\"https:\/\/www.youtube.com\/embed\/2KYvk1piBg4?si=EYSrQ3WqFgJUFAso\" width=\"423\" height=\"238\" frameborder=\"0\" allowfullscreen=\"allowfullscreen\"><span data-mce-type=\"bookmark\" style=\"display: inline-block; width: 0px; overflow: hidden; line-height: 0;\" class=\"mce_SELRES_start\">\ufeff<\/span><\/iframe>[\/vc_column_text][\/vc_column][\/vc_row][vc_row][vc_column width=&#8221;1\/2&#8243;][vc_column_text]<\/p>\n<h3 style=\"text-align: left;\">Resum del I Certamen Tecnol\u00f2gic Efigy<\/h3>\n<p>[\/vc_column_text][vc_video link=&#8221;https:\/\/youtu.be\/sNkXFX88D1A?si=PdzzZDT68XzHz846&#8243; el_width=&#8221;90&#8243;][\/vc_column][vc_column width=&#8221;1\/2&#8243;][\/vc_column][\/vc_row][vc_row][vc_column][vc_empty_space height=&#8221;12px&#8221;][\/vc_column][\/vc_row][vc_row][vc_column][vc_row_inner css=&#8221;.vc_custom_1648632174036{border-top-width: 1px !important;border-right-width: 1px !important;border-bottom-width: 1px !important;border-left-width: 1px !important;border-left-color: #e5ecf1 !important;border-left-style: solid !important;border-right-color: #e5ecf1 !important;border-right-style: solid !important;border-top-color: #e5ecf1 !important;border-top-style: solid !important;border-bottom-color: #e5ecf1 !important;border-bottom-style: solid !important;border-radius: 1px !important;}&#8221;][vc_column_inner width=&#8221;1\/4&#8243;][vc_single_image image=&#8221;81496&#8243; img_size=&#8221;full&#8221; alignment=&#8221;right&#8221;][\/vc_column_inner][vc_column_inner width=&#8221;3\/4&#8243;][vc_column_text]<\/p>\n<h4><strong>M\u00e9s informaci\u00f3 i peticions<\/strong><\/h4>\n<p>Si est\u00e0s interessat en el nostre Certamen Tecnol\u00f2gic Efigy, pots contactar amb nosaltres per:<\/p>\n<p>Tel\u00e8fon:<strong> 607748193<\/strong><\/p>\n<p>Adre\u00e7a electr\u00f2nica:\u00a0<strong><a href=\"mailto:certamenefigy@naturgy.com\">certamenefigy@naturgy.com<\/a><\/strong>[\/vc_column_text][\/vc_column_inner][\/vc_row_inner][\/vc_column][\/vc_row]<\/p>\n","protected":false},"excerpt":{"rendered":"<p>[vc_row][vc_column][vc_column_text] Un reconeixement escolar per fomentar les vocacions STEAM [\/vc_column_text][vc_row_inner][vc_column_inner][vc_images_carousel images=&#8221;92359,92413,92387,92416,89558,89555,92429,92392,64122,82248,85542&#8243; img_size=&#8221;full&#8221; onclick=&#8221;link_no&#8221; speed=&#8221;3000&#8243; autoplay=&#8221;yes&#8221; wrap=&#8221;yes&#8221;][vc_column_text]La Fundaci\u00f3 Naturgy posa en marxa la vuitena\u00a0edici\u00f3 del Certamen Tecnol\u00f2gic Efigy, corresponent al curs<span class=\"more-link\"><a href=\"https:\/\/www.fundacionnaturgy.org\/ca\/certamen-tecnologic-efigy-de-la-fundacio-naturgy\/\">Llegir m\u00e9s<\/a><\/span><\/p>\n","protected":false},"author":1454,"featured_media":0,"parent":0,"menu_order":0,"comment_status":"closed","ping_status":"closed","template":"templates\/full-width.php","meta":{"inline_featured_image":false},"categories":[],"acf":[],"_links":{"self":[{"href":"https:\/\/www.fundacionnaturgy.org\/ca\/wp-json\/wp\/v2\/pages\/75824"}],"collection":[{"href":"https:\/\/www.fundacionnaturgy.org\/ca\/wp-json\/wp\/v2\/pages"}],"about":[{"href":"https:\/\/www.fundacionnaturgy.org\/ca\/wp-json\/wp\/v2\/types\/page"}],"author":[{"embeddable":true,"href":"https:\/\/www.fundacionnaturgy.org\/ca\/wp-json\/wp\/v2\/users\/1454"}],"replies":[{"embeddable":true,"href":"https:\/\/www.fundacionnaturgy.org\/ca\/wp-json\/wp\/v2\/comments?post=75824"}],"version-history":[{"count":29,"href":"https:\/\/www.fundacionnaturgy.org\/ca\/wp-json\/wp\/v2\/pages\/75824\/revisions"}],"predecessor-version":[{"id":88562,"href":"https:\/\/www.fundacionnaturgy.org\/ca\/wp-json\/wp\/v2\/pages\/75824\/revisions\/88562"}],"wp:attachment":[{"href":"https:\/\/www.fundacionnaturgy.org\/ca\/wp-json\/wp\/v2\/media?parent=75824"}],"wp:term":[{"taxonomy":"category","embeddable":true,"href":"https:\/\/www.fundacionnaturgy.org\/ca\/wp-json\/wp\/v2\/categories?post=75824"}],"curies":[{"name":"wp","href":"https:\/\/api.w.org\/{rel}","templated":true}]}}