{"id":75973,"date":"2020-10-07T17:19:48","date_gmt":"2020-10-07T15:19:48","guid":{"rendered":"https:\/\/www.fundacionnaturgy.org\/formacio-professional-reglada\/"},"modified":"2021-04-28T11:18:42","modified_gmt":"2021-04-28T09:18:42","slug":"formacio-professional-reglada","status":"publish","type":"page","link":"https:\/\/www.fundacionnaturgy.org\/ca\/educacio-divulgacio\/formacio-professional-per-a-locupabilitat\/formacio-professional-reglada\/","title":{"rendered":"Formaci\u00f3 Professional Reglada"},"content":{"rendered":"<p>[vc_row][vc_column][vc_single_image image=&#8221;75680&#8243; img_size=&#8221;full&#8221;][\/vc_column][\/vc_row][vc_row][vc_column]<div class=\"gnf-texto-destacado\" style=\"background-color:#edf0f1;border-color:#004165;\"><h4 style=\"color:#004165\"><\/h4>L\u2019objectiu del programa de la Fundaci\u00f3 Naturgy en l\u2019\u00e0mbit de la formaci\u00f3 professional al sector educatiu \u00e9s contribuir a la millora de l\u2019ocupabilitat dels alumnes de les fam\u00edlies professionals relacionades amb el sector energ\u00e8tic.<\/div>[vc_empty_space][\/vc_column][\/vc_row][vc_row][vc_column][vc_column_text]Les primeres accions dutes a terme s\u2019han basat en l\u2019actualitzaci\u00f3 dels continguts formatius, que es traslladen a les aules mitjan\u00e7ant formaci\u00f3 de formadors i la cessi\u00f3 d\u2019equipament did\u00e0ctic per facilitar la seva aplicaci\u00f3 pr\u00e0ctica.[\/vc_column_text][\/vc_column][\/vc_row][vc_row][vc_column][vc_empty_space height=&#8221;20px&#8221;][\/vc_column][\/vc_row][vc_row][vc_column][vc_column_text]<\/p>\n<h4><b>Cat\u00e0leg\u00a0de formacions disponibles<\/b>:<\/h4>\n<p>[\/vc_column_text][\/vc_column][\/vc_row][vc_row][vc_column width=&#8221;1\/2&#8243;][vc_row_inner][vc_column_inner]<div class=\"gnf-destacado-img\"><a href=\"https:\/\/www.fundacionnaturgy.org\/educacion-y-divulgacion\/formacion-profesional-para-la-empleabilidad\/formacion-profesional-en-gas-natural-vehicular\/\" title=\"\" target=\"_self\"><figure class=\"gnf-destacado-img__imagen\"><img width=\"996\" height=\"647\" src=\"https:\/\/www.fundacionnaturgy.org\/wp-content\/uploads\/2020\/10\/seminario-internacional-brasil-gnv.jpg\" class=\"attachment-full size-full\" alt=\"\" loading=\"lazy\" srcset=\"https:\/\/www.fundacionnaturgy.org\/wp-content\/uploads\/2020\/10\/seminario-internacional-brasil-gnv.jpg 996w, https:\/\/www.fundacionnaturgy.org\/wp-content\/uploads\/2020\/10\/seminario-internacional-brasil-gnv-300x195.jpg 300w, https:\/\/www.fundacionnaturgy.org\/wp-content\/uploads\/2020\/10\/seminario-internacional-brasil-gnv-768x499.jpg 768w, https:\/\/www.fundacionnaturgy.org\/wp-content\/uploads\/2020\/10\/seminario-internacional-brasil-gnv-216x140.jpg 216w\" sizes=\"(max-width: 996px) 100vw, 996px\" \/><figcaption class=\"link bottom\" style=\"background: rgba(255,255,255,0.9);\"><h4 class=\"left\">Formaci\u00f3 Professional en gas natural vehicular <\/h4><\/figcaption><\/figure><\/a><div class=\"gnf-destacado-img__texto small-only-text-center\"><\/div><\/div>[\/vc_column_inner][\/vc_row_inner][vc_row_inner][vc_column_inner]<div class=\"gnf-destacado-img\"><a href=\"https:\/\/www.fundacionnaturgy.org\/ca\/educacio-divulgacio\/formacio-professional-per-a-locupabilitat\/formacio-professional-en-edificacio-i-rehabilitacio-sostenible\/\" title=\"\" target=\"_self\"><figure class=\"gnf-destacado-img__imagen\"><img width=\"768\" height=\"499\" src=\"https:\/\/www.fundacionnaturgy.org\/wp-content\/uploads\/2020\/10\/rehabilitacion-sostenible-1-768x499.jpg\" class=\"attachment-full size-full\" alt=\"\" loading=\"lazy\" srcset=\"https:\/\/www.fundacionnaturgy.org\/wp-content\/uploads\/2020\/10\/rehabilitacion-sostenible-1-768x499.jpg 768w, https:\/\/www.fundacionnaturgy.org\/wp-content\/uploads\/2020\/10\/rehabilitacion-sostenible-1-768x499-300x195.jpg 300w, https:\/\/www.fundacionnaturgy.org\/wp-content\/uploads\/2020\/10\/rehabilitacion-sostenible-1-768x499-215x140.jpg 215w\" sizes=\"(max-width: 768px) 100vw, 768px\" \/><figcaption class=\"link bottom\" style=\"background: rgba(255,255,255,0.9);\"><h4 class=\"left\">Formaci\u00f3 Professional en edificaci\u00f3 i rehabilitaci\u00f3 sostenible <\/h4><\/figcaption><\/figure><\/a><div class=\"gnf-destacado-img__texto small-only-text-center\"><\/div><\/div>[\/vc_column_inner][\/vc_row_inner][\/vc_column][vc_column width=&#8221;1\/2&#8243;][vc_row_inner][vc_column_inner]<div class=\"gnf-destacado-img\"><a href=\"https:\/\/www.fundacionnaturgy.org\/ca\/educacio-divulgacio\/formacio-professional-per-a-locupabilitat\/formacio-professional-en-gas-renovable\/\" title=\"\" target=\"_self\"><figure class=\"gnf-destacado-img__imagen\"><img width=\"768\" height=\"499\" src=\"https:\/\/www.fundacionnaturgy.org\/wp-content\/uploads\/2020\/10\/renovable-gas-1-768x499.jpg\" class=\"attachment-full size-full\" alt=\"\" loading=\"lazy\" srcset=\"https:\/\/www.fundacionnaturgy.org\/wp-content\/uploads\/2020\/10\/renovable-gas-1-768x499.jpg 768w, https:\/\/www.fundacionnaturgy.org\/wp-content\/uploads\/2020\/10\/renovable-gas-1-768x499-300x195.jpg 300w, https:\/\/www.fundacionnaturgy.org\/wp-content\/uploads\/2020\/10\/renovable-gas-1-768x499-215x140.jpg 215w\" sizes=\"(max-width: 768px) 100vw, 768px\" \/><figcaption class=\"link bottom\" style=\"background: rgba(255,255,255,0.9);\"><h4 class=\"left\">Formaci\u00f3 Professional en gas renovable <\/h4><\/figcaption><\/figure><\/a><div class=\"gnf-destacado-img__texto small-only-text-center\"><\/div><\/div>[\/vc_column_inner][\/vc_row_inner]<div class=\"gnf-destacado-img\"><a href=\"https:\/\/www.fundacionnaturgy.org\/ca\/educacio-divulgacio\/formacio-professional-per-a-locupabilitat\/formacio-professional-en-vulnerabilitat-energetica-com-ajudar-a-pal%c2%b7liar-la-pobresa-energetica\/\" title=\"\" target=\"_self\"><figure class=\"gnf-destacado-img__imagen\"><img width=\"761\" height=\"489\" src=\"https:\/\/www.fundacionnaturgy.org\/wp-content\/uploads\/2020\/10\/vulnerabilidad-768x637-1.jpg\" class=\"attachment-full size-full\" alt=\"\" loading=\"lazy\" srcset=\"https:\/\/www.fundacionnaturgy.org\/wp-content\/uploads\/2020\/10\/vulnerabilidad-768x637-1.jpg 761w, https:\/\/www.fundacionnaturgy.org\/wp-content\/uploads\/2020\/10\/vulnerabilidad-768x637-1-600x386.jpg 600w, https:\/\/www.fundacionnaturgy.org\/wp-content\/uploads\/2020\/10\/vulnerabilidad-768x637-1-300x193.jpg 300w, https:\/\/www.fundacionnaturgy.org\/wp-content\/uploads\/2020\/10\/vulnerabilidad-768x637-1-218x140.jpg 218w\" sizes=\"(max-width: 761px) 100vw, 761px\" \/><figcaption class=\"link bottom\" style=\"background: rgba(255,255,255,0.9);\"><h4 class=\"left\">Formaci\u00f3 Professional en assessor energ\u00e8tic en entorns vulnerables<\/h4><\/figcaption><\/figure><\/a><div class=\"gnf-destacado-img__texto small-only-text-center\"><\/div><\/div>[\/vc_column][\/vc_row][vc_row][vc_column][vc_empty_space]<div class=\"gnf-texto-destacado\" style=\"background-color:#edf0f1;border-color:#004165;\"><h4 style=\"color:#004165\">El programa de Formaci\u00f3 Professional reglada en xifres:<\/h4><\/p>\n<p>Gr\u00e0cies als programes per al professorat d\u2019FP, impulsats en col\u00b7laboraci\u00f3 amb les administracions educatives, m\u00e9s de 4.000 alumnes de diferents comunitats aut\u00f2nomes d\u2019Espanya han rebut formaci\u00f3 reconeguda als seus centres educatiu.<\/p>\n<p><\/div>[\/vc_column][\/vc_row]<\/p>\n","protected":false},"excerpt":{"rendered":"<p>[vc_row][vc_column][vc_single_image image=&#8221;75680&#8243; img_size=&#8221;full&#8221;][\/vc_column][\/vc_row][vc_row][vc_column][vc_empty_space][\/vc_column][\/vc_row][vc_row][vc_column][vc_column_text]Les primeres accions dutes a terme s\u2019han basat en l\u2019actualitzaci\u00f3 dels continguts formatius, que es traslladen a les aules mitjan\u00e7ant formaci\u00f3 de formadors i la cessi\u00f3 d\u2019equipament did\u00e0ctic<span class=\"more-link\"><a href=\"https:\/\/www.fundacionnaturgy.org\/ca\/educacio-divulgacio\/formacio-professional-per-a-locupabilitat\/formacio-professional-reglada\/\">Llegir m\u00e9s<\/a><\/span><\/p>\n","protected":false},"author":1454,"featured_media":0,"parent":73285,"menu_order":0,"comment_status":"closed","ping_status":"closed","template":"templates\/full-width.php","meta":{"inline_featured_image":false},"categories":[],"acf":[],"_links":{"self":[{"href":"https:\/\/www.fundacionnaturgy.org\/ca\/wp-json\/wp\/v2\/pages\/75973"}],"collection":[{"href":"https:\/\/www.fundacionnaturgy.org\/ca\/wp-json\/wp\/v2\/pages"}],"about":[{"href":"https:\/\/www.fundacionnaturgy.org\/ca\/wp-json\/wp\/v2\/types\/page"}],"author":[{"embeddable":true,"href":"https:\/\/www.fundacionnaturgy.org\/ca\/wp-json\/wp\/v2\/users\/1454"}],"replies":[{"embeddable":true,"href":"https:\/\/www.fundacionnaturgy.org\/ca\/wp-json\/wp\/v2\/comments?post=75973"}],"version-history":[{"count":0,"href":"https:\/\/www.fundacionnaturgy.org\/ca\/wp-json\/wp\/v2\/pages\/75973\/revisions"}],"up":[{"embeddable":true,"href":"https:\/\/www.fundacionnaturgy.org\/ca\/wp-json\/wp\/v2\/pages\/73285"}],"wp:attachment":[{"href":"https:\/\/www.fundacionnaturgy.org\/ca\/wp-json\/wp\/v2\/media?parent=75973"}],"wp:term":[{"taxonomy":"category","embeddable":true,"href":"https:\/\/www.fundacionnaturgy.org\/ca\/wp-json\/wp\/v2\/categories?post=75973"}],"curies":[{"name":"wp","href":"https:\/\/api.w.org\/{rel}","templated":true}]}}