{"id":75999,"date":"2020-10-09T11:58:00","date_gmt":"2020-10-09T09:58:00","guid":{"rendered":"https:\/\/www.fundacionnaturgy.org\/formacio-professional-en-gas-renovable\/"},"modified":"2024-04-29T10:55:31","modified_gmt":"2024-04-29T08:55:31","slug":"formacio-professional-en-gas-renovable","status":"publish","type":"page","link":"https:\/\/www.fundacionnaturgy.org\/ca\/formacio-professional-en-gas-renovable\/","title":{"rendered":"Formaci\u00f3 professional en gas renovable"},"content":{"rendered":"<p>[vc_row][vc_column width=&#8221;1\/2&#8243;][vc_single_image image=&#8221;84821&#8243; img_size=&#8221;full&#8221;][\/vc_column][vc_column width=&#8221;1\/2&#8243;][vc_column_text]<br \/>\nEl gas renovable \u00e9s un combustible renovable considerat neutre en emissions CO2. El sector energ\u00e8tic ha de sensibilitzar i potenciar aquesta mena de combustibles. Es requereixen professionals formats en el gas renovable i la seva producci\u00f3, com a vector de l\u2019economia circular al sector.<br \/>\n[\/vc_column_text][\/vc_column][\/vc_row][vc_row][vc_column width=&#8221;1\/2&#8243;][vc_column_text]<\/p>\n<h3>Continguts<\/h3>\n<ul>\n<li>Introducci\u00f3 al biog\u00e0s.<\/li>\n<li>Tecnologies per a la producci\u00f3 de gas renovable.<\/li>\n<li>Paper en l\u2019economia circular i marc regulador.<\/li>\n<li>Visites virtuals guiades a plantes de biog\u00e0s.<\/li>\n<\/ul>\n<p>[\/vc_column_text][\/vc_column][vc_column width=&#8221;1\/2&#8243;][vc_column_text]<\/p>\n<h3>Equipaments cedits<\/h3>\n<p>Per complementar la formaci\u00f3, proporcionem els materials t\u00e8cnics:<\/p>\n<ul>\n<li>Material did\u00e0ctic utilitzat en la formaci\u00f3, amb continguts t\u00e8cnics i exercicis resolts que es poden aplicar directament en les sessions d\u2019aula.<\/li>\n<li>Visites pr\u00e0ctiques<\/li>\n<\/ul>\n<p>[\/vc_column_text][\/vc_column][\/vc_row][vc_row][vc_column width=&#8221;1\/2&#8243;][vc_column_text]<\/p>\n<h3>Fam\u00edlies professionals i formacions<\/h3>\n<p>L\u2019adquisici\u00f3 de coneixements sobre el gas renovable \u00e9s transversal a diferents fam\u00edlies professionals, entre d\u2019altres: Qu\u00edmica, Energia i aigua, Instal\u00b7laci\u00f3 i manteniment, Agr\u00e0ria, dins de les quals podem trobar diferents cicles formatius i certificats de professionalitat. Uns quants exemples:<\/p>\n<ul>\n<li>Fam\u00edlia d\u2019energia i aigua: Cicle Formatiu de Grau Superior d\u2019Energies Renovables.<\/li>\n<li>Fam\u00edlia de qu\u00edmica: Cicle Formatiu de Grau Superior de Qu\u00edmica Ambiental.<\/li>\n<\/ul>\n<p>[\/vc_column_text][\/vc_column][vc_column width=&#8221;1\/2&#8243;]<div class=\"gnf-destacado-icono small-text-center medium-text-left row collapse\"><div class=\"gnf-destacado-icono__icono large-4 columns small-text-center medium-text-left \"><div class=\"icon-outer icon-style-default\" style=\"background-color:\"><span class=\"ico_info\"><\/span><\/div><\/div><div class=\"gnf-destacado-icono__texto large-8 columns\"><h4><\/h4><\/p>\n<h3>M\u00e9s informaci\u00f3\u00a0i\u00a0peticions:<\/h3>\n<p id=\"tw-target-text\" class=\"tw-data-text tw-text-large XcVN5d tw-ta\" dir=\"ltr\" data-placeholder=\"Traducci\u00f3n\">Si est\u00e0s interessat en el nostre programa de formaci\u00f3 professional, pots contactar amb nosaltres per:<\/p>\n<p class=\"tw-data-text tw-text-large XcVN5d tw-ta\" dir=\"ltr\" data-placeholder=\"Traducci\u00f3n\"><span lang=\"es\">Correu\u00a0electr\u00f2nic: <strong>FP_fundacion @ naturgy.com<\/strong><\/span><\/p>\n<p><\/div><\/div>[\/vc_column][\/vc_row][vc_row][vc_column width=&#8221;1\/2&#8243;][\/vc_column][vc_column width=&#8221;1\/2&#8243;][\/vc_column][\/vc_row]<\/p>\n","protected":false},"excerpt":{"rendered":"<p>[vc_row][vc_column width=&#8221;1\/2&#8243;][vc_single_image image=&#8221;84821&#8243; img_size=&#8221;full&#8221;][\/vc_column][vc_column width=&#8221;1\/2&#8243;][vc_column_text] El gas renovable \u00e9s un combustible renovable considerat neutre en emissions CO2. El sector energ\u00e8tic ha de sensibilitzar i potenciar aquesta mena de combustibles. Es<span class=\"more-link\"><a href=\"https:\/\/www.fundacionnaturgy.org\/ca\/formacio-professional-en-gas-renovable\/\">Llegir m\u00e9s<\/a><\/span><\/p>\n","protected":false},"author":1454,"featured_media":0,"parent":0,"menu_order":0,"comment_status":"closed","ping_status":"closed","template":"templates\/full-width.php","meta":{"inline_featured_image":false},"categories":[],"acf":[],"_links":{"self":[{"href":"https:\/\/www.fundacionnaturgy.org\/ca\/wp-json\/wp\/v2\/pages\/75999"}],"collection":[{"href":"https:\/\/www.fundacionnaturgy.org\/ca\/wp-json\/wp\/v2\/pages"}],"about":[{"href":"https:\/\/www.fundacionnaturgy.org\/ca\/wp-json\/wp\/v2\/types\/page"}],"author":[{"embeddable":true,"href":"https:\/\/www.fundacionnaturgy.org\/ca\/wp-json\/wp\/v2\/users\/1454"}],"replies":[{"embeddable":true,"href":"https:\/\/www.fundacionnaturgy.org\/ca\/wp-json\/wp\/v2\/comments?post=75999"}],"version-history":[{"count":1,"href":"https:\/\/www.fundacionnaturgy.org\/ca\/wp-json\/wp\/v2\/pages\/75999\/revisions"}],"predecessor-version":[{"id":89129,"href":"https:\/\/www.fundacionnaturgy.org\/ca\/wp-json\/wp\/v2\/pages\/75999\/revisions\/89129"}],"wp:attachment":[{"href":"https:\/\/www.fundacionnaturgy.org\/ca\/wp-json\/wp\/v2\/media?parent=75999"}],"wp:term":[{"taxonomy":"category","embeddable":true,"href":"https:\/\/www.fundacionnaturgy.org\/ca\/wp-json\/wp\/v2\/categories?post=75999"}],"curies":[{"name":"wp","href":"https:\/\/api.w.org\/{rel}","templated":true}]}}