{"id":76078,"date":"2020-10-07T18:35:27","date_gmt":"2020-10-07T16:35:27","guid":{"rendered":"https:\/\/www.fundacionnaturgy.org\/formacio-continua\/"},"modified":"2020-11-05T18:39:27","modified_gmt":"2020-11-05T17:39:27","slug":"formacio-continua","status":"publish","type":"page","link":"https:\/\/www.fundacionnaturgy.org\/ca\/educacio-divulgacio\/formacio-professional-per-a-locupabilitat\/formacio-continua\/","title":{"rendered":"Formaci\u00f3 cont\u00ednua"},"content":{"rendered":"<p>[vc_row][vc_column][vc_single_image image=&#8221;75497&#8243; img_size=&#8221;full&#8221;][\/vc_column][\/vc_row][vc_row][vc_column]<div class=\"gnf-texto-destacado\" style=\"background-color:#edf0f1;border-color:#004165;\"><h4 style=\"color:#004165\"><\/h4>L\u2019evoluci\u00f3 al sector energ\u00e8tic \u00e9s constant i necessita professionals que donin resposta als nous reptes. Des de Fundaci\u00f3 Naturgy, impulsem formacions que actualitzen les compet\u00e8ncies d\u2019aquests professionals i els dotem de coneixement en les \u00faltimes tend\u00e8ncies que els ajudar\u00e0 a millorar la seva ocupabilitat.<\/div>[\/vc_column][\/vc_row][vc_row][vc_column][vc_empty_space height=&#8221;20px&#8221;][\/vc_column][\/vc_row][vc_row][vc_column][vc_column_text]<\/p>\n<h4>Cat\u00e0leg de formacions disponibles:<\/h4>\n<p>[\/vc_column_text][\/vc_column][\/vc_row][vc_row][vc_column width=&#8221;1\/2&#8243;]<div class=\"gnf-destacado-img\"><a href=\"https:\/\/www.fundacionnaturgy.org\/ca\/formacio-professional-en-edificacio-i-rehabilitacio-sostenibl\/\" title=\"\" target=\"_self\"><figure class=\"gnf-destacado-img__imagen\"><img width=\"768\" height=\"499\" src=\"https:\/\/www.fundacionnaturgy.org\/wp-content\/uploads\/2020\/10\/rehabilitacion-sostenible-1-768x499-1.jpg\" class=\"attachment-full size-full\" alt=\"\" loading=\"lazy\" srcset=\"https:\/\/www.fundacionnaturgy.org\/wp-content\/uploads\/2020\/10\/rehabilitacion-sostenible-1-768x499-1.jpg 768w, https:\/\/www.fundacionnaturgy.org\/wp-content\/uploads\/2020\/10\/rehabilitacion-sostenible-1-768x499-1-600x390.jpg 600w, https:\/\/www.fundacionnaturgy.org\/wp-content\/uploads\/2020\/10\/rehabilitacion-sostenible-1-768x499-1-300x195.jpg 300w, https:\/\/www.fundacionnaturgy.org\/wp-content\/uploads\/2020\/10\/rehabilitacion-sostenible-1-768x499-1-215x140.jpg 215w\" sizes=\"(max-width: 768px) 100vw, 768px\" \/><figcaption class=\"link bottom\" style=\"background: rgba(255,255,255,0.9);\"><h4 class=\"left\">Formaci\u00f3 professional en edificaci\u00f3 i rehabilitaci\u00f3 sostenible<\/h4><\/figcaption><\/figure><\/a><div class=\"gnf-destacado-img__texto small-only-text-center\"><\/div><\/div>[\/vc_column][vc_column width=&#8221;1\/2&#8243;]<div class=\"gnf-destacado-img\"><a href=\"https:\/\/www.fundacionnaturgy.org\/ca\/formacio-professional-en-gas-renovable\/\" title=\"\" target=\"_self\"><figure class=\"gnf-destacado-img__imagen\"><img width=\"768\" height=\"499\" src=\"https:\/\/www.fundacionnaturgy.org\/wp-content\/uploads\/2020\/10\/renovable-gas-1-768x499-1.jpg\" class=\"attachment-full size-full\" alt=\"\" loading=\"lazy\" srcset=\"https:\/\/www.fundacionnaturgy.org\/wp-content\/uploads\/2020\/10\/renovable-gas-1-768x499-1.jpg 768w, https:\/\/www.fundacionnaturgy.org\/wp-content\/uploads\/2020\/10\/renovable-gas-1-768x499-1-600x390.jpg 600w, https:\/\/www.fundacionnaturgy.org\/wp-content\/uploads\/2020\/10\/renovable-gas-1-768x499-1-300x195.jpg 300w, https:\/\/www.fundacionnaturgy.org\/wp-content\/uploads\/2020\/10\/renovable-gas-1-768x499-1-215x140.jpg 215w\" sizes=\"(max-width: 768px) 100vw, 768px\" \/><figcaption class=\"link bottom\" style=\"background: rgba(255,255,255,0.9);\"><h4 class=\"left\">Formaci\u00f3 professional en gas renovable<\/h4><\/figcaption><\/figure><\/a><div class=\"gnf-destacado-img__texto small-only-text-center\"><\/div><\/div>[\/vc_column][\/vc_row]<\/p>\n","protected":false},"excerpt":{"rendered":"<p>[vc_row][vc_column][vc_single_image image=&#8221;75497&#8243; img_size=&#8221;full&#8221;][\/vc_column][\/vc_row][vc_row][vc_column][\/vc_column][\/vc_row][vc_row][vc_column][vc_empty_space height=&#8221;20px&#8221;][\/vc_column][\/vc_row][vc_row][vc_column][vc_column_text] Cat\u00e0leg de formacions disponibles: [\/vc_column_text][\/vc_column][\/vc_row][vc_row][vc_column width=&#8221;1\/2&#8243;][\/vc_column][vc_column width=&#8221;1\/2&#8243;][\/vc_column][\/vc_row]<\/p>\n","protected":false},"author":1454,"featured_media":0,"parent":73285,"menu_order":0,"comment_status":"closed","ping_status":"closed","template":"templates\/full-width.php","meta":{"inline_featured_image":false},"categories":[],"acf":[],"_links":{"self":[{"href":"https:\/\/www.fundacionnaturgy.org\/ca\/wp-json\/wp\/v2\/pages\/76078"}],"collection":[{"href":"https:\/\/www.fundacionnaturgy.org\/ca\/wp-json\/wp\/v2\/pages"}],"about":[{"href":"https:\/\/www.fundacionnaturgy.org\/ca\/wp-json\/wp\/v2\/types\/page"}],"author":[{"embeddable":true,"href":"https:\/\/www.fundacionnaturgy.org\/ca\/wp-json\/wp\/v2\/users\/1454"}],"replies":[{"embeddable":true,"href":"https:\/\/www.fundacionnaturgy.org\/ca\/wp-json\/wp\/v2\/comments?post=76078"}],"version-history":[{"count":0,"href":"https:\/\/www.fundacionnaturgy.org\/ca\/wp-json\/wp\/v2\/pages\/76078\/revisions"}],"up":[{"embeddable":true,"href":"https:\/\/www.fundacionnaturgy.org\/ca\/wp-json\/wp\/v2\/pages\/73285"}],"wp:attachment":[{"href":"https:\/\/www.fundacionnaturgy.org\/ca\/wp-json\/wp\/v2\/media?parent=76078"}],"wp:term":[{"taxonomy":"category","embeddable":true,"href":"https:\/\/www.fundacionnaturgy.org\/ca\/wp-json\/wp\/v2\/categories?post=76078"}],"curies":[{"name":"wp","href":"https:\/\/api.w.org\/{rel}","templated":true}]}}