{"id":76404,"date":"2020-11-17T12:42:45","date_gmt":"2020-11-17T11:42:45","guid":{"rendered":"https:\/\/www.fundacionnaturgy.org\/educacio-divulgacio\/arxiu-i-patrimoni\/william-murdock\/"},"modified":"2020-11-23T12:29:49","modified_gmt":"2020-11-23T11:29:49","slug":"william-murdock","status":"publish","type":"page","link":"https:\/\/www.fundacionnaturgy.org\/ca\/educacio-divulgacio\/arxiu-i-patrimoni\/william-murdock\/","title":{"rendered":"William Murdock"},"content":{"rendered":"<p>[vc_row][vc_column width=&#8221;1\/2&#8243;][vc_single_image image=&#8221;76343&#8243; img_size=&#8221;full&#8221;][\/vc_column][vc_column width=&#8221;1\/2&#8243;]<\/p>\n<div class=\"gnf-texto-destacado\" style=\"background-color:#edf0f1;border-color:#004165;\"><h4 style=\"color:#004165\"><\/h4><\/p>\n<p>Diorama de fusta, fang, algeps, l\u00e0mina de vidre i pl\u00e0stic. Policromia a base de pintura acr\u00edlica i pastels<\/p>\n<p>Fabricant desconegut<\/p>\n<p>S. XX<\/p>\n<p>\u00a9 Fundaci\u00f3 Naturgy, 2020<\/div>\n<p>[\/vc_column][\/vc_row][vc_row][vc_column][vc_column_text]<\/p>\n<p>La pe\u00e7a, que forma part de la Col\u00b7lecci\u00f3 de la Fundaci\u00f3 Naturgy, \u00e9s un diorama i representa una escena del primer experiment de l\u2019\u00fas del gas per a la il\u00b7luminaci\u00f3 a les llars.<\/p>\n<p>Aquest succ\u00e9s va tindre lloc l\u2019any 1792 i la figura de l\u2019escena representa William Murdock, un t\u00e8cnic escoc\u00e8s (1754-1839) que va ser un dels precursors del gas en l\u2019enllumenat. Al diorama es veu en Murdock assegut pl\u00e0cidament a la butaca de casa seva a Redruth (Anglaterra) i delectant-se d\u2019una lectura. Al seu costat, hi ha un recipient met\u00e0l\u00b7lic a sobre d\u2019una estufa que, producte de la destil\u00b7laci\u00f3 del carb\u00f3, permet generar una flama que il\u00b7lumina una de les habitacions del seu propi habitatge. Al fons de l\u2019escena, apareixen dos nens mirant per la finestra, que es queden admirats amb la visi\u00f3 de l\u2019interior de la llar.<\/p>\n<p>En aquella \u00e8poca, l\u2019enllumenat era esc\u00e0s i el que hi havia era d\u2019oli o similar. Les activitats di\u00e0ries estaven condicionades per la il\u00b7luminaci\u00f3 solar i, generalment, l\u2019activitat laboral i social acabava quan es feia fosc. William Murdock va ser t\u00e8cnic de l\u2019empresa Boulton &amp; Watt, una de les primeres empreses d\u2019enginyeria en el disseny i fabricaci\u00f3 de m\u00e0quines de vapor. Potser l\u2019atzar va fer que en aquesta empresa Murdock coincid\u00eds amb Samuel Clegg, el que va ser l\u2019inventor d\u2019un dels m\u00faltiples comptadors de gas que van sorgir els anys posteriors, amb el desenvolupament d\u2019aquesta tecnologia.<\/p>\n<p>Les aplicacions industrials de l\u2019enllumenat, van ser principalment en ind\u00fastries t\u00e8xtils. D\u2019aquesta manera, s\u2019estenien les hores de treball i s\u2019augmentava aix\u00ed la producci\u00f3. La mescla d\u2019una tecnologia naixent i innovadora, juntament amb la tenacitat i creaci\u00f3 dels seus precursors, van provocar un canvi indiscutible en la societat, vers un major benestar i evoluci\u00f3.<\/p>\n<p>[\/vc_column_text][\/vc_column][\/vc_row][vc_row][vc_column][vc_column_text]<\/p>\n<h4><em>Fonts bibliogr\u00e0fiques:<\/em><\/h4>\n<p>Alayo, Joan Carles; Barca, Francesc X. La tecnolog\u00eda el gas a trav\u00e9s de su historia. Barcelona: Fundaci\u00f3 Gas Natural Fenosa; LID, 2011. Hist\u00f2ria del gas; 6.<\/p>\n<p>F\u00e0bregas, Pere A. Naturgy: 175 anys de comprom\u00eds amb l\u2019energ\u00eda i la societat. Barcelona: Editorial Planeta, 2018.<\/p>\n<p>[\/vc_column_text][\/vc_column][\/vc_row]<\/p>\n","protected":false},"excerpt":{"rendered":"<p>[vc_row][vc_column width=&#8221;1\/2&#8243;][vc_single_image image=&#8221;76343&#8243; img_size=&#8221;full&#8221;][\/vc_column][vc_column width=&#8221;1\/2&#8243;] [\/vc_column][\/vc_row][vc_row][vc_column][vc_column_text] La pe\u00e7a, que forma part de la Col\u00b7lecci\u00f3 de la Fundaci\u00f3 Naturgy, \u00e9s un diorama i representa una escena del primer experiment de l\u2019\u00fas<span class=\"more-link\"><a href=\"https:\/\/www.fundacionnaturgy.org\/ca\/educacio-divulgacio\/arxiu-i-patrimoni\/william-murdock\/\">Llegir m\u00e9s<\/a><\/span><\/p>\n","protected":false},"author":1454,"featured_media":0,"parent":45311,"menu_order":0,"comment_status":"closed","ping_status":"closed","template":"templates\/full-width.php","meta":{"inline_featured_image":false},"categories":[],"acf":[],"_links":{"self":[{"href":"https:\/\/www.fundacionnaturgy.org\/ca\/wp-json\/wp\/v2\/pages\/76404"}],"collection":[{"href":"https:\/\/www.fundacionnaturgy.org\/ca\/wp-json\/wp\/v2\/pages"}],"about":[{"href":"https:\/\/www.fundacionnaturgy.org\/ca\/wp-json\/wp\/v2\/types\/page"}],"author":[{"embeddable":true,"href":"https:\/\/www.fundacionnaturgy.org\/ca\/wp-json\/wp\/v2\/users\/1454"}],"replies":[{"embeddable":true,"href":"https:\/\/www.fundacionnaturgy.org\/ca\/wp-json\/wp\/v2\/comments?post=76404"}],"version-history":[{"count":0,"href":"https:\/\/www.fundacionnaturgy.org\/ca\/wp-json\/wp\/v2\/pages\/76404\/revisions"}],"up":[{"embeddable":true,"href":"https:\/\/www.fundacionnaturgy.org\/ca\/wp-json\/wp\/v2\/pages\/45311"}],"wp:attachment":[{"href":"https:\/\/www.fundacionnaturgy.org\/ca\/wp-json\/wp\/v2\/media?parent=76404"}],"wp:term":[{"taxonomy":"category","embeddable":true,"href":"https:\/\/www.fundacionnaturgy.org\/ca\/wp-json\/wp\/v2\/categories?post=76404"}],"curies":[{"name":"wp","href":"https:\/\/api.w.org\/{rel}","templated":true}]}}