{"id":76764,"date":"2020-12-01T13:52:43","date_gmt":"2020-12-01T12:52:43","guid":{"rendered":"https:\/\/www.fundacionnaturgy.org\/premio-a-la-mejor-iniciativa-social-en-el-ambito-energetico\/"},"modified":"2026-03-11T14:38:20","modified_gmt":"2026-03-11T13:38:20","slug":"premio-a-la-mejor-iniciativa-social-en-el-ambito-energetico","status":"publish","type":"page","link":"https:\/\/www.fundacionnaturgy.org\/ca\/premio-a-la-mejor-iniciativa-social-en-el-ambito-energetico\/","title":{"rendered":"Premi a la millor iniciativa social en l\u2019\u00e0mbit energ\u00e8tic"},"content":{"rendered":"<p>[vc_row][vc_column]\n\t\t\t<!-- START VII_edicion_Cerradas_CA REVOLUTION SLIDER 6.5.19 --><p class=\"rs-p-wp-fix\"><\/p>\n\t\t\t<rs-module-wrap id=\"rev_slider_103_1_wrapper\" data-source=\"gallery\" style=\"visibility:hidden;background:transparent;padding:0;margin:0px auto;margin-top:0;margin-bottom:0;\">\n\t\t\t\t<rs-module id=\"rev_slider_103_1\" style=\"\" data-version=\"6.5.19\">\n\t\t\t\t\t<rs-slides>\n\t\t\t\t\t\t<rs-slide style=\"position: absolute;\" data-key=\"rs-396\" data-title=\"Slide\" data-anim=\"ms:200;\" data-in=\"o:0;\" data-out=\"a:false;\">\n\t\t\t\t\t\t\t<img src=\"\/\/www.fundacionnaturgy.org\/wp-content\/plugins\/revslider\/public\/assets\/assets\/dummy.png\" alt=\"Slide\" title=\"Premi a la millor iniciativa social en l\u2019\u00e0mbit energ\u00e8tic\" class=\"rev-slidebg tp-rs-img rs-lazyload\" data-lazyload=\"\/\/www.fundacionnaturgy.org\/wp-content\/plugins\/revslider\/public\/assets\/assets\/transparent.png\" data-bg=\"c:#004571;\" data-no-retina>\n<!--\n\t\t\t\t\t\t\t--><rs-layer\n\t\t\t\t\t\t\t\tid=\"slider-103-slide-396-layer-0\" \n\t\t\t\t\t\t\t\tdata-type=\"image\"\n\t\t\t\t\t\t\t\tdata-rsp_ch=\"on\"\n\t\t\t\t\t\t\t\tdata-xy=\"x:c;xo:0,0,0,10px;y:t,t,m,t;yo:-50px,-80px,0,-30px;\"\n\t\t\t\t\t\t\t\tdata-text=\"w:normal;s:20,21,15,7;l:0,26,19,9;\"\n\t\t\t\t\t\t\t\tdata-dim=\"w:972px,1023px,768px,791px;h:648px,683px,513px,528px;\"\n\t\t\t\t\t\t\t\tdata-frame_0=\"x:-50,-52,-39,-19;\"\n\t\t\t\t\t\t\t\tdata-frame_1=\"sp:1000;\"\n\t\t\t\t\t\t\t\tdata-frame_999=\"o:0;st:w;sR:2700;\"\n\t\t\t\t\t\t\t\tstyle=\"z-index:9;\"\n\t\t\t\t\t\t\t><img src=\"\/\/www.fundacionnaturgy.org\/wp-content\/plugins\/revslider\/public\/assets\/assets\/dummy.png\" alt=\"\" class=\"tp-rs-img rs-lazyload\" width=\"2560\" height=\"1707\" data-lazyload=\"\/\/www.fundacionnaturgy.org\/wp-content\/uploads\/2025\/11\/Foto-de-grupo-scaled-1.jpg\" data-no-retina> \n\t\t\t\t\t\t\t<\/rs-layer><!--\n-->\t\t\t\t\t\t<\/rs-slide>\n\t\t\t\t\t<\/rs-slides>\n\t\t\t\t\t<rs-static-layers><!--\n\n\t\t\t\t\t\t\t--><rs-layer\n\t\t\t\t\t\t\t\tid=\"slider-103-slide-89-layer-1\" \n\t\t\t\t\t\t\t\tclass=\"rev-btn rs-noevents rs-layer-static\"\n\t\t\t\t\t\t\t\tdata-type=\"button\"\n\t\t\t\t\t\t\t\tdata-color=\"#fffcfc\"\n\t\t\t\t\t\t\t\tdata-rsp_ch=\"on\"\n\t\t\t\t\t\t\t\tdata-xy=\"x:l,c,c,c;xo:1067,0,0,0;yo:37,0,27px,7px;\"\n\t\t\t\t\t\t\t\tdata-text=\"w:normal;s:18,18,16,16;l:16;fw:600;\"\n\t\t\t\t\t\t\t\tdata-dim=\"w:121.5469px,127px,95px,46px;h:32px,33px,24px,11px;minh:0px,none,none,none;\"\n\t\t\t\t\t\t\t\tdata-vbility=\"f,f,f,f\"\n\t\t\t\t\t\t\t\tdata-onslides=\"s:-1;e:-1;\"\n\t\t\t\t\t\t\t\tdata-padding=\"t:8;r:16;b:8;l:16;\"\n\t\t\t\t\t\t\t\tdata-border=\"bor:16px,16px,16px,16px;\"\n\t\t\t\t\t\t\t\tdata-frame_999=\"o:0;st:w;\"\n\t\t\t\t\t\t\t\tstyle=\"z-index:12;background-color:#e57200;font-family:'FS Emeric';cursor:none;\"\n\t\t\t\t\t\t\t>VII edici\u00f3n \n\t\t\t\t\t\t\t<\/rs-layer><!--\n\n\t\t\t\t\t\t\t--><a\n\t\t\t\t\t\t\t\tid=\"slider-103-slide-89-layer-2\" \n\t\t\t\t\t\t\t\tclass=\"rs-layer rs-layer-static\"\n\t\t\t\t\t\t\t\thref=\"https:\/\/www.fundacionnaturgy.org\/formulario-de-participacion-premio-a-la-investigacion-e-innovacion-tecnologica-en-el-ambito-energetico\/\" target=\"_blank\" rel=\"noopener\"\n\t\t\t\t\t\t\t\tdata-type=\"image\"\n\t\t\t\t\t\t\t\tdata-rsp_ch=\"on\"\n\t\t\t\t\t\t\t\tdata-xy=\"x:l,l,c,l;xo:6px,-11px,52px,654px;y:t,t,m,t;yo:124px,53px,7px,319px;\"\n\t\t\t\t\t\t\t\tdata-text=\"w:normal;s:20,21,15,7;l:0,26,19,9;\"\n\t\t\t\t\t\t\t\tdata-dim=\"w:445px,458px,386px,258px;h:384px,395px,333px,222px;\"\n\t\t\t\t\t\t\t\tdata-vbility=\"f,f,f,f\"\n\t\t\t\t\t\t\t\tdata-onslides=\"s:-1;e:-1;\"\n\t\t\t\t\t\t\t\tdata-frame_1=\"st:290;sR:290;\"\n\t\t\t\t\t\t\t\tdata-frame_999=\"o:0;st:w;sR:2410;\"\n\t\t\t\t\t\t\t\tstyle=\"z-index:5;\"\n\t\t\t\t\t\t\t><img src=\"\/\/www.fundacionnaturgy.org\/wp-content\/plugins\/revslider\/public\/assets\/assets\/dummy.png\" alt=\"\" class=\"tp-rs-img rs-lazyload\" width=\"545\" height=\"470\" data-lazyload=\"\/\/www.fundacionnaturgy.org\/wp-content\/uploads\/2025\/10\/ilustracion_bombilla_7edicion_ES.png\" data-no-retina> \n\t\t\t\t\t\t\t<\/a><!--\n\n\t\t\t\t\t\t\t--><rs-layer\n\t\t\t\t\t\t\t\tid=\"slider-103-slide-89-layer-3\" \n\t\t\t\t\t\t\t\tclass=\"rs-layer-static\"\n\t\t\t\t\t\t\t\tdata-type=\"text\"\n\t\t\t\t\t\t\t\tdata-rsp_ch=\"on\"\n\t\t\t\t\t\t\t\tdata-xy=\"x:l,c,c,c;xo:1036,0,0,567px;y:t,m,m,m;yo:91,0,0,-30px;\"\n\t\t\t\t\t\t\t\tdata-text=\"w:normal;s:18,18,16,16;l:20,21,20,20;a:center;\"\n\t\t\t\t\t\t\t\tdata-dim=\"w:395px,416px,210px,220px;\"\n\t\t\t\t\t\t\t\tdata-vbility=\"f,f,f,f\"\n\t\t\t\t\t\t\t\tdata-onslides=\"s:-1;e:-1;\"\n\t\t\t\t\t\t\t\tdata-frame_999=\"o:0;st:w;\"\n\t\t\t\t\t\t\t\tstyle=\"z-index:13;font-family:'FS Emeric';\"\n\t\t\t\t\t\t\t><b>Ampliamos el plazo de recepci\u00f3n de candidaturas. \u00a1Aprovecha los \u00faltimos d\u00edas para participar! <\/b>Inscripciones abiertas hasta el <b>6 de marzo<\/b> de 2026. \n\t\t\t\t\t\t\t<\/rs-layer><!--\n\n\t\t\t\t\t\t\t--><a\n\t\t\t\t\t\t\t\tid=\"slider-103-slide-89-layer-6\" \n\t\t\t\t\t\t\t\tclass=\"rs-layer rev-btn rs-layer-static\"\n\t\t\t\t\t\t\t\thref=\"https:\/\/www.fundacionnaturgy.org\/formulario-premio-a-la-mejor-iniciativa-social-en-el-ambito-energetico\/\" target=\"_blank\" rel=\"noopener\"\n\t\t\t\t\t\t\t\tdata-type=\"button\"\n\t\t\t\t\t\t\t\tdata-color=\"#004571\"\n\t\t\t\t\t\t\t\tdata-rsp_ch=\"on\"\n\t\t\t\t\t\t\t\tdata-xy=\"x:c;y:b;yo:18px,20px,20px,22px;\"\n\t\t\t\t\t\t\t\tdata-text=\"w:normal;s:18,16,16,18;l:20;fw:600;a:left,left,left,center;\"\n\t\t\t\t\t\t\t\tdata-dim=\"minh:0px,none,none,none;\"\n\t\t\t\t\t\t\t\tdata-vbility=\"f,f,f,f\"\n\t\t\t\t\t\t\t\tdata-onslides=\"s:-1;e:-1;\"\n\t\t\t\t\t\t\t\tdata-padding=\"t:16,15,15,15;r:24,25,24,24;b:16,15,15,15;l:24,25,24,24;\"\n\t\t\t\t\t\t\t\tdata-border=\"bor:30px,30px,30px,30px;\"\n\t\t\t\t\t\t\t\tdata-frame_999=\"o:0;st:w;\"\n\t\t\t\t\t\t\t\tdata-frame_hover=\"c:#fff;bgc:#0066cc;bor:30px,30px,30px,30px;\"\n\t\t\t\t\t\t\t\tstyle=\"z-index:9;background-color:rgba(255,255,255,1);font-family:'FS Emeric';\"\n\t\t\t\t\t\t\t>Presenta tu candidatura \n\t\t\t\t\t\t\t<\/a><!--\n\n\t\t\t\t\t\t\t--><rs-layer\n\t\t\t\t\t\t\t\tid=\"slider-103-slide-89-layer-9\" \n\t\t\t\t\t\t\t\tclass=\"rs-layer-static\"\n\t\t\t\t\t\t\t\tdata-type=\"image\"\n\t\t\t\t\t\t\t\tdata-rsp_ch=\"on\"\n\t\t\t\t\t\t\t\tdata-xy=\"x:c;xo:-180px,-125px,-116px,114px;y:b;yo:-20px,-11px,-19px,0;\"\n\t\t\t\t\t\t\t\tdata-text=\"w:normal;s:20,21,15,7;l:0,26,19,9;\"\n\t\t\t\t\t\t\t\tdata-dim=\"w:1025px,856px,705px,906px;h:302px,252px,208px,267px;\"\n\t\t\t\t\t\t\t\tdata-onslides=\"s:-1;e:-1;\"\n\t\t\t\t\t\t\t\tdata-frame_999=\"o:0;st:w;\"\n\t\t\t\t\t\t\t\tstyle=\"z-index:7;\"\n\t\t\t\t\t\t\t><img src=\"\/\/www.fundacionnaturgy.org\/wp-content\/plugins\/revslider\/public\/assets\/assets\/dummy.png\" alt=\"\" class=\"tp-rs-img rs-lazyload\" width=\"1025\" height=\"302\" data-lazyload=\"\/\/www.fundacionnaturgy.org\/wp-content\/uploads\/2025\/10\/forma_bombilla_naranja.png\" data-no-retina> \n\t\t\t\t\t\t\t<\/rs-layer><!--\n\n\t\t\t\t\t\t\t--><rs-layer\n\t\t\t\t\t\t\t\tid=\"slider-103-slide-89-layer-12\" \n\t\t\t\t\t\t\t\tclass=\"rs-layer-static\"\n\t\t\t\t\t\t\t\tdata-type=\"image\"\n\t\t\t\t\t\t\t\tdata-rsp_ch=\"on\"\n\t\t\t\t\t\t\t\tdata-xy=\"x:l,l,l,c;xo:-9px,83px,16px,0;yo:379px,344px,257px,420px;\"\n\t\t\t\t\t\t\t\tdata-text=\"w:normal;s:20,21,15,7;l:0,26,19,9;\"\n\t\t\t\t\t\t\t\tdata-dim=\"w:348px,355px,290px,336px;h:81px,83px,68px,79px;\"\n\t\t\t\t\t\t\t\tdata-onslides=\"s:-1;e:-1;\"\n\t\t\t\t\t\t\t\tdata-frame_999=\"o:0;st:w;\"\n\t\t\t\t\t\t\t\tstyle=\"z-index:10;\"\n\t\t\t\t\t\t\t><img src=\"\/\/www.fundacionnaturgy.org\/wp-content\/plugins\/revslider\/public\/assets\/assets\/dummy.png\" alt=\"Inscripcions tancades\" class=\"tp-rs-img rs-lazyload\" width=\"474\" height=\"111\" data-lazyload=\"\/\/www.fundacionnaturgy.org\/wp-content\/uploads\/2026\/03\/Cerramos_inscripciones_CA.png\" data-no-retina> \n\t\t\t\t\t\t\t<\/rs-layer><!--\n\t\t\t\t\t--><\/rs-static-layers>\n\t\t\t\t<\/rs-module>\n\t\t\t\t<script>\n\t\t\t\t\tsetREVStartSize({c: 'rev_slider_103_1',rl:[1240,1024,778,480],el:[500,450,350,540],gw:[970,1023,769,380],gh:[500,450,350,540],type:'hero',justify:'',layout:'fullwidth',mh:\"0\"});if (window.RS_MODULES!==undefined && window.RS_MODULES.modules!==undefined && window.RS_MODULES.modules[\"revslider1031\"]!==undefined) {window.RS_MODULES.modules[\"revslider1031\"].once = false;window.revapi103 = undefined;if (window.RS_MODULES.checkMinimal!==undefined) window.RS_MODULES.checkMinimal()}\n\t\t\t\t<\/script>\n\t\t\t<\/rs-module-wrap>\n\t\t\t<!-- END REVOLUTION SLIDER -->\n[\/vc_column][\/vc_row][vc_row][vc_column][vc_empty_space][\/vc_column][\/vc_row][vc_row][vc_column][vc_empty_space][\/vc_column][\/vc_row][vc_row][vc_column][vc_column_text]<\/p>\n<h2><strong>Guanyem tots, premiem m\u00e9s! Premiem l&#8217;energia que transforma la societat.<br \/>\n<\/strong><\/h2>\n<p>[\/vc_column_text][\/vc_column][\/vc_row][vc_row][vc_column][vc_column_text]<\/p>\n<h3>Donem visibilitat a aquelles persones, entitats o institucions que destaquen en l\u2019\u00e0mbit social vinculat, directament o indirectament, a l&#8217;energia.<\/h3>\n<p>[\/vc_column_text][\/vc_column][\/vc_row][vc_row][vc_column][vc_column_text]El Premi a la millor iniciativa social en l\u2019\u00e0mbit energ\u00e8tic ajuda\u00a0a finan\u00e7ar iniciatives en aquest \u00e0mbit per millorar la qualitat de vida de les persones m\u00e9s vulnerables.\u00a0Busquem projectes que estiguin <strong>relacionats amb l\u2019energia, que tinguin una finalitat social clara<\/strong> i que ajudin els qui m\u00e9s ho necessiten a millorar les seves condicions de vida: <strong>projectes educatius, de vulnerabilitat energ\u00e8tica, emprenedoria, inclusi\u00f3 social, de salut, ambientals, relacionats amb l\u2019economia circular\u2026<\/strong><\/p>\n<p>\u00c9s important que les <strong>iniciatives presentades estiguin en marxa o ja concloses i es desenvolupin a Espanya<\/strong>. L\u2019import \u00edntegre del reconeixement s\u2019haur\u00e0 de destinar tamb\u00e9 a projectes que promoguin la millora de les condicions dels col\u00b7lectius m\u00e9s desfavorits.\u00a0Aquest premi forma part de la l\u00ednia d\u2019acci\u00f3 social de Fundaci\u00f3 Naturgy, en la seva vocaci\u00f3 per desenvolupar actuacions destinades a pal\u00b7liar la vulnerabilitat energ\u00e8tica.[\/vc_column_text][\/vc_column][\/vc_row][vc_row][vc_column width=&#8221;1\/3&#8243;][vc_column_text]<\/p>\n<h4 style=\"text-align: left;\"><strong>Quin \u00e9s el premi?<\/strong><\/h4>\n<p>El Jurat del premi triar\u00e0 fins a deu finalistes. D&#8217;aquest grup de finalistes triar\u00e0 el guanyador del primer premi, dotat amb<strong> 100.000\u20ac<\/strong> i el guanyador de l&#8217;acc\u00e8ssit dotat amb <strong>50.000\u20ac<\/strong>. La resta dels finalistes rebran un premi de reconeixement de <strong>10.000\u20ac<\/strong>.[\/vc_column_text][\/vc_column][vc_column width=&#8221;1\/3&#8243;][vc_column_text]<\/p>\n<h4 style=\"text-align: left;\"><strong>Qui hi pot participar?<\/strong><\/h4>\n<p style=\"text-align: left;\">Totes aquelles persones f\u00edsiques o jur\u00eddiques que, amb la seva feina, generin millores en les condicions socials dels col\u00b7lectius m\u00e9s desfavorits amb actuacions vinculades, directament o indirectament, a l\u2019\u00e0mbit de l\u2019energia.<\/p>\n<p>[\/vc_column_text][\/vc_column][vc_column width=&#8221;1\/3&#8243;][vc_column_text]<\/p>\n<h4 style=\"text-align: left;\"><strong>Presentaci\u00f3 de candidatures<\/strong><\/h4>\n<p style=\"text-align: left;\">La presentaci\u00f3 de candidatures per a la setena edici\u00f3 del premi ja est\u00e0 tancada.<\/p>\n<p>[\/vc_column_text][\/vc_column][\/vc_row][vc_row][vc_column offset=&#8221;vc_hidden-xs&#8221;][vc_empty_space][vc_single_image image=&#8221;94272&#8243; img_size=&#8221;full&#8221;][vc_empty_space][\/vc_column][\/vc_row][vc_row][vc_column offset=&#8221;vc_hidden-lg vc_hidden-md vc_hidden-sm&#8221;][vc_empty_space][vc_single_image image=&#8221;94212&#8243; img_size=&#8221;full&#8221;][vc_empty_space][\/vc_column][\/vc_row][vc_row css=&#8221;.vc_custom_1762345301083{background-color: #f4f4f2 !important;}&#8221;][vc_column css=&#8221;.vc_custom_1649846246322{padding-top: 50px !important;padding-right: 30px !important;padding-bottom: 50px !important;padding-left: 30px !important;}&#8221;][vc_column_text]<\/p>\n<h2 style=\"text-align: center;\"><strong>Edicions anteriors<\/strong><\/h2>\n<p>[\/vc_column_text][vc_row_inner css=&#8221;.vc_custom_1772869103169{border-top-width: 0px !important;border-bottom-width: 0px !important;padding-top: 4px !important;padding-bottom: 4px !important;}&#8221;][vc_column_inner width=&#8221;1\/3&#8243;]<a class=\"gnf-boton oscuro left\" href=\"https:\/\/www.fundacionnaturgy.org\/ca\/i-edicio-del-premi-a-la-millor-iniciativa-social-en-lambit-energetic-2020\/\" title=\"\" target=\"_blank\">Accedeix a la I edici\u00f3<\/a>[\/vc_column_inner][vc_column_inner width=&#8221;1\/3&#8243;]<a class=\"gnf-boton oscuro left\" href=\"https:\/\/www.fundacionnaturgy.org\/ca\/ii-edicio-del-premi-a-la-millor-iniciativa-social-en-lambit-energetic-2021\/\" title=\"\" target=\"_blank\">Accedeix a la II edici\u00f3<\/a>[\/vc_column_inner][vc_column_inner width=&#8221;1\/3&#8243;]<a class=\"gnf-boton oscuro left\" href=\"https:\/\/www.fundacionnaturgy.org\/ca\/iii-edicio-del-premi-a-la-millor-iniciativa-social-en-lambit-energetic\/\" title=\"\" target=\"_blank\">Accedeix a la III edici\u00f3<\/a>[\/vc_column_inner][\/vc_row_inner][vc_empty_space][vc_row_inner css=&#8221;.vc_custom_1772869118333{border-top-width: 0px !important;border-bottom-width: 0px !important;padding-top: 4px !important;padding-bottom: 4px !important;}&#8221;][vc_column_inner width=&#8221;1\/3&#8243;]<a class=\"gnf-boton oscuro left\" href=\"https:\/\/www.fundacionnaturgy.org\/ca\/iv-edicio-del-premi-a-la-millor-iniciativa-social-en-lambit-energetic\" title=\"\" target=\"_blank\">Accedeix a la IV edici\u00f3<\/a>[\/vc_column_inner][vc_column_inner width=&#8221;1\/3&#8243;]<a class=\"gnf-boton oscuro left\" href=\"https:\/\/www.fundacionnaturgy.org\/ca\/premio-a-la-mejor-iniciativa-social-en-el-ambito-energetico\/v-edicio-del-premi-a-la-millor-iniciativa-social-en-lambit-energetic\/\" title=\"\" target=\"_blank\">Accedeix a la V edici\u00f3<\/a>[\/vc_column_inner][vc_column_inner width=&#8221;1\/3&#8243;]<a class=\"gnf-boton oscuro left\" href=\"https:\/\/www.fundacionnaturgy.org\/ca\/premio-a-la-mejor-iniciativa-social-en-el-ambito-energetico\/vi-edicio-del-premi-a-la-millor-iniciativa-social-en-lambit-energetic\/\" title=\"\" target=\"_blank\">Accedeix a la VI edici\u00f3<\/a>[\/vc_column_inner][\/vc_row_inner][\/vc_column][\/vc_row][vc_row][vc_column][vc_empty_space][\/vc_column][\/vc_row][vc_row][vc_column][vc_column_text]<\/p>\n<h2 style=\"text-align: center;\"><strong>Jurat<\/strong><\/h2>\n<p>[\/vc_column_text][\/vc_column][\/vc_row][vc_row full_width=&#8221;stretch_row&#8221;][vc_column][vc_row_inner][vc_column_inner width=&#8221;1\/2&#8243;][vc_column_text]<\/p>\n<h3 style=\"text-align: center;\">President<\/h3>\n<p>[\/vc_column_text][vc_column_text]<strong><a href=\"https:\/\/www.fundacionnaturgy.org\/wp-content\/uploads\/2019\/11\/manuel-breton-300x200.jpg\"><img loading=\"lazy\" class=\"size-medium wp-image-68675 alignleft\" src=\"https:\/\/www.fundacionnaturgy.org\/wp-content\/uploads\/2019\/11\/manuel-breton-300x200.jpg\" alt=\"alberto-nunez\" width=\"300\" height=\"200\" \/><\/a><span style=\"color: #004571;\">Manuel Bret\u00f3n<\/span><\/strong><br \/>\nPresident de C\u00e0ritas Espanya[\/vc_column_text][\/vc_column_inner][vc_column_inner width=&#8221;1\/2&#8243;][vc_column_text]<\/p>\n<h3 style=\"text-align: center;\">Vicepresident<\/h3>\n<p>[\/vc_column_text][vc_column_text]<strong><a href=\"https:\/\/www.fundacionnaturgy.org\/wp-content\/uploads\/2019\/04\/jordi-garcia-tabernero_.jpg\"><img loading=\"lazy\" class=\"size-medium wp-image-61551 alignleft\" src=\"https:\/\/www.fundacionnaturgy.org\/wp-content\/uploads\/2019\/04\/jordi-garcia-tabernero_-300x200.jpg\" alt=\"jordi-garcia-tabernero_\" width=\"300\" height=\"200\" srcset=\"https:\/\/www.fundacionnaturgy.org\/wp-content\/uploads\/2019\/04\/jordi-garcia-tabernero_-300x200.jpg 300w, https:\/\/www.fundacionnaturgy.org\/wp-content\/uploads\/2019\/04\/jordi-garcia-tabernero_-210x140.jpg 210w, https:\/\/www.fundacionnaturgy.org\/wp-content\/uploads\/2019\/04\/jordi-garcia-tabernero_-220x148.jpg 220w, https:\/\/www.fundacionnaturgy.org\/wp-content\/uploads\/2019\/04\/jordi-garcia-tabernero_-450x300.jpg 450w, https:\/\/www.fundacionnaturgy.org\/wp-content\/uploads\/2019\/04\/jordi-garcia-tabernero_.jpg 470w\" sizes=\"(max-width: 300px) 100vw, 300px\" \/><\/a><span style=\"color: #004571;\">Jordi Garcia Tabernero<\/span><\/strong><br \/>\nVicepresident de la Fundaci\u00f3 Naturgy[\/vc_column_text][\/vc_column_inner][\/vc_row_inner][vc_empty_space][vc_row_inner][vc_column_inner][vc_column_text]<\/p>\n<h3 style=\"text-align: center;\">Vocals<\/h3>\n<p>[\/vc_column_text][\/vc_column_inner][\/vc_row_inner][vc_row_inner][vc_column_inner width=&#8221;1\/4&#8243;][vc_column_text]<a href=\"https:\/\/www.fundacionnaturgy.org\/wp-content\/uploads\/2024\/04\/mec-premio-social.jpg\"><img loading=\"lazy\" class=\"wp-image-66493 size-medium alignnone\" src=\"https:\/\/www.fundacionnaturgy.org\/wp-content\/uploads\/2024\/04\/mec-premio-social.jpg\" alt=\"maria-eugenia-coronado\" width=\"300\" height=\"270\" \/><\/a><\/p>\n<p><span style=\"color: #004571;\"><strong>Mar\u00eda Eugenia Coronado <\/strong><\/span><br \/>\nDirectora General de la Fundaci\u00f3 Naturgy[\/vc_column_text][\/vc_column_inner][vc_column_inner width=&#8221;1\/4&#8243;][vc_column_text]<span style=\"color: #004571;\"><strong><a style=\"color: #004571;\" href=\"https:\/\/www.fundacionnaturgy.org\/wp-content\/uploads\/2025\/04\/jurado-coronas-1.jpg\"><img loading=\"lazy\" class=\"size-medium wp-image-61550 alignnone\" src=\"https:\/\/www.fundacionnaturgy.org\/wp-content\/uploads\/2025\/04\/jurado-coronas-1.jpg\" alt=\"lopez-burniol\" width=\"300\" height=\"200\" \/><\/a><\/strong><\/span><\/p>\n<p><span style=\"color: #004571;\"><b>Josep Mar\u00eda Coronas Guinart<br \/>\n<\/b><\/span><span data-olk-copy-source=\"MessageBody\">Director general de Fundaci\u00f3\u00a0Banc\u00e0ria &#8220;La Caixa&#8221;<\/span>[\/vc_column_text][\/vc_column_inner][vc_column_inner width=&#8221;1\/4&#8243;][vc_column_text]<a href=\"https:\/\/www.fundacionnaturgy.org\/wp-content\/uploads\/2019\/11\/llum-delas-300x200.jpg\"><img loading=\"lazy\" class=\"wp-image-66493 size-medium alignnone\" src=\"https:\/\/www.fundacionnaturgy.org\/wp-content\/uploads\/2019\/11\/llum-delas-300x200.jpg\" alt=\"llum-delas\" width=\"300\" height=\"270\" \/><\/a><\/p>\n<p><span style=\"color: #004571;\"><strong>Llum\u00a0Del\u00e0s\u00a0<\/strong><\/span><br \/>\nPatrona de la Fundaci\u00f3 de la Esperan\u00e7a[\/vc_column_text][\/vc_column_inner][vc_column_inner width=&#8221;1\/4&#8243;][vc_column_text]<strong><a href=\"https:\/\/www.fundacionnaturgy.org\/wp-content\/uploads\/2019\/11\/padre-angel-garcia-300x200.jpg\"><img loading=\"lazy\" class=\"size-medium wp-image-61550 alignnone\" src=\"https:\/\/www.fundacionnaturgy.org\/wp-content\/uploads\/2019\/11\/padre-angel-garcia-300x200.jpg\" alt=\"padre-angel-garcia\" width=\"300\" height=\"200\" \/><\/a><\/strong><\/p>\n<p><span style=\"color: #004571;\"><b>Padre \u00c1ngel <\/b><b>Garc\u00eda Rodr\u00edguez<br \/>\n<\/b><\/span>Fundador i President de Missatgers de la Pau[\/vc_column_text][\/vc_column_inner][\/vc_row_inner][vc_row_inner][vc_column_inner width=&#8221;1\/4&#8243;][vc_column_text]<a href=\"https:\/\/www.fundacionnaturgy.org\/wp-content\/uploads\/2019\/11\/alberto-nunez-300x200.jpg\"><img loading=\"lazy\" class=\"wp-image-66493 size-medium alignnone\" src=\"https:\/\/www.fundacionnaturgy.org\/wp-content\/uploads\/2019\/11\/alberto-nunez-300x200.jpg\" alt=\"manuel-breton\" width=\"300\" height=\"270\" \/><\/a><\/p>\n<p><span style=\"color: #004571;\"><strong>Alberto N\u00fa\u00f1ez, S.J.<br \/>\n<\/strong><\/span>Professor associat, Departament de Direcci\u00f3 General i Estrat\u00e8gia a Esade, professor associat URL i col\u00b7laborador Acad\u00e8mic, Direcci\u00f3 d&#8217;Identitat i Missi\u00f3[\/vc_column_text][\/vc_column_inner][vc_column_inner width=&#8221;1\/4&#8243;][vc_column_text]<a href=\"https:\/\/www.fundacionnaturgy.org\/wp-content\/uploads\/2023\/11\/Maria-del-Mar-Pageo.png\"><img loading=\"lazy\" class=\"wp-image-66493 size-medium alignnone\" src=\"https:\/\/www.fundacionnaturgy.org\/wp-content\/uploads\/2023\/11\/Maria-del-Mar-Pageo.png\" alt=\"javier-senent\" width=\"300\" height=\"270\" \/><\/a><\/p>\n<p><span style=\"color: #004571;\"><b>Mar\u00eda del Mar Pageo<br \/>\n<\/b><\/span>Presidenta de Creu\u00a0Roja Espanya[\/vc_column_text][\/vc_column_inner][vc_column_inner width=&#8221;1\/4&#8243;][vc_column_text]<a href=\"https:\/\/www.fundacionnaturgy.org\/wp-content\/uploads\/2019\/11\/josep-ramoneda-2-300x200.jpg\"><img loading=\"lazy\" class=\"wp-image-66493 size-medium alignnone\" src=\"https:\/\/www.fundacionnaturgy.org\/wp-content\/uploads\/2019\/11\/josep-ramoneda-2-300x200.jpg\" alt=\"josep-ramoneda\" width=\"300\" height=\"270\" \/><\/a><\/p>\n<p><span style=\"color: #004571;\"><b>Josep <\/b><b>Ramoneda<br \/>\n<\/b><\/span>Director de l\u2019Escola Europea d\u2019 Humanitats de Barcelona[\/vc_column_text][\/vc_column_inner][vc_column_inner width=&#8221;1\/4&#8243;][vc_column_text]<strong><a href=\"https:\/\/www.fundacionnaturgy.org\/wp-content\/uploads\/2019\/11\/gustavo-suarez-pertierra-2-300x200.jpg\"><img loading=\"lazy\" class=\"size-medium wp-image-61550 alignnone\" src=\"https:\/\/www.fundacionnaturgy.org\/wp-content\/uploads\/2019\/11\/gustavo-suarez-pertierra-2-300x200.jpg\" alt=\"gustavo-suarez-pertierra\" width=\"300\" height=\"200\" \/><\/a><\/strong><\/p>\n<p><span style=\"color: #004571;\"><b>Gustavo Su\u00e1rez Pertierra<br \/>\n<\/b><\/span>President d\u2019UNICEF Comit\u00e8 Espanyol[\/vc_column_text][\/vc_column_inner][\/vc_row_inner][vc_row_inner][vc_column_inner width=&#8221;1\/4&#8243;][\/vc_column_inner][vc_column_inner width=&#8221;1\/4&#8243;][\/vc_column_inner][vc_column_inner width=&#8221;1\/4&#8243;][\/vc_column_inner][vc_column_inner width=&#8221;1\/4&#8243;][\/vc_column_inner][\/vc_row_inner][\/vc_column][\/vc_row]<\/p>\n","protected":false},"excerpt":{"rendered":"<p>[vc_row][vc_column][\/vc_column][\/vc_row][vc_row][vc_column][vc_empty_space][\/vc_column][\/vc_row][vc_row][vc_column][vc_empty_space][\/vc_column][\/vc_row][vc_row][vc_column][vc_column_text] Guanyem tots, premiem m\u00e9s! Premiem l&#8217;energia que transforma la societat. [\/vc_column_text][\/vc_column][\/vc_row][vc_row][vc_column][vc_column_text] Donem visibilitat a aquelles persones, entitats o institucions que destaquen en l\u2019\u00e0mbit social vinculat, directament o indirectament, a<span class=\"more-link\"><a href=\"https:\/\/www.fundacionnaturgy.org\/ca\/premio-a-la-mejor-iniciativa-social-en-el-ambito-energetico\/\">Llegir m\u00e9s<\/a><\/span><\/p>\n","protected":false},"author":1454,"featured_media":0,"parent":0,"menu_order":0,"comment_status":"closed","ping_status":"closed","template":"templates\/full-width.php","meta":{"inline_featured_image":false},"categories":[],"acf":[],"_links":{"self":[{"href":"https:\/\/www.fundacionnaturgy.org\/ca\/wp-json\/wp\/v2\/pages\/76764"}],"collection":[{"href":"https:\/\/www.fundacionnaturgy.org\/ca\/wp-json\/wp\/v2\/pages"}],"about":[{"href":"https:\/\/www.fundacionnaturgy.org\/ca\/wp-json\/wp\/v2\/types\/page"}],"author":[{"embeddable":true,"href":"https:\/\/www.fundacionnaturgy.org\/ca\/wp-json\/wp\/v2\/users\/1454"}],"replies":[{"embeddable":true,"href":"https:\/\/www.fundacionnaturgy.org\/ca\/wp-json\/wp\/v2\/comments?post=76764"}],"version-history":[{"count":29,"href":"https:\/\/www.fundacionnaturgy.org\/ca\/wp-json\/wp\/v2\/pages\/76764\/revisions"}],"predecessor-version":[{"id":94922,"href":"https:\/\/www.fundacionnaturgy.org\/ca\/wp-json\/wp\/v2\/pages\/76764\/revisions\/94922"}],"wp:attachment":[{"href":"https:\/\/www.fundacionnaturgy.org\/ca\/wp-json\/wp\/v2\/media?parent=76764"}],"wp:term":[{"taxonomy":"category","embeddable":true,"href":"https:\/\/www.fundacionnaturgy.org\/ca\/wp-json\/wp\/v2\/categories?post=76764"}],"curies":[{"name":"wp","href":"https:\/\/api.w.org\/{rel}","templated":true}]}}