{"id":77138,"date":"2020-12-10T10:53:48","date_gmt":"2020-12-10T09:53:48","guid":{"rendered":"https:\/\/www.fundacionnaturgy.org\/educacio-divulgacio\/efigy-education\/planet-efigy-innovacio-educativa-per-a-lenergia-del-futur\/"},"modified":"2024-10-11T14:33:51","modified_gmt":"2024-10-11T12:33:51","slug":"planet-efigy-innovacio-educativa-per-a-lenergia-del-futur","status":"publish","type":"page","link":"https:\/\/www.fundacionnaturgy.org\/ca\/educacio-divulgacio\/efigy-education\/planet-efigy-innovacio-educativa-per-a-lenergia-del-futur\/","title":{"rendered":"Efigy Planet. Innovaci\u00f3 educativa per a l\u2019energia del futur"},"content":{"rendered":"<p>[vc_row][vc_column][vc_column_text]<\/p>\n<h2><strong>Descobreix la nostra proposta did\u00e0ctica m\u00e9s interactiva i innovadora<br \/>\n<\/strong><\/h2>\n<p>[\/vc_column_text][\/vc_column][\/vc_row][vc_row][vc_column][vc_column_text]<\/p>\n<h3><strong>Efigy Planet \u00e9s una plataforma d&#8217;aprenentatge que combina la tecnologia <em>blended learning<\/em> amb propostes de formaci\u00f3 digital i presencial que permet tamb\u00e9 l&#8217;avaluaci\u00f3 dels alumnes.<\/strong><\/h3>\n<p>[\/vc_column_text][\/vc_column][\/vc_row][vc_row][vc_column width=&#8221;3\/4&#8243;][vc_column_text]<iframe loading=\"lazy\" title=\"YouTube video player\" src=\"https:\/\/www.youtube.com\/embed\/2Oqxx7zGsZU\" width=\"560\" height=\"315\" frameborder=\"0\" allowfullscreen=\"allowfullscreen\"><\/iframe>[\/vc_column_text][\/vc_column][vc_column width=&#8221;1\/4&#8243;][vc_column_text]Efigy Planet \u00e9s una eina interactiva, did\u00e0ctica innovadora, basada en la gamificaci\u00f3 i de refer\u00e8ncia per a la comunitat educativa en l\u2019\u00e0mbit dels ensenyaments sobre <strong>energia, tecnologies, disciplines STEAM i ci\u00e8ncies ambientals del curr\u00edculum escolar<\/strong>. Es tracta d&#8217;un programa educatiu gratu\u00eft, adre\u00e7at a alumnes de cicle mitj\u00e0 i superior de prim\u00e0ria, plantejat sobre la metodologia innovadora del <em>blended learning<\/em>, que permet que cada alumne visqui el seu propi proc\u00e9s real d\u2019aprenentatge de manera individualitzada, d\u2019acord amb les seves habilitats i capacitats.[\/vc_column_text][\/vc_column][\/vc_row][vc_row][vc_column][vc_column_text]Sota el guiatge de\u00a0<strong>Gea,<\/strong>\u00a0bona coneixedora de Efigy Planet\u00a0\u2013un territori virtual amb caracter\u00edstiques astron\u00f2miques similars a la Terra\u2013, el grup classe rep una invitaci\u00f3\u00a0per\u00a0ajudar-la a descobrir aquest planeta i esbrinar com aconseguir que la terra sigui sostenible i energ\u00e8ticament intel\u00b7ligent per afavorir\u00a0una\u00a0transici\u00f3 energ\u00e8tica\u00a0justa. D\u2019aquesta manera, la plataforma d\u2019aprenentatge llan\u00e7a propostes de tallers i activitats manipulatives dins i fora de l\u2019aula, amb l\u2019objectiu d\u2019integrar coneixements i garantir que, en un futur pr\u00f2xim, Efigy Planet\u00a0ja no sigui una realitat imagin\u00e0ria, sin\u00f3 el planeta eficient que tots volem.<\/p>\n<p>L\u2019eina ofereix un\u00a0<strong>acompanyament t\u00e8cnic permanent al\u00a0<\/strong><strong>docen<\/strong>t amb l\u2019objectiu de facilitar l\u2019acc\u00e9s al recurs i donar a con\u00e8ixer tot el seu potencial, cosa que facilita l\u2019avaluaci\u00f3 de l\u2019alumnat al docent.[\/vc_column_text]<a class=\"gnf-boton oscuro left\" href=\"https:\/\/www.efigyplanet.fundacionnaturgy.org\/efigy-app\/landing.xhtml\" title=\"\" target=\"_blank\">Accedir a Efigy Planet<\/a>[\/vc_column][\/vc_row][vc_row][vc_column][vc_empty_space height=&#8221;64px&#8221;][\/vc_column][\/vc_row][vc_row][vc_column][vc_row_inner][vc_column_inner width=&#8221;1\/2&#8243;][vc_column_text]<\/p>\n<h3>Objetius<\/h3>\n<div class=\"wpb_column vc_column_container vc_col-sm-6\">\n<div class=\"vc_column-inner\">\n<div class=\"wpb_wrapper\">\n<div class=\"wpb_text_column wpb_content_element \">\n<div class=\"wpb_wrapper\">\n<p>Proporcionar una eina als docents que permeti ensenyar i aprendre continguts curriculars sobre energia, efici\u00e8ncia, tecnologia i sostenibilitat a trav\u00e9s d\u2019un recurs educatiu innovador basat en el <em>blended learning<\/em>.<\/p>\n<\/div>\n<\/div>\n<\/div>\n<\/div>\n<\/div>\n<p>[\/vc_column_text][\/vc_column_inner][vc_column_inner width=&#8221;1\/2&#8243;][vc_column_text]<\/p>\n<h3>Compet\u00e8ncies<\/h3>\n<ul>\n<li>\u00c0mbit\u00a0digital<\/li>\n<li>\u00c0mbit matem\u00e0tic<\/li>\n<li>\u00c0mbit interacci\u00f3 amb el m\u00f3n<\/li>\n<li>\u00c0mbit ling\u00fc\u00edstic<\/li>\n<li>\u00c0mbit aprendre a aprendre<\/li>\n<\/ul>\n<p>[\/vc_column_text][\/vc_column_inner][\/vc_row_inner][\/vc_column][\/vc_row][vc_row][vc_column width=&#8221;1\/2&#8243;][vc_column_text]<\/p>\n<h3>Nivell educatiu<\/h3>\n<ul>\n<li>Educaci\u00f3\u00a0Prim\u00e0ria, Cicle\u00a0mitj\u00e0\u00a0i\u00a0superior<\/li>\n<\/ul>\n<p>[\/vc_column_text][\/vc_column][vc_column width=&#8221;1\/2&#8243;][vc_column_text]<\/p>\n<h3>Continguts del programa educatiu<\/h3>\n<ul>\n<li>Energia y efici\u00e8ncia<\/li>\n<li>Tecnologia<\/li>\n<li>Ci\u00e8ncia<\/li>\n<li>Disciplines STEAM<\/li>\n<li>Medi\u00a0ambient<\/li>\n<\/ul>\n<p>[\/vc_column_text][\/vc_column][\/vc_row][vc_row][vc_column width=&#8221;1\/2&#8243;][vc_column_text]<\/p>\n<h3>Informaci\u00f3\u00a0pr\u00e0ctica<\/h3>\n<ul>\n<li>Horaris: A determinar per cada docent. Plataforma activa en qualsevol horari.<\/li>\n<li>Durada de les sessions: Sessions planificades d\u20191 hora i activitats plantejades per a una o diverses sessions. Itineraris flexibles, que s\u2019adapten al calendari de cada grup.<\/li>\n<li>Tipologia: Activitats variades per al treball competencial.<\/li>\n<li>Preu: gratu\u00eft<\/li>\n<\/ul>\n<p>[\/vc_column_text][\/vc_column][vc_column width=&#8221;1\/2&#8243;][vc_column_text]<\/p>\n<h3>M\u00e9s informaci\u00f3<\/h3>\n<p>Si mentre fas les activitats necessites la nostra ajuda, pots contactar amb els nostres educadors especialitzats a trav\u00e9s de l\u2019<strong>adre\u00e7a electr\u00f2nica <a href=\"mailto:efigyplanet@naturgy.com%C3%A7\" target=\"_blank\" rel=\"noopener noreferrer\" data-auth=\"NotApplicable\" data-linkindex=\"1\">efigyplanet@naturgy.com<\/a><\/strong>. T\u2019atendrem de dilluns a divendres, de 8:30 a 16:30 hores.[\/vc_column_text][\/vc_column][\/vc_row][vc_row][vc_column][vc_empty_space][\/vc_column][\/vc_row][vc_row][vc_column][vc_column_text]<\/p>\n<h2>Dades formulari d&#8217;inscripci\u00f3 a la plataforma <em>blended learning<\/em> Efigy Planet<\/h2>\n<p>[\/vc_column_text]<script type=\"text\/javascript\">var gform;gform||(document.addEventListener(\"gform_main_scripts_loaded\",function(){gform.scriptsLoaded=!0}),window.addEventListener(\"DOMContentLoaded\",function(){gform.domLoaded=!0}),gform={domLoaded:!1,scriptsLoaded:!1,initializeOnLoaded:function(o){gform.domLoaded&&gform.scriptsLoaded?o():!gform.domLoaded&&gform.scriptsLoaded?window.addEventListener(\"DOMContentLoaded\",o):document.addEventListener(\"gform_main_scripts_loaded\",o)},hooks:{action:{},filter:{}},addAction:function(o,n,r,t){gform.addHook(\"action\",o,n,r,t)},addFilter:function(o,n,r,t){gform.addHook(\"filter\",o,n,r,t)},doAction:function(o){gform.doHook(\"action\",o,arguments)},applyFilters:function(o){return gform.doHook(\"filter\",o,arguments)},removeAction:function(o,n){gform.removeHook(\"action\",o,n)},removeFilter:function(o,n,r){gform.removeHook(\"filter\",o,n,r)},addHook:function(o,n,r,t,i){null==gform.hooks[o][n]&&(gform.hooks[o][n]=[]);var e=gform.hooks[o][n];null==i&&(i=n+\"_\"+e.length),gform.hooks[o][n].push({tag:i,callable:r,priority:t=null==t?10:t})},doHook:function(n,o,r){var t;if(r=Array.prototype.slice.call(r,1),null!=gform.hooks[n][o]&&((o=gform.hooks[n][o]).sort(function(o,n){return o.priority-n.priority}),o.forEach(function(o){\"function\"!=typeof(t=o.callable)&&(t=window[t]),\"action\"==n?t.apply(null,r):r[0]=t.apply(null,r)})),\"filter\"==n)return r[0]},removeHook:function(o,n,t,i){var r;null!=gform.hooks[o][n]&&(r=(r=gform.hooks[o][n]).filter(function(o,n,r){return!!(null!=i&&i!=o.tag||null!=t&&t!=o.priority)}),gform.hooks[o][n]=r)}});<\/script>\n                <div class='gf_browser_gecko gform_wrapper gform_legacy_markup_wrapper' id='gform_wrapper_53' ><form method='post' enctype='multipart\/form-data'  id='gform_53'  action='\/ca\/wp-json\/wp\/v2\/pages\/77138' novalidate> \r\n <input type='hidden' class='gforms-pum' value='{\"closepopup\":false,\"closedelay\":0,\"openpopup\":false,\"openpopup_id\":0}' \/>\n                        <div class='gform_body gform-body'><ul id='gform_fields_53' class='gform_fields top_label form_sublabel_below description_below'><li id=\"field_53_3\" class=\"gfield gsection field_sublabel_below field_description_below gfield_visibility_visible\" ><h2 class=\"gsection_title\">Datos del centro:<\/h2><\/li><li id=\"field_53_2\" class=\"gfield field_sublabel_below field_description_below gfield_visibility_visible\" ><label class='gfield_label' for='input_53_2' >Nombre<\/label><div class='ginput_container ginput_container_text'><input name='input_2' id='input_53_2' type='text' value='' class='medium'      aria-invalid=\"false\"   \/> <\/div><\/li><li id=\"field_53_4\" class=\"gfield field_sublabel_below field_description_below gfield_visibility_visible\" ><label class='gfield_label' for='input_53_4' >Direcci\u00f3n completa<\/label><div class='ginput_container ginput_container_text'><input name='input_4' id='input_53_4' type='text' value='' class='medium'      aria-invalid=\"false\"   \/> <\/div><\/li><li id=\"field_53_5\" class=\"gfield field_sublabel_below field_description_below gfield_visibility_visible\" ><label class='gfield_label' for='input_53_5' >Comunidad Aut\u00f3noma<\/label><div class='ginput_container ginput_container_text'><input name='input_5' id='input_53_5' type='text' value='' class='medium'      aria-invalid=\"false\"   \/> <\/div><\/li><li id=\"field_53_6\" class=\"gfield field_sublabel_below field_description_below gfield_visibility_visible\" ><label class='gfield_label' for='input_53_6' >Correo electr\u00f3nico del centro<\/label><div class='ginput_container ginput_container_text'><input name='input_6' id='input_53_6' type='text' value='' class='medium'      aria-invalid=\"false\"   \/> <\/div><\/li><li id=\"field_53_7\" class=\"gfield field_sublabel_below field_description_below gfield_visibility_visible\" ><label class='gfield_label' for='input_53_7' >Tel\u00e9fono de contacto<\/label><div class='ginput_container ginput_container_text'><input name='input_7' id='input_53_7' type='text' value='' class='medium'      aria-invalid=\"false\"   \/> <\/div><\/li><li id=\"field_53_8\" class=\"gfield gsection field_sublabel_below field_description_below gfield_visibility_visible\" ><h2 class=\"gsection_title\">Datos del docente:<\/h2><\/li><li id=\"field_53_9\" class=\"gfield field_sublabel_below field_description_below gfield_visibility_visible\" ><label class='gfield_label' for='input_53_9' >Nombre<\/label><div class='ginput_container ginput_container_text'><input name='input_9' id='input_53_9' type='text' value='' class='medium'      aria-invalid=\"false\"   \/> <\/div><\/li><li id=\"field_53_10\" class=\"gfield field_sublabel_below field_description_below gfield_visibility_visible\" ><label class='gfield_label' for='input_53_10' >Correo electr\u00f3nico<\/label><div class='ginput_container ginput_container_text'><input name='input_10' id='input_53_10' type='text' value='' class='medium'      aria-invalid=\"false\"   \/> <\/div><\/li><li id=\"field_53_11\" class=\"gfield field_sublabel_below field_description_below gfield_visibility_visible\" ><label class='gfield_label' for='input_53_11' >Tel\u00e9fono de contacto<\/label><div class='ginput_container ginput_container_text'><input name='input_11' id='input_53_11' type='text' value='' class='medium'      aria-invalid=\"false\"   \/> <\/div><\/li><li id=\"field_53_12\" class=\"gfield field_sublabel_below field_description_below gfield_visibility_visible\" ><label class='gfield_label' for='input_53_12' >Curso<\/label><div class='ginput_container ginput_container_text'><input name='input_12' id='input_53_12' type='text' value='' class='medium'      aria-invalid=\"false\"   \/> <\/div><\/li><li id=\"field_53_13\" class=\"gfield field_sublabel_below field_description_below gfield_visibility_visible\" ><label class='gfield_label' for='input_53_13' >N\u00famero de alumnos inscritos<\/label><div class='ginput_container ginput_container_text'><input name='input_13' id='input_53_13' type='text' value='' class='medium'      aria-invalid=\"false\"   \/> <\/div><\/li><li id=\"field_53_16\" class=\"gfield field_sublabel_below field_description_above gfield_visibility_visible\" ><label class='gfield_label'  >Informaci\u00f3n b\u00e1sica sobre Protecci\u00f3n de Datos Personales<\/label><div class='gfield_description' id='gfield_description_53_16'>Los datos personales recabados a trav\u00e9s de este formulario web ser\u00e1n tratados por la Fundaci\u00f3n Naturgy, en su condici\u00f3n de responsable del tratamiento, con la finalidad de gestionar su registro en la plataforma <em>Blended Learning<\/em> Planet Efigy.\nUsted tiene derecho a acceder, rectificar y suprimir sus datos, limitar y oponerse al tratamiento, a la portabilidad de sus datos, a revocar su consentimiento en cualquier momento, as\u00ed como a ejercitar el resto de sus derechos en materia de protecci\u00f3n de datos personales como se explica en nuestra  <a href=\"https:\/\/www.fundacionnaturgy.org\/politica-de-privacidad-de-la-plataforma-blended-learning-planeta-efigy\/\">Pol\u00edtica de Privacidad,<\/a>  donde encontrar\u00e1 informaci\u00f3n adicional y detallada sobre Protecci\u00f3n de Datos.<\/div><div class='ginput_container ginput_container_radio'><ul class='gfield_radio' id='input_53_16'>\n\t\t\t<li class='gchoice gchoice_53_16_0'>\n\t\t\t\t<input name='input_16' type='radio' value='Acepto recibir comunicaciones informativas sobre las actividades, iniciativas y eventos organizados por la Fundaci\u00f3n Naturgy, incluso por medios electr\u00f3nicos. Este tratamiento podr\u00e1 realizarse hasta que usted revoque su consentimiento, lo cual podr\u00e1 hacer libremente y de manera gratuita en cualquier momento.'  id='choice_53_16_0'    \/>\n\t\t\t\t<label for='choice_53_16_0' id='label_53_16_0'>Acepto recibir comunicaciones informativas sobre las actividades, iniciativas y eventos organizados por la Fundaci\u00f3n Naturgy, incluso por medios electr\u00f3nicos. Este tratamiento podr\u00e1 realizarse hasta que usted revoque su consentimiento, lo cual podr\u00e1 hacer libremente y de manera gratuita en cualquier momento.<\/label>\n\t\t\t<\/li><\/ul><\/div><\/li><\/ul><\/div>\n        <div class='gform_footer top_label'> <input type='submit' id='gform_submit_button_53' class=\"gform_button button small radius\" value='Enviar'  onclick='if(window[\"gf_submitting_53\"]){return false;}  if( !jQuery(\"#gform_53\")[0].checkValidity || jQuery(\"#gform_53\")[0].checkValidity()){window[\"gf_submitting_53\"]=true;}  ' onkeypress='if( event.keyCode == 13 ){ if(window[\"gf_submitting_53\"]){return false;} if( !jQuery(\"#gform_53\")[0].checkValidity || jQuery(\"#gform_53\")[0].checkValidity()){window[\"gf_submitting_53\"]=true;}  jQuery(\"#gform_53\").trigger(\"submit\",[true]); }' \/> \n            <input type='hidden' class='gform_hidden' name='is_submit_53' value='1' \/>\n            <input type='hidden' class='gform_hidden' name='gform_submit' value='53' \/>\n            \n            <input type='hidden' class='gform_hidden' name='gform_unique_id' value='' \/>\n            <input type='hidden' class='gform_hidden' name='state_53' value='WyJbXSIsIjA1MjUyZDM0MWJiMTM3MDEwMmM2MTQwZmUyYWNiMjZlIl0=' \/>\n            <input type='hidden' class='gform_hidden' name='gform_target_page_number_53' id='gform_target_page_number_53' value='0' \/>\n            <input type='hidden' class='gform_hidden' name='gform_source_page_number_53' id='gform_source_page_number_53' value='1' \/>\n            <input type='hidden' name='gform_field_values' value='' \/>\n            \n        <\/div>\n                        <\/form>\n                        <\/div>[vc_empty_space height=&#8221;12px&#8221;][\/vc_column][\/vc_row]<\/p>\n","protected":false},"excerpt":{"rendered":"<p>[vc_row][vc_column][vc_column_text] Descobreix la nostra proposta did\u00e0ctica m\u00e9s interactiva i innovadora [\/vc_column_text][\/vc_column][\/vc_row][vc_row][vc_column][vc_column_text] Efigy Planet \u00e9s una plataforma d&#8217;aprenentatge que combina la tecnologia blended learning amb propostes de formaci\u00f3 digital i presencial<span class=\"more-link\"><a href=\"https:\/\/www.fundacionnaturgy.org\/ca\/educacio-divulgacio\/efigy-education\/planet-efigy-innovacio-educativa-per-a-lenergia-del-futur\/\">Llegir m\u00e9s<\/a><\/span><\/p>\n","protected":false},"author":1454,"featured_media":0,"parent":45309,"menu_order":0,"comment_status":"closed","ping_status":"closed","template":"templates\/full-width.php","meta":{"inline_featured_image":false},"categories":[],"acf":[],"_links":{"self":[{"href":"https:\/\/www.fundacionnaturgy.org\/ca\/wp-json\/wp\/v2\/pages\/77138"}],"collection":[{"href":"https:\/\/www.fundacionnaturgy.org\/ca\/wp-json\/wp\/v2\/pages"}],"about":[{"href":"https:\/\/www.fundacionnaturgy.org\/ca\/wp-json\/wp\/v2\/types\/page"}],"author":[{"embeddable":true,"href":"https:\/\/www.fundacionnaturgy.org\/ca\/wp-json\/wp\/v2\/users\/1454"}],"replies":[{"embeddable":true,"href":"https:\/\/www.fundacionnaturgy.org\/ca\/wp-json\/wp\/v2\/comments?post=77138"}],"version-history":[{"count":3,"href":"https:\/\/www.fundacionnaturgy.org\/ca\/wp-json\/wp\/v2\/pages\/77138\/revisions"}],"predecessor-version":[{"id":90714,"href":"https:\/\/www.fundacionnaturgy.org\/ca\/wp-json\/wp\/v2\/pages\/77138\/revisions\/90714"}],"up":[{"embeddable":true,"href":"https:\/\/www.fundacionnaturgy.org\/ca\/wp-json\/wp\/v2\/pages\/45309"}],"wp:attachment":[{"href":"https:\/\/www.fundacionnaturgy.org\/ca\/wp-json\/wp\/v2\/media?parent=77138"}],"wp:term":[{"taxonomy":"category","embeddable":true,"href":"https:\/\/www.fundacionnaturgy.org\/ca\/wp-json\/wp\/v2\/categories?post=77138"}],"curies":[{"name":"wp","href":"https:\/\/api.w.org\/{rel}","templated":true}]}}