{"id":79352,"date":"2021-06-14T12:29:18","date_gmt":"2021-06-14T10:29:18","guid":{"rendered":"https:\/\/www.fundacionnaturgy.org\/educacio-divulgacio\/formacio-professional-per-a-locupabilitat\/formacio-professional-en-digitalitzacio-de-xarxes-electriques\/"},"modified":"2024-05-27T12:55:53","modified_gmt":"2024-05-27T10:55:53","slug":"formacio-professional-en-digitalitzacio-de-xarxes-electriques","status":"publish","type":"page","link":"https:\/\/www.fundacionnaturgy.org\/ca\/educacio-divulgacio\/formacio-professional-per-a-locupabilitat\/formacio-professional-en-digitalitzacio-de-xarxes-electriques\/","title":{"rendered":"Formaci\u00f3 professional en digitalitzaci\u00f3 de xarxes el\u00e8ctriques"},"content":{"rendered":"<p>[vc_row][vc_column width=&#8221;1\/2&#8243;][vc_single_image image=&#8221;84824&#8243; img_size=&#8221;full&#8221;][\/vc_column][vc_column width=&#8221;1\/2&#8243;][vc_column_text]Actualment, la xarxa el\u00e8ctrica est\u00e0 parcialment sensoritzada i digitalitzada. Aquesta digitalitzaci\u00f3 permet con\u00e8ixer els par\u00e0metres m\u00e9s rellevants de la xarxa i l&#8217;operaci\u00f3 remota d&#8217;alguns interruptors, de manera que podem operar la xarxa en temps real i minimitzar l&#8217;impacte de les sobrec\u00e0rregues o avaries. Per aconseguir-ho, la xarxa el\u00e8ctrica t\u00e9 una xarxa de comunicacions superposada i un important nombre de sensors instal\u00b7lats, aix\u00ed com protocols de comunicaci\u00f3 espec\u00edfics que garanteixen que la dada es rep en temps real i amb la qualitat adequada.<\/p>\n<p><strong>Duraci\u00f3\u00a0de la formaci\u00f3: 40 hores<\/strong>[\/vc_column_text][\/vc_column][\/vc_row][vc_row][vc_column width=&#8221;1\/2&#8243;][vc_column_text]<\/p>\n<h3>Continguts<\/h3>\n<ul>\n<li>Arquitectura general de comunicacions: 104, GST, GST-IP, SCADA\/COR<\/li>\n<li>Sistema de comunicacions actual subestaci\u00f3<\/li>\n<li>Protocol 61850 i subestaci\u00f3 intel\u00b7ligent<\/li>\n<li>Electr\u00f2nica del CT: concentrador, SBT, SABT, FFAA, RTU, equips de mesura TT,TI<\/li>\n<li>Smartmeter: PLC PRIME<\/li>\n<li>Converg\u00e8ncia de les tecnologies de l&#8217;operaci\u00f3 (TO) i la informaci\u00f3 (TI)<\/li>\n<li>Evoluci\u00f3 i tend\u00e8ncies TI<\/li>\n<li>Transformaci\u00f3 del TO pel TI<\/li>\n<li>Tend\u00e8ncies en la transformaci\u00f3 de les tecnologies de loperaci\u00f3<\/li>\n<li>Problemes que solucionen les arquitectures Edge (volum de dades i delai de decisions)<\/li>\n<li>Funcions que aporten les arquitectures Edge<\/li>\n<li>Tipologies de converg\u00e8ncia<\/li>\n<li><span style=\"background-color: initial;\">Hipervisors<\/span><\/li>\n<li>Converg\u00e8ncies basades en Agents<\/li>\n<li>Orquestradors de contenidors<\/li>\n<li>Arquitectures Distribu\u00efdes<\/li>\n<li>Descripci\u00f3 de capes i components<\/li>\n<li>Descripci\u00f3 d&#8217;alt nivell d&#8217;implementacions actuals<\/li>\n<li>L&#8217;aplicaci\u00f3 d&#8217;arquitectures distribu\u00efdes (Edge) a entorns industrials<\/li>\n<li>Casos d&#8217;\u00fas de governan\u00e7a (dispositius i aplicacions)<\/li>\n<li>Cas d\u00fas de negoci el\u00e8ctric<\/li>\n<li>Casos d&#8217;\u00fas a la ind\u00fastria<\/li>\n<\/ul>\n<p>[\/vc_column_text][\/vc_column][vc_column width=&#8221;1\/2&#8243;][vc_column_text]<\/p>\n<h3>Equipaments cedits<\/h3>\n<p>Per complementar la formaci\u00f3, proporcionem els materials t\u00e8cnics:<\/p>\n<ul>\n<li>Material did\u00e0ctic utilitzat en la formaci\u00f3, amb continguts t\u00e8cnics i exercicis resolts que es poden aplicar directament a les sessions d&#8217;aula.<\/li>\n<\/ul>\n<p>[\/vc_column_text][\/vc_column][\/vc_row][vc_row][vc_column width=&#8221;1\/2&#8243;][vc_column_text]<\/p>\n<h3>Fam\u00edlies professionals i formacions<\/h3>\n<p>Els destinaris del programa s\u00f3n preferentment estudiants de Formaci\u00f3 Professional de la fam\u00edlia &#8220;Inform\u00e0tica i Comunicacions&#8221;,\u00a0&#8220;Electricitat i Electr\u00f2nica&#8221;, &#8220;Energia i Aigua&#8221; i &#8220;Instal\u00b7laci\u00f3 i Manteniment&#8221;. Calen coneixements previs d&#8217;inform\u00e0tica.[\/vc_column_text][\/vc_column][vc_column width=&#8221;1\/2&#8243;]<div class=\"gnf-destacado-icono small-text-center medium-text-left row collapse\"><div class=\"gnf-destacado-icono__icono large-4 columns small-text-center medium-text-left \"><div class=\"icon-outer icon-style-default\" style=\"background-color:\"><span class=\"ico_info\"><\/span><\/div><\/div><div class=\"gnf-destacado-icono__texto large-8 columns\"><h4><\/h4><\/p>\n<h4>M\u00e9s informaci\u00f3\u00a0i peticions:<\/h4>\n<p>Si est\u00e0s interessat en el nostre programa\u00a0de Formaci\u00f3 Professional, pots contactar\u00a0amb nosaltres per:<\/p>\n<p>Adre\u00e7a electr\u00f2nica: <a href=\"mailto:FP_fundacion @naturgy.com\">FP_fundacion<\/a><a href=\"mailto:FP_fundacion @naturgy.com\">@naturgy.com<\/a><\/div><\/div>[\/vc_column][\/vc_row][vc_row][vc_column width=&#8221;1\/2&#8243;][\/vc_column][vc_column width=&#8221;1\/2&#8243;][\/vc_column][\/vc_row]<\/p>\n","protected":false},"excerpt":{"rendered":"<p>[vc_row][vc_column width=&#8221;1\/2&#8243;][vc_single_image image=&#8221;84824&#8243; img_size=&#8221;full&#8221;][\/vc_column][vc_column width=&#8221;1\/2&#8243;][vc_column_text]Actualment, la xarxa el\u00e8ctrica est\u00e0 parcialment sensoritzada i digitalitzada. Aquesta digitalitzaci\u00f3 permet con\u00e8ixer els par\u00e0metres m\u00e9s rellevants de la xarxa i l&#8217;operaci\u00f3 remota d&#8217;alguns interruptors, de<span class=\"more-link\"><a href=\"https:\/\/www.fundacionnaturgy.org\/ca\/educacio-divulgacio\/formacio-professional-per-a-locupabilitat\/formacio-professional-en-digitalitzacio-de-xarxes-electriques\/\">Llegir m\u00e9s<\/a><\/span><\/p>\n","protected":false},"author":1454,"featured_media":0,"parent":73285,"menu_order":0,"comment_status":"closed","ping_status":"closed","template":"templates\/full-width.php","meta":{"inline_featured_image":false},"categories":[],"acf":[],"_links":{"self":[{"href":"https:\/\/www.fundacionnaturgy.org\/ca\/wp-json\/wp\/v2\/pages\/79352"}],"collection":[{"href":"https:\/\/www.fundacionnaturgy.org\/ca\/wp-json\/wp\/v2\/pages"}],"about":[{"href":"https:\/\/www.fundacionnaturgy.org\/ca\/wp-json\/wp\/v2\/types\/page"}],"author":[{"embeddable":true,"href":"https:\/\/www.fundacionnaturgy.org\/ca\/wp-json\/wp\/v2\/users\/1454"}],"replies":[{"embeddable":true,"href":"https:\/\/www.fundacionnaturgy.org\/ca\/wp-json\/wp\/v2\/comments?post=79352"}],"version-history":[{"count":3,"href":"https:\/\/www.fundacionnaturgy.org\/ca\/wp-json\/wp\/v2\/pages\/79352\/revisions"}],"predecessor-version":[{"id":89573,"href":"https:\/\/www.fundacionnaturgy.org\/ca\/wp-json\/wp\/v2\/pages\/79352\/revisions\/89573"}],"up":[{"embeddable":true,"href":"https:\/\/www.fundacionnaturgy.org\/ca\/wp-json\/wp\/v2\/pages\/73285"}],"wp:attachment":[{"href":"https:\/\/www.fundacionnaturgy.org\/ca\/wp-json\/wp\/v2\/media?parent=79352"}],"wp:term":[{"taxonomy":"category","embeddable":true,"href":"https:\/\/www.fundacionnaturgy.org\/ca\/wp-json\/wp\/v2\/categories?post=79352"}],"curies":[{"name":"wp","href":"https:\/\/api.w.org\/{rel}","templated":true}]}}