{"id":79375,"date":"2021-07-14T13:32:20","date_gmt":"2021-07-14T11:32:20","guid":{"rendered":"https:\/\/www.fundacionnaturgy.org\/educacio-divulgacio\/efigy-education\/visites-virtuals-a-centrals-de-generacio\/"},"modified":"2026-04-15T12:30:27","modified_gmt":"2026-04-15T10:30:27","slug":"visites-virtuals-a-centrals-de-generacio","status":"publish","type":"page","link":"https:\/\/www.fundacionnaturgy.org\/ca\/educacio-divulgacio\/efigy-education\/visites-virtuals-a-centrals-de-generacio\/","title":{"rendered":"Visites virtuals a centrals de generaci\u00f3"},"content":{"rendered":"<p>[vc_row full_width=&#8221;stretch_row_content_no_spaces&#8221;][vc_column][vc_single_image image=&#8221;86248&#8243; img_size=&#8221;full&#8221; alignment=&#8221;center&#8221;][\/vc_column][\/vc_row][vc_row][vc_column width=&#8221;1\/3&#8243;][vc_single_image image=&#8221;86257&#8243; img_size=&#8221;full&#8221;][\/vc_column][vc_column width=&#8221;2\/3&#8243;][vc_column_text]<\/p>\n<h5>En el marc del Programa Efigy Education i juntament amb les Direccions de Renovables, Nous Negocis i Innovaci\u00f3 i Generaci\u00f3 Convencional de Naturgy, oferim visites guiades a les plantes de generaci\u00f3 d&#8217;energia de Naturgy, amb l&#8217;objectiu de compartir amb la societat el nostre comprom\u00eds corporatiu per una transici\u00f3 ecol\u00f2gica i socialment justa, en l\u00ednia amb els objectius de desenvolupament sostenible de les Nacions Unides.<\/h5>\n<p>[\/vc_column_text][\/vc_column][\/vc_row][vc_row][vc_column width=&#8221;1\/2&#8243;][vc_column_text]<\/p>\n<h3><strong>Objetius<\/strong><\/h3>\n<p><span style=\"color: #004571;\"><span style=\"color: #004571;\"><a href=\"https:\/\/www.fundacionnaturgy.org\/wp-content\/uploads\/2023\/03\/icono.png\"><img loading=\"lazy\" class=\"size-full wp-image-85240 alignleft\" src=\"https:\/\/www.fundacionnaturgy.org\/wp-content\/uploads\/2023\/03\/icono.png\" alt=\"\" width=\"25\" height=\"25\" \/><\/a>Obrir les portes de plantes de generaci\u00f3 del Grup Naturgy.<br \/>\n<\/span><\/span><\/p>\n<p><span style=\"color: #004571;\"><span style=\"color: #004571;\"><a href=\"https:\/\/www.fundacionnaturgy.org\/wp-content\/uploads\/2023\/03\/icono.png\"><img loading=\"lazy\" class=\"size-full wp-image-85240 alignleft\" src=\"https:\/\/www.fundacionnaturgy.org\/wp-content\/uploads\/2023\/03\/icono.png\" alt=\"\" width=\"25\" height=\"25\" \/><\/a>Con\u00e9ixer i entendre els diferents tipus denergia.<br \/>\n<\/span><\/span><\/p>\n<p><span style=\"color: #004571;\"><span style=\"color: #004571;\"><a href=\"https:\/\/www.fundacionnaturgy.org\/wp-content\/uploads\/2023\/03\/icono.png\"><img loading=\"lazy\" class=\"size-full wp-image-85240 alignleft\" src=\"https:\/\/www.fundacionnaturgy.org\/wp-content\/uploads\/2023\/03\/icono.png\" alt=\"\" width=\"25\" height=\"25\" \/><\/a>Divulgar la complexitat de la generaci\u00f3 i distribuci\u00f3 energ\u00e8tica.<br \/>\n<\/span><\/span><\/p>\n<p><span style=\"color: #004571;\"><span style=\"color: #004571;\"><a href=\"https:\/\/www.fundacionnaturgy.org\/wp-content\/uploads\/2023\/03\/icono.png\"><img loading=\"lazy\" class=\"size-full wp-image-85240 alignleft\" src=\"https:\/\/www.fundacionnaturgy.org\/wp-content\/uploads\/2023\/03\/icono.png\" alt=\"\" width=\"25\" height=\"25\" \/><\/a>Fomentar l&#8217;\u00fas racional de l&#8217;energia i l&#8217;efici\u00e8ncia energ\u00e8tica.<br \/>\n<\/span><\/span><\/p>\n<p><span style=\"color: #004571;\"><a href=\"https:\/\/www.fundacionnaturgy.org\/wp-content\/uploads\/2023\/03\/icono.png\"><img loading=\"lazy\" class=\"size-full wp-image-85240 alignleft\" src=\"https:\/\/www.fundacionnaturgy.org\/wp-content\/uploads\/2023\/03\/icono.png\" alt=\"\" width=\"25\" height=\"25\" \/><\/a>Con\u00e9ixer i fomentar els diferents perfils professionals que es requereixen en una planta de generaci\u00f3.<br \/>\n<\/span>[\/vc_column_text][\/vc_column][vc_column width=&#8221;1\/2&#8243;][vc_column_text]<\/p>\n<h3><strong>Informaci\u00f3 pr\u00e0ctica<\/strong><\/h3>\n<p><span style=\"color: #004571;\"><span style=\"color: #004571;\"><strong><a href=\"https:\/\/www.fundacionnaturgy.org\/wp-content\/uploads\/2023\/03\/icono.png\"><img loading=\"lazy\" class=\"size-full wp-image-85240 alignleft\" src=\"https:\/\/www.fundacionnaturgy.org\/wp-content\/uploads\/2023\/03\/icono.png\" alt=\"\" width=\"25\" height=\"25\" \/><\/a>Modalitat:<\/strong> visita presencial.<\/span><\/span><\/p>\n<p><span style=\"color: #004571;\"><span style=\"color: #004571;\"><strong><a href=\"https:\/\/www.fundacionnaturgy.org\/wp-content\/uploads\/2023\/03\/icono.png\"><img loading=\"lazy\" class=\"size-full wp-image-85240 alignleft\" src=\"https:\/\/www.fundacionnaturgy.org\/wp-content\/uploads\/2023\/03\/icono.png\" alt=\"\" width=\"25\" height=\"25\" \/><\/a>Tipologia de p\u00fablic:<\/strong> Educaci\u00f3\u00a0Secund\u00e0ria Obligat\u00f2ria (ESO), batxillerat, cicles formatius. <\/span><\/span><\/p>\n<p><span style=\"color: #004571;\"><span style=\"color: #004571;\"><strong><a href=\"https:\/\/www.fundacionnaturgy.org\/wp-content\/uploads\/2023\/03\/icono.png\"><img loading=\"lazy\" class=\"size-full wp-image-85240 alignleft\" src=\"https:\/\/www.fundacionnaturgy.org\/wp-content\/uploads\/2023\/03\/icono.png\" alt=\"\" width=\"25\" height=\"25\" \/><\/a><\/strong>Aquesta activitat tamb\u00e9 est\u00e0 disponible per a la ciutadania per als grups interessats que ho sol\u00b7licitin.<\/span><\/span><\/p>\n<p><span style=\"color: #004571;\"><span style=\"color: #004571;\"><strong><a href=\"https:\/\/www.fundacionnaturgy.org\/wp-content\/uploads\/2023\/03\/icono.png\"><img loading=\"lazy\" class=\"size-full wp-image-85240 alignleft\" src=\"https:\/\/www.fundacionnaturgy.org\/wp-content\/uploads\/2023\/03\/icono.png\" alt=\"\" width=\"25\" height=\"25\" \/><\/a>Duraci\u00f3:<\/strong> visita presencial: 90 minuts aprox.<\/span><\/span><\/p>\n<p><span style=\"color: #004571;\"><strong><a href=\"https:\/\/www.fundacionnaturgy.org\/wp-content\/uploads\/2023\/03\/icono.png\"><img loading=\"lazy\" class=\"size-full wp-image-85240 alignleft\" src=\"https:\/\/www.fundacionnaturgy.org\/wp-content\/uploads\/2023\/03\/icono.png\" alt=\"\" width=\"25\" height=\"25\" \/><\/a><\/strong><\/span><span style=\"color: #004571;\"><strong>Calendari:<\/strong> Segons\u00a0demanda.<\/span>[\/vc_column_text][\/vc_column][\/vc_row][vc_row][vc_column][vc_empty_space][\/vc_column][\/vc_row][vc_row full_width=&#8221;stretch_row&#8221; css=&#8221;.vc_custom_1679909364646{background-color: #f2f6f8 !important;background-position: center !important;background-repeat: no-repeat !important;background-size: cover !important;}&#8221;][vc_column][vc_row_inner][vc_column_inner width=&#8221;1\/2&#8243;][vc_column_text]<\/p>\n<h4><strong>Visites presencials<\/strong><\/h4>\n<h3>Els alumnes descobriran de primera m\u00e0 les peculiaritats del funcionament d&#8217;una central de generaci\u00f3 d&#8217;energia, la seva estreta relaci\u00f3 amb l&#8217;entorn social i mediambiental.<\/h3>\n<p>Tamb\u00e9 poden con\u00e8ixer la multitud de diferents perfils professionals necessaris per al funcionament d&#8217;aquestes instal\u00b7lacions. Les visites s\u00f3n dirigides per un educador mediambiental i, sempre que \u00e9s possible, tamb\u00e9 per empleats de les mateixes centrals que ens ofereixen la seva experi\u00e8ncia i coneixement del sector.[\/vc_column_text]<a class=\"gnf-boton oscuro left\" href=\"https:\/\/forms.office.com\/Pages\/ResponsePage.aspx?id=uetxRkRUfUWp78iIitrwO3D_rbUK1MBNnvj7q3kVx5xUMFE1WkcwWUw1WEs2NjlETzFWNURJMTNWQi4u\" title=\"\" target=\"_blank\">Sol\u00b7licita la teva visita<\/a>[\/vc_column_inner][vc_column_inner width=&#8221;1\/2&#8243;][vc_images_carousel images=&#8221;85209,85212,86640,85215,85218,85221,85224,85248,85251,85254,85257&#8243; img_size=&#8221;full&#8221; speed=&#8221;3000&#8243; autoplay=&#8221;yes&#8221; wrap=&#8221;yes&#8221;][\/vc_column_inner][\/vc_row_inner][vc_empty_space][vc_empty_space][vc_custom_heading text=&#8221;Centrals de generaci\u00f3 disponibles&#8221; font_container=&#8221;tag:h4|text_align:center&#8221; use_theme_fonts=&#8221;yes&#8221;][vc_single_image image=&#8221;95214&#8243; img_size=&#8221;full&#8221; alignment=&#8221;center&#8221;][\/vc_column][\/vc_row][vc_row][vc_column][vc_empty_space][\/vc_column][\/vc_row][vc_row][vc_column][vc_row_inner][vc_column_inner][vc_column_text]Hem dissenyat i produ\u00eft uns v\u00eddeos exclusius a les principals centrals hidr\u00e0uliques i de cicle combinat de la companyia on els seus professionals ens ensenyen de primera m\u00e0 el funcionament i la generaci\u00f3 d&#8217;energia i ens descobreixen diferents perfils professionals. <strong>Si vols veure els v\u00eddeos, fes clic <b><a href=\"https:\/\/www.fundacionnaturgy.org\/formulario-de-descarga-videos-exclusivos-en-las-principales-centrales-hidraulicas-y-de-ciclo-combinado\/\" target=\"_blank\" rel=\"noopener\">aqu\u00ed<\/a>.<\/b><\/strong>[\/vc_column_text][\/vc_column_inner][\/vc_row_inner][vc_row_inner][vc_column_inner width=&#8221;1\/2&#8243;][vc_single_image image=&#8221;87128&#8243; img_size=&#8221;full&#8221; onclick=&#8221;custom_link&#8221; img_link_target=&#8221;_blank&#8221; link=&#8221;https:\/\/www.fundacionnaturgy.org\/formulario-de-descarga-videos-exclusivos-en-las-principales-centrales-hidraulicas-y-de-ciclo-combinado\/&#8221;][\/vc_column_inner][vc_column_inner width=&#8221;1\/2&#8243;][vc_single_image image=&#8221;87125&#8243; img_size=&#8221;full&#8221; onclick=&#8221;custom_link&#8221; img_link_target=&#8221;_blank&#8221; link=&#8221;https:\/\/www.fundacionnaturgy.org\/formulario-de-descarga-videos-exclusivos-en-las-principales-centrales-hidraulicas-y-de-ciclo-combinado\/&#8221;][\/vc_column_inner][\/vc_row_inner][\/vc_column][\/vc_row][vc_row][vc_column][vc_empty_space][\/vc_column][\/vc_row][vc_row css=&#8221;.vc_custom_1650398761642{border-top-width: 1px !important;border-right-width: 1px !important;border-bottom-width: 1px !important;border-left-width: 1px !important;border-left-color: #e5ecf1 !important;border-left-style: solid !important;border-right-color: #e5ecf1 !important;border-right-style: solid !important;border-top-color: #e5ecf1 !important;border-top-style: solid !important;border-bottom-color: #e5ecf1 !important;border-bottom-style: solid !important;border-radius: 1px !important;}&#8221;][vc_column][vc_row_inner][vc_column_inner width=&#8221;1\/4&#8243;][vc_single_image image=&#8221;81427&#8243; img_size=&#8221;full&#8221; alignment=&#8221;right&#8221;][\/vc_column_inner][vc_column_inner width=&#8221;3\/4&#8243;][vc_column_text]<\/p>\n<h4><strong>Sempre al teu costat<\/strong><\/h4>\n<p><span lang=\"ca\">Per a m\u00e9s informaci\u00f3, contacta&#8217;ns a trav\u00e9s de<\/span>\u00a0l&#8217;adre\u00e7a electr\u00f2nica<br \/>\n<b><a id=\"LPlnk756601\" href=\"mailto:educaci%C3%B3nfundacion@naturgy.com\" target=\"_blank\" rel=\"noopener noreferrer\" data-auth=\"NotApplicable\" data-linkindex=\"0\">educacionfundacion@naturgy.com<\/a><\/b>.[\/vc_column_text][\/vc_column_inner][\/vc_row_inner][\/vc_column][\/vc_row]<\/p>\n","protected":false},"excerpt":{"rendered":"<p>[vc_row full_width=&#8221;stretch_row_content_no_spaces&#8221;][vc_column][vc_single_image image=&#8221;86248&#8243; img_size=&#8221;full&#8221; alignment=&#8221;center&#8221;][\/vc_column][\/vc_row][vc_row][vc_column width=&#8221;1\/3&#8243;][vc_single_image image=&#8221;86257&#8243; img_size=&#8221;full&#8221;][\/vc_column][vc_column width=&#8221;2\/3&#8243;][vc_column_text] En el marc del Programa Efigy Education i juntament amb les Direccions de Renovables, Nous Negocis i Innovaci\u00f3 i Generaci\u00f3 Convencional<span class=\"more-link\"><a href=\"https:\/\/www.fundacionnaturgy.org\/ca\/educacio-divulgacio\/efigy-education\/visites-virtuals-a-centrals-de-generacio\/\">Llegir m\u00e9s<\/a><\/span><\/p>\n","protected":false},"author":1454,"featured_media":0,"parent":45309,"menu_order":0,"comment_status":"closed","ping_status":"closed","template":"templates\/full-width.php","meta":{"inline_featured_image":false},"categories":[],"acf":[],"_links":{"self":[{"href":"https:\/\/www.fundacionnaturgy.org\/ca\/wp-json\/wp\/v2\/pages\/79375"}],"collection":[{"href":"https:\/\/www.fundacionnaturgy.org\/ca\/wp-json\/wp\/v2\/pages"}],"about":[{"href":"https:\/\/www.fundacionnaturgy.org\/ca\/wp-json\/wp\/v2\/types\/page"}],"author":[{"embeddable":true,"href":"https:\/\/www.fundacionnaturgy.org\/ca\/wp-json\/wp\/v2\/users\/1454"}],"replies":[{"embeddable":true,"href":"https:\/\/www.fundacionnaturgy.org\/ca\/wp-json\/wp\/v2\/comments?post=79375"}],"version-history":[{"count":21,"href":"https:\/\/www.fundacionnaturgy.org\/ca\/wp-json\/wp\/v2\/pages\/79375\/revisions"}],"predecessor-version":[{"id":95323,"href":"https:\/\/www.fundacionnaturgy.org\/ca\/wp-json\/wp\/v2\/pages\/79375\/revisions\/95323"}],"up":[{"embeddable":true,"href":"https:\/\/www.fundacionnaturgy.org\/ca\/wp-json\/wp\/v2\/pages\/45309"}],"wp:attachment":[{"href":"https:\/\/www.fundacionnaturgy.org\/ca\/wp-json\/wp\/v2\/media?parent=79375"}],"wp:term":[{"taxonomy":"category","embeddable":true,"href":"https:\/\/www.fundacionnaturgy.org\/ca\/wp-json\/wp\/v2\/categories?post=79375"}],"curies":[{"name":"wp","href":"https:\/\/api.w.org\/{rel}","templated":true}]}}