{"id":80518,"date":"2021-07-20T13:03:14","date_gmt":"2021-07-20T11:03:14","guid":{"rendered":"https:\/\/www.fundacionnaturgy.org\/i-edicio-del-premi-a-la-millor-iniciativa-social-en-lambit-energetic-2020\/"},"modified":"2022-09-19T13:21:40","modified_gmt":"2022-09-19T11:21:40","slug":"i-edicio-del-premi-a-la-millor-iniciativa-social-en-lambit-energetic-2020","status":"publish","type":"page","link":"https:\/\/www.fundacionnaturgy.org\/ca\/premio-a-la-mejor-iniciativa-social-en-el-ambito-energetico\/i-edicio-del-premi-a-la-millor-iniciativa-social-en-lambit-energetic-2020\/","title":{"rendered":"I edici\u00f3 del Premi a la millor iniciativa social en l\u2019\u00e0mbit energ\u00e8tic (2020)"},"content":{"rendered":"<p>[vc_row][vc_column][vc_column_text]<\/p>\n<h2 style=\"text-align: left;\"><strong>Guanyadors 1a edici\u00f3<\/strong><\/h2>\n<p>[\/vc_column_text][\/vc_column][\/vc_row][vc_row][vc_column width=&#8221;1\/2&#8243;][vc_column_text]<\/p>\n<h3>Primer premi<\/h3>\n<h4><strong>Projecte \u201cNi una llar sense energia\u201d de Fundaci\u00f3n Ecolog\u00eda y Desarrollo (Ecodes)<br \/>\n<\/strong><\/h4>\n<p>Aquesta iniciativa ofereix informaci\u00f3 i assessorament personalitzat per reduir les factures d\u2019energia, aprendre h\u00e0bits responsables i implementar mesures d\u2019efici\u00e8ncia energ\u00e8tica per a llars, aix\u00ed com ajudes per finan\u00e7ar-les. La transmissi\u00f3 de la informaci\u00f3 als col\u00b7lectius en situaci\u00f3 o risc de pobresa energ\u00e8tica es duu a terme a trav\u00e9s de diferents eines i canals: punts d\u2019assessorament, visites a llars, web, eines <em>online<\/em> de gesti\u00f3 de l\u2019energia, tallers i programes de voluntariat.[\/vc_column_text][vc_row_inner][vc_column_inner][vc_column_text]<\/p>\n<p style=\"text-align: center;\"><iframe loading=\"lazy\" src=\"https:\/\/www.youtube.com\/embed\/pNcXipcZ2pE\" width=\"470\" height=\"265\" frameborder=\"0\" allowfullscreen=\"allowfullscreen\"><\/iframe><\/p>\n<p>[\/vc_column_text][\/vc_column_inner][\/vc_row_inner][\/vc_column][vc_column width=&#8221;1\/2&#8243;][vc_column_text]<\/p>\n<h3>Acc\u00e8ssit<\/h3>\n<h4><strong>Projecte \u201cEducaci\u00f3 financera familiar i pobresa energ\u00e8tica\u201d de Fundaci\u00f3n Isadora Duncan<\/strong><\/h4>\n<p>La iniciativa, en execuci\u00f3 des del 2011, t\u00e9 per objectiu potenciar l\u2019empoderament econ\u00f2mic de les fam\u00edlies i la correcta gesti\u00f3 dels ingressos, promovent una inversi\u00f3, contractaci\u00f3, despesa i consum responsables i un \u00fas sostenible de l\u2019energia. Consta de tres eixos: assessorament econ\u00f2mic i energ\u00e8tic, formaci\u00f3 (Escola d\u2019Estalvi Familiar) i difusi\u00f3 (<a href=\"https:\/\/gestionfamiliar.es\/\">www.gestionfamiliar.es<\/a>) mitjan\u00e7ant les TIC per estendre la informaci\u00f3 a tot el pa\u00eds.[\/vc_column_text][vc_empty_space height=&#8221;18px&#8221;][vc_row_inner][vc_column_inner][vc_column_text]<\/p>\n<p style=\"text-align: center;\"><iframe loading=\"lazy\" src=\"https:\/\/www.youtube.com\/embed\/cGC46BGLLZM\" width=\"470\" height=\"265\" frameborder=\"0\" allowfullscreen=\"allowfullscreen\"><\/iframe><\/p>\n<p>[\/vc_column_text][\/vc_column_inner][\/vc_row_inner][\/vc_column][\/vc_row][vc_row][vc_column][vc_empty_space][\/vc_column][\/vc_row][vc_row][vc_column][vc_column_text]<\/p>\n<h2 style=\"text-align: left;\"><strong>Vegeu el v\u00eddeo resum de la gala<\/strong><\/h2>\n<p>[\/vc_column_text][vc_column_text]<\/p>\n<p style=\"text-align: left;\"><iframe loading=\"lazy\" src=\"https:\/\/www.youtube.com\/embed\/CxcVNXe1vLE\" width=\"470\" height=\"265\" frameborder=\"0\" allowfullscreen=\"allowfullscreen\"><\/iframe><\/p>\n<p>[\/vc_column_text][\/vc_column][\/vc_row][vc_row][vc_column][vc_empty_space][\/vc_column][\/vc_row][vc_row full_width=&#8221;stretch_row&#8221;][vc_column][vc_column_text]<\/p>\n<h2 style=\"text-align: left;\"><strong>La gala en imatges<\/strong><\/h2>\n<p>[\/vc_column_text][vc_gallery interval=&#8221;5&#8243; images=&#8221;77292,77295,77298,77301,77304,77307,77310,77313,77316,77319,77322,77325,77328,77331&#8243; img_size=&#8221;full&#8221;][vc_empty_space][\/vc_column][\/vc_row]<\/p>\n","protected":false},"excerpt":{"rendered":"<p>[vc_row][vc_column][vc_column_text] Guanyadors 1a edici\u00f3 [\/vc_column_text][\/vc_column][\/vc_row][vc_row][vc_column width=&#8221;1\/2&#8243;][vc_column_text] Primer premi Projecte \u201cNi una llar sense energia\u201d de Fundaci\u00f3n Ecolog\u00eda y Desarrollo (Ecodes) Aquesta iniciativa ofereix informaci\u00f3 i assessorament personalitzat per reduir les<span class=\"more-link\"><a href=\"https:\/\/www.fundacionnaturgy.org\/ca\/premio-a-la-mejor-iniciativa-social-en-el-ambito-energetico\/i-edicio-del-premi-a-la-millor-iniciativa-social-en-lambit-energetic-2020\/\">Llegir m\u00e9s<\/a><\/span><\/p>\n","protected":false},"author":1454,"featured_media":0,"parent":76764,"menu_order":0,"comment_status":"closed","ping_status":"closed","template":"templates\/full-width.php","meta":{"inline_featured_image":false},"categories":[],"acf":[],"_links":{"self":[{"href":"https:\/\/www.fundacionnaturgy.org\/ca\/wp-json\/wp\/v2\/pages\/80518"}],"collection":[{"href":"https:\/\/www.fundacionnaturgy.org\/ca\/wp-json\/wp\/v2\/pages"}],"about":[{"href":"https:\/\/www.fundacionnaturgy.org\/ca\/wp-json\/wp\/v2\/types\/page"}],"author":[{"embeddable":true,"href":"https:\/\/www.fundacionnaturgy.org\/ca\/wp-json\/wp\/v2\/users\/1454"}],"replies":[{"embeddable":true,"href":"https:\/\/www.fundacionnaturgy.org\/ca\/wp-json\/wp\/v2\/comments?post=80518"}],"version-history":[{"count":0,"href":"https:\/\/www.fundacionnaturgy.org\/ca\/wp-json\/wp\/v2\/pages\/80518\/revisions"}],"up":[{"embeddable":true,"href":"https:\/\/www.fundacionnaturgy.org\/ca\/wp-json\/wp\/v2\/pages\/76764"}],"wp:attachment":[{"href":"https:\/\/www.fundacionnaturgy.org\/ca\/wp-json\/wp\/v2\/media?parent=80518"}],"wp:term":[{"taxonomy":"category","embeddable":true,"href":"https:\/\/www.fundacionnaturgy.org\/ca\/wp-json\/wp\/v2\/categories?post=80518"}],"curies":[{"name":"wp","href":"https:\/\/api.w.org\/{rel}","templated":true}]}}