{"id":80521,"date":"2021-10-07T12:52:50","date_gmt":"2021-10-07T10:52:50","guid":{"rendered":"https:\/\/www.fundacionnaturgy.org\/educacio-divulgacio\/experiencies-digitals\/quin-aire-respirem-a-les-ciutats\/"},"modified":"2024-04-29T12:29:30","modified_gmt":"2024-04-29T10:29:30","slug":"quin-aire-respirem-a-les-ciutats","status":"publish","type":"page","link":"https:\/\/www.fundacionnaturgy.org\/ca\/educacio-divulgacio\/experiencies-digitals\/quin-aire-respirem-a-les-ciutats\/","title":{"rendered":"Quin aire respirem a les ciutats?"},"content":{"rendered":"<p>[vc_row][vc_column][vc_column_text]<\/p>\n<h2><strong>Mostrem com el fenomen de la contaminaci\u00f3 atmosf\u00e8rica \u00e9s un factor clau que determina la salut de les persones i del medi ambient<br \/>\n<\/strong><\/h2>\n<p>[\/vc_column_text][vc_column_text]<\/p>\n<p style=\"text-align: center;\"><iframe loading=\"lazy\" title=\"YouTube video player\" src=\"https:\/\/video.playfilm.tv\/media\/3\/published\/277b863c-8dc2-49b9-8f03-9b5b880e0c62\/index.html\" width=\"100%\" height=\"580\" frameborder=\"0\" allowfullscreen=\"allowfullscreen\"><\/iframe><\/p>\n<p>[\/vc_column_text][\/vc_column][\/vc_row][vc_row][vc_column][vc_column_text]Aquesta exposici\u00f3 virtual produ\u00efda per la Fundaci\u00f3 Naturgy mostra com el fenomen de la contaminaci\u00f3 atmosf\u00e8rica \u00e9s un factor clau que determina la salut de les persones i del medi ambient. La <strong>implementaci\u00f3 de diferents iniciatives<\/strong> per part d&#8217;administracions, empreses privades i ciutadania ser\u00e0 un repte imprescindible per complir els nivells que marca l&#8217;<strong>Organitzaci\u00f3<\/strong><strong> Mundial de la Salut per millorar la qualitat de l&#8217;aire del nostre entorn<\/strong>. En aquest context, entre altres mesures, l&#8217;<strong>\u00fas<\/strong><strong> responsable de l&#8217;energia<\/strong> i, en concret, del <strong>gas natural com a combustible net<\/strong>, ser\u00e0 un factor determinant per reduir les emissions i procurar la millora de la qualitat de l&#8217;aire. La proposta, comissariada pel professor expert en contaminaci\u00f3 atmosf\u00e8rica, <strong>Dr. Xavier Querol<\/strong>, ofereix les <strong>eines per con\u00e8ixer i interpretar els factors claus que determinen la qualitat de l&#8217;aire <\/strong>a trav\u00e9s de quatre \u00e0mbits: la descripci\u00f3 del fenomen, les causes que el provoquen, els efectes que el produeixen i les solucions per abordar-ho.[\/vc_column_text][\/vc_column][\/vc_row][vc_row css=&#8221;.vc_custom_1650402667860{padding-top: 50px !important;padding-right: 30px !important;padding-bottom: 50px !important;padding-left: 30px !important;background-color: #bfb8ae !important;}&#8221;][vc_column][vc_column_text]<\/p>\n<h2><strong>Un recurs educatiu excel\u00b7lent per a ESO, Batxillerat i Cicles Formatius<\/strong><\/h2>\n<p>&nbsp;<\/p>\n<h3>Una oportunitat per familiaritzar-se amb continguts curriculars t\u00e8cnics que permetr\u00e0 als alumnes con\u00e8ixer el fenomen i esdevenir agent actiu per contribuir a aportar solucions al repte mediambiental.<\/h3>\n<p>[\/vc_column_text][\/vc_column][\/vc_row][vc_row][vc_column][vc_empty_space height=&#8221;12px&#8221;][\/vc_column][\/vc_row][vc_row css=&#8221;.vc_custom_1648216198840{border-top-width: 1px !important;border-right-width: 1px !important;border-bottom-width: 1px !important;border-left-width: 1px !important;border-left-color: #e5ecf1 !important;border-left-style: solid !important;border-right-color: #e5ecf1 !important;border-right-style: solid !important;border-top-color: #e5ecf1 !important;border-top-style: solid !important;border-bottom-color: #e5ecf1 !important;border-bottom-style: solid !important;border-radius: 1px !important;}&#8221;][vc_column width=&#8221;1\/4&#8243;][vc_single_image image=&#8221;81427&#8243; img_size=&#8221;full&#8221; alignment=&#8221;right&#8221;][\/vc_column][vc_column width=&#8221;3\/4&#8243;][vc_column_text]<\/p>\n<h4><b>M\u00e9s informaci\u00f3<\/b><\/h4>\n<p>Si vols saber-ne m\u00e9s, ens pots contactar per:<\/p>\n<p>Adre\u00e7a electr\u00f2nica:<strong> <a href=\"mailto:efigyeducation@naturgy.com\">educaci\u00f3nfundacion@naturgy.com<\/a><\/strong>[\/vc_column_text][\/vc_column][\/vc_row]<\/p>\n","protected":false},"excerpt":{"rendered":"<p>[vc_row][vc_column][vc_column_text] Mostrem com el fenomen de la contaminaci\u00f3 atmosf\u00e8rica \u00e9s un factor clau que determina la salut de les persones i del medi ambient [\/vc_column_text][vc_column_text] [\/vc_column_text][\/vc_column][\/vc_row][vc_row][vc_column][vc_column_text]Aquesta exposici\u00f3 virtual produ\u00efda per<span class=\"more-link\"><a href=\"https:\/\/www.fundacionnaturgy.org\/ca\/educacio-divulgacio\/experiencies-digitals\/quin-aire-respirem-a-les-ciutats\/\">Llegir m\u00e9s<\/a><\/span><\/p>\n","protected":false},"author":1454,"featured_media":0,"parent":79675,"menu_order":0,"comment_status":"closed","ping_status":"closed","template":"templates\/full-width.php","meta":{"inline_featured_image":false},"categories":[],"acf":[],"_links":{"self":[{"href":"https:\/\/www.fundacionnaturgy.org\/ca\/wp-json\/wp\/v2\/pages\/80521"}],"collection":[{"href":"https:\/\/www.fundacionnaturgy.org\/ca\/wp-json\/wp\/v2\/pages"}],"about":[{"href":"https:\/\/www.fundacionnaturgy.org\/ca\/wp-json\/wp\/v2\/types\/page"}],"author":[{"embeddable":true,"href":"https:\/\/www.fundacionnaturgy.org\/ca\/wp-json\/wp\/v2\/users\/1454"}],"replies":[{"embeddable":true,"href":"https:\/\/www.fundacionnaturgy.org\/ca\/wp-json\/wp\/v2\/comments?post=80521"}],"version-history":[{"count":1,"href":"https:\/\/www.fundacionnaturgy.org\/ca\/wp-json\/wp\/v2\/pages\/80521\/revisions"}],"predecessor-version":[{"id":89176,"href":"https:\/\/www.fundacionnaturgy.org\/ca\/wp-json\/wp\/v2\/pages\/80521\/revisions\/89176"}],"up":[{"embeddable":true,"href":"https:\/\/www.fundacionnaturgy.org\/ca\/wp-json\/wp\/v2\/pages\/79675"}],"wp:attachment":[{"href":"https:\/\/www.fundacionnaturgy.org\/ca\/wp-json\/wp\/v2\/media?parent=80521"}],"wp:term":[{"taxonomy":"category","embeddable":true,"href":"https:\/\/www.fundacionnaturgy.org\/ca\/wp-json\/wp\/v2\/categories?post=80521"}],"curies":[{"name":"wp","href":"https:\/\/api.w.org\/{rel}","templated":true}]}}