{"id":80522,"date":"2021-10-18T15:48:52","date_gmt":"2021-10-18T13:48:52","guid":{"rendered":"https:\/\/www.fundacionnaturgy.org\/ii-edicio-del-premi-a-la-millor-iniciativa-social-en-lambit-energetic-2021\/"},"modified":"2022-09-19T14:02:35","modified_gmt":"2022-09-19T12:02:35","slug":"ii-edicio-del-premi-a-la-millor-iniciativa-social-en-lambit-energetic-2021","status":"publish","type":"page","link":"https:\/\/www.fundacionnaturgy.org\/ca\/premio-a-la-mejor-iniciativa-social-en-el-ambito-energetico\/ii-edicio-del-premi-a-la-millor-iniciativa-social-en-lambit-energetic-2021\/","title":{"rendered":"II edici\u00f3 del Premi a la millor iniciativa social en l\u2019\u00e0mbit energ\u00e8tic (2021)"},"content":{"rendered":"<p>[vc_row][vc_column][vc_column_text]<\/p>\n<h2 style=\"text-align: left;\"><strong>Guanyadors 2a edici\u00f3<\/strong><\/h2>\n<p>[\/vc_column_text][\/vc_column][\/vc_row][vc_row][vc_column width=&#8221;1\/2&#8243;][vc_column_text]<\/p>\n<h3>Primer premi<\/h3>\n<h4><strong>\u201cEndollats al treball\u201d de Fundaci\u00f3 \u00c8xit<\/strong><br \/>\n<b><\/b><\/h4>\n<p>Fundaci\u00f3 \u00c8xit ha dissenyat un itinerari formatiu per orientar, motivar i apropar a joves en situaci\u00f3 de vulnerabilitat les oportunitats professionals al seu abast en el sector de l\u2019energia. Per implementar-lo amb \u00e8xit, impulsa un ecosistema amb empreses, centres educatius, administracions p\u00fabliques, finan\u00e7adors, voluntaris, etc. El seu objectiu final \u00e9s reduir l\u2019alt percentatge d\u2019estudiants que abandona els estudis de grau mitj\u00e0 sense aconseguir la titulaci\u00f3.[\/vc_column_text][vc_row_inner][vc_column_inner]<a class=\"gnf-boton oscuro left\" href=\"https:\/\/fundacionexit.org\/\" title=\"\" target=\"_blank\">M\u00e9s informaci\u00f3<\/a>[\/vc_column_inner][\/vc_row_inner][vc_row_inner][vc_column_inner][vc_empty_space][vc_column_text]<iframe loading=\"lazy\" title=\"YouTube video player\" src=\"https:\/\/www.youtube.com\/embed\/jOqNQA3Gyq0\" width=\"460\" height=\"315\" frameborder=\"0\" allowfullscreen=\"allowfullscreen\"><\/iframe>[\/vc_column_text][vc_column_text]<iframe loading=\"lazy\" title=\"YouTube video player\" src=\"https:\/\/www.youtube.com\/embed\/F6wdYdcBAro\" width=\"460\" height=\"315\" frameborder=\"0\" allowfullscreen=\"allowfullscreen\"><\/iframe>[\/vc_column_text][\/vc_column_inner][\/vc_row_inner][\/vc_column][vc_column width=&#8221;1\/2&#8243;][vc_column_text]<\/p>\n<h3>Acc\u00e8ssit<\/h3>\n<h4><b>\u201cGenerant futur\u201d de l\u2019Asociaci\u00f3n Norte Joven<\/b><\/h4>\n<p>Aquesta iniciativa busca millorar la perspectiva de futur de joves en situaci\u00f3 de vulnerabilitat. En una primera fase, es desenvolupa la iniciativa \u201cConectados al Empleo\u201d, que compr\u00e8n un itinerari de formaci\u00f3 integral en qu\u00e8 es combinen accions de sensibilitzaci\u00f3 i intervencions tant en llars de fam\u00edlies vulnerables per aconseguir la seva millora energ\u00e8tica, com en organitzacions socials que donin suport a col\u00b7lectius vulnerables.[\/vc_column_text][vc_empty_space height=&#8221;12px&#8221;][vc_row_inner][vc_column_inner]<a class=\"gnf-boton oscuro left\" href=\"https:\/\/nortejoven.org\/generando-futuro\/\" title=\"\" target=\"_blank\">M\u00e9s informaci\u00f3<\/a>[\/vc_column_inner][\/vc_row_inner][vc_row_inner][vc_column_inner][vc_empty_space][vc_column_text]<iframe loading=\"lazy\" title=\"YouTube video player\" src=\"https:\/\/www.youtube.com\/embed\/CS6idGTY_sI\" width=\"460\" height=\"315\" frameborder=\"0\" allowfullscreen=\"allowfullscreen\"><\/iframe>[\/vc_column_text][vc_column_text]<iframe loading=\"lazy\" title=\"YouTube video player\" src=\"https:\/\/www.youtube.com\/embed\/6jiUQYKCM6E\" width=\"460\" height=\"315\" frameborder=\"0\" allowfullscreen=\"allowfullscreen\"><\/iframe>[\/vc_column_text][\/vc_column_inner][\/vc_row_inner][\/vc_column][\/vc_row][vc_row][vc_column][vc_empty_space][\/vc_column][\/vc_row][vc_row][vc_column][vc_column_text]<\/p>\n<h2 style=\"text-align: left;\"><strong>Vegeu el v\u00eddeo resum de la gala<br \/>\n<\/strong><\/h2>\n<p>[\/vc_column_text][vc_column_text]<\/p>\n<p style=\"text-align: left;\"><iframe loading=\"lazy\" title=\"YouTube video player\" src=\"https:\/\/www.youtube.com\/embed\/V1rwOc6Jwak\" width=\"560\" height=\"315\" frameborder=\"0\" allowfullscreen=\"allowfullscreen\"><\/iframe><\/p>\n<p>[\/vc_column_text][\/vc_column][\/vc_row][vc_row][vc_column][vc_empty_space][\/vc_column][\/vc_row][vc_row][vc_column][vc_column_text]<\/p>\n<h2 style=\"text-align: left;\"><strong>Veure els projectes finalistes i participants<\/strong><\/h2>\n<p>[\/vc_column_text][\/vc_column][\/vc_row][vc_row][vc_column][vc_tta_tabs][vc_tta_section title=&#8221;Finalistes&#8221; tab_id=&#8221;1626695018390-015280b3-cdd7&#8243;][vc_row_inner][vc_column_inner width=&#8221;1\/4&#8243;][vc_single_image image=&#8221;79242&#8243; img_size=&#8221;full&#8221;][\/vc_column_inner][vc_column_inner width=&#8221;1\/4&#8243;][vc_single_image image=&#8221;79230&#8243; img_size=&#8221;full&#8221;][\/vc_column_inner][vc_column_inner width=&#8221;1\/4&#8243;][vc_single_image image=&#8221;79233&#8243; img_size=&#8221;full&#8221;][\/vc_column_inner][vc_column_inner width=&#8221;1\/4&#8243;][vc_single_image image=&#8221;79236&#8243; img_size=&#8221;full&#8221;][\/vc_column_inner][\/vc_row_inner][vc_row_inner][vc_column_inner width=&#8221;1\/4&#8243;][vc_single_image image=&#8221;79227&#8243; img_size=&#8221;full&#8221;][\/vc_column_inner][vc_column_inner width=&#8221;1\/4&#8243;][vc_single_image image=&#8221;79248&#8243; img_size=&#8221;full&#8221;][\/vc_column_inner][vc_column_inner width=&#8221;1\/4&#8243;][vc_single_image image=&#8221;79239&#8243; img_size=&#8221;full&#8221;][\/vc_column_inner][vc_column_inner width=&#8221;1\/4&#8243;][vc_single_image image=&#8221;79245&#8243; img_size=&#8221;full&#8221;][\/vc_column_inner][\/vc_row_inner][\/vc_tta_section][vc_tta_section title=&#8221;Participants&#8221; tab_id=&#8221;1626784457914-0eb443e6-1a31&#8243;][vc_single_image image=&#8221;79214&#8243; img_size=&#8221;full&#8221;][\/vc_tta_section][\/vc_tta_tabs][\/vc_column][\/vc_row]<\/p>\n","protected":false},"excerpt":{"rendered":"<p>[vc_row][vc_column][vc_column_text] Guanyadors 2a edici\u00f3 [\/vc_column_text][\/vc_column][\/vc_row][vc_row][vc_column width=&#8221;1\/2&#8243;][vc_column_text] Primer premi \u201cEndollats al treball\u201d de Fundaci\u00f3 \u00c8xit Fundaci\u00f3 \u00c8xit ha dissenyat un itinerari formatiu per orientar, motivar i apropar a joves en situaci\u00f3<span class=\"more-link\"><a href=\"https:\/\/www.fundacionnaturgy.org\/ca\/premio-a-la-mejor-iniciativa-social-en-el-ambito-energetico\/ii-edicio-del-premi-a-la-millor-iniciativa-social-en-lambit-energetic-2021\/\">Llegir m\u00e9s<\/a><\/span><\/p>\n","protected":false},"author":1454,"featured_media":0,"parent":76764,"menu_order":0,"comment_status":"closed","ping_status":"closed","template":"templates\/full-width.php","meta":{"inline_featured_image":false},"categories":[],"acf":[],"_links":{"self":[{"href":"https:\/\/www.fundacionnaturgy.org\/ca\/wp-json\/wp\/v2\/pages\/80522"}],"collection":[{"href":"https:\/\/www.fundacionnaturgy.org\/ca\/wp-json\/wp\/v2\/pages"}],"about":[{"href":"https:\/\/www.fundacionnaturgy.org\/ca\/wp-json\/wp\/v2\/types\/page"}],"author":[{"embeddable":true,"href":"https:\/\/www.fundacionnaturgy.org\/ca\/wp-json\/wp\/v2\/users\/1454"}],"replies":[{"embeddable":true,"href":"https:\/\/www.fundacionnaturgy.org\/ca\/wp-json\/wp\/v2\/comments?post=80522"}],"version-history":[{"count":0,"href":"https:\/\/www.fundacionnaturgy.org\/ca\/wp-json\/wp\/v2\/pages\/80522\/revisions"}],"up":[{"embeddable":true,"href":"https:\/\/www.fundacionnaturgy.org\/ca\/wp-json\/wp\/v2\/pages\/76764"}],"wp:attachment":[{"href":"https:\/\/www.fundacionnaturgy.org\/ca\/wp-json\/wp\/v2\/media?parent=80522"}],"wp:term":[{"taxonomy":"category","embeddable":true,"href":"https:\/\/www.fundacionnaturgy.org\/ca\/wp-json\/wp\/v2\/categories?post=80522"}],"curies":[{"name":"wp","href":"https:\/\/api.w.org\/{rel}","templated":true}]}}