{"id":80524,"date":"2021-10-20T09:37:57","date_gmt":"2021-10-20T07:37:57","guid":{"rendered":"https:\/\/www.fundacionnaturgy.org\/iii-edicio-del-premi-a-la-millor-iniciativa-social-en-lambit-energetic\/"},"modified":"2022-11-22T13:35:59","modified_gmt":"2022-11-22T12:35:59","slug":"iii-edicio-del-premi-a-la-millor-iniciativa-social-en-lambit-energetic","status":"publish","type":"page","link":"https:\/\/www.fundacionnaturgy.org\/ca\/premio-a-la-mejor-iniciativa-social-en-el-ambito-energetico\/iii-edicio-del-premi-a-la-millor-iniciativa-social-en-lambit-energetic\/","title":{"rendered":"III edici\u00f3 del Premi a la millor iniciativa social en l\u2019\u00e0mbit energ\u00e8tic"},"content":{"rendered":"<p>[vc_row][vc_column][vc_column_text]<\/p>\n<h2 style=\"text-align: left;\"><strong>Ganadores 3\u00aa\u00a0edici\u00f3n<\/strong><\/h2>\n<p>[\/vc_column_text][\/vc_column][\/vc_row][vc_row][vc_column width=&#8221;1\/2&#8243;][vc_column_text]<\/p>\n<h3>Primer\u00a0premi<\/h3>\n<h4><b>\u201cContribuir a la millora social dels m\u00e9s vulnerables a Espanya, a trav\u00e9s de la formaci\u00f3 i l\u2019acc\u00e9s a l\u2019energia\u201d d\u2019Energia sense Fronteres<br \/>\n<\/b><\/h4>\n<p>La iniciativa consisteix a dur a terme diferents activitats que persegueixen facilitar l\u2019acc\u00e9s a instal\u00b7lacions energ\u00e8tiques eficients destinades, d\u2019una banda, a entitats socials i, de l\u2019altra, directament a fam\u00edlies vulnerables. Per a entitats socials treballen en les l\u00ednies seg\u00fcents: acc\u00e9s a infraestructures energ\u00e8tiques eficients i renovables a trav\u00e9s de la instal\u00b7laci\u00f3, acc\u00e9s a energia i gesti\u00f3 de les mateixes, assessorament t\u00e8cnic a trav\u00e9s d\u2019estudis d\u2019efici\u00e8ncia energ\u00e8tica i assessorament i supervisi\u00f3 de les millores realitzades. Per a la poblaci\u00f3 m\u00e9s vulnerable, duen a terme formaci\u00f3 i tallers en h\u00e0bits de consum eficient i els donen eines per ser capa\u00e7os de gestionar-se per ells mateixos.[\/vc_column_text][vc_row_inner][vc_column_inner]<a class=\"gnf-boton oscuro left\" href=\"https:\/\/energiasinfronteras.org\/\" title=\"\" target=\"_blank\">M\u00e9s informaci\u00f3<\/a>[\/vc_column_inner][\/vc_row_inner][vc_row_inner][vc_column_inner][vc_empty_space][vc_single_image image=&#8221;82368&#8243; img_size=&#8221;full&#8221;][vc_video link=&#8221;https:\/\/www.youtube.com\/watch?v=wqr4M4BVoic&#8221;][\/vc_column_inner][\/vc_row_inner][\/vc_column][vc_column width=&#8221;1\/2&#8243;][vc_column_text]<\/p>\n<h3>Acc\u00e8ssit<\/h3>\n<h4><b>\u201cAjuda integral a la vulnerabilitat energ\u00e8tica\u201d de Fundaci\u00f3 Roure<br \/>\n<\/b><\/h4>\n<p>[\/vc_column_text][vc_empty_space height=&#8221;5px&#8221;][vc_column_text]La iniciativa es basa a donar suport i acompanyament a persones vulnerables en situaci\u00f3 de pobresa. Aquest acompanyament consisteix a formar en estalvi energ\u00e8tic, ajudar amb la gesti\u00f3 i la interpretaci\u00f3 de documents, ajudar en la relaci\u00f3 amb les empreses energ\u00e8tiques (bons socials, tramitaci\u00f3 de subvencions, etc.) i rehabilitar habitatges (a\u00efllament de parets i sostres, substituci\u00f3 de finestres, etc.). L\u2019objectiu principal de la iniciativa \u00e9s educar i reduir el consum energ\u00e8tic en habitatges en condicions prec\u00e0ries.[\/vc_column_text][vc_empty_space height=&#8221;66px&#8221;][vc_row_inner][vc_column_inner]<a class=\"gnf-boton oscuro left\" href=\"https:\/\/www.fundacioroure.org\/es\/inicio\/\" title=\"\" target=\"_blank\">M\u00e9s informaci\u00f3<\/a>[\/vc_column_inner][\/vc_row_inner][vc_row_inner][vc_column_inner][vc_empty_space][vc_single_image image=&#8221;82362&#8243; img_size=&#8221;full&#8221;][vc_video link=&#8221;https:\/\/www.youtube.com\/watch?v=uDU9Ei2PUQw&#8221;][\/vc_column_inner][\/vc_row_inner][\/vc_column][\/vc_row][vc_row][vc_column][vc_empty_space][\/vc_column][\/vc_row][vc_row][vc_column][vc_column_text]<\/p>\n<h2 style=\"text-align: left;\"><strong>Veure el v\u00eddeo de la gala final<br \/>\n<\/strong><\/h2>\n<p>[\/vc_column_text][vc_video link=&#8221;https:\/\/www.youtube.com\/watch?v=T_GKWQ5eyuk&#8221; el_width=&#8221;60&#8243;][\/vc_column][\/vc_row][vc_row][vc_column][vc_empty_space][\/vc_column][\/vc_row][vc_row][vc_column][vc_column_text]<\/p>\n<h2 style=\"text-align: left;\"><strong>La gala en imatges<\/strong><\/h2>\n<p>[\/vc_column_text][vc_images_carousel images=&#8221;82410,82404,82407,82413,82419,82416,82422,82425,82428&#8243; img_size=&#8221;full&#8221; speed=&#8221;3000&#8243; autoplay=&#8221;yes&#8221; wrap=&#8221;yes&#8221;][\/vc_column][\/vc_row][vc_row][vc_column][vc_empty_space][\/vc_column][\/vc_row][vc_row][vc_column][vc_column_text]<\/p>\n<h2 style=\"text-align: left;\"><strong>Veure els projectes finalistes i participants<br \/>\n<\/strong><\/h2>\n<p>[\/vc_column_text][\/vc_column][\/vc_row][vc_row][vc_column][vc_tta_tabs][vc_tta_section title=&#8221;Finalistes&#8221; tab_id=&#8221;1626695018390-015280b3-cdd7&#8243;][vc_row_inner][vc_column_inner width=&#8221;1\/4&#8243;][vc_single_image image=&#8221;82371&#8243; img_size=&#8221;full&#8221; onclick=&#8221;custom_link&#8221; img_link_target=&#8221;_blank&#8221; link=&#8221;https:\/\/www.agenciaandaluzadelaenergia.es\/es&#8221;][\/vc_column_inner][vc_column_inner width=&#8221;1\/4&#8243;][vc_single_image image=&#8221;82392&#8243; img_size=&#8221;full&#8221; onclick=&#8221;custom_link&#8221; img_link_target=&#8221;_blank&#8221; link=&#8221;https:\/\/talisman.org.es\/es\/#.YuD6NXZBw2w&#8221;][\/vc_column_inner][vc_column_inner width=&#8221;1\/4&#8243;][vc_single_image image=&#8221;82374&#8243; img_size=&#8221;full&#8221; onclick=&#8221;custom_link&#8221; img_link_target=&#8221;_blank&#8221; link=&#8221;http:\/\/www.cirvite.org\/&#8221;][\/vc_column_inner][vc_column_inner width=&#8221;1\/4&#8243;][vc_single_image image=&#8221;82377&#8243; img_size=&#8221;full&#8221; onclick=&#8221;custom_link&#8221; img_link_target=&#8221;_blank&#8221; link=&#8221;https:\/\/www2.cruzroja.es\/&#8221;][\/vc_column_inner][\/vc_row_inner][vc_row_inner][vc_column_inner width=&#8221;1\/4&#8243;][vc_single_image image=&#8221;82383&#8243; img_size=&#8221;full&#8221; onclick=&#8221;custom_link&#8221; img_link_target=&#8221;_blank&#8221; link=&#8221;https:\/\/fundacion.arquia.com\/&#8221;][\/vc_column_inner][vc_column_inner width=&#8221;1\/4&#8243;][vc_single_image image=&#8221;82380&#8243; img_size=&#8221;full&#8221; onclick=&#8221;custom_link&#8221; img_link_target=&#8221;_blank&#8221; link=&#8221;https:\/\/fundacionarcoiris.org\/&#8221;][\/vc_column_inner][vc_column_inner width=&#8221;1\/4&#8243;][vc_single_image image=&#8221;82386&#8243; img_size=&#8221;full&#8221; onclick=&#8221;custom_link&#8221; img_link_target=&#8221;_blank&#8221; link=&#8221;https:\/\/tomillo.org\/&#8221;][\/vc_column_inner][vc_column_inner width=&#8221;1\/4&#8243;][vc_single_image image=&#8221;82389&#8243; img_size=&#8221;full&#8221; onclick=&#8221;custom_link&#8221; img_link_target=&#8221;_blank&#8221; link=&#8221;https:\/\/llewo.com\/&#8221;][\/vc_column_inner][\/vc_row_inner][\/vc_tta_section][vc_tta_section title=&#8221;Participants&#8221; tab_id=&#8221;1626784457914-0eb443e6-1a31&#8243;][vc_single_image image=&#8221;82395&#8243; img_size=&#8221;full&#8221;][\/vc_tta_section][\/vc_tta_tabs][\/vc_column][\/vc_row]<\/p>\n","protected":false},"excerpt":{"rendered":"<p>[vc_row][vc_column][vc_column_text] Ganadores 3\u00aa\u00a0edici\u00f3n [\/vc_column_text][\/vc_column][\/vc_row][vc_row][vc_column width=&#8221;1\/2&#8243;][vc_column_text] Primer\u00a0premi \u201cContribuir a la millora social dels m\u00e9s vulnerables a Espanya, a trav\u00e9s de la formaci\u00f3 i l\u2019acc\u00e9s a l\u2019energia\u201d d\u2019Energia sense Fronteres La iniciativa<span class=\"more-link\"><a href=\"https:\/\/www.fundacionnaturgy.org\/ca\/premio-a-la-mejor-iniciativa-social-en-el-ambito-energetico\/iii-edicio-del-premi-a-la-millor-iniciativa-social-en-lambit-energetic\/\">Llegir m\u00e9s<\/a><\/span><\/p>\n","protected":false},"author":1454,"featured_media":0,"parent":76764,"menu_order":0,"comment_status":"closed","ping_status":"closed","template":"templates\/full-width.php","meta":{"inline_featured_image":false},"categories":[],"acf":[],"_links":{"self":[{"href":"https:\/\/www.fundacionnaturgy.org\/ca\/wp-json\/wp\/v2\/pages\/80524"}],"collection":[{"href":"https:\/\/www.fundacionnaturgy.org\/ca\/wp-json\/wp\/v2\/pages"}],"about":[{"href":"https:\/\/www.fundacionnaturgy.org\/ca\/wp-json\/wp\/v2\/types\/page"}],"author":[{"embeddable":true,"href":"https:\/\/www.fundacionnaturgy.org\/ca\/wp-json\/wp\/v2\/users\/1454"}],"replies":[{"embeddable":true,"href":"https:\/\/www.fundacionnaturgy.org\/ca\/wp-json\/wp\/v2\/comments?post=80524"}],"version-history":[{"count":0,"href":"https:\/\/www.fundacionnaturgy.org\/ca\/wp-json\/wp\/v2\/pages\/80524\/revisions"}],"up":[{"embeddable":true,"href":"https:\/\/www.fundacionnaturgy.org\/ca\/wp-json\/wp\/v2\/pages\/76764"}],"wp:attachment":[{"href":"https:\/\/www.fundacionnaturgy.org\/ca\/wp-json\/wp\/v2\/media?parent=80524"}],"wp:term":[{"taxonomy":"category","embeddable":true,"href":"https:\/\/www.fundacionnaturgy.org\/ca\/wp-json\/wp\/v2\/categories?post=80524"}],"curies":[{"name":"wp","href":"https:\/\/api.w.org\/{rel}","templated":true}]}}