{"id":83467,"date":"2022-06-29T23:21:25","date_gmt":"2022-06-29T21:21:25","guid":{"rendered":"https:\/\/www.fundacionnaturgy.org\/?page_id=83467"},"modified":"2022-10-04T15:28:52","modified_gmt":"2022-10-04T13:28:52","slug":"voluntariat","status":"publish","type":"page","link":"https:\/\/www.fundacionnaturgy.org\/ca\/accio-social\/voluntariat\/","title":{"rendered":"Voluntariat"},"content":{"rendered":"<p>[vc_row][vc_column][vc_column_text]<\/p>\n<h2><strong>L\u2019\u00e0nima de Naturgy<\/strong><\/h2>\n<p>[\/vc_column_text][\/vc_column][\/vc_row][vc_row][vc_column][vc_column_text]Empleats i jubilats de Naturgy participen activament en el Pla de vulnerabilitat energ\u00e8tica gr\u00e0cies al programa de\u00a0<a href=\"https:\/\/www.fundacionnaturgy.org\/ca\/accio-social\/pla-de-vulnerabilitat-energetica\/voluntariat-energetic\/\"><strong>voluntariat energ\u00e8tic<\/strong><\/a>. Aquesta iniciativa els dona l\u2019oportunitat d\u2019aportar el seu gra de sorra en mat\u00e8ria d\u2019energia amb els qui m\u00e9s ho necessiten aportant els seus coneixements i les eines que tenen al seu abast.[\/vc_column_text][\/vc_column][\/vc_row][vc_row][vc_column][vc_single_image image=&#8221;56549&#8243; img_size=&#8221;full&#8221; alignment=&#8221;center&#8221;][\/vc_column][\/vc_row][vc_row css=&#8221;.vc_custom_1647442001171{margin-right: -170px !important;}&#8221;][vc_column width=&#8221;1\/3&#8243;][vc_empty_space][vc_single_image image=&#8221;81391&#8243; img_size=&#8221;60&#215;60&#8243; alignment=&#8221;center&#8221;][vc_column_text]<\/p>\n<h4 style=\"text-align: center;\"><strong>385 voluntaris<\/strong><\/h4>\n<p>[\/vc_column_text][vc_single_image image=&#8221;81558&#8243; img_size=&#8221;60&#215;60&#8243; alignment=&#8221;center&#8221;][vc_column_text]<\/p>\n<h4 style=\"text-align: center;\"><strong>3.026 hores<\/strong><br \/>\n<strong>de voluntariat<\/strong><\/h4>\n<p>[\/vc_column_text][vc_single_image image=&#8221;81618&#8243; img_size=&#8221;60&#215;60&#8243; alignment=&#8221;center&#8221;][vc_column_text]<\/p>\n<h4 style=\"text-align: center;\"><strong>Gaireb\u00e9 40.000 persones<\/strong><br \/>\n<strong>ateses des del 2018<\/strong><\/h4>\n<p>[\/vc_column_text][\/vc_column][vc_column width=&#8221;2\/3&#8243;][vc_column_text css=&#8221;.vc_custom_1664889424860{padding-top: 55px !important;padding-right: 140px !important;padding-bottom: 55px !important;padding-left: 30px !important;}&#8221;]A trav\u00e9s de formacions, programes d\u2019assessorament i acompanyament i sessions l\u00fadiques, els nostres voluntaris energ\u00e8tics treballen per ajudar fam\u00edlies en situaci\u00f3 de vulnerabilitat, joves en risc d\u2019exclusi\u00f3 social i persones amb discapacitat intel\u00b7lectual.<\/p>\n<p>Els nostres voluntaris visiten habitatges de fam\u00edlies vulnerables per detectar possibles intervencions relacionades amb la rehabilitaci\u00f3 expr\u00e9s. En aquestes visites aprofiten tamb\u00e9 per dur a terme assessorament energ\u00e8tic i potenciar h\u00e0bits de consum eficients a la llar.<\/p>\n<p>D\u2019altra banda, tamb\u00e9 desenvolupem un programa de\u00a0<a href=\"https:\/\/www.fundacionnaturgy.org\/ca\/accio-social\/voluntariat-ambiental\/\" target=\"_blank\" rel=\"noopener\"><strong>voluntariat ambiental<\/strong><\/a>, iniciativa que duem a terme a fi de contribuir a la conservaci\u00f3 del capital natural i la biodiversitat dels nostres espais naturals.<\/p>\n<p>A m\u00e9s, amb motiu de la crisi social i econ\u00f2mica dels \u00faltims anys, la Fundaci\u00f3, conscient que ha de donar m\u00e9s suport \u2014si \u00e9s que es pot\u2014 als que m\u00e9s ho necessiten, ha refor\u00e7at la seva activitat de\u00a0<strong>voluntariat amb iniciatives de car\u00e0cter m\u00e9s social<\/strong>\u00a0i menys energ\u00e8tic per\u00f2 igualment necess\u00e0ries en el context actual. Aquesta l\u00ednia s\u2019ha anat consolidant en els \u00faltims anys.<\/p>\n<p>Al desembre, coincidint amb el Dia Internacional del Voluntari, celebrem la nostra\u00a0<strong>Setmana del Voluntariat<\/strong>, en qu\u00e8 posem en marxa una bateria d\u2019iniciatives de voluntariat que reforcin la feina de tot l\u2019any.[\/vc_column_text][\/vc_column][\/vc_row][vc_row][vc_column][vc_video link=&#8221;https:\/\/youtu.be\/8U3zU-YBZX0&#8243; align=&#8221;center&#8221;][vc_empty_space height=&#8221;12px&#8221;][\/vc_column][\/vc_row][vc_row css=&#8221;.vc_custom_1649683052446{background-color: #e57200 !important;}&#8221;][vc_column css=&#8221;.vc_custom_1649167005037{padding-top: 50px !important;padding-right: 30px !important;padding-bottom: 50px !important;padding-left: 30px !important;}&#8221;][vc_column_text]<\/p>\n<h2><span style=\"color: #ffffff;\"><strong>Aix\u00ed celebrem el Dia Internacional del Voluntari<\/strong><\/span><\/h2>\n<p>&nbsp;<\/p>\n<h3><span style=\"color: #ffffff;\">Organitzem anualment una marat\u00f3 d\u2019activitats per celebrar el Dia Internacional del Voluntari en la qual organitzem diferents iniciatives. Te&#8217;l resumim en aquest <a style=\"color: #ffffff;\" href=\"https:\/\/www.youtube.com\/watch?v=9yjAC80klsc\" target=\"_blank\" rel=\"noopener\">v\u00eddeo<\/a>.<\/span><\/h3>\n<p>[\/vc_column_text][\/vc_column][\/vc_row]<\/p>\n","protected":false},"excerpt":{"rendered":"<p>[vc_row][vc_column][vc_column_text] L\u2019\u00e0nima de Naturgy [\/vc_column_text][\/vc_column][\/vc_row][vc_row][vc_column][vc_column_text]Empleats i jubilats de Naturgy participen activament en el Pla de vulnerabilitat energ\u00e8tica gr\u00e0cies al programa de\u00a0voluntariat energ\u00e8tic. Aquesta iniciativa els dona l\u2019oportunitat d\u2019aportar el seu<span class=\"more-link\"><a href=\"https:\/\/www.fundacionnaturgy.org\/ca\/accio-social\/voluntariat\/\">Llegir m\u00e9s<\/a><\/span><\/p>\n","protected":false},"author":1454,"featured_media":0,"parent":30529,"menu_order":0,"comment_status":"closed","ping_status":"closed","template":"templates\/full-width.php","meta":{"inline_featured_image":false},"categories":[],"acf":[],"_links":{"self":[{"href":"https:\/\/www.fundacionnaturgy.org\/ca\/wp-json\/wp\/v2\/pages\/83467"}],"collection":[{"href":"https:\/\/www.fundacionnaturgy.org\/ca\/wp-json\/wp\/v2\/pages"}],"about":[{"href":"https:\/\/www.fundacionnaturgy.org\/ca\/wp-json\/wp\/v2\/types\/page"}],"author":[{"embeddable":true,"href":"https:\/\/www.fundacionnaturgy.org\/ca\/wp-json\/wp\/v2\/users\/1454"}],"replies":[{"embeddable":true,"href":"https:\/\/www.fundacionnaturgy.org\/ca\/wp-json\/wp\/v2\/comments?post=83467"}],"version-history":[{"count":0,"href":"https:\/\/www.fundacionnaturgy.org\/ca\/wp-json\/wp\/v2\/pages\/83467\/revisions"}],"up":[{"embeddable":true,"href":"https:\/\/www.fundacionnaturgy.org\/ca\/wp-json\/wp\/v2\/pages\/30529"}],"wp:attachment":[{"href":"https:\/\/www.fundacionnaturgy.org\/ca\/wp-json\/wp\/v2\/media?parent=83467"}],"wp:term":[{"taxonomy":"category","embeddable":true,"href":"https:\/\/www.fundacionnaturgy.org\/ca\/wp-json\/wp\/v2\/categories?post=83467"}],"curies":[{"name":"wp","href":"https:\/\/api.w.org\/{rel}","templated":true}]}}