{"id":83490,"date":"2022-06-30T22:42:55","date_gmt":"2022-06-30T20:42:55","guid":{"rendered":"https:\/\/www.fundacionnaturgy.org\/energia-i-medi-ambient-2\/seminaris-jornades-i-forums-tecnologics\/converses\/"},"modified":"2026-03-23T13:20:39","modified_gmt":"2026-03-23T12:20:39","slug":"converses","status":"publish","type":"page","link":"https:\/\/www.fundacionnaturgy.org\/ca\/energia-i-medi-ambient-2\/seminaris-jornades-i-forums-tecnologics\/converses\/","title":{"rendered":"Converses, amb Cap\u00edtol Espanyol del Club de Roma"},"content":{"rendered":"<p>[vc_row][vc_column][vc_column_text]<\/p>\n<h2><strong>Debats sobre energia i medi ambient<\/strong><\/h2>\n<p>[\/vc_column_text][\/vc_column][\/vc_row][vc_row][vc_column][vc_column_text]<strong>Fundaci\u00f3 Naturgy i el Cap\u00edtol Espanyol del Club de Roma<\/strong> presenten un nou format de <strong>webinars<\/strong> basades en<strong> converses<\/strong> entre experts al voltant de temes relacionats amb l&#8217;energia, el medi ambient i la sostenibilitat.[\/vc_column_text]<a class=\"gnf-boton oscuro left\" href=\"https:\/\/clubderoma.es\/\" title=\"\" target=\"_blank\">Anar a Club de Roma<\/a>[\/vc_column][\/vc_row][vc_row][vc_column][vc_empty_space][\/vc_column][\/vc_row][vc_row][vc_column][vc_column_text]<\/p>\n<h2><strong>Sessions completes<\/strong><\/h2>\n<p>[\/vc_column_text][vc_row_inner][vc_column_inner width=&#8221;1\/2&#8243;][vc_column_text]<\/p>\n<h4 class=\"tribe-events-single-event-title\"><strong>Mecanismes d\u2019adaptaci\u00f3 al canvi clim\u00e0tic<\/strong><\/h4>\n<p><span style=\"color: #004571;\">19 de mar\u00e7 de 2026<\/span>[\/vc_column_text][vc_video link=&#8221;https:\/\/youtu.be\/81WR7-RZA8A&#8221; el_width=&#8221;80&#8243;][\/vc_column_inner][vc_column_inner width=&#8221;1\/2&#8243;][vc_column_text]<\/p>\n<h4 class=\"tribe-events-single-event-title\"><strong>Conclusions COP30 Bel\u00e9m<\/strong><\/h4>\n<p><span style=\"color: #004571;\">28 de novembre de 2025<\/span>[\/vc_column_text][vc_video link=&#8221;https:\/\/www.youtube.com\/watch?v=BaS20XQJnQM&#8221; el_width=&#8221;80&#8243;][\/vc_column_inner][\/vc_row_inner][vc_row_inner][vc_column_inner width=&#8221;1\/2&#8243;][vc_column_text]<\/p>\n<h4 class=\"tribe-events-single-event-title\"><strong>Objectius ambientals<\/strong><\/h4>\n<p><span style=\"color: #004571;\">22 d&#8217;octubre de 2025<\/span>[\/vc_column_text][vc_video link=&#8221;https:\/\/youtu.be\/ClI_0HQHOE8&#8243; el_width=&#8221;80&#8243;][\/vc_column_inner][vc_column_inner width=&#8221;1\/2&#8243;][vc_column_text]<\/p>\n<h4 class=\"tribe-events-single-event-title\"><strong>Minerals cr\u00edtics<\/strong><\/h4>\n<p><span style=\"color: #004571;\">24 de juny de 2025<\/span>[\/vc_column_text][vc_video link=&#8221;https:\/\/www.youtube.com\/watch?v=5D7kIqrb0hs&#8221; el_width=&#8221;80&#8243;][\/vc_column_inner][\/vc_row_inner][vc_row_inner][vc_column_inner width=&#8221;1\/2&#8243;][vc_column_text]<\/p>\n<h4 class=\"tribe-events-single-event-title\"><strong>Sostenibilitat i ciutats<br \/>\n<\/strong><\/h4>\n<p><span style=\"color: #004571;\">10 de desembre de 2024<\/span>[\/vc_column_text][vc_video link=&#8221;https:\/\/youtu.be\/RbyrK_mgIps&#8221; el_width=&#8221;80&#8243;][\/vc_column_inner][vc_column_inner width=&#8221;1\/2&#8243;][vc_column_text]<\/p>\n<h4 class=\"tribe-events-single-event-title\"><strong>Conclusions COP 29 Bak\u00fa<\/strong><\/h4>\n<p><span style=\"color: #004571;\">28 de novembre de 2024<\/span>[\/vc_column_text][vc_video link=&#8221;https:\/\/www.youtube.com\/watch?v=KZhJ3gaGs6U&#8221; el_width=&#8221;80&#8243;][\/vc_column_inner][\/vc_row_inner][vc_row_inner][vc_column_inner width=&#8221;1\/2&#8243;][vc_column_text]<\/p>\n<h4 class=\"tribe-events-single-event-title\"><strong>Absorcions de CO\u2082<\/strong><\/h4>\n<p><span style=\"color: #004571;\">11 de juny de 2024<\/span>[\/vc_column_text][vc_video link=&#8221;https:\/\/youtu.be\/g5Yf0yjZhgc&#8221; el_width=&#8221;80&#8243;][\/vc_column_inner][vc_column_inner width=&#8221;1\/2&#8243;][vc_column_text]<\/p>\n<h4 class=\"tribe-events-single-event-title\"><strong>Ocupaci\u00f3 i transformaci\u00f3 tecnol\u00f2gica<\/strong><\/h4>\n<p><span style=\"color: #004571;\">5 d&#8217;abril de 2024<\/span>[\/vc_column_text][vc_video link=&#8221;https:\/\/youtu.be\/ZFA9Zx-30tA&#8221; el_width=&#8221;80&#8243;][\/vc_column_inner][\/vc_row_inner][vc_row_inner][vc_column_inner width=&#8221;1\/2&#8243;][vc_column_text]<\/p>\n<h4 class=\"tribe-events-single-event-title\"><strong>\u00a0Conclusions COP28 Dubai<\/strong><\/h4>\n<p><span style=\"color: #004571;\">18 de desembre de 2023<\/span>[\/vc_column_text][vc_video link=&#8221;https:\/\/www.youtube.com\/watch?v=7e34w3gAr9A&#8221; el_width=&#8221;80&#8243;][\/vc_column_inner][vc_column_inner width=&#8221;1\/2&#8243;][vc_column_text]<\/p>\n<h4 class=\"tribe-events-single-event-title\"><strong>Biodiversitat<\/strong><\/h4>\n<p><span style=\"color: #004571;\">20 d&#8217;octubre de 2023<\/span>[\/vc_column_text][vc_video link=&#8221;https:\/\/youtu.be\/-KX0NSOUzwc&#8221; el_width=&#8221;80&#8243;][\/vc_column_inner][\/vc_row_inner][vc_row_inner][vc_column_inner width=&#8221;1\/2&#8243;][vc_column_text]<\/p>\n<h4 class=\"tribe-events-single-event-title\"><strong>Digitalitzaci\u00f3 al sector de l&#8217;energia<\/strong><\/h4>\n<p><span style=\"color: #004571;\">11 de juliol de 2023<\/span>[\/vc_column_text][vc_video link=&#8221;https:\/\/www.youtube.com\/watch?v=-2PM8bWAAdg&#8221; el_width=&#8221;80&#8243;][\/vc_column_inner][vc_column_inner width=&#8221;1\/2&#8243;][vc_column_text]<\/p>\n<h4 class=\"tribe-events-single-event-title\"><strong>Economia circular i energia<\/strong><\/h4>\n<p><span style=\"color: #004571;\">27 de febrer de 2023<\/span>[\/vc_column_text][vc_video link=&#8221;https:\/\/www.youtube.com\/watch?v=Hcl8E5ctRw0&#8243; el_width=&#8221;80&#8243;][\/vc_column_inner][\/vc_row_inner][vc_row_inner][vc_column_inner width=&#8221;1\/2&#8243;][vc_column_text]<\/p>\n<h4 class=\"tribe-events-single-event-title\"><strong>Conclusions COP27 Egipte<\/strong><\/h4>\n<p><span style=\"color: #004571;\">24 de novembre de 2022<\/span>[\/vc_column_text][vc_video link=&#8221;https:\/\/youtu.be\/qFxzdyD6CZ8&#8243; el_width=&#8221;80&#8243;][\/vc_column_inner][vc_column_inner width=&#8221;1\/2&#8243;][vc_column_text]<\/p>\n<h4 class=\"tribe-events-single-event-title\"><strong>Emissions de gasos efecte hivernacle<\/strong><\/h4>\n<p><span style=\"color: #004571;\">14 d&#8217;octubre de 2022<\/span>[\/vc_column_text][vc_video link=&#8221;https:\/\/www.youtube.com\/watch?v=I163B472wKg&#8221; el_width=&#8221;80&#8243;][\/vc_column_inner][\/vc_row_inner][vc_row_inner][vc_column_inner width=&#8221;1\/2&#8243;][vc_column_text]<\/p>\n<h4 class=\"tribe-events-single-event-title\"><strong>Innovaci\u00f3: els nous vectors tecnol\u00f2gics que formaran part del nostre futur<\/strong><\/h4>\n<p><span style=\"color: #004571;\">5 de juliol de 2022<\/span>[\/vc_column_text][vc_video link=&#8221;https:\/\/www.youtube.com\/watch?v=8WDLrdz0gEI&#8221; el_width=&#8221;80&#8243;][\/vc_column_inner][vc_column_inner width=&#8221;1\/2&#8243;][vc_column_text]<\/p>\n<h4><strong>De la Confer\u00e8ncia d&#8217;Estocolm del 1972 sobre el Medi Hum\u00e0 fins avui<\/strong><\/h4>\n<p><span style=\"color: #004571;\">5 de maig de 2022<\/span>[\/vc_column_text][vc_video link=&#8221;https:\/\/www.youtube.com\/watch?v=Cf6CFh0-QFA&amp;t&#8221; el_width=&#8221;80&#8243;][\/vc_column_inner][\/vc_row_inner][vc_row_inner][vc_column_inner width=&#8221;1\/2&#8243;][vc_column_text]<\/p>\n<h4 class=\"style-scope ytd-watch-metadata\"><strong>La sostenibilitat vista per les corporacions i els inversors<\/strong><\/h4>\n<p><span style=\"color: #004571;\">15 de desembre\u00a0de 2021<\/span>[\/vc_column_text][vc_video link=&#8221;https:\/\/www.youtube.com\/watch?v=8JFX_JuNeSc&amp;t&#8221; el_width=&#8221;80&#8243;][\/vc_column_inner][vc_column_inner width=&#8221;1\/2&#8243;][vc_column_text]<\/p>\n<h4 class=\"style-scope ytd-watch-metadata\"><strong>Canvi Clim\u00e0tic: conclusions de Glasgow COP26<\/strong><\/h4>\n<p><span style=\"color: #004571;\">26 de novembre de 2021<\/span>[\/vc_column_text][vc_video link=&#8221;https:\/\/www.youtube.com\/watch?v=d3urBH5IqRg&#8221; el_width=&#8221;80&#8243;][\/vc_column_inner][\/vc_row_inner][vc_row_inner][vc_column_inner width=&#8221;1\/2&#8243;][vc_column_text]<\/p>\n<h4 class=\"style-scope ytd-watch-metadata\"><strong>El desenvolupament de les renovables a Europa: present i futur<\/strong><\/h4>\n<p><span style=\"color: #004571;\">21 d&#8217;octubre de 2021<\/span>[\/vc_column_text][vc_video link=&#8221;https:\/\/www.youtube.com\/watch?v=tIGNMLcZD1s&amp;t&#8221; el_width=&#8221;80&#8243;][\/vc_column_inner][vc_column_inner width=&#8221;1\/2&#8243;][vc_column_text]<\/p>\n<h4 class=\"style-scope ytd-watch-metadata\"><strong>El desenvolupament de l&#8217;hidrogen i els seus mercats<\/strong><\/h4>\n<p><span style=\"color: #004571;\">30 de juny\u00a0de 2021<\/span>[\/vc_column_text][vc_video link=&#8221;https:\/\/www.youtube.com\/watch?v=rLirbIAcuZQ&#8221; el_width=&#8221;80&#8243;][\/vc_column_inner][\/vc_row_inner][vc_row_inner][vc_column_inner width=&#8221;1\/2&#8243;][vc_column_text]<\/p>\n<h4 class=\"style-scope ytd-watch-metadata\"><strong>Canvi clim\u00e0tic i posicionaments internacionals<\/strong><\/h4>\n<p><span style=\"color: #004571;\">15 d&#8217;abril de 2021<\/span>[\/vc_column_text][vc_video link=&#8221;https:\/\/www.youtube.com\/watch?v=8VSNpNBv01M&#8221; el_width=&#8221;80&#8243;][\/vc_column_inner][vc_column_inner width=&#8221;1\/2&#8243;][\/vc_column_inner][\/vc_row_inner][\/vc_column][\/vc_row]<\/p>\n","protected":false},"excerpt":{"rendered":"<p>[vc_row][vc_column][vc_column_text] Debats sobre energia i medi ambient [\/vc_column_text][\/vc_column][\/vc_row][vc_row][vc_column][vc_column_text]Fundaci\u00f3 Naturgy i el Cap\u00edtol Espanyol del Club de Roma presenten un nou format de webinars basades en converses entre experts al voltant<span class=\"more-link\"><a href=\"https:\/\/www.fundacionnaturgy.org\/ca\/energia-i-medi-ambient-2\/seminaris-jornades-i-forums-tecnologics\/converses\/\">Llegir m\u00e9s<\/a><\/span><\/p>\n","protected":false},"author":1454,"featured_media":0,"parent":73281,"menu_order":0,"comment_status":"closed","ping_status":"closed","template":"templates\/full-width.php","meta":{"inline_featured_image":false},"categories":[],"acf":[],"_links":{"self":[{"href":"https:\/\/www.fundacionnaturgy.org\/ca\/wp-json\/wp\/v2\/pages\/83490"}],"collection":[{"href":"https:\/\/www.fundacionnaturgy.org\/ca\/wp-json\/wp\/v2\/pages"}],"about":[{"href":"https:\/\/www.fundacionnaturgy.org\/ca\/wp-json\/wp\/v2\/types\/page"}],"author":[{"embeddable":true,"href":"https:\/\/www.fundacionnaturgy.org\/ca\/wp-json\/wp\/v2\/users\/1454"}],"replies":[{"embeddable":true,"href":"https:\/\/www.fundacionnaturgy.org\/ca\/wp-json\/wp\/v2\/comments?post=83490"}],"version-history":[{"count":14,"href":"https:\/\/www.fundacionnaturgy.org\/ca\/wp-json\/wp\/v2\/pages\/83490\/revisions"}],"predecessor-version":[{"id":95092,"href":"https:\/\/www.fundacionnaturgy.org\/ca\/wp-json\/wp\/v2\/pages\/83490\/revisions\/95092"}],"up":[{"embeddable":true,"href":"https:\/\/www.fundacionnaturgy.org\/ca\/wp-json\/wp\/v2\/pages\/73281"}],"wp:attachment":[{"href":"https:\/\/www.fundacionnaturgy.org\/ca\/wp-json\/wp\/v2\/media?parent=83490"}],"wp:term":[{"taxonomy":"category","embeddable":true,"href":"https:\/\/www.fundacionnaturgy.org\/ca\/wp-json\/wp\/v2\/categories?post=83490"}],"curies":[{"name":"wp","href":"https:\/\/api.w.org\/{rel}","templated":true}]}}