{"id":83866,"date":"2022-11-03T15:58:02","date_gmt":"2022-11-03T14:58:02","guid":{"rendered":"https:\/\/www.fundacionnaturgy.org\/iv-edicio-del-premi-a-la-millor-iniciativa-social-en-lambit-energetic\/"},"modified":"2023-07-17T10:31:23","modified_gmt":"2023-07-17T08:31:23","slug":"iv-edicio-del-premi-a-la-millor-iniciativa-social-en-lambit-energetic","status":"publish","type":"page","link":"https:\/\/www.fundacionnaturgy.org\/ca\/premio-a-la-mejor-iniciativa-social-en-el-ambito-energetico\/iv-edicio-del-premi-a-la-millor-iniciativa-social-en-lambit-energetic\/","title":{"rendered":"IV edici\u00f3 del Premi a la millor iniciativa social en l\u2019\u00e0mbit energ\u00e8tic"},"content":{"rendered":"<p>[vc_row][vc_column][vc_column_text]<\/p>\n<h2 style=\"text-align: left;\"><strong>Guanyadors 4\u00aa edici\u00f3<\/strong><\/h2>\n<p>[\/vc_column_text][\/vc_column][\/vc_row][vc_row][vc_column width=&#8221;1\/2&#8243;][vc_column_text]<\/p>\n<h3>Primer\u00a0premi<\/h3>\n<h4><b>\u201cEstrat\u00e8gia de lluita contra la pobresa energ\u00e8tica\u201d de Creu Roja Espanya<br \/>\n<\/b><\/h4>\n<p>Actuen amb les persones que estan en risc de pobresa i exclusi\u00f3 extrema, amb la finalitat que disposin dels recursos energ\u00e8tics necessaris que els permetin assolir nivells adequats de benestar.[\/vc_column_text][vc_row_inner][vc_column_inner]<a class=\"gnf-boton oscuro left\" href=\"https:\/\/www2.cruzroja.es\/\" title=\"\" target=\"_blank\">M\u00e9s informaci\u00f3<\/a>[\/vc_column_inner][\/vc_row_inner][vc_row_inner][vc_column_inner][vc_empty_space][vc_single_image image=&#8221;86169&#8243; img_size=&#8221;full&#8221;][vc_video link=&#8221;https:\/\/youtu.be\/uZABzYyoiq4&#8243;][vc_video link=&#8221;https:\/\/youtu.be\/PYvEeH-GIQo&#8221;][\/vc_column_inner][\/vc_row_inner][\/vc_column][vc_column width=&#8221;1\/2&#8243;][vc_column_text]<\/p>\n<h3>Acc\u00e8ssit<\/h3>\n<h4><b>&#8220;Primera rellar sostenible d&#8217;Espanya amb certificat Passivhaus per a persones amb discapacitat&#8221; de C\u00edrvite &#8211; Plena Inclusi\u00f3n<br \/>\n<\/b><\/h4>\n<p>Es tracta de la primera resid\u00e8ncia llar amb aquest referent de qualitat que permet atendre persones grans amb discapacitat.[\/vc_column_text][vc_row_inner][vc_column_inner]<a class=\"gnf-boton oscuro left\" href=\"http:\/\/reshogar.cirvite.org\/\" title=\"\" target=\"_blank\">M\u00e9s informaci\u00f3<\/a>[\/vc_column_inner][\/vc_row_inner][vc_row_inner][vc_column_inner][vc_empty_space][vc_single_image image=&#8221;85993&#8243; img_size=&#8221;full&#8221;][vc_video link=&#8221;https:\/\/www.youtube.com\/watch?v=8Qq-fgRYuh8&#8243;][vc_video link=&#8221;https:\/\/youtu.be\/cD-qmrbkrl8&#8243;][\/vc_column_inner][\/vc_row_inner][\/vc_column][\/vc_row][vc_row][vc_column][vc_empty_space][\/vc_column][\/vc_row][vc_row][vc_column width=&#8221;1\/2&#8243;][vc_column_text]<\/p>\n<h2 style=\"text-align: left;\"><strong>Veure\u00a0el v\u00eddeo de la gala final<\/strong><\/h2>\n<p>[\/vc_column_text][vc_video link=&#8221;https:\/\/youtu.be\/il2i7n7NuoI&#8221;][vc_empty_space][\/vc_column][vc_column width=&#8221;1\/2&#8243;][vc_column_text]<\/p>\n<h2 style=\"text-align: left;\"><strong>Veure el resum de la gala final<\/strong><\/h2>\n<p>[\/vc_column_text][vc_video link=&#8221;https:\/\/youtu.be\/7vmANBJd-t8&#8243;][vc_empty_space][\/vc_column][\/vc_row][vc_row][vc_column][vc_column_text]<\/p>\n<h2 style=\"text-align: left;\"><strong>La gala en imatges<\/strong><\/h2>\n<p>[\/vc_column_text][vc_images_carousel images=&#8221;86002,85999,85996,85993,86005&#8243; img_size=&#8221;full&#8221; speed=&#8221;3000&#8243; autoplay=&#8221;yes&#8221; wrap=&#8221;yes&#8221;][\/vc_column][\/vc_row][vc_row][vc_column][vc_empty_space][\/vc_column][\/vc_row][vc_row][vc_column][vc_column_text]<\/p>\n<h2 style=\"text-align: left;\"><strong>Veure els projectes\u00a0finalistes i\u00a0participants<\/strong><\/h2>\n<p>[\/vc_column_text][\/vc_column][\/vc_row][vc_row][vc_column][vc_tta_tabs][vc_tta_section title=&#8221;Finalistes&#8221; tab_id=&#8221;1626695018390-015280b3-cdd7&#8243;][vc_row_inner][vc_column_inner width=&#8221;1\/4&#8243;][vc_single_image image=&#8221;86032&#8243; img_size=&#8221;full&#8221;][\/vc_column_inner][vc_column_inner width=&#8221;1\/4&#8243;][vc_single_image image=&#8221;86011&#8243; img_size=&#8221;full&#8221;][\/vc_column_inner][vc_column_inner width=&#8221;1\/4&#8243;][vc_single_image image=&#8221;86026&#8243; img_size=&#8221;full&#8221;][\/vc_column_inner][vc_column_inner width=&#8221;1\/4&#8243;][vc_single_image image=&#8221;86014&#8243; img_size=&#8221;full&#8221;][\/vc_column_inner][\/vc_row_inner][vc_row_inner][vc_column_inner width=&#8221;1\/4&#8243;][vc_single_image image=&#8221;86017&#8243; img_size=&#8221;full&#8221;][\/vc_column_inner][vc_column_inner width=&#8221;1\/4&#8243;][vc_single_image image=&#8221;86020&#8243; img_size=&#8221;full&#8221;][\/vc_column_inner][vc_column_inner width=&#8221;1\/4&#8243;][vc_single_image image=&#8221;86035&#8243; img_size=&#8221;full&#8221;][\/vc_column_inner][vc_column_inner width=&#8221;1\/4&#8243;][vc_single_image image=&#8221;86029&#8243; img_size=&#8221;full&#8221;][\/vc_column_inner][\/vc_row_inner][\/vc_tta_section][vc_tta_section title=&#8221;Participants&#8221; tab_id=&#8221;1688639931086-ce897345-e928&#8243;][vc_single_image image=&#8221;86102&#8243; img_size=&#8221;full&#8221;][\/vc_tta_section][\/vc_tta_tabs][\/vc_column][\/vc_row][vc_row][vc_column offset=&#8221;vc_hidden-lg vc_hidden-md vc_hidden-sm vc_hidden-xs&#8221;][vc_separator color=&#8221;white&#8221;][vc_row_inner][vc_column_inner width=&#8221;1\/2&#8243;][vc_column_text]Despr\u00e9s de l\u2019\u00e8xit de les convocat\u00f2ries anteriors, Fundaci\u00f3 Naturgy llan\u00e7a la<strong> IV edici\u00f3 del Premi a la millor iniciativa social en l\u2019\u00e0mbit energ\u00e8tic<\/strong>.<\/p>\n<p>Volem donar visibilitat a aquelles persones, entitats o <strong>institucions que destaquen en l\u2019\u00e0mbit social vinculat, directament o indirectament, a l\u2019energia<\/strong> i ajudar a finan\u00e7ar iniciatives en aquest \u00e0mbit per millorar la qualitat de vida de les persones m\u00e9s vulnerables.<\/p>\n<p>Busquem <strong>projectes desenvolupats a Espanya<\/strong> que estiguin relacionats amb l\u2019energia, que tinguin una finalitat social clara i que ajudin els qui m\u00e9s ho necessiten a millorar les seves condicions de vida: projectes educatius, de vulnerabilitat energ\u00e8tica, emprenedoria, inclusi\u00f3 social, de salut, ambientals, relacionats amb l\u2019economia circular&#8230;<\/p>\n<p>\u00c9s important que les iniciatives presentades <strong>estiguin en marxa o ja concloses<\/strong>. L\u2019import \u00edntegre del reconeixement s\u2019haur\u00e0 de destinar tamb\u00e9 a projectes que promoguin la millora de les condicions dels col\u00b7lectius m\u00e9s desfavorits en temes relacionats amb l\u2019energia.<\/p>\n<p>Aquest premi forma part de la l\u00ednia d\u2019acci\u00f3 social de Fundaci\u00f3 Naturgy, en la seva vocaci\u00f3 per desenvolupar actuacions destinades a pal\u00b7liar la vulnerabilitat energ\u00e8tica.[\/vc_column_text][\/vc_column_inner][vc_column_inner width=&#8221;1\/2&#8243;]<div class=\"gnf-lista-iconos\"><ul class=\"gnf-lista\"><li><div class=\"gnf-lista-iconos__icono left \"><div class=\"icon-outer icon-style-\" style=\"background-color:\"><span class=\"fa fa-gift\"><\/span><\/div><\/div><div class=\"gnf-lista-iconos__texto left\"><h5>Quin \u00e9s el premi?<\/h5>El premi estar\u00e0 dotat amb <strong>60.000 euros<\/strong>, i a m\u00e9s s\u2019atorgar\u00e0 un acc\u00e8ssit de <strong>30.000 euros<\/strong>. Els imports seran destinats a les iniciatives socials dels guanyadors.<\/div><\/li><li><div class=\"gnf-lista-iconos__icono left \"><div class=\"icon-outer icon-style-\" style=\"background-color:\"><span class=\"fa fa-users\"><\/span><\/div><\/div><div class=\"gnf-lista-iconos__texto left\"><h5>Qui hi pot participar?<\/h5>Totes les\u00a0<strong>persones f\u00edsiques o jur\u00eddiques<\/strong>\u00a0que, amb la seva feina, promoguin<strong>\u00a0millores en les condicions socials dels col\u00b7lectius m\u00e9s desfavorits\u00a0<\/strong>amb actuacions vinculades, directament o indirectament, a\u00a0l\u2019<strong>\u00e0mbit de l\u2019energia<\/strong>.<\/div><\/li><li><div class=\"gnf-lista-iconos__icono left \"><div class=\"icon-outer icon-style-\" style=\"background-color:\"><span class=\"fa fa-calendar\"><\/span><\/div><\/div><div class=\"gnf-lista-iconos__texto left\"><h5>Fins quan m'hi puc presentar?<\/h5><strong>Tancat el termini d&#8217;inscripci\u00f3.<\/strong><\/div><\/li><\/ul><\/div>[\/vc_column_inner][\/vc_row_inner][\/vc_column][\/vc_row][vc_row][vc_column][vc_column_text]<br \/>\n[\/vc_column_text][\/vc_column][\/vc_row]<\/p>\n","protected":false},"excerpt":{"rendered":"<p>[vc_row][vc_column][vc_column_text] Guanyadors 4\u00aa edici\u00f3 [\/vc_column_text][\/vc_column][\/vc_row][vc_row][vc_column width=&#8221;1\/2&#8243;][vc_column_text] Primer\u00a0premi \u201cEstrat\u00e8gia de lluita contra la pobresa energ\u00e8tica\u201d de Creu Roja Espanya Actuen amb les persones que estan en risc de pobresa i exclusi\u00f3<span class=\"more-link\"><a href=\"https:\/\/www.fundacionnaturgy.org\/ca\/premio-a-la-mejor-iniciativa-social-en-el-ambito-energetico\/iv-edicio-del-premi-a-la-millor-iniciativa-social-en-lambit-energetic\/\">Llegir m\u00e9s<\/a><\/span><\/p>\n","protected":false},"author":1454,"featured_media":0,"parent":76764,"menu_order":0,"comment_status":"closed","ping_status":"closed","template":"templates\/full-width.php","meta":{"inline_featured_image":false},"categories":[],"acf":[],"_links":{"self":[{"href":"https:\/\/www.fundacionnaturgy.org\/ca\/wp-json\/wp\/v2\/pages\/83866"}],"collection":[{"href":"https:\/\/www.fundacionnaturgy.org\/ca\/wp-json\/wp\/v2\/pages"}],"about":[{"href":"https:\/\/www.fundacionnaturgy.org\/ca\/wp-json\/wp\/v2\/types\/page"}],"author":[{"embeddable":true,"href":"https:\/\/www.fundacionnaturgy.org\/ca\/wp-json\/wp\/v2\/users\/1454"}],"replies":[{"embeddable":true,"href":"https:\/\/www.fundacionnaturgy.org\/ca\/wp-json\/wp\/v2\/comments?post=83866"}],"version-history":[{"count":0,"href":"https:\/\/www.fundacionnaturgy.org\/ca\/wp-json\/wp\/v2\/pages\/83866\/revisions"}],"up":[{"embeddable":true,"href":"https:\/\/www.fundacionnaturgy.org\/ca\/wp-json\/wp\/v2\/pages\/76764"}],"wp:attachment":[{"href":"https:\/\/www.fundacionnaturgy.org\/ca\/wp-json\/wp\/v2\/media?parent=83866"}],"wp:term":[{"taxonomy":"category","embeddable":true,"href":"https:\/\/www.fundacionnaturgy.org\/ca\/wp-json\/wp\/v2\/categories?post=83866"}],"curies":[{"name":"wp","href":"https:\/\/api.w.org\/{rel}","templated":true}]}}