{"id":86243,"date":"2023-03-06T11:00:04","date_gmt":"2023-03-06T10:00:04","guid":{"rendered":"https:\/\/www.fundacionnaturgy.org\/educacio-divulgacio\/formacio-professional-per-a-locupabilitat\/colleccio-de-publicacions-formatives-vocational-education-and-training-in-energy\/"},"modified":"2025-03-24T12:35:33","modified_gmt":"2025-03-24T11:35:33","slug":"colleccio-de-publicacions-formatives-vocational-education-and-training-in-energy","status":"publish","type":"page","link":"https:\/\/www.fundacionnaturgy.org\/ca\/educacio-divulgacio\/formacio-professional-per-a-locupabilitat\/colleccio-de-publicacions-formatives-vocational-education-and-training-in-energy\/","title":{"rendered":"Col\u00b7lecci\u00f3 de publicacions formatives: Vocational Education and Training in Energy"},"content":{"rendered":"<p>[vc_row][vc_column][vc_column_text]<\/p>\n<h3><strong>Col\u00b7lecci\u00f3 de publicacions teoricopr\u00e0ctiques \u201cVocational Education and Training in Energy. Formaci\u00f3 professional per a l&#8217;ocupabilitat\u201d<\/strong><\/h3>\n<p>[\/vc_column_text][vc_column_text]Hem desenvolupat la col\u00b7lecci\u00f3 te\u00f2rico-pr\u00e0ctica <em>&#8220;Vocational Education and Training in Energy&#8221;<\/em> que complementa el nostre programa de m\u00f2duls formatius en l&#8217;\u00e0mbit de l&#8217;energia i garanteix la <strong>millora de l&#8217;ocupabilitat al sector i el reciclatge de compet\u00e8ncies dels professionals actuals i dels futurs<\/strong>. Es tracta de llibres te\u00f2rics i amb exercicis pr\u00e0ctics, conceptualitzats i desenvolupats juntament amb experts en cada mat\u00e8ria, orientats a professors, alumnes de formaci\u00f3 professional i aquells interessats que vulguin millorar els seus coneixements. Cada publicaci\u00f3 incorpora els solucionaris als exercicis.<\/p>\n<p>La col\u00b7lecci\u00f3 \u201c<em>Vocational Education and Training in Energy<\/em>. Formaci\u00f3 professional per a l&#8217;ocupabilitat\u201d t\u00e9 com a objectiu donar suport en mat\u00e8ria curricular a la formaci\u00f3 professional, oferint continguts t\u00e8cnics actualitzats sobre la innovaci\u00f3 desenvolupada al sector de l&#8217;energia. La nostra proposta est\u00e0 adherida a l&#8217;<strong>Alian\u00e7a<\/strong><strong> per la Formaci\u00f3 Professional<\/strong>, impulsada pel Ministeri d&#8217;Educaci\u00f3, Formaci\u00f3 Professional i Esports, i est\u00e0 alineada amb l&#8217;<strong>Estrat\u00e8gia<\/strong><strong> de Transici\u00f3 Justa<\/strong>, de l&#8217;Institut per a la Transici\u00f3 Justa. A m\u00e9s, comptem amb el reconeixement i la col\u00b7laboraci\u00f3 del Ministeri d&#8217;Educaci\u00f3, Formaci\u00f3 Professional i Esports i del Servei P\u00fablic d&#8217;Ocupaci\u00f3 Estatal (SEPE), la Fundaci\u00f3 Estatal per a la Formaci\u00f3 a l&#8217;Ocupaci\u00f3 (FUNDAE) i l&#8217;Institut Nacional de Qualificacions (INCUAL).[\/vc_column_text][\/vc_column][\/vc_row][vc_row css=&#8221;.vc_custom_1647438612818{margin-right: -170px !important;}&#8221;][vc_column width=&#8221;1\/2&#8243;][vc_single_image image=&#8221;91841&#8243; img_size=&#8221;full&#8221;][vc_custom_heading text=&#8221;<strong>Gasos Renovables: tecnologies, usos i beneficis<\/strong>&#8221; font_container=&#8221;tag:h4|text_align:left&#8221; use_theme_fonts=&#8221;yes&#8221;][vc_column_text]<strong>Mar\u00e7 2025 \u2022 Sara Milner Garc\u00eda, Luis Puchades Rufino, Amparo Antol\u00ed Garc\u00eda, B\u00e1rbara Sanchez Lang i Elisa Torner Cant\u00f3, amb Fundaci\u00f3 Naturgy<\/strong><\/p>\n<p>Aquesta publicaci\u00f3 t\u00e9 com a objectiu proporcionar unes bases s\u00f2lides i te\u00f2riques de coneixement en gas renovable i tots els aspectes relacionats: principals conceptes t\u00e8cnics entorn del gas renovable, tecnologies per a la seva producci\u00f3, beneficis aplicacions i usos, entorn econ\u00f2mic i marcs normatius vigents. Per refor\u00e7ar aquests coneixements, a cada bloc es proposen diferents exercicis pr\u00e0ctics acompanyats d&#8217;un solucionari.[\/vc_column_text][vc_empty_space]<a class=\"gnf-boton oscuro left\" href=\"https:\/\/www.fundacionnaturgy.org\/publicacion\/revision-y-actualizacion-gas-renovable-el-futuro-de-la-energia-y-el-medio-ambiente\/\" title=\"\" target=\"_blank\">Descarregar<\/a>[\/vc_column][vc_column width=&#8221;1\/2&#8243;][vc_single_image image=&#8221;85120&#8243; img_size=&#8221;full&#8221;][vc_custom_heading text=&#8221;<strong>Digitalitzaci\u00f3 de xarxes el\u00e8ctriques. Formaci\u00f3 per a un futur descarbonitzat<\/strong>&#8221; font_container=&#8221;tag:h4|text_align:left&#8221; use_theme_fonts=&#8221;yes&#8221;][vc_column_text]<strong>Desembre 2022 \u2022 UFD distribuci\u00f3n de electricidad, S.A., Grup\u00a0Naturgy i Minsait, amb Fundaci\u00f3\u00a0Naturgy<\/strong><\/p>\n<p>El segon volum de la col\u00b7lecci\u00f3 permet ampliar i aprofundir en la actualitat t\u00e8cnica entorn de la digitalitzaci\u00f3 de xarxes el\u00e8ctriques. Per aix\u00f2, els continguts te\u00f2rics i els exercicis pr\u00e0ctics proposats, tenen com a objectiu abordar la situaci\u00f3 a l&#8217;arquitectura general de comunicacions, els sistemes en subestaci\u00f3, normatives, digitalitzaci\u00f3 de CT, Smartmeter, arquitectures distribu\u00efdes i les tend\u00e8ncies actuals entorn a la transformaci\u00f3 de les tecnologies.[\/vc_column_text][vc_empty_space]<a class=\"gnf-boton oscuro left\" href=\"https:\/\/www.fundacionnaturgy.org\/publicacion\/digitalizacion-de-redes-electricas-formacion-para-un-futuro-descarbonizado\/\" title=\"\" target=\"_self\">Descarregar<\/a>[\/vc_column][\/vc_row][vc_row][vc_column][vc_empty_space][vc_empty_space][\/vc_column][\/vc_row][vc_row css=&#8221;.vc_custom_1647438612818{margin-right: -170px !important;}&#8221;][vc_column width=&#8221;1\/2&#8243;][vc_single_image image=&#8221;91074&#8243; img_size=&#8221;full&#8221;][vc_custom_heading text=&#8221;<strong>Vol. 3.1 M\u00f2dul professional de Sostenibilitat aplicada al sector productiu<\/strong>&#8221; font_container=&#8221;tag:h4|text_align:left&#8221; use_theme_fonts=&#8221;yes&#8221;][vc_column_text]<strong>Novembre 2023 \u2022 Direcci\u00f3 de Sostenibilitat, Naturgy i Fundaci\u00f3 Naturgy<br \/>\n<\/strong><\/p>\n<p>La publicaci\u00f3 M\u00f2dul professional de Sostenibilitat aplicada al sistema productiu exposa els reptes mediambientals, socials i de governan\u00e7a a qu\u00e8 s&#8217;enfronta la nostra societat, oferint les claus per dissenyar un Pla de sostenibilitat i garantir un correcte exercici professional. El llibre te\u00f2ric-pr\u00e0ctic ofereix contingut in\u00e8dit i actualitzat i recull els resultats d&#8217;aprenentatge del M\u00f2dul professional de Sostenibilitat, obligatori per a totes les fam\u00edlies de grau mitj\u00e0 i superior de Formaci\u00f3 Professional a Espanya, a partir del curs 2024-2025.[\/vc_column_text][vc_empty_space]<a class=\"gnf-boton oscuro left\" href=\"https:\/\/www.fundacionnaturgy.org\/ca\/publicacion\/modul-professional-de-sostenibilitat-aplicada-al-sector-productiu\/\" title=\"\" target=\"_blank\">Descarregar<\/a>[\/vc_column][vc_column width=&#8221;1\/2&#8243;][vc_single_image image=&#8221;91077&#8243; img_size=&#8221;full&#8221;][vc_custom_heading text=&#8221;<strong>Vol. 3.2 M\u00f2dul professional de Sostenibilitat aplicada al sector productiu \u2013 Continguts avan\u00e7ats<\/strong>&#8221; font_container=&#8221;tag:h4|text_align:left&#8221; use_theme_fonts=&#8221;yes&#8221;][vc_column_text]<strong>Novembre 2023 \u2022 Direcci\u00f3 de Sostenibilitat, Naturgy i Fundaci\u00f3 Naturgy<br \/>\n<\/strong><\/p>\n<p>La segona publicaci\u00f3 sobre sostenibilitat aprofundeix en els temes mitjan\u00e7ant una an\u00e0lisi minuciosa i exhaustiva. Aborda els aspectes ambientals, socials i de governan\u00e7a relacionats amb la sostenibilitat, aix\u00ed com els desafiaments mediambientals i socials que enfronta la societat. A m\u00e9s, s&#8217;endinsa en q\u00fcestions com l&#8217;economia circular, el desenvolupament de productes i serveis sostenibles, l&#8217;aplicaci\u00f3 de criteris de sostenibilitat a l&#8217;\u00e0mbit professional i l&#8217;an\u00e0lisi d&#8217;un pla de sostenibilitat.[\/vc_column_text][vc_empty_space]<a class=\"gnf-boton oscuro left\" href=\"https:\/\/www.fundacionnaturgy.org\/ca\/publicacion\/modul-professional-de-sostenibilitat-aplicada-al-sector-productiu\/\" title=\"\" target=\"_blank\">Descarregar<\/a>[\/vc_column][\/vc_row][vc_row][vc_column][vc_empty_space][vc_empty_space][\/vc_column][\/vc_row][vc_row css=&#8221;.vc_custom_1647438612818{margin-right: -170px !important;}&#8221;][vc_column width=&#8221;1\/2&#8243;][vc_single_image image=&#8221;90611&#8243; img_size=&#8221;full&#8221;][vc_custom_heading text=&#8221;<strong>Sistemes solars fotovoltaics d\u2019autoconsum. Disseny, instal\u00b7laci\u00f3 i manteniment<\/strong>&#8221; font_container=&#8221;tag:h4|text_align:left&#8221; use_theme_fonts=&#8221;yes&#8221;][vc_column_text]<strong>Octubre 2024 \u2022 Fundaci\u00f3 Naturgy, Universitat Polit\u00e8cnica de Madrid (Prof. Dr. Ing. Lorenzo Olivieri) i Direcci\u00f3 Generaci\u00f3 Distribu\u00efda Naturgy<br \/>\n<\/strong><\/p>\n<p>Aquesta publicaci\u00f3 aborda de manera integral el disseny, la instal\u00b7laci\u00f3 i el manteniment de sistemes solars fotovoltaics per a l\u2019autoconsum energ\u00e8tic. Mitjan\u00e7ant un enfocament pr\u00e0ctic i accessible, l\u2019objectiu d\u2019aquesta publicaci\u00f3 \u00e9s proporcionar els coneixements necessaris per comprendre els principis b\u00e0sics de l\u2019energia solar, les normatives vigents i les millors pr\u00e0ctiques per implementar solucions energ\u00e8tiques sostenibles.[\/vc_column_text][vc_empty_space]<a class=\"gnf-boton oscuro left\" href=\"https:\/\/www.fundacionnaturgy.org\/ca\/publicacion\/sistemes-solars-fotovoltaics-dautoconsum-disseny-instal%c2%b7lacio-i-manteniment\/\" title=\"\" target=\"_blank\">Descarregar<\/a>[\/vc_column][vc_column width=&#8221;1\/2&#8243;][\/vc_column][\/vc_row]<\/p>\n","protected":false},"excerpt":{"rendered":"<p>[vc_row][vc_column][vc_column_text] Col\u00b7lecci\u00f3 de publicacions teoricopr\u00e0ctiques \u201cVocational Education and Training in Energy. Formaci\u00f3 professional per a l&#8217;ocupabilitat\u201d [\/vc_column_text][vc_column_text]Hem desenvolupat la col\u00b7lecci\u00f3 te\u00f2rico-pr\u00e0ctica &#8220;Vocational Education and Training in Energy&#8221; que complementa el<span class=\"more-link\"><a href=\"https:\/\/www.fundacionnaturgy.org\/ca\/educacio-divulgacio\/formacio-professional-per-a-locupabilitat\/colleccio-de-publicacions-formatives-vocational-education-and-training-in-energy\/\">Llegir m\u00e9s<\/a><\/span><\/p>\n","protected":false},"author":1454,"featured_media":0,"parent":73285,"menu_order":0,"comment_status":"closed","ping_status":"closed","template":"templates\/full-width.php","meta":{"inline_featured_image":false},"categories":[],"acf":[],"_links":{"self":[{"href":"https:\/\/www.fundacionnaturgy.org\/ca\/wp-json\/wp\/v2\/pages\/86243"}],"collection":[{"href":"https:\/\/www.fundacionnaturgy.org\/ca\/wp-json\/wp\/v2\/pages"}],"about":[{"href":"https:\/\/www.fundacionnaturgy.org\/ca\/wp-json\/wp\/v2\/types\/page"}],"author":[{"embeddable":true,"href":"https:\/\/www.fundacionnaturgy.org\/ca\/wp-json\/wp\/v2\/users\/1454"}],"replies":[{"embeddable":true,"href":"https:\/\/www.fundacionnaturgy.org\/ca\/wp-json\/wp\/v2\/comments?post=86243"}],"version-history":[{"count":11,"href":"https:\/\/www.fundacionnaturgy.org\/ca\/wp-json\/wp\/v2\/pages\/86243\/revisions"}],"predecessor-version":[{"id":92023,"href":"https:\/\/www.fundacionnaturgy.org\/ca\/wp-json\/wp\/v2\/pages\/86243\/revisions\/92023"}],"up":[{"embeddable":true,"href":"https:\/\/www.fundacionnaturgy.org\/ca\/wp-json\/wp\/v2\/pages\/73285"}],"wp:attachment":[{"href":"https:\/\/www.fundacionnaturgy.org\/ca\/wp-json\/wp\/v2\/media?parent=86243"}],"wp:term":[{"taxonomy":"category","embeddable":true,"href":"https:\/\/www.fundacionnaturgy.org\/ca\/wp-json\/wp\/v2\/categories?post=86243"}],"curies":[{"name":"wp","href":"https:\/\/api.w.org\/{rel}","templated":true}]}}