{"id":86284,"date":"2023-02-02T13:46:02","date_gmt":"2023-02-02T12:46:02","guid":{"rendered":"https:\/\/www.fundacionnaturgy.org\/educacio-divulgacio\/efigy-education\/educacio-infantil\/"},"modified":"2024-06-17T13:16:42","modified_gmt":"2024-06-17T11:16:42","slug":"educacio-infantil","status":"publish","type":"page","link":"https:\/\/www.fundacionnaturgy.org\/ca\/educacio-divulgacio\/efigy-education\/educacio-infantil\/","title":{"rendered":"Educaci\u00f3 infantil"},"content":{"rendered":"<p>[vc_row][vc_column width=&#8221;1\/2&#8243;][vc_column_text]<\/p>\n<h2>Descobreix les nostres metodologies participatives i actives per a alumnes de 3 a 6 anys<\/h2>\n<p>[\/vc_column_text][vc_column_text]Hemos\u00a0dise\u00f1ado\u00a0recursos\u00a0educativos\u00a0espec\u00edficos\u00a0basados\u00a0en la\u00a0interacci\u00f3n\u00a0directa\u00a0de\u00a0los\u00a0alumnos\u00a0de\u00a0ciclo\u00a0infantil. A\u00a0trav\u00e9s\u00a0de\u00a0din\u00e1micas\u00a0de\u00a0exploraci\u00f3n\u00a0del\u00a0entorno\u00a0y\u00a0del\u00a0desarrollo\u00a0personal,\u00a0introduciremos\u00a0los\u00a0conceptos\u00a0clave\u00a0entorno\u00a0a la\u00a0energ\u00eda, el\u00a0medioambiente\u00a0y la\u00a0eficiencia\u00a0energ\u00e9tica.[\/vc_column_text][vc_empty_space height=&#8221;12px&#8221;][\/vc_column][vc_column width=&#8221;1\/2&#8243;][vc_single_image image=&#8221;84680&#8243; img_size=&#8221;full&#8221; alignment=&#8221;center&#8221;][\/vc_column][\/vc_row][vc_row][vc_column][vc_empty_space][\/vc_column][\/vc_row][vc_row full_width=&#8221;stretch_row&#8221; css=&#8221;.vc_custom_1648474796480{margin-bottom: -40px !important;}&#8221;][vc_column][vc_row_inner][vc_column_inner width=&#8221;1\/3&#8243;]<div class=\"gnf-destacado-img\"><a href=\"https:\/\/www.fundacionnaturgy.org\/ca\/educacio-divulgacio\/efigy-education\/recursos-presencials-per-a-laula\/inventors-denergia-eficient\/\" title=\"\" target=\"_self\"><figure class=\"gnf-destacado-img__imagen\"><img width=\"668\" height=\"446\" src=\"https:\/\/www.fundacionnaturgy.org\/wp-content\/uploads\/2023\/02\/Infantil_Efigy_Education_en_el_aula.png\" class=\"attachment-full size-full\" alt=\"\" loading=\"lazy\" srcset=\"https:\/\/www.fundacionnaturgy.org\/wp-content\/uploads\/2023\/02\/Infantil_Efigy_Education_en_el_aula.png 668w, https:\/\/www.fundacionnaturgy.org\/wp-content\/uploads\/2023\/02\/Infantil_Efigy_Education_en_el_aula-300x200.png 300w, https:\/\/www.fundacionnaturgy.org\/wp-content\/uploads\/2023\/02\/Infantil_Efigy_Education_en_el_aula-210x140.png 210w, https:\/\/www.fundacionnaturgy.org\/wp-content\/uploads\/2023\/02\/Infantil_Efigy_Education_en_el_aula-220x148.png 220w, https:\/\/www.fundacionnaturgy.org\/wp-content\/uploads\/2023\/02\/Infantil_Efigy_Education_en_el_aula-450x300.png 450w, https:\/\/www.fundacionnaturgy.org\/wp-content\/uploads\/2023\/02\/Infantil_Efigy_Education_en_el_aula-600x401.png 600w\" sizes=\"(max-width: 668px) 100vw, 668px\" \/><figcaption class=\"link bottom\" style=\"background: rgba(255,255,255,0.9);\"><h4 class=\"left\">Efigy Education a l'aula. Inventors d'energia eficient<\/h4><\/figcaption><\/figure><\/a><div class=\"gnf-destacado-img__texto small-only-text-center\"><\/div><\/div>[\/vc_column_inner][vc_column_inner width=&#8221;1\/3&#8243;]<div class=\"gnf-destacado-img\"><a href=\"https:\/\/www.fundacionnaturgy.org\/ca\/educacio-divulgacio\/efigy-education\/recursos-efigy-education\/\" title=\"\" target=\"_self\"><figure class=\"gnf-destacado-img__imagen\"><img width=\"668\" height=\"446\" src=\"https:\/\/www.fundacionnaturgy.org\/wp-content\/uploads\/2023\/02\/Infantil_Recursos_Efigy_Education.png\" class=\"attachment-full size-full\" alt=\"\" loading=\"lazy\" srcset=\"https:\/\/www.fundacionnaturgy.org\/wp-content\/uploads\/2023\/02\/Infantil_Recursos_Efigy_Education.png 668w, https:\/\/www.fundacionnaturgy.org\/wp-content\/uploads\/2023\/02\/Infantil_Recursos_Efigy_Education-300x200.png 300w, https:\/\/www.fundacionnaturgy.org\/wp-content\/uploads\/2023\/02\/Infantil_Recursos_Efigy_Education-210x140.png 210w, https:\/\/www.fundacionnaturgy.org\/wp-content\/uploads\/2023\/02\/Infantil_Recursos_Efigy_Education-220x148.png 220w, https:\/\/www.fundacionnaturgy.org\/wp-content\/uploads\/2023\/02\/Infantil_Recursos_Efigy_Education-450x300.png 450w, https:\/\/www.fundacionnaturgy.org\/wp-content\/uploads\/2023\/02\/Infantil_Recursos_Efigy_Education-600x401.png 600w\" sizes=\"(max-width: 668px) 100vw, 668px\" \/><figcaption class=\"link bottom\" style=\"background: rgba(255,255,255,0.9);\"><h4 class=\"left\">Recursos Efigy Education<\/h4><\/figcaption><\/figure><\/a><div class=\"gnf-destacado-img__texto small-only-text-center\"><\/div><\/div>[\/vc_column_inner][vc_column_inner width=&#8221;1\/3&#8243;]<div class=\"gnf-destacado-img\"><a href=\"https:\/\/www.fundacionnaturgy.org\/ca\/educacio-divulgacio\/efigy-education\/efigy-education-digital\/\" title=\"\" target=\"_self\"><figure class=\"gnf-destacado-img__imagen\"><img width=\"668\" height=\"446\" src=\"https:\/\/www.fundacionnaturgy.org\/wp-content\/uploads\/2023\/02\/Infantil_Efigy_Education_Digital.png\" class=\"attachment-full size-full\" alt=\"\" loading=\"lazy\" srcset=\"https:\/\/www.fundacionnaturgy.org\/wp-content\/uploads\/2023\/02\/Infantil_Efigy_Education_Digital.png 668w, https:\/\/www.fundacionnaturgy.org\/wp-content\/uploads\/2023\/02\/Infantil_Efigy_Education_Digital-300x200.png 300w, https:\/\/www.fundacionnaturgy.org\/wp-content\/uploads\/2023\/02\/Infantil_Efigy_Education_Digital-210x140.png 210w, https:\/\/www.fundacionnaturgy.org\/wp-content\/uploads\/2023\/02\/Infantil_Efigy_Education_Digital-220x148.png 220w, https:\/\/www.fundacionnaturgy.org\/wp-content\/uploads\/2023\/02\/Infantil_Efigy_Education_Digital-450x300.png 450w, https:\/\/www.fundacionnaturgy.org\/wp-content\/uploads\/2023\/02\/Infantil_Efigy_Education_Digital-600x401.png 600w\" sizes=\"(max-width: 668px) 100vw, 668px\" \/><figcaption class=\"link bottom\" style=\"background: rgba(255,255,255,0.9);\"><h4 class=\"left\">Efigy Education Digital<\/h4><\/figcaption><\/figure><\/a><div class=\"gnf-destacado-img__texto small-only-text-center\"><\/div><\/div>[\/vc_column_inner][\/vc_row_inner][\/vc_column][\/vc_row][vc_row][vc_column][vc_empty_space][vc_empty_space][\/vc_column][\/vc_row][vc_row css=&#8221;.vc_custom_1650032590803{border-top-width: 1px !important;border-right-width: 1px !important;border-bottom-width: 1px !important;border-left-width: 1px !important;border-left-color: #e5ecf1 !important;border-left-style: solid !important;border-right-color: #e5ecf1 !important;border-right-style: solid !important;border-top-color: #e5ecf1 !important;border-top-style: solid !important;border-bottom-color: #e5ecf1 !important;border-bottom-style: solid !important;border-radius: 1px !important;}&#8221;][vc_column width=&#8221;1\/4&#8243;][vc_single_image image=&#8221;81427&#8243; img_size=&#8221;full&#8221; alignment=&#8221;right&#8221;][\/vc_column][vc_column width=&#8221;3\/4&#8243;][vc_column_text]<\/p>\n<h4><strong>M\u00e9s informaci\u00f3 i peticions<\/strong><\/h4>\n<p>Per a m\u00e9s informaci\u00f3, contacta&#8217;ns a trav\u00e9s de l&#8217;adre\u00e7a\u00a0electr\u00f2nica <a href=\"mailto:educacionfundacion@naturgy.com\" target=\"_blank\" rel=\"noopener\"><strong>educacionfundacion@naturgy.com<\/strong><\/a>.[\/vc_column_text][\/vc_column][\/vc_row]<\/p>\n","protected":false},"excerpt":{"rendered":"<p>[vc_row][vc_column width=&#8221;1\/2&#8243;][vc_column_text] Descobreix les nostres metodologies participatives i actives per a alumnes de 3 a 6 anys [\/vc_column_text][vc_column_text]Hemos\u00a0dise\u00f1ado\u00a0recursos\u00a0educativos\u00a0espec\u00edficos\u00a0basados\u00a0en la\u00a0interacci\u00f3n\u00a0directa\u00a0de\u00a0los\u00a0alumnos\u00a0de\u00a0ciclo\u00a0infantil. A\u00a0trav\u00e9s\u00a0de\u00a0din\u00e1micas\u00a0de\u00a0exploraci\u00f3n\u00a0del\u00a0entorno\u00a0y\u00a0del\u00a0desarrollo\u00a0personal,\u00a0introduciremos\u00a0los\u00a0conceptos\u00a0clave\u00a0entorno\u00a0a la\u00a0energ\u00eda, el\u00a0medioambiente\u00a0y la\u00a0eficiencia\u00a0energ\u00e9tica.[\/vc_column_text][vc_empty_space height=&#8221;12px&#8221;][\/vc_column][vc_column width=&#8221;1\/2&#8243;][vc_single_image image=&#8221;84680&#8243; img_size=&#8221;full&#8221; alignment=&#8221;center&#8221;][\/vc_column][\/vc_row][vc_row][vc_column][vc_empty_space][\/vc_column][\/vc_row][vc_row full_width=&#8221;stretch_row&#8221; css=&#8221;.vc_custom_1648474796480{margin-bottom:<span class=\"more-link\"><a href=\"https:\/\/www.fundacionnaturgy.org\/ca\/educacio-divulgacio\/efigy-education\/educacio-infantil\/\">Llegir m\u00e9s<\/a><\/span><\/p>\n","protected":false},"author":1454,"featured_media":0,"parent":45309,"menu_order":0,"comment_status":"closed","ping_status":"closed","template":"templates\/full-width.php","meta":{"inline_featured_image":false},"categories":[],"acf":[],"_links":{"self":[{"href":"https:\/\/www.fundacionnaturgy.org\/ca\/wp-json\/wp\/v2\/pages\/86284"}],"collection":[{"href":"https:\/\/www.fundacionnaturgy.org\/ca\/wp-json\/wp\/v2\/pages"}],"about":[{"href":"https:\/\/www.fundacionnaturgy.org\/ca\/wp-json\/wp\/v2\/types\/page"}],"author":[{"embeddable":true,"href":"https:\/\/www.fundacionnaturgy.org\/ca\/wp-json\/wp\/v2\/users\/1454"}],"replies":[{"embeddable":true,"href":"https:\/\/www.fundacionnaturgy.org\/ca\/wp-json\/wp\/v2\/comments?post=86284"}],"version-history":[{"count":1,"href":"https:\/\/www.fundacionnaturgy.org\/ca\/wp-json\/wp\/v2\/pages\/86284\/revisions"}],"predecessor-version":[{"id":89835,"href":"https:\/\/www.fundacionnaturgy.org\/ca\/wp-json\/wp\/v2\/pages\/86284\/revisions\/89835"}],"up":[{"embeddable":true,"href":"https:\/\/www.fundacionnaturgy.org\/ca\/wp-json\/wp\/v2\/pages\/45309"}],"wp:attachment":[{"href":"https:\/\/www.fundacionnaturgy.org\/ca\/wp-json\/wp\/v2\/media?parent=86284"}],"wp:term":[{"taxonomy":"category","embeddable":true,"href":"https:\/\/www.fundacionnaturgy.org\/ca\/wp-json\/wp\/v2\/categories?post=86284"}],"curies":[{"name":"wp","href":"https:\/\/api.w.org\/{rel}","templated":true}]}}