{"id":86300,"date":"2023-02-02T14:26:51","date_gmt":"2023-02-02T13:26:51","guid":{"rendered":"https:\/\/www.fundacionnaturgy.org\/educacio-divulgacio\/efigy-education\/educacio-primaria\/"},"modified":"2024-10-11T15:10:21","modified_gmt":"2024-10-11T13:10:21","slug":"educacio-primaria","status":"publish","type":"page","link":"https:\/\/www.fundacionnaturgy.org\/ca\/educacio-divulgacio\/efigy-education\/educacio-primaria\/","title":{"rendered":"Educaci\u00f3 prim\u00e0ria"},"content":{"rendered":"<p>[vc_row][vc_column width=&#8221;1\/2&#8243;][vc_column_text]<\/p>\n<h2>Incorpora a la teva aula activitats i recursos plens d&#8217;energia adaptats a cada cicle educatiu<\/h2>\n<p>[\/vc_column_text][vc_column_text]Oferim un ampli ventall de propostes i aplicacions per complementar els continguts curriculars relacionats amb l&#8217;energia, la tecnologia i la preservaci\u00f3 del medi ambient i l&#8217;efici\u00e8ncia energ\u00e8tica, aix\u00ed com el foment de les vocacions STEAM. Descobreix les nostres metodologies educatives participatives i gamificades per a tots els alumnes de 7 a 12 anys.[\/vc_column_text][vc_empty_space height=&#8221;12px&#8221;][\/vc_column][vc_column width=&#8221;1\/2&#8243;][vc_single_image image=&#8221;84599&#8243; img_size=&#8221;full&#8221; alignment=&#8221;center&#8221;][\/vc_column][\/vc_row][vc_row][vc_column][vc_empty_space][\/vc_column][\/vc_row][vc_row full_width=&#8221;stretch_row&#8221; css=&#8221;.vc_custom_1648474796480{margin-bottom: -40px !important;}&#8221;][vc_column][vc_column_text]<\/p>\n<h3>Cicle Inicial<\/h3>\n<h3>Primer i Segon d&#8217;Educaci\u00f3 Prim\u00e0ria<\/h3>\n<p>[\/vc_column_text][vc_row_inner][vc_column_inner width=&#8221;1\/3&#8243;]<div class=\"gnf-destacado-img\"><a href=\"https:\/\/www.fundacionnaturgy.org\/ca\/educacio-divulgacio\/efigy-education\/recursos-presencials-per-a-laula\/laventura-defi-bot\/\" title=\"\" target=\"_self\"><figure class=\"gnf-destacado-img__imagen\"><img width=\"668\" height=\"446\" src=\"https:\/\/www.fundacionnaturgy.org\/wp-content\/uploads\/2023\/02\/Inicial_Efigy_Education_en_el_aula.png\" class=\"attachment-full size-full\" alt=\"\" loading=\"lazy\" srcset=\"https:\/\/www.fundacionnaturgy.org\/wp-content\/uploads\/2023\/02\/Inicial_Efigy_Education_en_el_aula.png 668w, https:\/\/www.fundacionnaturgy.org\/wp-content\/uploads\/2023\/02\/Inicial_Efigy_Education_en_el_aula-300x200.png 300w, https:\/\/www.fundacionnaturgy.org\/wp-content\/uploads\/2023\/02\/Inicial_Efigy_Education_en_el_aula-210x140.png 210w, https:\/\/www.fundacionnaturgy.org\/wp-content\/uploads\/2023\/02\/Inicial_Efigy_Education_en_el_aula-220x148.png 220w, https:\/\/www.fundacionnaturgy.org\/wp-content\/uploads\/2023\/02\/Inicial_Efigy_Education_en_el_aula-450x300.png 450w, https:\/\/www.fundacionnaturgy.org\/wp-content\/uploads\/2023\/02\/Inicial_Efigy_Education_en_el_aula-600x401.png 600w\" sizes=\"(max-width: 668px) 100vw, 668px\" \/><figcaption class=\"link bottom\" style=\"background: rgba(255,255,255,0.9);\"><h4 class=\"left\">Efigy Education a l'aula. Aventura d'Efi Bot<\/h4><\/figcaption><\/figure><\/a><div class=\"gnf-destacado-img__texto small-only-text-center\"><\/div><\/div>[\/vc_column_inner][vc_column_inner width=&#8221;1\/3&#8243;]<div class=\"gnf-destacado-img\"><a href=\"https:\/\/www.fundacionnaturgy.org\/ca\/educacio-divulgacio\/efigy-education\/efigy-education-digital\/\" title=\"\" target=\"_self\"><figure class=\"gnf-destacado-img__imagen\"><img width=\"668\" height=\"446\" src=\"https:\/\/www.fundacionnaturgy.org\/wp-content\/uploads\/2023\/02\/Infantil_Efigy_Education_Digital.png\" class=\"attachment-full size-full\" alt=\"\" loading=\"lazy\" srcset=\"https:\/\/www.fundacionnaturgy.org\/wp-content\/uploads\/2023\/02\/Infantil_Efigy_Education_Digital.png 668w, https:\/\/www.fundacionnaturgy.org\/wp-content\/uploads\/2023\/02\/Infantil_Efigy_Education_Digital-300x200.png 300w, https:\/\/www.fundacionnaturgy.org\/wp-content\/uploads\/2023\/02\/Infantil_Efigy_Education_Digital-210x140.png 210w, https:\/\/www.fundacionnaturgy.org\/wp-content\/uploads\/2023\/02\/Infantil_Efigy_Education_Digital-220x148.png 220w, https:\/\/www.fundacionnaturgy.org\/wp-content\/uploads\/2023\/02\/Infantil_Efigy_Education_Digital-450x300.png 450w, https:\/\/www.fundacionnaturgy.org\/wp-content\/uploads\/2023\/02\/Infantil_Efigy_Education_Digital-600x401.png 600w\" sizes=\"(max-width: 668px) 100vw, 668px\" \/><figcaption class=\"link bottom\" style=\"background: rgba(255,255,255,0.9);\"><h4 class=\"left\">Efigy Education Digital<\/h4><\/figcaption><\/figure><\/a><div class=\"gnf-destacado-img__texto small-only-text-center\"><\/div><\/div>[\/vc_column_inner][vc_column_inner width=&#8221;1\/3&#8243;]<div class=\"gnf-destacado-img\"><a href=\"https:\/\/www.fundacionnaturgy.org\/ca\/educacio-divulgacio\/efigy-education\/recursos-efigy-education\/\" title=\"\" target=\"_self\"><figure class=\"gnf-destacado-img__imagen\"><img width=\"668\" height=\"446\" src=\"https:\/\/www.fundacionnaturgy.org\/wp-content\/uploads\/2023\/02\/Infantil_Recursos_Efigy_Education.png\" class=\"attachment-full size-full\" alt=\"\" loading=\"lazy\" srcset=\"https:\/\/www.fundacionnaturgy.org\/wp-content\/uploads\/2023\/02\/Infantil_Recursos_Efigy_Education.png 668w, https:\/\/www.fundacionnaturgy.org\/wp-content\/uploads\/2023\/02\/Infantil_Recursos_Efigy_Education-300x200.png 300w, https:\/\/www.fundacionnaturgy.org\/wp-content\/uploads\/2023\/02\/Infantil_Recursos_Efigy_Education-210x140.png 210w, https:\/\/www.fundacionnaturgy.org\/wp-content\/uploads\/2023\/02\/Infantil_Recursos_Efigy_Education-220x148.png 220w, https:\/\/www.fundacionnaturgy.org\/wp-content\/uploads\/2023\/02\/Infantil_Recursos_Efigy_Education-450x300.png 450w, https:\/\/www.fundacionnaturgy.org\/wp-content\/uploads\/2023\/02\/Infantil_Recursos_Efigy_Education-600x401.png 600w\" sizes=\"(max-width: 668px) 100vw, 668px\" \/><figcaption class=\"link bottom\" style=\"background: rgba(255,255,255,0.9);\"><h4 class=\"left\">Recursos Efigy Education<\/h4><\/figcaption><\/figure><\/a><div class=\"gnf-destacado-img__texto small-only-text-center\"><\/div><\/div>[\/vc_column_inner][\/vc_row_inner][\/vc_column][\/vc_row][vc_row][vc_column][vc_empty_space][vc_empty_space][vc_separator color=&#8221;custom&#8221; border_width=&#8221;2&#8243; accent_color=&#8221;#e5ecf1&#8243;][\/vc_column][\/vc_row][vc_row full_width=&#8221;stretch_row&#8221; css=&#8221;.vc_custom_1648474796480{margin-bottom: -40px !important;}&#8221;][vc_column][vc_column_text]<\/p>\n<h3>Cicle Mitj\u00e0<\/h3>\n<h3>Tercer i Quart d&#8217;Educaci\u00f3 Prim\u00e0ria<\/h3>\n<p>[\/vc_column_text][vc_row_inner][vc_column_inner width=&#8221;1\/3&#8243;]<div class=\"gnf-destacado-img\"><a href=\"https:\/\/www.fundacionnaturgy.org\/ca\/educacio-divulgacio\/efigy-education\/recursos-presencials-per-a-laula\/la-magia-de-lenergia\/\" title=\"\" target=\"_self\"><figure class=\"gnf-destacado-img__imagen\"><img width=\"668\" height=\"446\" src=\"https:\/\/www.fundacionnaturgy.org\/wp-content\/uploads\/2023\/02\/medio_Efigy_Education_Energy_Quizz.png\" class=\"attachment-full size-full\" alt=\"\" loading=\"lazy\" srcset=\"https:\/\/www.fundacionnaturgy.org\/wp-content\/uploads\/2023\/02\/medio_Efigy_Education_Energy_Quizz.png 668w, https:\/\/www.fundacionnaturgy.org\/wp-content\/uploads\/2023\/02\/medio_Efigy_Education_Energy_Quizz-300x200.png 300w, https:\/\/www.fundacionnaturgy.org\/wp-content\/uploads\/2023\/02\/medio_Efigy_Education_Energy_Quizz-210x140.png 210w, https:\/\/www.fundacionnaturgy.org\/wp-content\/uploads\/2023\/02\/medio_Efigy_Education_Energy_Quizz-220x148.png 220w, https:\/\/www.fundacionnaturgy.org\/wp-content\/uploads\/2023\/02\/medio_Efigy_Education_Energy_Quizz-450x300.png 450w, https:\/\/www.fundacionnaturgy.org\/wp-content\/uploads\/2023\/02\/medio_Efigy_Education_Energy_Quizz-600x401.png 600w\" sizes=\"(max-width: 668px) 100vw, 668px\" \/><figcaption class=\"link bottom\" style=\"background: rgba(255,255,255,0.9);\"><h4 class=\"left\">Efigy Education a l'aula. Energy Quizz<\/h4><\/figcaption><\/figure><\/a><div class=\"gnf-destacado-img__texto small-only-text-center\"><\/div><\/div>[\/vc_column_inner][vc_column_inner width=&#8221;1\/3&#8243;]<div class=\"gnf-destacado-img\"><a href=\"https:\/\/www.fundacionnaturgy.org\/ca\/educacio-divulgacio\/efigy-education\/planet-efigy-innovacio-educativa-per-a-lenergia-del-futur\/\" title=\"\" target=\"_self\"><figure class=\"gnf-destacado-img__imagen\"><img width=\"668\" height=\"446\" src=\"https:\/\/www.fundacionnaturgy.org\/wp-content\/uploads\/2023\/02\/medio_Efigy_Planet.png\" class=\"attachment-full size-full\" alt=\"\" loading=\"lazy\" srcset=\"https:\/\/www.fundacionnaturgy.org\/wp-content\/uploads\/2023\/02\/medio_Efigy_Planet.png 668w, https:\/\/www.fundacionnaturgy.org\/wp-content\/uploads\/2023\/02\/medio_Efigy_Planet-300x200.png 300w, https:\/\/www.fundacionnaturgy.org\/wp-content\/uploads\/2023\/02\/medio_Efigy_Planet-210x140.png 210w, https:\/\/www.fundacionnaturgy.org\/wp-content\/uploads\/2023\/02\/medio_Efigy_Planet-220x148.png 220w, https:\/\/www.fundacionnaturgy.org\/wp-content\/uploads\/2023\/02\/medio_Efigy_Planet-450x300.png 450w, https:\/\/www.fundacionnaturgy.org\/wp-content\/uploads\/2023\/02\/medio_Efigy_Planet-600x401.png 600w\" sizes=\"(max-width: 668px) 100vw, 668px\" \/><figcaption class=\"link bottom\" style=\"background: rgba(255,255,255,0.9);\"><h4 class=\"left\">Efigy Planet<\/h4><\/figcaption><\/figure><\/a><div class=\"gnf-destacado-img__texto small-only-text-center\"><\/div><\/div>[\/vc_column_inner][vc_column_inner width=&#8221;1\/3&#8243;]<div class=\"gnf-destacado-img\"><a href=\"https:\/\/www.fundacionnaturgy.org\/ca\/educacio-divulgacio\/efigy-education\/efigy-education-digital\/\" title=\"\" target=\"_self\"><figure class=\"gnf-destacado-img__imagen\"><img width=\"668\" height=\"446\" src=\"https:\/\/www.fundacionnaturgy.org\/wp-content\/uploads\/2023\/02\/Infantil_Efigy_Education_Digital.png\" class=\"attachment-full size-full\" alt=\"\" loading=\"lazy\" srcset=\"https:\/\/www.fundacionnaturgy.org\/wp-content\/uploads\/2023\/02\/Infantil_Efigy_Education_Digital.png 668w, https:\/\/www.fundacionnaturgy.org\/wp-content\/uploads\/2023\/02\/Infantil_Efigy_Education_Digital-300x200.png 300w, https:\/\/www.fundacionnaturgy.org\/wp-content\/uploads\/2023\/02\/Infantil_Efigy_Education_Digital-210x140.png 210w, https:\/\/www.fundacionnaturgy.org\/wp-content\/uploads\/2023\/02\/Infantil_Efigy_Education_Digital-220x148.png 220w, https:\/\/www.fundacionnaturgy.org\/wp-content\/uploads\/2023\/02\/Infantil_Efigy_Education_Digital-450x300.png 450w, https:\/\/www.fundacionnaturgy.org\/wp-content\/uploads\/2023\/02\/Infantil_Efigy_Education_Digital-600x401.png 600w\" sizes=\"(max-width: 668px) 100vw, 668px\" \/><figcaption class=\"link bottom\" style=\"background: rgba(255,255,255,0.9);\"><h4 class=\"left\">Efigy Education Digital<\/h4><\/figcaption><\/figure><\/a><div class=\"gnf-destacado-img__texto small-only-text-center\"><\/div><\/div>[\/vc_column_inner][\/vc_row_inner][vc_row_inner][vc_column_inner width=&#8221;1\/3&#8243;]<div class=\"gnf-destacado-img\"><a href=\"https:\/\/www.fundacionnaturgy.org\/ca\/educacio-divulgacio\/efigy-education\/recursos-efigy-education\/\" title=\"\" target=\"_self\"><figure class=\"gnf-destacado-img__imagen\"><img width=\"668\" height=\"446\" src=\"https:\/\/www.fundacionnaturgy.org\/wp-content\/uploads\/2023\/02\/Infantil_Recursos_Efigy_Education.png\" class=\"attachment-full size-full\" alt=\"\" loading=\"lazy\" srcset=\"https:\/\/www.fundacionnaturgy.org\/wp-content\/uploads\/2023\/02\/Infantil_Recursos_Efigy_Education.png 668w, https:\/\/www.fundacionnaturgy.org\/wp-content\/uploads\/2023\/02\/Infantil_Recursos_Efigy_Education-300x200.png 300w, https:\/\/www.fundacionnaturgy.org\/wp-content\/uploads\/2023\/02\/Infantil_Recursos_Efigy_Education-210x140.png 210w, https:\/\/www.fundacionnaturgy.org\/wp-content\/uploads\/2023\/02\/Infantil_Recursos_Efigy_Education-220x148.png 220w, https:\/\/www.fundacionnaturgy.org\/wp-content\/uploads\/2023\/02\/Infantil_Recursos_Efigy_Education-450x300.png 450w, https:\/\/www.fundacionnaturgy.org\/wp-content\/uploads\/2023\/02\/Infantil_Recursos_Efigy_Education-600x401.png 600w\" sizes=\"(max-width: 668px) 100vw, 668px\" \/><figcaption class=\"link bottom\" style=\"background: rgba(255,255,255,0.9);\"><h4 class=\"left\">Recursos Efigy Education<\/h4><\/figcaption><\/figure><\/a><div class=\"gnf-destacado-img__texto small-only-text-center\"><\/div><\/div>[\/vc_column_inner][vc_column_inner width=&#8221;1\/3&#8243;]<div class=\"gnf-destacado-img\"><a href=\"https:\/\/www.fundacionnaturgy.org\/ca\/educacio-divulgacio\/experiencies-digitals\/\" title=\"\" target=\"_self\"><figure class=\"gnf-destacado-img__imagen\"><img width=\"668\" height=\"446\" src=\"https:\/\/www.fundacionnaturgy.org\/wp-content\/uploads\/2023\/02\/medio_Experiencias_Digitales.png\" class=\"attachment-full size-full\" alt=\"\" loading=\"lazy\" srcset=\"https:\/\/www.fundacionnaturgy.org\/wp-content\/uploads\/2023\/02\/medio_Experiencias_Digitales.png 668w, https:\/\/www.fundacionnaturgy.org\/wp-content\/uploads\/2023\/02\/medio_Experiencias_Digitales-300x200.png 300w, https:\/\/www.fundacionnaturgy.org\/wp-content\/uploads\/2023\/02\/medio_Experiencias_Digitales-210x140.png 210w, https:\/\/www.fundacionnaturgy.org\/wp-content\/uploads\/2023\/02\/medio_Experiencias_Digitales-220x148.png 220w, https:\/\/www.fundacionnaturgy.org\/wp-content\/uploads\/2023\/02\/medio_Experiencias_Digitales-450x300.png 450w, https:\/\/www.fundacionnaturgy.org\/wp-content\/uploads\/2023\/02\/medio_Experiencias_Digitales-600x401.png 600w\" sizes=\"(max-width: 668px) 100vw, 668px\" \/><figcaption class=\"link bottom\" style=\"background: rgba(255,255,255,0.9);\"><h4 class=\"left\">Experi\u00e8ncies Digitals<\/h4><\/figcaption><\/figure><\/a><div class=\"gnf-destacado-img__texto small-only-text-center\"><\/div><\/div>[\/vc_column_inner][vc_column_inner width=&#8221;1\/3&#8243;][\/vc_column_inner][\/vc_row_inner][\/vc_column][\/vc_row][vc_row][vc_column][vc_empty_space][vc_empty_space][vc_separator color=&#8221;custom&#8221; border_width=&#8221;2&#8243; accent_color=&#8221;#e5ecf1&#8243;][\/vc_column][\/vc_row][vc_row full_width=&#8221;stretch_row&#8221; css=&#8221;.vc_custom_1648474796480{margin-bottom: -40px !important;}&#8221;][vc_column][vc_column_text]<\/p>\n<h3><strong>Cicle Superior<\/strong><\/h3>\n<h3>Cinqu\u00e8 i Sis\u00e8 d&#8217;Educaci\u00f3 Prim\u00e0ria<\/h3>\n<p>[\/vc_column_text][vc_row_inner][vc_column_inner width=&#8221;1\/3&#8243;]<div class=\"gnf-destacado-img\"><a href=\"https:\/\/www.fundacionnaturgy.org\/ca\/educacio-divulgacio\/efigy-education\/recursos-presencials-per-a-laula\/les-energies-del-futur\/\" title=\"\" target=\"_self\"><figure class=\"gnf-destacado-img__imagen\"><img width=\"668\" height=\"446\" src=\"https:\/\/www.fundacionnaturgy.org\/wp-content\/uploads\/2023\/02\/superior_Efigy_Education_en_el_aula.png\" class=\"attachment-full size-full\" alt=\"\" loading=\"lazy\" srcset=\"https:\/\/www.fundacionnaturgy.org\/wp-content\/uploads\/2023\/02\/superior_Efigy_Education_en_el_aula.png 668w, https:\/\/www.fundacionnaturgy.org\/wp-content\/uploads\/2023\/02\/superior_Efigy_Education_en_el_aula-300x200.png 300w, https:\/\/www.fundacionnaturgy.org\/wp-content\/uploads\/2023\/02\/superior_Efigy_Education_en_el_aula-210x140.png 210w, https:\/\/www.fundacionnaturgy.org\/wp-content\/uploads\/2023\/02\/superior_Efigy_Education_en_el_aula-220x148.png 220w, https:\/\/www.fundacionnaturgy.org\/wp-content\/uploads\/2023\/02\/superior_Efigy_Education_en_el_aula-450x300.png 450w, https:\/\/www.fundacionnaturgy.org\/wp-content\/uploads\/2023\/02\/superior_Efigy_Education_en_el_aula-600x401.png 600w\" sizes=\"(max-width: 668px) 100vw, 668px\" \/><figcaption class=\"link bottom\" style=\"background: rgba(255,255,255,0.9);\"><h4 class=\"left\">Efigy Education a l'aula. L'energia d'avui: el nostre repte<\/h4><\/figcaption><\/figure><\/a><div class=\"gnf-destacado-img__texto small-only-text-center\"><\/div><\/div>[\/vc_column_inner][vc_column_inner width=&#8221;1\/3&#8243;]<div class=\"gnf-destacado-img\"><a href=\"https:\/\/www.fundacionnaturgy.org\/ca\/educacio-divulgacio\/efigy-education\/planet-efigy-innovacio-educativa-per-a-lenergia-del-futur\/\" title=\"\" target=\"_self\"><figure class=\"gnf-destacado-img__imagen\"><img width=\"668\" height=\"446\" src=\"https:\/\/www.fundacionnaturgy.org\/wp-content\/uploads\/2023\/02\/medio_Efigy_Planet.png\" class=\"attachment-full size-full\" alt=\"\" loading=\"lazy\" srcset=\"https:\/\/www.fundacionnaturgy.org\/wp-content\/uploads\/2023\/02\/medio_Efigy_Planet.png 668w, https:\/\/www.fundacionnaturgy.org\/wp-content\/uploads\/2023\/02\/medio_Efigy_Planet-300x200.png 300w, https:\/\/www.fundacionnaturgy.org\/wp-content\/uploads\/2023\/02\/medio_Efigy_Planet-210x140.png 210w, https:\/\/www.fundacionnaturgy.org\/wp-content\/uploads\/2023\/02\/medio_Efigy_Planet-220x148.png 220w, https:\/\/www.fundacionnaturgy.org\/wp-content\/uploads\/2023\/02\/medio_Efigy_Planet-450x300.png 450w, https:\/\/www.fundacionnaturgy.org\/wp-content\/uploads\/2023\/02\/medio_Efigy_Planet-600x401.png 600w\" sizes=\"(max-width: 668px) 100vw, 668px\" \/><figcaption class=\"link bottom\" style=\"background: rgba(255,255,255,0.9);\"><h4 class=\"left\">Efigy Planet<\/h4><\/figcaption><\/figure><\/a><div class=\"gnf-destacado-img__texto small-only-text-center\"><\/div><\/div>[\/vc_column_inner][vc_column_inner width=&#8221;1\/3&#8243;]<div class=\"gnf-destacado-img\"><a href=\"https:\/\/www.fundacionnaturgy.org\/ca\/educacio-divulgacio\/efigy-education\/efigy-education-digital\/\" title=\"\" target=\"_self\"><figure class=\"gnf-destacado-img__imagen\"><img width=\"668\" height=\"446\" src=\"https:\/\/www.fundacionnaturgy.org\/wp-content\/uploads\/2023\/02\/Infantil_Efigy_Education_Digital.png\" class=\"attachment-full size-full\" alt=\"\" loading=\"lazy\" srcset=\"https:\/\/www.fundacionnaturgy.org\/wp-content\/uploads\/2023\/02\/Infantil_Efigy_Education_Digital.png 668w, https:\/\/www.fundacionnaturgy.org\/wp-content\/uploads\/2023\/02\/Infantil_Efigy_Education_Digital-300x200.png 300w, https:\/\/www.fundacionnaturgy.org\/wp-content\/uploads\/2023\/02\/Infantil_Efigy_Education_Digital-210x140.png 210w, https:\/\/www.fundacionnaturgy.org\/wp-content\/uploads\/2023\/02\/Infantil_Efigy_Education_Digital-220x148.png 220w, https:\/\/www.fundacionnaturgy.org\/wp-content\/uploads\/2023\/02\/Infantil_Efigy_Education_Digital-450x300.png 450w, https:\/\/www.fundacionnaturgy.org\/wp-content\/uploads\/2023\/02\/Infantil_Efigy_Education_Digital-600x401.png 600w\" sizes=\"(max-width: 668px) 100vw, 668px\" \/><figcaption class=\"link bottom\" style=\"background: rgba(255,255,255,0.9);\"><h4 class=\"left\">Efigy Education Digital<\/h4><\/figcaption><\/figure><\/a><div class=\"gnf-destacado-img__texto small-only-text-center\"><\/div><\/div>[\/vc_column_inner][\/vc_row_inner][vc_row_inner][vc_column_inner width=&#8221;1\/3&#8243;]<div class=\"gnf-destacado-img\"><a href=\"https:\/\/www.fundacionnaturgy.org\/ca\/educacio-divulgacio\/efigy-education\/recursos-efigy-education\/\" title=\"\" target=\"_self\"><figure class=\"gnf-destacado-img__imagen\"><img width=\"668\" height=\"446\" src=\"https:\/\/www.fundacionnaturgy.org\/wp-content\/uploads\/2023\/02\/Infantil_Recursos_Efigy_Education.png\" class=\"attachment-full size-full\" alt=\"\" loading=\"lazy\" srcset=\"https:\/\/www.fundacionnaturgy.org\/wp-content\/uploads\/2023\/02\/Infantil_Recursos_Efigy_Education.png 668w, https:\/\/www.fundacionnaturgy.org\/wp-content\/uploads\/2023\/02\/Infantil_Recursos_Efigy_Education-300x200.png 300w, https:\/\/www.fundacionnaturgy.org\/wp-content\/uploads\/2023\/02\/Infantil_Recursos_Efigy_Education-210x140.png 210w, https:\/\/www.fundacionnaturgy.org\/wp-content\/uploads\/2023\/02\/Infantil_Recursos_Efigy_Education-220x148.png 220w, https:\/\/www.fundacionnaturgy.org\/wp-content\/uploads\/2023\/02\/Infantil_Recursos_Efigy_Education-450x300.png 450w, https:\/\/www.fundacionnaturgy.org\/wp-content\/uploads\/2023\/02\/Infantil_Recursos_Efigy_Education-600x401.png 600w\" sizes=\"(max-width: 668px) 100vw, 668px\" \/><figcaption class=\"link bottom\" style=\"background: rgba(255,255,255,0.9);\"><h4 class=\"left\">Recursos Efigy Education<\/h4><\/figcaption><\/figure><\/a><div class=\"gnf-destacado-img__texto small-only-text-center\"><\/div><\/div>[\/vc_column_inner][vc_column_inner width=&#8221;1\/3&#8243;]<div class=\"gnf-destacado-img\"><a href=\"https:\/\/www.fundacionnaturgy.org\/ca\/educacio-divulgacio\/experiencies-digitals\/\" title=\"\" target=\"_self\"><figure class=\"gnf-destacado-img__imagen\"><img width=\"668\" height=\"446\" src=\"https:\/\/www.fundacionnaturgy.org\/wp-content\/uploads\/2023\/02\/medio_Experiencias_Digitales.png\" class=\"attachment-full size-full\" alt=\"\" loading=\"lazy\" srcset=\"https:\/\/www.fundacionnaturgy.org\/wp-content\/uploads\/2023\/02\/medio_Experiencias_Digitales.png 668w, https:\/\/www.fundacionnaturgy.org\/wp-content\/uploads\/2023\/02\/medio_Experiencias_Digitales-300x200.png 300w, https:\/\/www.fundacionnaturgy.org\/wp-content\/uploads\/2023\/02\/medio_Experiencias_Digitales-210x140.png 210w, https:\/\/www.fundacionnaturgy.org\/wp-content\/uploads\/2023\/02\/medio_Experiencias_Digitales-220x148.png 220w, https:\/\/www.fundacionnaturgy.org\/wp-content\/uploads\/2023\/02\/medio_Experiencias_Digitales-450x300.png 450w, https:\/\/www.fundacionnaturgy.org\/wp-content\/uploads\/2023\/02\/medio_Experiencias_Digitales-600x401.png 600w\" sizes=\"(max-width: 668px) 100vw, 668px\" \/><figcaption class=\"link bottom\" style=\"background: rgba(255,255,255,0.9);\"><h4 class=\"left\">Experi\u00e8ncies Digitals<\/h4><\/figcaption><\/figure><\/a><div class=\"gnf-destacado-img__texto small-only-text-center\"><\/div><\/div>[\/vc_column_inner][vc_column_inner width=&#8221;1\/3&#8243;]<div class=\"gnf-destacado-img\"><a href=\"https:\/\/www.fundacionnaturgy.org\/ca\/educacio-divulgacio\/efigy-education\/visites-virtuals-a-centrals-de-generacio\/\" title=\"\" target=\"_self\"><figure class=\"gnf-destacado-img__imagen\"><img width=\"334\" height=\"223\" src=\"https:\/\/www.fundacionnaturgy.org\/wp-content\/uploads\/2023\/02\/secundaria_Visitas_Centrales_generacion-1.png\" class=\"attachment-full size-full\" alt=\"\" loading=\"lazy\" srcset=\"https:\/\/www.fundacionnaturgy.org\/wp-content\/uploads\/2023\/02\/secundaria_Visitas_Centrales_generacion-1.png 334w, https:\/\/www.fundacionnaturgy.org\/wp-content\/uploads\/2023\/02\/secundaria_Visitas_Centrales_generacion-1-300x200.png 300w, https:\/\/www.fundacionnaturgy.org\/wp-content\/uploads\/2023\/02\/secundaria_Visitas_Centrales_generacion-1-210x140.png 210w, https:\/\/www.fundacionnaturgy.org\/wp-content\/uploads\/2023\/02\/secundaria_Visitas_Centrales_generacion-1-220x148.png 220w\" sizes=\"(max-width: 334px) 100vw, 334px\" \/><figcaption class=\"link bottom\" style=\"background: rgba(255,255,255,0.9);\"><h4 class=\"left\">Visites a centrals<\/h4><\/figcaption><\/figure><\/a><div class=\"gnf-destacado-img__texto small-only-text-center\"><\/div><\/div>[\/vc_column_inner][\/vc_row_inner][\/vc_column][\/vc_row][vc_row][vc_column][vc_empty_space][vc_empty_space][\/vc_column][\/vc_row][vc_row css=&#8221;.vc_custom_1650032590803{border-top-width: 1px !important;border-right-width: 1px !important;border-bottom-width: 1px !important;border-left-width: 1px !important;border-left-color: #e5ecf1 !important;border-left-style: solid !important;border-right-color: #e5ecf1 !important;border-right-style: solid !important;border-top-color: #e5ecf1 !important;border-top-style: solid !important;border-bottom-color: #e5ecf1 !important;border-bottom-style: solid !important;border-radius: 1px !important;}&#8221;][vc_column width=&#8221;1\/4&#8243;][vc_single_image image=&#8221;81427&#8243; img_size=&#8221;full&#8221; alignment=&#8221;right&#8221;][\/vc_column][vc_column width=&#8221;3\/4&#8243;][vc_column_text]<\/p>\n<h4><strong>M\u00e9s informaci\u00f3\u00a0y peticions<\/strong><\/h4>\n<p>Per a m\u00e9s informaci\u00f3, contacta&#8217;ns a trav\u00e9s del correu electr\u00f2nic <a href=\"mailto:educacionfundacion@naturgy.com\" target=\"_blank\" rel=\"noopener\"><strong>educacionfundacion@naturgy.com<\/strong><\/a>.[\/vc_column_text][\/vc_column][\/vc_row]<\/p>\n","protected":false},"excerpt":{"rendered":"<p>[vc_row][vc_column width=&#8221;1\/2&#8243;][vc_column_text] Incorpora a la teva aula activitats i recursos plens d&#8217;energia adaptats a cada cicle educatiu [\/vc_column_text][vc_column_text]Oferim un ampli ventall de propostes i aplicacions per complementar els continguts curriculars<span class=\"more-link\"><a href=\"https:\/\/www.fundacionnaturgy.org\/ca\/educacio-divulgacio\/efigy-education\/educacio-primaria\/\">Llegir m\u00e9s<\/a><\/span><\/p>\n","protected":false},"author":1454,"featured_media":0,"parent":45309,"menu_order":0,"comment_status":"closed","ping_status":"closed","template":"templates\/full-width.php","meta":{"inline_featured_image":false},"categories":[],"acf":[],"_links":{"self":[{"href":"https:\/\/www.fundacionnaturgy.org\/ca\/wp-json\/wp\/v2\/pages\/86300"}],"collection":[{"href":"https:\/\/www.fundacionnaturgy.org\/ca\/wp-json\/wp\/v2\/pages"}],"about":[{"href":"https:\/\/www.fundacionnaturgy.org\/ca\/wp-json\/wp\/v2\/types\/page"}],"author":[{"embeddable":true,"href":"https:\/\/www.fundacionnaturgy.org\/ca\/wp-json\/wp\/v2\/users\/1454"}],"replies":[{"embeddable":true,"href":"https:\/\/www.fundacionnaturgy.org\/ca\/wp-json\/wp\/v2\/comments?post=86300"}],"version-history":[{"count":3,"href":"https:\/\/www.fundacionnaturgy.org\/ca\/wp-json\/wp\/v2\/pages\/86300\/revisions"}],"predecessor-version":[{"id":90725,"href":"https:\/\/www.fundacionnaturgy.org\/ca\/wp-json\/wp\/v2\/pages\/86300\/revisions\/90725"}],"up":[{"embeddable":true,"href":"https:\/\/www.fundacionnaturgy.org\/ca\/wp-json\/wp\/v2\/pages\/45309"}],"wp:attachment":[{"href":"https:\/\/www.fundacionnaturgy.org\/ca\/wp-json\/wp\/v2\/media?parent=86300"}],"wp:term":[{"taxonomy":"category","embeddable":true,"href":"https:\/\/www.fundacionnaturgy.org\/ca\/wp-json\/wp\/v2\/categories?post=86300"}],"curies":[{"name":"wp","href":"https:\/\/api.w.org\/{rel}","templated":true}]}}