{"id":86317,"date":"2023-02-02T15:13:25","date_gmt":"2023-02-02T14:13:25","guid":{"rendered":"https:\/\/www.fundacionnaturgy.org\/educacio-divulgacio\/efigy-education\/educacio-secundaria\/"},"modified":"2024-10-11T14:47:04","modified_gmt":"2024-10-11T12:47:04","slug":"educacio-secundaria","status":"publish","type":"page","link":"https:\/\/www.fundacionnaturgy.org\/ca\/educacio-divulgacio\/efigy-education\/educacio-secundaria\/","title":{"rendered":"Educaci\u00f3 secund\u00e0ria"},"content":{"rendered":"<p>[vc_row][vc_column width=&#8221;1\/2&#8243;][vc_column_text]<\/p>\n<h2>T&#8217;ajudem a ampliar els coneixements m\u00e9s innovadors entorn de l&#8217;energia, la tecnologia, les vocacions STEAM i la transici\u00f3 energ\u00e8tica<\/h2>\n<p>[\/vc_column_text][vc_column_text]L&#8217;oferta educativa i divulgativa per a educaci\u00f3 secund\u00e0ria es basa en la transmissi\u00f3 de valors entorn de la transici\u00f3 energ\u00e8tica, noves energies i descobrir les darreres tecnologies aplicades. Aix\u00ed mateix, reforcem i impulsem el desenvolupament de vocacions STEAM en aquesta etapa d&#8217;orientaci\u00f3 professional vital.[\/vc_column_text][vc_empty_space height=&#8221;12px&#8221;][\/vc_column][vc_column width=&#8221;1\/2&#8243;][vc_single_image image=&#8221;84618&#8243; img_size=&#8221;full&#8221; alignment=&#8221;center&#8221;][\/vc_column][\/vc_row][vc_row][vc_column][vc_empty_space][\/vc_column][\/vc_row][vc_row full_width=&#8221;stretch_row&#8221; css=&#8221;.vc_custom_1648474796480{margin-bottom: -40px !important;}&#8221;][vc_column][vc_row_inner][vc_column_inner width=&#8221;1\/3&#8243;]<div class=\"gnf-destacado-img\"><a href=\"https:\/\/www.fundacionnaturgy.org\/ca\/educacio-divulgacio\/efigy-education\/recursos-presencials-per-a-laula\/lenergia-en-joc\/\" title=\"\" target=\"_self\"><figure class=\"gnf-destacado-img__imagen\"><img width=\"668\" height=\"446\" src=\"https:\/\/www.fundacionnaturgy.org\/wp-content\/uploads\/2023\/02\/secundaria_Efigy_Education_aula.png\" class=\"attachment-full size-full\" alt=\"\" loading=\"lazy\" srcset=\"https:\/\/www.fundacionnaturgy.org\/wp-content\/uploads\/2023\/02\/secundaria_Efigy_Education_aula.png 668w, https:\/\/www.fundacionnaturgy.org\/wp-content\/uploads\/2023\/02\/secundaria_Efigy_Education_aula-300x200.png 300w, https:\/\/www.fundacionnaturgy.org\/wp-content\/uploads\/2023\/02\/secundaria_Efigy_Education_aula-210x140.png 210w, https:\/\/www.fundacionnaturgy.org\/wp-content\/uploads\/2023\/02\/secundaria_Efigy_Education_aula-220x148.png 220w, https:\/\/www.fundacionnaturgy.org\/wp-content\/uploads\/2023\/02\/secundaria_Efigy_Education_aula-450x300.png 450w, https:\/\/www.fundacionnaturgy.org\/wp-content\/uploads\/2023\/02\/secundaria_Efigy_Education_aula-600x401.png 600w\" sizes=\"(max-width: 668px) 100vw, 668px\" \/><figcaption class=\"link bottom\" style=\"background: rgba(255,255,255,0.9);\"><h4 class=\"left\">Efigy Education a l'aula. L'energia en joc<\/h4><\/figcaption><\/figure><\/a><div class=\"gnf-destacado-img__texto small-only-text-center\"><\/div><\/div>[\/vc_column_inner][vc_column_inner width=&#8221;1\/3&#8243;]<div class=\"gnf-destacado-img\"><a href=\"https:\/\/www.fundacionnaturgy.org\/ca\/certamen-tecnologic-efigy-de-la-fundacio-naturgy\/\" title=\"\" target=\"_self\"><figure class=\"gnf-destacado-img__imagen\"><img width=\"668\" height=\"446\" src=\"https:\/\/www.fundacionnaturgy.org\/wp-content\/uploads\/2023\/02\/secundaria_Certamen_Tecnologico_Efigy.png\" class=\"attachment-full size-full\" alt=\"\" loading=\"lazy\" srcset=\"https:\/\/www.fundacionnaturgy.org\/wp-content\/uploads\/2023\/02\/secundaria_Certamen_Tecnologico_Efigy.png 668w, https:\/\/www.fundacionnaturgy.org\/wp-content\/uploads\/2023\/02\/secundaria_Certamen_Tecnologico_Efigy-300x200.png 300w, https:\/\/www.fundacionnaturgy.org\/wp-content\/uploads\/2023\/02\/secundaria_Certamen_Tecnologico_Efigy-210x140.png 210w, https:\/\/www.fundacionnaturgy.org\/wp-content\/uploads\/2023\/02\/secundaria_Certamen_Tecnologico_Efigy-220x148.png 220w, https:\/\/www.fundacionnaturgy.org\/wp-content\/uploads\/2023\/02\/secundaria_Certamen_Tecnologico_Efigy-450x300.png 450w, https:\/\/www.fundacionnaturgy.org\/wp-content\/uploads\/2023\/02\/secundaria_Certamen_Tecnologico_Efigy-600x401.png 600w\" sizes=\"(max-width: 668px) 100vw, 668px\" \/><figcaption class=\"link bottom\" style=\"background: rgba(255,255,255,0.9);\"><h4 class=\"left\">Certamen Tecnol\u00f2gic Efigy<\/h4><\/figcaption><\/figure><\/a><div class=\"gnf-destacado-img__texto small-only-text-center\"><\/div><\/div>[\/vc_column_inner][vc_column_inner width=&#8221;1\/3&#8243;]<div class=\"gnf-destacado-img\"><a href=\"https:\/\/www.fundacionnaturgy.org\/ca\/educacio-divulgacio\/efigy-education\/aprenentatge-per-servei-aps\/\" title=\"\" target=\"_self\"><figure class=\"gnf-destacado-img__imagen\"><img width=\"668\" height=\"446\" src=\"https:\/\/www.fundacionnaturgy.org\/wp-content\/uploads\/2023\/02\/secundaria_Aprendizaje_servicio_APS.png\" class=\"attachment-full size-full\" alt=\"\" loading=\"lazy\" srcset=\"https:\/\/www.fundacionnaturgy.org\/wp-content\/uploads\/2023\/02\/secundaria_Aprendizaje_servicio_APS.png 668w, https:\/\/www.fundacionnaturgy.org\/wp-content\/uploads\/2023\/02\/secundaria_Aprendizaje_servicio_APS-300x200.png 300w, https:\/\/www.fundacionnaturgy.org\/wp-content\/uploads\/2023\/02\/secundaria_Aprendizaje_servicio_APS-210x140.png 210w, https:\/\/www.fundacionnaturgy.org\/wp-content\/uploads\/2023\/02\/secundaria_Aprendizaje_servicio_APS-220x148.png 220w, https:\/\/www.fundacionnaturgy.org\/wp-content\/uploads\/2023\/02\/secundaria_Aprendizaje_servicio_APS-450x300.png 450w, https:\/\/www.fundacionnaturgy.org\/wp-content\/uploads\/2023\/02\/secundaria_Aprendizaje_servicio_APS-600x401.png 600w\" sizes=\"(max-width: 668px) 100vw, 668px\" \/><figcaption class=\"link bottom\" style=\"background: rgba(255,255,255,0.9);\"><h4 class=\"left\">Aprenentatge-Servei (APS). La despesa energ\u00e8tica<\/h4><\/figcaption><\/figure><\/a><div class=\"gnf-destacado-img__texto small-only-text-center\"><\/div><\/div>[\/vc_column_inner][\/vc_row_inner][vc_row_inner][vc_column_inner width=&#8221;1\/3&#8243;]<div class=\"gnf-destacado-img\"><a href=\"https:\/\/www.fundacionnaturgy.org\/ca\/educacio-divulgacio\/efigy-education\/visites-virtuals-a-centrals-de-generacio\/\" title=\"\" target=\"_self\"><figure class=\"gnf-destacado-img__imagen\"><img width=\"334\" height=\"223\" src=\"https:\/\/www.fundacionnaturgy.org\/wp-content\/uploads\/2023\/02\/secundaria_Visitas_Centrales_generacion-1.png\" class=\"attachment-full size-full\" alt=\"\" loading=\"lazy\" srcset=\"https:\/\/www.fundacionnaturgy.org\/wp-content\/uploads\/2023\/02\/secundaria_Visitas_Centrales_generacion-1.png 334w, https:\/\/www.fundacionnaturgy.org\/wp-content\/uploads\/2023\/02\/secundaria_Visitas_Centrales_generacion-1-300x200.png 300w, https:\/\/www.fundacionnaturgy.org\/wp-content\/uploads\/2023\/02\/secundaria_Visitas_Centrales_generacion-1-210x140.png 210w, https:\/\/www.fundacionnaturgy.org\/wp-content\/uploads\/2023\/02\/secundaria_Visitas_Centrales_generacion-1-220x148.png 220w\" sizes=\"(max-width: 334px) 100vw, 334px\" \/><figcaption class=\"link bottom\" style=\"background: rgba(255,255,255,0.9);\"><h4 class=\"left\">Visites a centrals<\/h4><\/figcaption><\/figure><\/a><div class=\"gnf-destacado-img__texto small-only-text-center\"><\/div><\/div>[\/vc_column_inner][vc_column_inner width=&#8221;1\/3&#8243;]<div class=\"gnf-destacado-img\"><a href=\"https:\/\/www.fundacionnaturgy.org\/ca\/educacio-divulgacio\/efigy-education\/recursos-efigy-education\/foment-de-les-vocacions-stem-i-orientacio\/\" title=\"\" target=\"_self\"><figure class=\"gnf-destacado-img__imagen\"><img width=\"668\" height=\"446\" src=\"https:\/\/www.fundacionnaturgy.org\/wp-content\/uploads\/2023\/02\/secundaria_Mentoring_fomento_STEM.png\" class=\"attachment-full size-full\" alt=\"\" loading=\"lazy\" srcset=\"https:\/\/www.fundacionnaturgy.org\/wp-content\/uploads\/2023\/02\/secundaria_Mentoring_fomento_STEM.png 668w, https:\/\/www.fundacionnaturgy.org\/wp-content\/uploads\/2023\/02\/secundaria_Mentoring_fomento_STEM-300x200.png 300w, https:\/\/www.fundacionnaturgy.org\/wp-content\/uploads\/2023\/02\/secundaria_Mentoring_fomento_STEM-210x140.png 210w, https:\/\/www.fundacionnaturgy.org\/wp-content\/uploads\/2023\/02\/secundaria_Mentoring_fomento_STEM-220x148.png 220w, https:\/\/www.fundacionnaturgy.org\/wp-content\/uploads\/2023\/02\/secundaria_Mentoring_fomento_STEM-450x300.png 450w, https:\/\/www.fundacionnaturgy.org\/wp-content\/uploads\/2023\/02\/secundaria_Mentoring_fomento_STEM-600x401.png 600w\" sizes=\"(max-width: 668px) 100vw, 668px\" \/><figcaption class=\"link bottom\" style=\"background: rgba(255,255,255,0.9);\"><h4 class=\"left\">Foment de les vocacions STEAM i orientaci\u00f3<\/h4><\/figcaption><\/figure><\/a><div class=\"gnf-destacado-img__texto small-only-text-center\"><\/div><\/div>[\/vc_column_inner][vc_column_inner width=&#8221;1\/3&#8243;]<div class=\"gnf-destacado-img\"><a href=\"https:\/\/www.fundacionnaturgy.org\/ca\/educacio-divulgacio\/efigy-education\/efigy-education-digital\/\" title=\"\" target=\"_self\"><figure class=\"gnf-destacado-img__imagen\"><img width=\"668\" height=\"446\" src=\"https:\/\/www.fundacionnaturgy.org\/wp-content\/uploads\/2023\/02\/Infantil_Efigy_Education_Digital.png\" class=\"attachment-full size-full\" alt=\"\" loading=\"lazy\" srcset=\"https:\/\/www.fundacionnaturgy.org\/wp-content\/uploads\/2023\/02\/Infantil_Efigy_Education_Digital.png 668w, https:\/\/www.fundacionnaturgy.org\/wp-content\/uploads\/2023\/02\/Infantil_Efigy_Education_Digital-300x200.png 300w, https:\/\/www.fundacionnaturgy.org\/wp-content\/uploads\/2023\/02\/Infantil_Efigy_Education_Digital-210x140.png 210w, https:\/\/www.fundacionnaturgy.org\/wp-content\/uploads\/2023\/02\/Infantil_Efigy_Education_Digital-220x148.png 220w, https:\/\/www.fundacionnaturgy.org\/wp-content\/uploads\/2023\/02\/Infantil_Efigy_Education_Digital-450x300.png 450w, https:\/\/www.fundacionnaturgy.org\/wp-content\/uploads\/2023\/02\/Infantil_Efigy_Education_Digital-600x401.png 600w\" sizes=\"(max-width: 668px) 100vw, 668px\" \/><figcaption class=\"link bottom\" style=\"background: rgba(255,255,255,0.9);\"><h4 class=\"left\">Efigy Education Digital<\/h4><\/figcaption><\/figure><\/a><div class=\"gnf-destacado-img__texto small-only-text-center\"><\/div><\/div>[\/vc_column_inner][\/vc_row_inner][vc_row_inner][vc_column_inner width=&#8221;1\/3&#8243;]<div class=\"gnf-destacado-img\"><a href=\"https:\/\/www.fundacionnaturgy.org\/ca\/educacio-divulgacio\/experiencies-digitals\/\" title=\"\" target=\"_self\"><figure class=\"gnf-destacado-img__imagen\"><img width=\"668\" height=\"446\" src=\"https:\/\/www.fundacionnaturgy.org\/wp-content\/uploads\/2023\/02\/medio_Experiencias_Digitales.png\" class=\"attachment-full size-full\" alt=\"\" loading=\"lazy\" srcset=\"https:\/\/www.fundacionnaturgy.org\/wp-content\/uploads\/2023\/02\/medio_Experiencias_Digitales.png 668w, https:\/\/www.fundacionnaturgy.org\/wp-content\/uploads\/2023\/02\/medio_Experiencias_Digitales-300x200.png 300w, https:\/\/www.fundacionnaturgy.org\/wp-content\/uploads\/2023\/02\/medio_Experiencias_Digitales-210x140.png 210w, https:\/\/www.fundacionnaturgy.org\/wp-content\/uploads\/2023\/02\/medio_Experiencias_Digitales-220x148.png 220w, https:\/\/www.fundacionnaturgy.org\/wp-content\/uploads\/2023\/02\/medio_Experiencias_Digitales-450x300.png 450w, https:\/\/www.fundacionnaturgy.org\/wp-content\/uploads\/2023\/02\/medio_Experiencias_Digitales-600x401.png 600w\" sizes=\"(max-width: 668px) 100vw, 668px\" \/><figcaption class=\"link bottom\" style=\"background: rgba(255,255,255,0.9);\"><h4 class=\"left\">Experi\u00e8ncies Digitals<\/h4><\/figcaption><\/figure><\/a><div class=\"gnf-destacado-img__texto small-only-text-center\"><\/div><\/div>[\/vc_column_inner][vc_column_inner width=&#8221;1\/3&#8243;]<div class=\"gnf-destacado-img\"><a href=\"https:\/\/www.fundacionnaturgy.org\/ca\/educacio-divulgacio\/efigy-education\/recursos-efigy-education\/\" title=\"\" target=\"_self\"><figure class=\"gnf-destacado-img__imagen\"><img width=\"668\" height=\"446\" src=\"https:\/\/www.fundacionnaturgy.org\/wp-content\/uploads\/2023\/02\/Infantil_Recursos_Efigy_Education.png\" class=\"attachment-full size-full\" alt=\"\" loading=\"lazy\" srcset=\"https:\/\/www.fundacionnaturgy.org\/wp-content\/uploads\/2023\/02\/Infantil_Recursos_Efigy_Education.png 668w, https:\/\/www.fundacionnaturgy.org\/wp-content\/uploads\/2023\/02\/Infantil_Recursos_Efigy_Education-300x200.png 300w, https:\/\/www.fundacionnaturgy.org\/wp-content\/uploads\/2023\/02\/Infantil_Recursos_Efigy_Education-210x140.png 210w, https:\/\/www.fundacionnaturgy.org\/wp-content\/uploads\/2023\/02\/Infantil_Recursos_Efigy_Education-220x148.png 220w, https:\/\/www.fundacionnaturgy.org\/wp-content\/uploads\/2023\/02\/Infantil_Recursos_Efigy_Education-450x300.png 450w, https:\/\/www.fundacionnaturgy.org\/wp-content\/uploads\/2023\/02\/Infantil_Recursos_Efigy_Education-600x401.png 600w\" sizes=\"(max-width: 668px) 100vw, 668px\" \/><figcaption class=\"link bottom\" style=\"background: rgba(255,255,255,0.9);\"><h4 class=\"left\">Recursos Efigy Education<\/h4><\/figcaption><\/figure><\/a><div class=\"gnf-destacado-img__texto small-only-text-center\"><\/div><\/div>[\/vc_column_inner][vc_column_inner width=&#8221;1\/3&#8243;][\/vc_column_inner][\/vc_row_inner][\/vc_column][\/vc_row][vc_row][vc_column][vc_empty_space][vc_empty_space][\/vc_column][\/vc_row][vc_row css=&#8221;.vc_custom_1650032590803{border-top-width: 1px !important;border-right-width: 1px !important;border-bottom-width: 1px !important;border-left-width: 1px !important;border-left-color: #e5ecf1 !important;border-left-style: solid !important;border-right-color: #e5ecf1 !important;border-right-style: solid !important;border-top-color: #e5ecf1 !important;border-top-style: solid !important;border-bottom-color: #e5ecf1 !important;border-bottom-style: solid !important;border-radius: 1px !important;}&#8221;][vc_column width=&#8221;1\/4&#8243;][vc_single_image image=&#8221;81427&#8243; img_size=&#8221;full&#8221; alignment=&#8221;right&#8221;][\/vc_column][vc_column width=&#8221;3\/4&#8243;][vc_column_text]<\/p>\n<h4><strong>M\u00e9s informaci\u00f3\u00a0i peticions<\/strong><\/h4>\n<p>Per a m\u00e9s informaci\u00f3, contacta&#8217;ns a trav\u00e9s de l&#8217;adre\u00e7a electr\u00f2nica <a href=\"mailto:educacionfundacion@naturgy.com\" target=\"_blank\" rel=\"noopener\"><strong>educacionfundacion@naturgy.com<\/strong><\/a>.[\/vc_column_text][\/vc_column][\/vc_row]<\/p>\n","protected":false},"excerpt":{"rendered":"<p>[vc_row][vc_column width=&#8221;1\/2&#8243;][vc_column_text] T&#8217;ajudem a ampliar els coneixements m\u00e9s innovadors entorn de l&#8217;energia, la tecnologia, les vocacions STEAM i la transici\u00f3 energ\u00e8tica [\/vc_column_text][vc_column_text]L&#8217;oferta educativa i divulgativa per a educaci\u00f3 secund\u00e0ria es<span class=\"more-link\"><a href=\"https:\/\/www.fundacionnaturgy.org\/ca\/educacio-divulgacio\/efigy-education\/educacio-secundaria\/\">Llegir m\u00e9s<\/a><\/span><\/p>\n","protected":false},"author":1454,"featured_media":0,"parent":45309,"menu_order":0,"comment_status":"closed","ping_status":"closed","template":"templates\/full-width.php","meta":{"inline_featured_image":false},"categories":[],"acf":[],"_links":{"self":[{"href":"https:\/\/www.fundacionnaturgy.org\/ca\/wp-json\/wp\/v2\/pages\/86317"}],"collection":[{"href":"https:\/\/www.fundacionnaturgy.org\/ca\/wp-json\/wp\/v2\/pages"}],"about":[{"href":"https:\/\/www.fundacionnaturgy.org\/ca\/wp-json\/wp\/v2\/types\/page"}],"author":[{"embeddable":true,"href":"https:\/\/www.fundacionnaturgy.org\/ca\/wp-json\/wp\/v2\/users\/1454"}],"replies":[{"embeddable":true,"href":"https:\/\/www.fundacionnaturgy.org\/ca\/wp-json\/wp\/v2\/comments?post=86317"}],"version-history":[{"count":3,"href":"https:\/\/www.fundacionnaturgy.org\/ca\/wp-json\/wp\/v2\/pages\/86317\/revisions"}],"predecessor-version":[{"id":90719,"href":"https:\/\/www.fundacionnaturgy.org\/ca\/wp-json\/wp\/v2\/pages\/86317\/revisions\/90719"}],"up":[{"embeddable":true,"href":"https:\/\/www.fundacionnaturgy.org\/ca\/wp-json\/wp\/v2\/pages\/45309"}],"wp:attachment":[{"href":"https:\/\/www.fundacionnaturgy.org\/ca\/wp-json\/wp\/v2\/media?parent=86317"}],"wp:term":[{"taxonomy":"category","embeddable":true,"href":"https:\/\/www.fundacionnaturgy.org\/ca\/wp-json\/wp\/v2\/categories?post=86317"}],"curies":[{"name":"wp","href":"https:\/\/api.w.org\/{rel}","templated":true}]}}