{"id":86395,"date":"2022-07-01T15:36:42","date_gmt":"2022-07-01T13:36:42","guid":{"rendered":"https:\/\/www.fundacionnaturgy.org\/educacio-divulgacio\/formacio-professional-per-a-locupabilitat\/formacio-professional-reglada\/formacio-professional-en-installacio-i-manteniment-de-plaques-fotovoltaiques\/"},"modified":"2025-04-09T09:33:15","modified_gmt":"2025-04-09T07:33:15","slug":"formacio-professional-en-installacio-i-manteniment-de-plaques-fotovoltaiques","status":"publish","type":"page","link":"https:\/\/www.fundacionnaturgy.org\/ca\/educacio-divulgacio\/formacio-professional-per-a-locupabilitat\/formacio-professional-reglada\/formacio-professional-en-installacio-i-manteniment-de-plaques-fotovoltaiques\/","title":{"rendered":"Formaci\u00f3 Professional en Instal\u00b7laci\u00f3 i manteniment de plaques fotovoltaiques"},"content":{"rendered":"<p>[vc_row][vc_column width=&#8221;1\/2&#8243;][vc_single_image image=&#8221;84815&#8243; img_size=&#8221;full&#8221;][\/vc_column][vc_column width=&#8221;1\/2&#8243;][vc_column_text]L&#8217;emerg\u00e8ncia clim\u00e0tica ens obliga com a societat a replantejar h\u00e0bits de vida i \u00e9s urgent que les empreses i institucions canvi\u00efn els seus prop\u00f2sits cap a una economia sostenible i inclusiva en l&#8217;\u00e0mbit social i ambiental. La ind\u00fastria solar fotovoltaica es mant\u00e9 al primer lloc de for\u00e7a de treball del sector de les renovables, i necessita professionals formats en aquestes noves compet\u00e8ncies.<\/p>\n<p><strong>Duraci\u00f3\u00a0de la formaci\u00f3:<\/strong><\/p>\n<ul>\n<li><strong>Formaci\u00f3\u00a0te\u00f2rica: 25 hores<\/strong><\/li>\n<\/ul>\n<p>[\/vc_column_text][\/vc_column][\/vc_row][vc_row][vc_column width=&#8221;1\/2&#8243;][vc_column_text]<\/p>\n<h3>Continguts<\/h3>\n<ul>\n<li>Normativa b\u00e0sica aplicable.<\/li>\n<li>Energia solar.<\/li>\n<li>Funcions i responsabilitats de les diferents figures que formen part duna instal\u00b7laci\u00f3.<\/li>\n<li>Equips dinstal\u00b7lacions solars.<\/li>\n<li>Fases d&#8217;una instal\u00b7laci\u00f3 i elements que intervenen.<\/li>\n<\/ul>\n<p>[\/vc_column_text][\/vc_column][vc_column width=&#8221;1\/2&#8243;][vc_column_text]<\/p>\n<h3>Equipaments cedits<\/h3>\n<p>Per complementar la formaci\u00f3, proporcionem els materials t\u00e8cnics:<\/p>\n<ul>\n<li>Material did\u00e0ctic utilitzat en la formaci\u00f3, amb continguts t\u00e8cnics i exercicis resolts que es poden aplicar directament a les sessions d&#8217;aula.<\/li>\n<\/ul>\n<p>[\/vc_column_text][\/vc_column][\/vc_row][vc_row][vc_column width=&#8221;1\/2&#8243;][vc_column_text]<\/p>\n<h3>Fam\u00edlies professionals i formacions<\/h3>\n<p>Els destinataris del programa s\u00f3n preferentment docents de Formaci\u00f3 Professional de la fam\u00edlia \u201cEnergia i aigua\u201d, \u201cInstal\u00b7laci\u00f3 i manteniment\u201d i \u201cElectricitat i electr\u00f2nica\u201d.[\/vc_column_text][\/vc_column][vc_column width=&#8221;1\/2&#8243;]<div class=\"gnf-destacado-icono small-text-center medium-text-left row collapse\"><div class=\"gnf-destacado-icono__icono large-4 columns small-text-center medium-text-left \"><div class=\"icon-outer icon-style-default\" style=\"background-color:\"><span class=\"ico_info\"><\/span><\/div><\/div><div class=\"gnf-destacado-icono__texto large-8 columns\"><h4><\/h4><\/p>\n<h4>M\u00e9s informaci\u00f3 i peticions:<\/h4>\n<p>Si est\u00e0s interessat en el nostre programa\u00a0de Formaci\u00f3 Professional, pots contactar\u00a0amb nosaltres per:<\/p>\n<p>Adre\u00e7a electr\u00f2nica: <a href=\"mailto:FP_fundacion@naturgy.com\" target=\"_blank\" rel=\"noopener noreferrer\" data-auth=\"NotApplicable\" data-linkindex=\"1\">FP_fundacion@naturgy.com<\/a><\/div><\/div>[\/vc_column][\/vc_row][vc_row][vc_column width=&#8221;1\/2&#8243;][\/vc_column][vc_column width=&#8221;1\/2&#8243;][\/vc_column][\/vc_row]<\/p>\n","protected":false},"excerpt":{"rendered":"<p>[vc_row][vc_column width=&#8221;1\/2&#8243;][vc_single_image image=&#8221;84815&#8243; img_size=&#8221;full&#8221;][\/vc_column][vc_column width=&#8221;1\/2&#8243;][vc_column_text]L&#8217;emerg\u00e8ncia clim\u00e0tica ens obliga com a societat a replantejar h\u00e0bits de vida i \u00e9s urgent que les empreses i institucions canvi\u00efn els seus prop\u00f2sits cap a<span class=\"more-link\"><a href=\"https:\/\/www.fundacionnaturgy.org\/ca\/educacio-divulgacio\/formacio-professional-per-a-locupabilitat\/formacio-professional-reglada\/formacio-professional-en-installacio-i-manteniment-de-plaques-fotovoltaiques\/\">Llegir m\u00e9s<\/a><\/span><\/p>\n","protected":false},"author":1454,"featured_media":0,"parent":75973,"menu_order":0,"comment_status":"closed","ping_status":"closed","template":"templates\/full-width.php","meta":{"inline_featured_image":false},"categories":[],"acf":[],"_links":{"self":[{"href":"https:\/\/www.fundacionnaturgy.org\/ca\/wp-json\/wp\/v2\/pages\/86395"}],"collection":[{"href":"https:\/\/www.fundacionnaturgy.org\/ca\/wp-json\/wp\/v2\/pages"}],"about":[{"href":"https:\/\/www.fundacionnaturgy.org\/ca\/wp-json\/wp\/v2\/types\/page"}],"author":[{"embeddable":true,"href":"https:\/\/www.fundacionnaturgy.org\/ca\/wp-json\/wp\/v2\/users\/1454"}],"replies":[{"embeddable":true,"href":"https:\/\/www.fundacionnaturgy.org\/ca\/wp-json\/wp\/v2\/comments?post=86395"}],"version-history":[{"count":3,"href":"https:\/\/www.fundacionnaturgy.org\/ca\/wp-json\/wp\/v2\/pages\/86395\/revisions"}],"predecessor-version":[{"id":92093,"href":"https:\/\/www.fundacionnaturgy.org\/ca\/wp-json\/wp\/v2\/pages\/86395\/revisions\/92093"}],"up":[{"embeddable":true,"href":"https:\/\/www.fundacionnaturgy.org\/ca\/wp-json\/wp\/v2\/pages\/75973"}],"wp:attachment":[{"href":"https:\/\/www.fundacionnaturgy.org\/ca\/wp-json\/wp\/v2\/media?parent=86395"}],"wp:term":[{"taxonomy":"category","embeddable":true,"href":"https:\/\/www.fundacionnaturgy.org\/ca\/wp-json\/wp\/v2\/categories?post=86395"}],"curies":[{"name":"wp","href":"https:\/\/api.w.org\/{rel}","templated":true}]}}