{"id":86399,"date":"2023-05-18T14:50:19","date_gmt":"2023-05-18T12:50:19","guid":{"rendered":"https:\/\/www.fundacionnaturgy.org\/educacio-divulgacio\/formacio-professional-per-a-locupabilitat\/formacio-professional-reglada\/formacio-professional-en-sostenibilitat-aplicada-al-sistema-productiu\/"},"modified":"2025-05-27T15:03:29","modified_gmt":"2025-05-27T13:03:29","slug":"formacio-professional-en-sostenibilitat-aplicada-al-sistema-productiu","status":"publish","type":"page","link":"https:\/\/www.fundacionnaturgy.org\/ca\/educacio-divulgacio\/formacio-professional-per-a-locupabilitat\/formacio-professional-reglada\/formacio-professional-en-sostenibilitat-aplicada-al-sistema-productiu\/","title":{"rendered":"Formaci\u00f3 Professional en Sostenibilitat aplicada al sistema productiu"},"content":{"rendered":"<p>[vc_row][vc_column width=&#8221;1\/2&#8243;][vc_single_image image=&#8221;85598&#8243; img_size=&#8221;full&#8221;][\/vc_column][vc_column width=&#8221;1\/2&#8243;][vc_column_text]Fundaci\u00f3 Naturgy impulsa un nou curs sobre sostenibilitat aplicada al sistema productiu adre\u00e7at a docents de Formaci\u00f3 Professional, i certificat pel MEFP* i les administracions educatives\u00a0amb qu\u00e8 s&#8217;ha signat conveni. Aquest curs s&#8217;emmarca en la transformaci\u00f3 del sistema de Formaci\u00f3 Professional que, entre els canvis, incorpora un m\u00f2dul de sostenibilitat aplicada per a tots els cicles formatius de les diferents fam\u00edlies professionals.<\/p>\n<p><strong>Duraci\u00f3 de la formaci\u00f3: 30 hores<\/strong>[\/vc_column_text][\/vc_column][\/vc_row][vc_row][vc_column width=&#8221;1\/2&#8243;][vc_column_text]<\/p>\n<h3>Continguts<\/h3>\n<div class=\"QcsUad BDJ8fb BLojaf sMVRZe wneUed\">\n<div class=\"usGWQd\">\n<div class=\"KkbLmb\">\n<div class=\"lRu31\"><span class=\"HwtZe\" lang=\"ca\"><span class=\"jCAhz ChMk0b\"><span class=\"ryNqvb\">Aquest curs que oferim al professorat sobre sostenibilitat aplicada a cada sector productiu aporta els recursos pedag\u00f2gics necessaris per treballar a l&#8217;aula i assolir els resultats d&#8217;aprenentatge esperats: desenvolupar coneixement i compet\u00e8ncies b\u00e0siques en economia verda i sostenibilitat i aquelles condicions en qu\u00e8 les exig\u00e8ncies de la<\/span><\/span> <span class=\"jCAhz ChMk0b\"><span class=\"ryNqvb\">sostenibilitat modifiquen els processos productius del sector corresponent.<\/span><\/span><\/span><\/div>\n<\/div>\n<\/div>\n<\/div>\n<ul>\n<li>Introducci\u00f3 a la sostenibilitat<\/li>\n<li>Reptes ambientals, socials i de governan\u00e7a<\/li>\n<li>Economia circular<\/li>\n<li>Protecci\u00f3 dels ecosistemes i la salut<\/li>\n<li>Sostenibilitat i activitat professional<\/li>\n<\/ul>\n<p>[\/vc_column_text][\/vc_column][vc_column width=&#8221;1\/2&#8243;][vc_column_text]<\/p>\n<h3>Equipaments cedits<\/h3>\n<p>Per complementar la formaci\u00f3, proporcionem els materials t\u00e8cnics:<\/p>\n<ul>\n<li>Material did\u00e0ctic utilitzat en la formaci\u00f3, amb continguts t\u00e8cnics i exercicis resolts que es poden aplicar directament a les sessions d&#8217;aula.<\/li>\n<\/ul>\n<p>[\/vc_column_text][\/vc_column][\/vc_row][vc_row][vc_column width=&#8221;1\/2&#8243;][vc_column_text]<\/p>\n<h3>Fam\u00edlies professionals<\/h3>\n<p>Aquesta formaci\u00f3 est\u00e0 destinada al professorat que impartir\u00e0 el nou M\u00f2dul de sostenibilitat en cicles formatius de grau mitj\u00e0 i grau superior.[\/vc_column_text][\/vc_column][vc_column width=&#8221;1\/2&#8243;]<div class=\"gnf-destacado-icono small-text-center medium-text-left row collapse\"><div class=\"gnf-destacado-icono__icono large-4 columns small-text-center medium-text-left \"><div class=\"icon-outer icon-style-default\" style=\"background-color:\"><span class=\"ico_info\"><\/span><\/div><\/div><div class=\"gnf-destacado-icono__texto large-8 columns\"><h4><\/h4><\/p>\n<h4>M\u00e9s informaci\u00f3 i peticions:<\/h4>\n<p>Si est\u00e0s interessat en el nostre programa\u00a0de Formaci\u00f3 Professional, pots contactar\u00a0amb nosaltres per:<\/p>\n<p>Adre\u00e7a electr\u00f2nica: <a href=\"mailto:FP_fundacion@naturgy.com\" target=\"_blank\" rel=\"noopener noreferrer\" data-auth=\"NotApplicable\" data-linkindex=\"1\">FP_fundacion@naturgy.com<\/a><\/div><\/div>[\/vc_column][\/vc_row][vc_row][vc_column width=&#8221;1\/2&#8243;][vc_column_text]<strong>* <\/strong>Certificaci\u00f3 en tr\u00e0mit.[\/vc_column_text][\/vc_column][vc_column width=&#8221;1\/2&#8243;][\/vc_column][\/vc_row]<\/p>\n","protected":false},"excerpt":{"rendered":"<p>[vc_row][vc_column width=&#8221;1\/2&#8243;][vc_single_image image=&#8221;85598&#8243; img_size=&#8221;full&#8221;][\/vc_column][vc_column width=&#8221;1\/2&#8243;][vc_column_text]Fundaci\u00f3 Naturgy impulsa un nou curs sobre sostenibilitat aplicada al sistema productiu adre\u00e7at a docents de Formaci\u00f3 Professional, i certificat pel MEFP* i les administracions educatives\u00a0amb<span class=\"more-link\"><a href=\"https:\/\/www.fundacionnaturgy.org\/ca\/educacio-divulgacio\/formacio-professional-per-a-locupabilitat\/formacio-professional-reglada\/formacio-professional-en-sostenibilitat-aplicada-al-sistema-productiu\/\">Llegir m\u00e9s<\/a><\/span><\/p>\n","protected":false},"author":1454,"featured_media":0,"parent":75973,"menu_order":0,"comment_status":"closed","ping_status":"closed","template":"templates\/full-width.php","meta":{"inline_featured_image":false},"categories":[],"acf":[],"_links":{"self":[{"href":"https:\/\/www.fundacionnaturgy.org\/ca\/wp-json\/wp\/v2\/pages\/86399"}],"collection":[{"href":"https:\/\/www.fundacionnaturgy.org\/ca\/wp-json\/wp\/v2\/pages"}],"about":[{"href":"https:\/\/www.fundacionnaturgy.org\/ca\/wp-json\/wp\/v2\/types\/page"}],"author":[{"embeddable":true,"href":"https:\/\/www.fundacionnaturgy.org\/ca\/wp-json\/wp\/v2\/users\/1454"}],"replies":[{"embeddable":true,"href":"https:\/\/www.fundacionnaturgy.org\/ca\/wp-json\/wp\/v2\/comments?post=86399"}],"version-history":[{"count":7,"href":"https:\/\/www.fundacionnaturgy.org\/ca\/wp-json\/wp\/v2\/pages\/86399\/revisions"}],"predecessor-version":[{"id":92512,"href":"https:\/\/www.fundacionnaturgy.org\/ca\/wp-json\/wp\/v2\/pages\/86399\/revisions\/92512"}],"up":[{"embeddable":true,"href":"https:\/\/www.fundacionnaturgy.org\/ca\/wp-json\/wp\/v2\/pages\/75973"}],"wp:attachment":[{"href":"https:\/\/www.fundacionnaturgy.org\/ca\/wp-json\/wp\/v2\/media?parent=86399"}],"wp:term":[{"taxonomy":"category","embeddable":true,"href":"https:\/\/www.fundacionnaturgy.org\/ca\/wp-json\/wp\/v2\/categories?post=86399"}],"curies":[{"name":"wp","href":"https:\/\/api.w.org\/{rel}","templated":true}]}}