{"id":86417,"date":"2022-07-01T15:42:19","date_gmt":"2022-07-01T13:42:19","guid":{"rendered":"https:\/\/www.fundacionnaturgy.org\/educacio-divulgacio\/formacio-professional-per-a-locupabilitat\/formacio-professional-reglada\/formacio-professional-a-xarxes-de-gas-verds-i-digitals\/"},"modified":"2024-04-29T10:58:50","modified_gmt":"2024-04-29T08:58:50","slug":"formacio-professional-a-xarxes-de-gas-verds-i-digitals","status":"publish","type":"page","link":"https:\/\/www.fundacionnaturgy.org\/ca\/educacio-divulgacio\/formacio-professional-per-a-locupabilitat\/formacio-professional-reglada\/formacio-professional-a-xarxes-de-gas-verds-i-digitals\/","title":{"rendered":"Formaci\u00f3 professional a Xarxes de gas: verds i digitals"},"content":{"rendered":"<p>[vc_row][vc_column width=&#8221;1\/2&#8243;][vc_single_image image=&#8221;84812&#8243; img_size=&#8221;full&#8221;][\/vc_column][vc_column width=&#8221;1\/2&#8243;][vc_column_text]Els objectius clim\u00e0tics marcats per la Uni\u00f3 Europea s\u00f3n molt exigents, cosa que fa necessari fer una transici\u00f3 cap a combustibles renovables. Mancant acordar quin ser\u00e0 el model definitiu, el que \u00e9s clar \u00e9s que les infraestructures de gas s\u00f3n clau en aquest proc\u00e9s de transici\u00f3. Si tenim en compte a m\u00e9s la intermit\u00e8ncia a qu\u00e8 estan sotmeses les energies renovables, cal una tecnologia de suport, i aquest paper el cobreix a la perfecci\u00f3 el gas natural. Addicionalment hi ha determinats usos que s\u00f3n de dif\u00edcil electrificaci\u00f3, des del punt de vista t\u00e8cnic i econ\u00f2mic.<\/p>\n<p><strong>Duraci\u00f3 de la formaci\u00f3: 25 hores<\/strong>[\/vc_column_text][\/vc_column][\/vc_row][vc_row][vc_column width=&#8221;1\/2&#8243;][vc_column_text]<\/p>\n<h3>Continguts<\/h3>\n<ul>\n<li>Instal\u00b7lacions receptores de gas.<\/li>\n<li>An\u00e0lisi de la combusti\u00f3.<\/li>\n<li>Formaci\u00f3 t\u00e8cnica xarxes.<\/li>\n<li>Estacions de regulaci\u00f3.<\/li>\n<li>Atenci\u00f3 d&#8217;urg\u00e8ncies.<\/li>\n<li>Plantes regasificadores.<\/li>\n<li>Plantes regasificadores GLP.<\/li>\n<li>Gasos renovables.<\/li>\n<\/ul>\n<p>[\/vc_column_text][\/vc_column][vc_column width=&#8221;1\/2&#8243;][vc_column_text]<\/p>\n<h3>Equipaments cedits<\/h3>\n<p>Per complementar la formaci\u00f3, proporcionem els materials t\u00e8cnics:<\/p>\n<ul>\n<li>Material did\u00e0ctic utilitzat en la formaci\u00f3, amb continguts t\u00e8cnics i exercicis resolts que es poden aplicar directament a les sessions d&#8217;aula.<\/li>\n<li>Visites pr\u00e0ctiques<\/li>\n<\/ul>\n<p>[\/vc_column_text][\/vc_column][\/vc_row][vc_row][vc_column width=&#8221;1\/2&#8243;][vc_column_text]<\/p>\n<h3>Fam\u00edlies professionals i formacions<\/h3>\n<p>Els destinaris del programa s\u00f3n preferentment docents de Formaci\u00f3 Professional de la fam\u00edlia d&#8217;\u201cInstal\u00b7laci\u00f3 i manteniment\u201d, especialment dels cicles formatius relacionats amb les \u201cInstal\u00b7lacions t\u00e8rmiques i de fluids\u201d.[\/vc_column_text][\/vc_column][vc_column width=&#8221;1\/2&#8243;]<div class=\"gnf-destacado-icono small-text-center medium-text-left row collapse\"><div class=\"gnf-destacado-icono__icono large-4 columns small-text-center medium-text-left \"><div class=\"icon-outer icon-style-default\" style=\"background-color:\"><span class=\"ico_info\"><\/span><\/div><\/div><div class=\"gnf-destacado-icono__texto large-8 columns\"><h4><\/h4><\/p>\n<h4>M\u00e9s informaci\u00f3 i\u00a0peticions:<\/h4>\n<p>Si est\u00e0s interessat en el nostre programa\u00a0de Formaci\u00f3 Professional, pots contactar\u00a0amb nosaltres per:<\/p>\n<p>Adre\u00e7a electr\u00f2nica: <a href=\"mailto:FP_fundacion@naturgy.com\" target=\"_blank\" rel=\"noopener noreferrer\" data-auth=\"NotApplicable\" data-linkindex=\"1\">FP_fundacion@naturgy.com<\/a><\/div><\/div>[\/vc_column][\/vc_row][vc_row][vc_column width=&#8221;1\/2&#8243;][\/vc_column][vc_column width=&#8221;1\/2&#8243;][\/vc_column][\/vc_row]<\/p>\n","protected":false},"excerpt":{"rendered":"<p>[vc_row][vc_column width=&#8221;1\/2&#8243;][vc_single_image image=&#8221;84812&#8243; img_size=&#8221;full&#8221;][\/vc_column][vc_column width=&#8221;1\/2&#8243;][vc_column_text]Els objectius clim\u00e0tics marcats per la Uni\u00f3 Europea s\u00f3n molt exigents, cosa que fa necessari fer una transici\u00f3 cap a combustibles renovables. Mancant acordar quin ser\u00e0<span class=\"more-link\"><a href=\"https:\/\/www.fundacionnaturgy.org\/ca\/educacio-divulgacio\/formacio-professional-per-a-locupabilitat\/formacio-professional-reglada\/formacio-professional-a-xarxes-de-gas-verds-i-digitals\/\">Llegir m\u00e9s<\/a><\/span><\/p>\n","protected":false},"author":1454,"featured_media":0,"parent":75973,"menu_order":0,"comment_status":"closed","ping_status":"closed","template":"templates\/full-width.php","meta":{"inline_featured_image":false},"categories":[],"acf":[],"_links":{"self":[{"href":"https:\/\/www.fundacionnaturgy.org\/ca\/wp-json\/wp\/v2\/pages\/86417"}],"collection":[{"href":"https:\/\/www.fundacionnaturgy.org\/ca\/wp-json\/wp\/v2\/pages"}],"about":[{"href":"https:\/\/www.fundacionnaturgy.org\/ca\/wp-json\/wp\/v2\/types\/page"}],"author":[{"embeddable":true,"href":"https:\/\/www.fundacionnaturgy.org\/ca\/wp-json\/wp\/v2\/users\/1454"}],"replies":[{"embeddable":true,"href":"https:\/\/www.fundacionnaturgy.org\/ca\/wp-json\/wp\/v2\/comments?post=86417"}],"version-history":[{"count":1,"href":"https:\/\/www.fundacionnaturgy.org\/ca\/wp-json\/wp\/v2\/pages\/86417\/revisions"}],"predecessor-version":[{"id":89132,"href":"https:\/\/www.fundacionnaturgy.org\/ca\/wp-json\/wp\/v2\/pages\/86417\/revisions\/89132"}],"up":[{"embeddable":true,"href":"https:\/\/www.fundacionnaturgy.org\/ca\/wp-json\/wp\/v2\/pages\/75973"}],"wp:attachment":[{"href":"https:\/\/www.fundacionnaturgy.org\/ca\/wp-json\/wp\/v2\/media?parent=86417"}],"wp:term":[{"taxonomy":"category","embeddable":true,"href":"https:\/\/www.fundacionnaturgy.org\/ca\/wp-json\/wp\/v2\/categories?post=86417"}],"curies":[{"name":"wp","href":"https:\/\/api.w.org\/{rel}","templated":true}]}}